{"id":3407,"date":"2020-08-12T00:48:33","date_gmt":"2020-08-12T00:48:33","guid":{"rendered":"http:\/\/alfaquarium.mx\/?page_id=3407"},"modified":"2020-08-12T00:51:42","modified_gmt":"2020-08-12T00:51:42","slug":"cypraea-annulus-cypraea-moneta-cypraea-obvelata","status":"publish","type":"page","link":"https:\/\/proyectos.pgiovas.com\/alfaquarium\/cypraea-annulus-cypraea-moneta-cypraea-obvelata","title":{"rendered":"Cypraea annulus, Cypraea moneta, Cypraea obvelata"},"content":{"rendered":"\t\t<div data-elementor-type=\"wp-page\" data-elementor-id=\"3407\" class=\"elementor elementor-3407\">\n\t\t\t\t\t\t<section class=\"elementor-section elementor-top-section elementor-element elementor-element-79b8e8b elementor-section-full_width elementor-section-height-default elementor-section-height-default\" data-id=\"79b8e8b\" data-element_type=\"section\" data-e-type=\"section\">\n\t\t\t\t\t\t<div class=\"elementor-container elementor-column-gap-default\">\n\t\t\t\t\t<div class=\"elementor-column elementor-col-100 elementor-top-column elementor-element elementor-element-8003a9b\" data-id=\"8003a9b\" data-element_type=\"column\" data-e-type=\"column\">\n\t\t\t<div class=\"elementor-widget-wrap elementor-element-populated\">\n\t\t\t\t\t\t<div class=\"elementor-element elementor-element-a9cc64a elementor-widget elementor-widget-heading\" data-id=\"a9cc64a\" data-element_type=\"widget\" data-e-type=\"widget\" data-widget_type=\"heading.default\">\n\t\t\t\t<div class=\"elementor-widget-container\">\n\t\t\t\t\t<h3 class=\"elementor-heading-title elementor-size-default\">Cypraea annulus, Cypraea moneta, Cypraea obvelata<\/h3>\t\t\t\t<\/div>\n\t\t\t\t<\/div>\n\t\t\t\t<div class=\"elementor-element elementor-element-254ba6f elementor-widget elementor-widget-spacer\" data-id=\"254ba6f\" data-element_type=\"widget\" data-e-type=\"widget\" data-widget_type=\"spacer.default\">\n\t\t\t\t<div class=\"elementor-widget-container\">\n\t\t\t\t\t\t\t<div class=\"elementor-spacer\">\n\t\t\t<div class=\"elementor-spacer-inner\"><\/div>\n\t\t<\/div>\n\t\t\t\t\t\t<\/div>\n\t\t\t\t<\/div>\n\t\t\t\t<div class=\"elementor-element elementor-element-65959d3 elementor-widget-divider--separator-type-pattern elementor-widget-divider--view-line elementor-widget elementor-widget-divider\" data-id=\"65959d3\" data-element_type=\"widget\" data-e-type=\"widget\" data-widget_type=\"divider.default\">\n\t\t\t\t<div class=\"elementor-widget-container\">\n\t\t\t\t\t\t\t<div class=\"elementor-divider\" style=\"--divider-pattern-url: url(&quot;data:image\/svg+xml,%3Csvg xmlns=&#039;http:\/\/www.w3.org\/2000\/svg&#039; preserveAspectRatio=&#039;none&#039; overflow=&#039;visible&#039; height=&#039;100%&#039; viewBox=&#039;0 0 24 24&#039; fill=&#039;none&#039; stroke=&#039;black&#039; stroke-width=&#039;7&#039; stroke-linecap=&#039;square&#039; stroke-miterlimit=&#039;10&#039;%3E%3Cpath d=&#039;M0,6c6,0,6,13,12,13S18,6,24,6&#039;\/%3E%3C\/svg%3E&quot;);\">\n\t\t\t<span class=\"elementor-divider-separator\">\n\t\t\t\t\t\t<\/span>\n\t\t<\/div>\n\t\t\t\t\t\t<\/div>\n\t\t\t\t<\/div>\n\t\t\t\t<div class=\"elementor-element elementor-element-600efcf elementor-widget elementor-widget-text-editor\" data-id=\"600efcf\" data-element_type=\"widget\" data-e-type=\"widget\" data-widget_type=\"text-editor.default\">\n\t\t\t\t<div class=\"elementor-widget-container\">\n\t\t\t\t\t\t\t\t\t<p><img decoding=\"async\" class=\"size-full wp-image-1328 alignleft\" src=\"https:\/\/proyectos.pgiovas.com\/alfaquarium\/wp-content\/uploads\/2020\/08\/Cypraea-annulus.png\" alt=\"\" width=\"178\" height=\"160\" \/><\/p><p><strong>Nombre cient\u00edfico:<\/strong> Cypraea annulus, Cypraea moneta, Cypraea obvelata<\/p><p><strong>Nombre com\u00fan en ingl\u00e9s:<\/strong> Money Cowries (Ring Cowries)<\/p><p><strong>Nombre com\u00fan es espa\u00f1ol:<\/strong> Caracol Anillo (Caracol Timbre de Oro)<\/p><p><strong>Tama\u00f1o m\u00e1ximo:<\/strong> Hasta 1 pulgada (2.5 cm) de largo.<\/p><p><strong>Extensi\u00f3n:<\/strong> Indo Pac\u00edfico<\/p><p><strong>Tama\u00f1o m\u00ednimo de acuario:<\/strong> Tanques peque\u00f1os, 10 galones (38 lts) o m\u00e1s.<\/p><p><strong>Iluminaci\u00f3n:<\/strong> Debe ser suficiente para mantener un crecimiento de alga saludable.<\/p><p><strong>Alimento y Alimentaci\u00f3n:<\/strong> Come alga verde filamentosa, diatomeas y peque\u00f1a macro alga.<\/p><p><strong>Conveniencia y Compatibilidad con el acuario de arrecife:<\/strong> Herb\u00edvoros ben\u00e9ficos, inofensivos para otros animales. Pueden estar en riesgo con cangrejos ermita\u00f1os.<\/p><p><strong>Cuidado Cautivo:<\/strong> Los mejores <em>Cowries <\/em>para los tanques de arrecife son los <em>Cowries<\/em> &#8220;timbre de oro&#8221; o &#8220;anillos&#8221; y aquellos animales relacionados con ellos. Estas son las especies enumeradas anteriormente y varias especies similares que aparecen. Se encuentran en los planos de arrecife poco profundos del Indo Pac\u00edfico, donde pueden ser muy abundantes. Su h\u00e1bitat es uno de los extremos de temperatura, lo que los hace muy resistentes y tolerantes tanto a la temperatura como a los extremos de salinidad. Son herb\u00edvoros activos y son excelentes habitantes del acuario. Son peque\u00f1os, las conchas son blancas, de color canela claro, o de color blanco verdoso p\u00e1lido, sucias, y est\u00e1n algo aplastadas con una joroba m\u00e1s o menos pronunciada en la parte superior. Esta joroba a menudo est\u00e1 rodeada por una l\u00ednea dorada o amarilla.<\/p><p><em><strong>Fuentes del art\u00edculo:<\/strong><\/em><\/p><p><em><strong>Marine Invertebrates; Ronald L. Shimek, Ph.D.<\/strong><\/em><br \/><br \/><em><strong>Colaboraci\u00f3n de:<\/strong><\/em><\/p><p><em><strong>Luz Alicia Anduaga<\/strong><\/em><\/p>\t\t\t\t\t\t\t\t<\/div>\n\t\t\t\t<\/div>\n\t\t\t\t\t<\/div>\n\t\t<\/div>\n\t\t\t\t\t<\/div>\n\t\t<\/section>\n\t\t\t\t<\/div>\n\t\t","protected":false},"excerpt":{"rendered":"<p>Cypraea annulus, Cypraea moneta, Cypraea obvelata Nombre cient\u00edfico: Cypraea annulus, Cypraea moneta, Cypraea obvelata Nombre com\u00fan en ingl\u00e9s: Money Cowries (Ring Cowries) Nombre com\u00fan es espa\u00f1ol: Caracol Anillo (Caracol Timbre de Oro) Tama\u00f1o m\u00e1ximo: Hasta&hellip;<\/p>\n","protected":false},"author":4,"featured_media":0,"parent":0,"menu_order":0,"comment_status":"closed","ping_status":"closed","template":"","meta":{"footnotes":""},"class_list":["post-3407","page","type-page","status-publish","hentry"],"_links":{"self":[{"href":"https:\/\/proyectos.pgiovas.com\/alfaquarium\/wp-json\/wp\/v2\/pages\/3407","targetHints":{"allow":["GET"]}}],"collection":[{"href":"https:\/\/proyectos.pgiovas.com\/alfaquarium\/wp-json\/wp\/v2\/pages"}],"about":[{"href":"https:\/\/proyectos.pgiovas.com\/alfaquarium\/wp-json\/wp\/v2\/types\/page"}],"author":[{"embeddable":true,"href":"https:\/\/proyectos.pgiovas.com\/alfaquarium\/wp-json\/wp\/v2\/users\/4"}],"replies":[{"embeddable":true,"href":"https:\/\/proyectos.pgiovas.com\/alfaquarium\/wp-json\/wp\/v2\/comments?post=3407"}],"version-history":[{"count":2,"href":"https:\/\/proyectos.pgiovas.com\/alfaquarium\/wp-json\/wp\/v2\/pages\/3407\/revisions"}],"predecessor-version":[{"id":3410,"href":"https:\/\/proyectos.pgiovas.com\/alfaquarium\/wp-json\/wp\/v2\/pages\/3407\/revisions\/3410"}],"wp:attachment":[{"href":"https:\/\/proyectos.pgiovas.com\/alfaquarium\/wp-json\/wp\/v2\/media?parent=3407"}],"curies":[{"name":"wp","href":"https:\/\/api.w.org\/{rel}","templated":true}]}}