{"id":3379,"date":"2020-08-12T00:11:57","date_gmt":"2020-08-12T00:11:57","guid":{"rendered":"http:\/\/alfaquarium.mx\/?page_id=3379"},"modified":"2020-08-12T00:13:50","modified_gmt":"2020-08-12T00:13:50","slug":"tegula-funebralis-2","status":"publish","type":"page","link":"https:\/\/proyectos.pgiovas.com\/alfaquarium\/tegula-funebralis-2","title":{"rendered":"Tegula funebralis"},"content":{"rendered":"\t\t<div data-elementor-type=\"wp-page\" data-elementor-id=\"3379\" class=\"elementor elementor-3379\">\n\t\t\t\t\t\t<section class=\"elementor-section elementor-top-section elementor-element elementor-element-79b8e8b elementor-section-full_width elementor-section-height-default elementor-section-height-default\" data-id=\"79b8e8b\" data-element_type=\"section\" data-e-type=\"section\">\n\t\t\t\t\t\t<div class=\"elementor-container elementor-column-gap-default\">\n\t\t\t\t\t<div class=\"elementor-column elementor-col-100 elementor-top-column elementor-element elementor-element-8003a9b\" data-id=\"8003a9b\" data-element_type=\"column\" data-e-type=\"column\">\n\t\t\t<div class=\"elementor-widget-wrap elementor-element-populated\">\n\t\t\t\t\t\t<div class=\"elementor-element elementor-element-a9cc64a elementor-widget elementor-widget-heading\" data-id=\"a9cc64a\" data-element_type=\"widget\" data-e-type=\"widget\" data-widget_type=\"heading.default\">\n\t\t\t\t<div class=\"elementor-widget-container\">\n\t\t\t\t\t<h3 class=\"elementor-heading-title elementor-size-default\">Tegula Funebralis<\/h3>\t\t\t\t<\/div>\n\t\t\t\t<\/div>\n\t\t\t\t<div class=\"elementor-element elementor-element-254ba6f elementor-widget elementor-widget-spacer\" data-id=\"254ba6f\" data-element_type=\"widget\" data-e-type=\"widget\" data-widget_type=\"spacer.default\">\n\t\t\t\t<div class=\"elementor-widget-container\">\n\t\t\t\t\t\t\t<div class=\"elementor-spacer\">\n\t\t\t<div class=\"elementor-spacer-inner\"><\/div>\n\t\t<\/div>\n\t\t\t\t\t\t<\/div>\n\t\t\t\t<\/div>\n\t\t\t\t<div class=\"elementor-element elementor-element-65959d3 elementor-widget-divider--separator-type-pattern elementor-widget-divider--view-line elementor-widget elementor-widget-divider\" data-id=\"65959d3\" data-element_type=\"widget\" data-e-type=\"widget\" data-widget_type=\"divider.default\">\n\t\t\t\t<div class=\"elementor-widget-container\">\n\t\t\t\t\t\t\t<div class=\"elementor-divider\" style=\"--divider-pattern-url: url(&quot;data:image\/svg+xml,%3Csvg xmlns=&#039;http:\/\/www.w3.org\/2000\/svg&#039; preserveAspectRatio=&#039;none&#039; overflow=&#039;visible&#039; height=&#039;100%&#039; viewBox=&#039;0 0 24 24&#039; fill=&#039;none&#039; stroke=&#039;black&#039; stroke-width=&#039;7&#039; stroke-linecap=&#039;square&#039; stroke-miterlimit=&#039;10&#039;%3E%3Cpath d=&#039;M0,6c6,0,6,13,12,13S18,6,24,6&#039;\/%3E%3C\/svg%3E&quot;);\">\n\t\t\t<span class=\"elementor-divider-separator\">\n\t\t\t\t\t\t<\/span>\n\t\t<\/div>\n\t\t\t\t\t\t<\/div>\n\t\t\t\t<\/div>\n\t\t\t\t<div class=\"elementor-element elementor-element-600efcf elementor-widget elementor-widget-text-editor\" data-id=\"600efcf\" data-element_type=\"widget\" data-e-type=\"widget\" data-widget_type=\"text-editor.default\">\n\t\t\t\t<div class=\"elementor-widget-container\">\n\t\t\t\t\t\t\t\t\t<p><img decoding=\"async\" class=\"size-full wp-image-1319 alignleft\" src=\"https:\/\/proyectos.pgiovas.com\/alfaquarium\/wp-content\/uploads\/2020\/08\/Tegula-funebralis.png\" alt=\"\" width=\"174\" height=\"157\" \/><\/p><p><strong>Nombre cient\u00edfico:<\/strong> Tegula funebralis<\/p><p><strong>Nombre com\u00fan en ingl\u00e9s:<\/strong> Margarita Snail (Marguerite Snail)<\/p><p><strong>Nombre com\u00fan es espa\u00f1ol:<\/strong> Caracol Margarita<\/p><p><strong>Tama\u00f1o m\u00e1ximo:<\/strong> Hasta 0.75 pulgadas (1.9 cm) de largo y ancho; la mayor\u00eda m\u00e1s peque\u00f1os.<\/p><p><strong>Extensi\u00f3n:<\/strong> Pac\u00edfico Oriental, desde Alaska Central a Baja California<\/p><p><strong>Tama\u00f1o m\u00ednimo de acuario:<\/strong> Nano tanques, 1 gal\u00f3n (3.8 lts) o m\u00e1s.<\/p><p><strong>Iluminaci\u00f3n:<\/strong> Debe ser suficiente para mantener un crecimiento de alga saludable.<\/p><p><strong>Alimento y Alimentaci\u00f3n:<\/strong> Estos son animales pellizcadores totalmente herb\u00edvoros que necesitan un tanque con un buen crecimiento de diatomeas y micro algas.<\/p><p><strong>Conveniencia y Compatibilidad con el acuario de arrecife:<\/strong> Inadecuado para acuarios de arrecife.<\/p><p><strong>Cuidado Cautivo:<\/strong> Este caracol tiene una concha negra en espiral c\u00f3nica. A menudo, la capa exterior del caparaz\u00f3n se desprende, mostrando la capa de n\u00e1car debajo. Las conchas tienen una abertura circular; carecen de un canal o tubo anterior; tienen un op\u00e9rculo calc\u00e1reo, o tap\u00f3n, para sellar la abertura durante la retracci\u00f3n. La concha puede tener o no canales o surcos espirales bajos, y puede haber bajas anulaciones radiales; de lo contrario, es suave. Proviene del inter- mareal rocoso de la costa del Pac\u00edfico de Am\u00e9rica del Norte. Puede tolerar cortos per\u00edodos de agua c\u00e1lida en el verano en la naturaleza. Puede sobrevivir algunas semanas o meses en tanques de arrecife, luego mueren por ser lentamente &#8220;cocinados&#8221;. Anillos anuales en el caparaz\u00f3n indican que pueden vivir m\u00e1s de 100 a\u00f1os en su h\u00e1bitat natural.<\/p><p>Fuentes del art\u00edculo:<\/p><p>Marine Invertebrates; Ronald L. Shimek, Ph.D.<br \/><br \/>Colaboraci\u00f3n de:<\/p><p>Luz Alicia Anduaga<\/p>\t\t\t\t\t\t\t\t<\/div>\n\t\t\t\t<\/div>\n\t\t\t\t\t<\/div>\n\t\t<\/div>\n\t\t\t\t\t<\/div>\n\t\t<\/section>\n\t\t\t\t<\/div>\n\t\t","protected":false},"excerpt":{"rendered":"<p>Tegula Funebralis Nombre cient\u00edfico: Tegula funebralis Nombre com\u00fan en ingl\u00e9s: Margarita Snail (Marguerite Snail) Nombre com\u00fan es espa\u00f1ol: Caracol Margarita Tama\u00f1o m\u00e1ximo: Hasta 0.75 pulgadas (1.9 cm) de largo y ancho; la mayor\u00eda m\u00e1s peque\u00f1os.&hellip;<\/p>\n","protected":false},"author":4,"featured_media":0,"parent":0,"menu_order":0,"comment_status":"closed","ping_status":"closed","template":"","meta":{"footnotes":""},"class_list":["post-3379","page","type-page","status-publish","hentry"],"_links":{"self":[{"href":"https:\/\/proyectos.pgiovas.com\/alfaquarium\/wp-json\/wp\/v2\/pages\/3379","targetHints":{"allow":["GET"]}}],"collection":[{"href":"https:\/\/proyectos.pgiovas.com\/alfaquarium\/wp-json\/wp\/v2\/pages"}],"about":[{"href":"https:\/\/proyectos.pgiovas.com\/alfaquarium\/wp-json\/wp\/v2\/types\/page"}],"author":[{"embeddable":true,"href":"https:\/\/proyectos.pgiovas.com\/alfaquarium\/wp-json\/wp\/v2\/users\/4"}],"replies":[{"embeddable":true,"href":"https:\/\/proyectos.pgiovas.com\/alfaquarium\/wp-json\/wp\/v2\/comments?post=3379"}],"version-history":[{"count":2,"href":"https:\/\/proyectos.pgiovas.com\/alfaquarium\/wp-json\/wp\/v2\/pages\/3379\/revisions"}],"predecessor-version":[{"id":3382,"href":"https:\/\/proyectos.pgiovas.com\/alfaquarium\/wp-json\/wp\/v2\/pages\/3379\/revisions\/3382"}],"wp:attachment":[{"href":"https:\/\/proyectos.pgiovas.com\/alfaquarium\/wp-json\/wp\/v2\/media?parent=3379"}],"curies":[{"name":"wp","href":"https:\/\/api.w.org\/{rel}","templated":true}]}}