{"id":3374,"date":"2020-08-12T00:08:21","date_gmt":"2020-08-12T00:08:21","guid":{"rendered":"http:\/\/alfaquarium.mx\/?page_id=3374"},"modified":"2020-08-12T00:10:38","modified_gmt":"2020-08-12T00:10:38","slug":"collonista-spp-2","status":"publish","type":"page","link":"https:\/\/proyectos.pgiovas.com\/alfaquarium\/collonista-spp-2","title":{"rendered":"Collonista Spp"},"content":{"rendered":"\t\t<div data-elementor-type=\"wp-page\" data-elementor-id=\"3374\" class=\"elementor elementor-3374\">\n\t\t\t\t\t\t<section class=\"elementor-section elementor-top-section elementor-element elementor-element-79b8e8b elementor-section-full_width elementor-section-height-default elementor-section-height-default\" data-id=\"79b8e8b\" data-element_type=\"section\" data-e-type=\"section\">\n\t\t\t\t\t\t<div class=\"elementor-container elementor-column-gap-default\">\n\t\t\t\t\t<div class=\"elementor-column elementor-col-100 elementor-top-column elementor-element elementor-element-8003a9b\" data-id=\"8003a9b\" data-element_type=\"column\" data-e-type=\"column\">\n\t\t\t<div class=\"elementor-widget-wrap elementor-element-populated\">\n\t\t\t\t\t\t<div class=\"elementor-element elementor-element-a9cc64a elementor-widget elementor-widget-heading\" data-id=\"a9cc64a\" data-element_type=\"widget\" data-e-type=\"widget\" data-widget_type=\"heading.default\">\n\t\t\t\t<div class=\"elementor-widget-container\">\n\t\t\t\t\t<h3 class=\"elementor-heading-title elementor-size-default\">Collonista Spp<\/h3>\t\t\t\t<\/div>\n\t\t\t\t<\/div>\n\t\t\t\t<div class=\"elementor-element elementor-element-254ba6f elementor-widget elementor-widget-spacer\" data-id=\"254ba6f\" data-element_type=\"widget\" data-e-type=\"widget\" data-widget_type=\"spacer.default\">\n\t\t\t\t<div class=\"elementor-widget-container\">\n\t\t\t\t\t\t\t<div class=\"elementor-spacer\">\n\t\t\t<div class=\"elementor-spacer-inner\"><\/div>\n\t\t<\/div>\n\t\t\t\t\t\t<\/div>\n\t\t\t\t<\/div>\n\t\t\t\t<div class=\"elementor-element elementor-element-65959d3 elementor-widget-divider--separator-type-pattern elementor-widget-divider--view-line elementor-widget elementor-widget-divider\" data-id=\"65959d3\" data-element_type=\"widget\" data-e-type=\"widget\" data-widget_type=\"divider.default\">\n\t\t\t\t<div class=\"elementor-widget-container\">\n\t\t\t\t\t\t\t<div class=\"elementor-divider\" style=\"--divider-pattern-url: url(&quot;data:image\/svg+xml,%3Csvg xmlns=&#039;http:\/\/www.w3.org\/2000\/svg&#039; preserveAspectRatio=&#039;none&#039; overflow=&#039;visible&#039; height=&#039;100%&#039; viewBox=&#039;0 0 24 24&#039; fill=&#039;none&#039; stroke=&#039;black&#039; stroke-width=&#039;7&#039; stroke-linecap=&#039;square&#039; stroke-miterlimit=&#039;10&#039;%3E%3Cpath d=&#039;M0,6c6,0,6,13,12,13S18,6,24,6&#039;\/%3E%3C\/svg%3E&quot;);\">\n\t\t\t<span class=\"elementor-divider-separator\">\n\t\t\t\t\t\t<\/span>\n\t\t<\/div>\n\t\t\t\t\t\t<\/div>\n\t\t\t\t<\/div>\n\t\t\t\t<div class=\"elementor-element elementor-element-600efcf elementor-widget elementor-widget-text-editor\" data-id=\"600efcf\" data-element_type=\"widget\" data-e-type=\"widget\" data-widget_type=\"text-editor.default\">\n\t\t\t\t<div class=\"elementor-widget-container\">\n\t\t\t\t\t\t\t\t\t<p><img decoding=\"async\" class=\"size-full wp-image-1318 alignleft\" src=\"https:\/\/proyectos.pgiovas.com\/alfaquarium\/wp-content\/uploads\/2020\/08\/Collonista-spp.png\" alt=\"\" width=\"173\" height=\"155\" \/><\/p><p><strong>Nombre cient\u00edfico:<\/strong> Collonista spp.<\/p><p><strong>Nombre com\u00fan en ingl\u00e9s:<\/strong> Mini Turbos (Baby Grazing Snails)<\/p><p><strong>Nombre com\u00fan es espa\u00f1ol:<\/strong> Caracol Mini Turbo<\/p><p><strong>Tama\u00f1o m\u00e1ximo:<\/strong> Hasta 2.5 pulgadas (6 mm) de largo y ancho.<\/p><p><strong>Extensi\u00f3n:<\/strong> Indo Pac\u00edfico<\/p><p><strong>Tama\u00f1o m\u00ednimo de acuario:<\/strong> Nano tanques, 1 gal\u00f3n (3.8 lts) o m\u00e1s.<\/p><p><strong>Iluminaci\u00f3n:<\/strong> Debe ser suficiente para mantener un crecimiento de alga saludable.<\/p><p><strong>Alimento y Alimentaci\u00f3n:<\/strong> Estos son animales pellizcadores totalmente herb\u00edvoros que necesitan un tanque con un buen crecimiento de diatomeas y micro algas.<\/p><p><strong>Conveniencia y Compatibilidad con el acuario de arrecife:<\/strong> Animales pellizcadores de alga ben\u00e9ficos en acuarios de arrecife.<\/p><p><strong>Cuidado Cautivo:<\/strong> Fiel a su nombre com\u00fan, estos peque\u00f1os herb\u00edvoros se asemejan a los caracoles Turbo pero en beb\u00e9 o miniatura. Llegan &#8220;de avent\u00f3n&#8221; com\u00fanmente a los acuarios de arrecife y les va bien en muchos tanques. Tienen conchas blancas y marrones, c\u00f3nicas, blancas o moteadas con una abertura circular; un op\u00e9rculo blanco calc\u00e1reo, o tap\u00f3n, sella la apertura durante la retracci\u00f3n. Carecen de un canal o tubo anterior. El caparaz\u00f3n es liso con canales o surcos espirales bajos. El cuerpo blanco, bronceado o beige se extiende fuera de la abertura circular. Los ojos se encuentran en la base de un gran tent\u00e1culo a cada lado de la cabeza. Numerosos peque\u00f1os tent\u00e1culos sensoriales (generalmente ocho) se extienden desde la abertura a cada lado y detr\u00e1s del animal. Se reproducen bien en algunos sistemas.<\/p><p><em><strong>Fuentes del art\u00edculo:<\/strong><\/em><\/p><p><em><strong>Marine Invertebrates; Ronald L. Shimek, Ph.D.<\/strong><\/em><\/p><p><em><strong>Colaboraci\u00f3n de:<\/strong><\/em><\/p><p><em><strong>Luz Alicia Anduaga<\/strong><\/em><\/p>\t\t\t\t\t\t\t\t<\/div>\n\t\t\t\t<\/div>\n\t\t\t\t\t<\/div>\n\t\t<\/div>\n\t\t\t\t\t<\/div>\n\t\t<\/section>\n\t\t\t\t<\/div>\n\t\t","protected":false},"excerpt":{"rendered":"<p>Collonista Spp Nombre cient\u00edfico: Collonista spp. Nombre com\u00fan en ingl\u00e9s: Mini Turbos (Baby Grazing Snails) Nombre com\u00fan es espa\u00f1ol: Caracol Mini Turbo Tama\u00f1o m\u00e1ximo: Hasta 2.5 pulgadas (6 mm) de largo y ancho. Extensi\u00f3n: Indo&hellip;<\/p>\n","protected":false},"author":4,"featured_media":0,"parent":0,"menu_order":0,"comment_status":"closed","ping_status":"closed","template":"","meta":{"footnotes":""},"class_list":["post-3374","page","type-page","status-publish","hentry"],"_links":{"self":[{"href":"https:\/\/proyectos.pgiovas.com\/alfaquarium\/wp-json\/wp\/v2\/pages\/3374","targetHints":{"allow":["GET"]}}],"collection":[{"href":"https:\/\/proyectos.pgiovas.com\/alfaquarium\/wp-json\/wp\/v2\/pages"}],"about":[{"href":"https:\/\/proyectos.pgiovas.com\/alfaquarium\/wp-json\/wp\/v2\/types\/page"}],"author":[{"embeddable":true,"href":"https:\/\/proyectos.pgiovas.com\/alfaquarium\/wp-json\/wp\/v2\/users\/4"}],"replies":[{"embeddable":true,"href":"https:\/\/proyectos.pgiovas.com\/alfaquarium\/wp-json\/wp\/v2\/comments?post=3374"}],"version-history":[{"count":2,"href":"https:\/\/proyectos.pgiovas.com\/alfaquarium\/wp-json\/wp\/v2\/pages\/3374\/revisions"}],"predecessor-version":[{"id":3377,"href":"https:\/\/proyectos.pgiovas.com\/alfaquarium\/wp-json\/wp\/v2\/pages\/3374\/revisions\/3377"}],"wp:attachment":[{"href":"https:\/\/proyectos.pgiovas.com\/alfaquarium\/wp-json\/wp\/v2\/media?parent=3374"}],"curies":[{"name":"wp","href":"https:\/\/api.w.org\/{rel}","templated":true}]}}