{"id":3173,"date":"2020-08-11T15:20:33","date_gmt":"2020-08-11T15:20:33","guid":{"rendered":"http:\/\/alfaquarium.mx\/?page_id=3173"},"modified":"2020-08-11T15:26:10","modified_gmt":"2020-08-11T15:26:10","slug":"trachyphyllia-radiata","status":"publish","type":"page","link":"https:\/\/proyectos.pgiovas.com\/alfaquarium\/trachyphyllia-radiata","title":{"rendered":"Trachyphyllia Radiata"},"content":{"rendered":"\t\t<div data-elementor-type=\"wp-page\" data-elementor-id=\"3173\" class=\"elementor elementor-3173\">\n\t\t\t\t\t\t<section class=\"elementor-section elementor-top-section elementor-element elementor-element-90ad940 elementor-section-boxed elementor-section-height-default elementor-section-height-default\" data-id=\"90ad940\" data-element_type=\"section\" data-e-type=\"section\">\n\t\t\t\t\t\t<div class=\"elementor-container elementor-column-gap-default\">\n\t\t\t\t\t<div class=\"elementor-column elementor-col-100 elementor-top-column elementor-element elementor-element-a8a63c2\" data-id=\"a8a63c2\" data-element_type=\"column\" data-e-type=\"column\">\n\t\t\t<div class=\"elementor-widget-wrap elementor-element-populated\">\n\t\t\t\t\t\t<div class=\"elementor-element elementor-element-7793ca9 elementor-widget elementor-widget-heading\" data-id=\"7793ca9\" data-element_type=\"widget\" data-e-type=\"widget\" data-widget_type=\"heading.default\">\n\t\t\t\t<div class=\"elementor-widget-container\">\n\t\t\t\t\t<h3 class=\"elementor-heading-title elementor-size-default\">Trachyphyllia Radiata<\/h3>\t\t\t\t<\/div>\n\t\t\t\t<\/div>\n\t\t\t\t<div class=\"elementor-element elementor-element-fd98977 elementor-widget elementor-widget-spacer\" data-id=\"fd98977\" data-element_type=\"widget\" data-e-type=\"widget\" data-widget_type=\"spacer.default\">\n\t\t\t\t<div class=\"elementor-widget-container\">\n\t\t\t\t\t\t\t<div class=\"elementor-spacer\">\n\t\t\t<div class=\"elementor-spacer-inner\"><\/div>\n\t\t<\/div>\n\t\t\t\t\t\t<\/div>\n\t\t\t\t<\/div>\n\t\t\t\t<div class=\"elementor-element elementor-element-0b66d13 elementor-widget-divider--separator-type-pattern elementor-widget-divider--view-line elementor-widget elementor-widget-divider\" data-id=\"0b66d13\" data-element_type=\"widget\" data-e-type=\"widget\" data-widget_type=\"divider.default\">\n\t\t\t\t<div class=\"elementor-widget-container\">\n\t\t\t\t\t\t\t<div class=\"elementor-divider\" style=\"--divider-pattern-url: url(&quot;data:image\/svg+xml,%3Csvg xmlns=&#039;http:\/\/www.w3.org\/2000\/svg&#039; preserveAspectRatio=&#039;none&#039; overflow=&#039;visible&#039; height=&#039;100%&#039; viewBox=&#039;0 0 24 24&#039; fill=&#039;none&#039; stroke=&#039;black&#039; stroke-width=&#039;7&#039; stroke-linecap=&#039;square&#039; stroke-miterlimit=&#039;10&#039;%3E%3Cpath d=&#039;M0,6c6,0,6,13,12,13S18,6,24,6&#039;\/%3E%3C\/svg%3E&quot;);\">\n\t\t\t<span class=\"elementor-divider-separator\">\n\t\t\t\t\t\t<\/span>\n\t\t<\/div>\n\t\t\t\t\t\t<\/div>\n\t\t\t\t<\/div>\n\t\t\t\t<div class=\"elementor-element elementor-element-5aec935 elementor-widget elementor-widget-text-editor\" data-id=\"5aec935\" data-element_type=\"widget\" data-e-type=\"widget\" data-widget_type=\"text-editor.default\">\n\t\t\t\t<div class=\"elementor-widget-container\">\n\t\t\t\t\t\t\t\t\t<p><img fetchpriority=\"high\" decoding=\"async\" class=\"size-medium wp-image-1190 alignleft\" src=\"https:\/\/proyectos.pgiovas.com\/alfaquarium\/wp-content\/uploads\/2020\/07\/trachyphyllia_radiata-300x300.jpg\" alt=\"\" width=\"300\" height=\"300\" srcset=\"https:\/\/proyectos.pgiovas.com\/alfaquarium\/wp-content\/uploads\/2020\/07\/trachyphyllia_radiata-300x300.jpg 300w, https:\/\/proyectos.pgiovas.com\/alfaquarium\/wp-content\/uploads\/2020\/07\/trachyphyllia_radiata-150x150.jpg 150w, https:\/\/proyectos.pgiovas.com\/alfaquarium\/wp-content\/uploads\/2020\/07\/trachyphyllia_radiata-370x370.jpg 370w, https:\/\/proyectos.pgiovas.com\/alfaquarium\/wp-content\/uploads\/2020\/07\/trachyphyllia_radiata-90x90.jpg 90w, https:\/\/proyectos.pgiovas.com\/alfaquarium\/wp-content\/uploads\/2020\/07\/trachyphyllia_radiata-406x406.jpg 406w, https:\/\/proyectos.pgiovas.com\/alfaquarium\/wp-content\/uploads\/2020\/07\/trachyphyllia_radiata-143x143.jpg 143w, https:\/\/proyectos.pgiovas.com\/alfaquarium\/wp-content\/uploads\/2020\/07\/trachyphyllia_radiata-400x400.jpg 400w, https:\/\/proyectos.pgiovas.com\/alfaquarium\/wp-content\/uploads\/2020\/07\/trachyphyllia_radiata-100x100.jpg 100w, https:\/\/proyectos.pgiovas.com\/alfaquarium\/wp-content\/uploads\/2020\/07\/trachyphyllia_radiata.jpg 500w\" sizes=\"(max-width: 300px) 100vw, 300px\" \/><\/p><p><strong>Nombre cient\u00edfico:<\/strong> Trachyphyllia radiata<br \/><strong>Nombre com\u00fan en ingl\u00e9s:<\/strong> Trachy<br \/><strong>Nombre com\u00fan en espa\u00f1ol:<\/strong> Trachy<br \/><strong>Familia:<\/strong> Trachyphylliidae<br \/><strong>Origen:<\/strong> Oc\u00e9ano \u00cdndico, Mar Rojo y archipi\u00e9lago australiano<br \/><strong>Par\u00e1metros ideales:<\/strong><br \/><strong>Salinidad:<\/strong> 1023 a 1025<br \/><strong>Temperatura:<\/strong> 23 a 26\u00ba C<br \/><strong>Calcio:<\/strong> 400 a 450 ppm<br \/><strong>Alcalinidad:<\/strong> 8 a 12 dKH<br \/><strong>Magnesio:<\/strong> 1200 a 1350<br \/><strong>Estroncio:<\/strong> 8 a 10<br \/><strong>PH:<\/strong> 8.10 a 8.40<\/p><p><strong>Informaci\u00f3n, cuidados y curiosidades:<\/strong>\u00a0 El trachyphyllia radiata es un coral LPS (large polyp stony). Su nombre proviene del griego Trachys (arrugado) y Phyllon (hoja), pues su forma recuerda a una hoja arrugada tirada en la arena. Este nombre seguramente se origin\u00f3 por ser bastante com\u00fan encontrarse a este organismo en la arena tras ser arrastrado por las corrientes marinas hacia las playas.<\/p><p>Este organismo puede ser de diferentes colores, entre ellos rojo, rosa, verde y marr\u00f3n.<\/p><p>Anteriormente era llamado Wellsophyllia radiata, pero este g\u00e9nero ha sido eliminado y no se usa m\u00e1s.<\/p><p>No es un coral agresivo, pero hay que tener cuidado de no colocarlo al alcance de otros que si lo sean, pues su tejido es bastante delicado y con cualquier descuido en el manejo, transporte o agresi\u00f3n de otro coral u organismo, puede da\u00f1arse irremediablemente.<\/p><p>No es demasiado demandante y se adapta con facilidad a diferentes tipos de iluminaci\u00f3n. Eso si, hay que aclimatarlo cuidadosamente si la iluminaci\u00f3n del acuario es a base de MH o similares, pues puede llegar a quemarse e incluso morir.<\/p><p>Debe colocarse en el fondo del acuario, sobre la arena, teniendo mucho cuidado de no lacerar el tejido.<\/p><p>No le gustan las corrientes de agua, por lo que hay que procurar colocarlo en un sitio en el que est\u00e9 protegido para que se sienta a gusto y se extienda completamente.<\/p><p>Le encanta ser alimentado una vez a la semana con trocitos peque\u00f1os de camar\u00f3n, pescado o calamar crudo, etc. El bocado se coloca encima de su abertura oral y \u00e9l con sus tent\u00e1culos lo acercar\u00e1 a su boca y lo consumir\u00e1.<\/p><p><strong><em>Fuentes del art\u00edculo:<\/em><\/strong><\/p><p><strong><em>Animal world<\/em><em>\u00a0<\/em><\/strong><\/p><p><strong><em>Origen de la imagen:<\/em><\/strong><\/p><p><strong><em>http:\/\/www.veneruz.it<\/em><\/strong><\/p><p><strong><em>Colaboraci\u00f3n de:<\/em><\/strong><\/p><p><strong><em>Jessica Romero Saldivar (AtOmIcFaRt)<\/em><\/strong><\/p>\t\t\t\t\t\t\t\t<\/div>\n\t\t\t\t<\/div>\n\t\t\t\t\t<\/div>\n\t\t<\/div>\n\t\t\t\t\t<\/div>\n\t\t<\/section>\n\t\t\t\t<\/div>\n\t\t","protected":false},"excerpt":{"rendered":"<p>Trachyphyllia Radiata Nombre cient\u00edfico: Trachyphyllia radiataNombre com\u00fan en ingl\u00e9s: TrachyNombre com\u00fan en espa\u00f1ol: TrachyFamilia: TrachyphylliidaeOrigen: Oc\u00e9ano \u00cdndico, Mar Rojo y archipi\u00e9lago australianoPar\u00e1metros ideales:Salinidad: 1023 a 1025Temperatura: 23 a 26\u00ba CCalcio: 400 a 450 ppmAlcalinidad: 8&hellip;<\/p>\n","protected":false},"author":4,"featured_media":0,"parent":0,"menu_order":0,"comment_status":"closed","ping_status":"closed","template":"","meta":{"footnotes":""},"class_list":["post-3173","page","type-page","status-publish","hentry"],"_links":{"self":[{"href":"https:\/\/proyectos.pgiovas.com\/alfaquarium\/wp-json\/wp\/v2\/pages\/3173","targetHints":{"allow":["GET"]}}],"collection":[{"href":"https:\/\/proyectos.pgiovas.com\/alfaquarium\/wp-json\/wp\/v2\/pages"}],"about":[{"href":"https:\/\/proyectos.pgiovas.com\/alfaquarium\/wp-json\/wp\/v2\/types\/page"}],"author":[{"embeddable":true,"href":"https:\/\/proyectos.pgiovas.com\/alfaquarium\/wp-json\/wp\/v2\/users\/4"}],"replies":[{"embeddable":true,"href":"https:\/\/proyectos.pgiovas.com\/alfaquarium\/wp-json\/wp\/v2\/comments?post=3173"}],"version-history":[{"count":2,"href":"https:\/\/proyectos.pgiovas.com\/alfaquarium\/wp-json\/wp\/v2\/pages\/3173\/revisions"}],"predecessor-version":[{"id":3176,"href":"https:\/\/proyectos.pgiovas.com\/alfaquarium\/wp-json\/wp\/v2\/pages\/3173\/revisions\/3176"}],"wp:attachment":[{"href":"https:\/\/proyectos.pgiovas.com\/alfaquarium\/wp-json\/wp\/v2\/media?parent=3173"}],"curies":[{"name":"wp","href":"https:\/\/api.w.org\/{rel}","templated":true}]}}