{"id":3136,"date":"2020-08-11T14:40:16","date_gmt":"2020-08-11T14:40:16","guid":{"rendered":"http:\/\/alfaquarium.mx\/?page_id=3136"},"modified":"2020-08-11T14:45:21","modified_gmt":"2020-08-11T14:45:21","slug":"platygyra-sp","status":"publish","type":"page","link":"https:\/\/proyectos.pgiovas.com\/alfaquarium\/platygyra-sp","title":{"rendered":"Platygyra Sp"},"content":{"rendered":"\t\t<div data-elementor-type=\"wp-page\" data-elementor-id=\"3136\" class=\"elementor elementor-3136\">\n\t\t\t\t\t\t<section class=\"elementor-section elementor-top-section elementor-element elementor-element-a542d40 elementor-section-boxed elementor-section-height-default elementor-section-height-default\" data-id=\"a542d40\" data-element_type=\"section\" data-e-type=\"section\">\n\t\t\t\t\t\t<div class=\"elementor-container elementor-column-gap-default\">\n\t\t\t\t\t<div class=\"elementor-column elementor-col-100 elementor-top-column elementor-element elementor-element-0d8d026\" data-id=\"0d8d026\" data-element_type=\"column\" data-e-type=\"column\">\n\t\t\t<div class=\"elementor-widget-wrap elementor-element-populated\">\n\t\t\t\t\t\t<div class=\"elementor-element elementor-element-67cb599 elementor-widget elementor-widget-heading\" data-id=\"67cb599\" data-element_type=\"widget\" data-e-type=\"widget\" data-widget_type=\"heading.default\">\n\t\t\t\t<div class=\"elementor-widget-container\">\n\t\t\t\t\t<h3 class=\"elementor-heading-title elementor-size-default\">Platygyra Sp<\/h3>\t\t\t\t<\/div>\n\t\t\t\t<\/div>\n\t\t\t\t<div class=\"elementor-element elementor-element-7893974 elementor-widget elementor-widget-spacer\" data-id=\"7893974\" data-element_type=\"widget\" data-e-type=\"widget\" data-widget_type=\"spacer.default\">\n\t\t\t\t<div class=\"elementor-widget-container\">\n\t\t\t\t\t\t\t<div class=\"elementor-spacer\">\n\t\t\t<div class=\"elementor-spacer-inner\"><\/div>\n\t\t<\/div>\n\t\t\t\t\t\t<\/div>\n\t\t\t\t<\/div>\n\t\t\t\t<div class=\"elementor-element elementor-element-0438a40 elementor-widget-divider--separator-type-pattern elementor-widget-divider--view-line elementor-widget elementor-widget-divider\" data-id=\"0438a40\" data-element_type=\"widget\" data-e-type=\"widget\" data-widget_type=\"divider.default\">\n\t\t\t\t<div class=\"elementor-widget-container\">\n\t\t\t\t\t\t\t<div class=\"elementor-divider\" style=\"--divider-pattern-url: url(&quot;data:image\/svg+xml,%3Csvg xmlns=&#039;http:\/\/www.w3.org\/2000\/svg&#039; preserveAspectRatio=&#039;none&#039; overflow=&#039;visible&#039; height=&#039;100%&#039; viewBox=&#039;0 0 24 24&#039; fill=&#039;none&#039; stroke=&#039;black&#039; stroke-width=&#039;7&#039; stroke-linecap=&#039;square&#039; stroke-miterlimit=&#039;10&#039;%3E%3Cpath d=&#039;M0,6c6,0,6,13,12,13S18,6,24,6&#039;\/%3E%3C\/svg%3E&quot;);\">\n\t\t\t<span class=\"elementor-divider-separator\">\n\t\t\t\t\t\t<\/span>\n\t\t<\/div>\n\t\t\t\t\t\t<\/div>\n\t\t\t\t<\/div>\n\t\t\t\t<div class=\"elementor-element elementor-element-22e51eb elementor-widget elementor-widget-text-editor\" data-id=\"22e51eb\" data-element_type=\"widget\" data-e-type=\"widget\" data-widget_type=\"text-editor.default\">\n\t\t\t\t<div class=\"elementor-widget-container\">\n\t\t\t\t\t\t\t\t\t<p><img fetchpriority=\"high\" decoding=\"async\" class=\"size-medium wp-image-1183 alignleft\" src=\"https:\/\/proyectos.pgiovas.com\/alfaquarium\/wp-content\/uploads\/2020\/07\/platygyra_sp-300x300.jpg\" alt=\"\" width=\"300\" height=\"300\" srcset=\"https:\/\/proyectos.pgiovas.com\/alfaquarium\/wp-content\/uploads\/2020\/07\/platygyra_sp-300x300.jpg 300w, https:\/\/proyectos.pgiovas.com\/alfaquarium\/wp-content\/uploads\/2020\/07\/platygyra_sp-150x150.jpg 150w, https:\/\/proyectos.pgiovas.com\/alfaquarium\/wp-content\/uploads\/2020\/07\/platygyra_sp-370x370.jpg 370w, https:\/\/proyectos.pgiovas.com\/alfaquarium\/wp-content\/uploads\/2020\/07\/platygyra_sp-90x90.jpg 90w, https:\/\/proyectos.pgiovas.com\/alfaquarium\/wp-content\/uploads\/2020\/07\/platygyra_sp-406x406.jpg 406w, https:\/\/proyectos.pgiovas.com\/alfaquarium\/wp-content\/uploads\/2020\/07\/platygyra_sp-143x143.jpg 143w, https:\/\/proyectos.pgiovas.com\/alfaquarium\/wp-content\/uploads\/2020\/07\/platygyra_sp-400x400.jpg 400w, https:\/\/proyectos.pgiovas.com\/alfaquarium\/wp-content\/uploads\/2020\/07\/platygyra_sp-100x100.jpg 100w, https:\/\/proyectos.pgiovas.com\/alfaquarium\/wp-content\/uploads\/2020\/07\/platygyra_sp.jpg 500w\" sizes=\"(max-width: 300px) 100vw, 300px\" \/><\/p><p><strong>Nombre cient\u00edfico:<\/strong> Platygyra sp<br \/><strong>Nombre com\u00fan en ingl\u00e9s:<\/strong> Brain, closed brain, maze coral<br \/><strong>Nombre com\u00fan en espa\u00f1ol:<\/strong> Platygyra, cerebro<br \/><strong>Familia:<\/strong> Faviidae<br \/><strong>Origen:<\/strong> Indo Pac\u00edfico<br \/><strong>Par\u00e1metros ideales:<\/strong><br \/><strong>Salinidad:<\/strong> 1023 a 1025<br \/><strong>Temperatura:<\/strong> 23 a 26\u00ba C<br \/><strong>Calcio:<\/strong> 400 a 450 ppm<br \/><strong>Alcalinidad:<\/strong> 8 a 12 dKH<br \/><strong>Magnesio:<\/strong> 1200 a 1350<br \/><strong>Estroncio:<\/strong> 8 a 10<br \/><strong>PH:<\/strong> 8.10 a 8.40<\/p><p><strong>Informaci\u00f3n, cuidados y curiosidades:\u00a0<\/strong> El Platygyra sp es un hermoso coral que en la naturaleza vive en enormes colonias en forma de platos o domos. Este coral es meandroide, lo que quiere decir que forma valles. En ocasiones tambi\u00e9n es cerioide, que significa que comparte paredes, mezcl\u00e1ndose.<\/p><p>Este coral es similar a los corales Goniastrea, Australogyra y al Leptoria, aunque el Platygyra difiere del Goniastrea porque carece de l\u00f3bulos protuberantes que se forman en los septos. El Leptoria es mucho menos sinuoso, sus valles m\u00e1s amplios y las paredes de sus coralites son m\u00e1s gruesas, El Australogyra tiene crecimiento ramificado.<\/p><p>La especie m\u00e1s com\u00fan en los comercios es el P. lamelina. Le siguen las especies P. daedalea, P. sinensis y P. pini.<\/p><p>El Platygyra es una maravilla de coral, que conservar\u00e1 su color original bajo diferentes intensidades de iluminaci\u00f3n. Sus paredes generalmente son caf\u00e9 o gris oscuro, sus valles son gris o verde, aunque puede presentar una amplia variedad de colores y combinaciones.<\/p><p>Este coral es moderadamente dif\u00edcil de mantener, pues son m\u00e1s susceptibles al blanqueamiento y a la necrosis de tejido debido al estr\u00e9s. Sin embargo, una vez adaptado y aclimatado, si se le alimenta con regularidad, este coral crece r\u00e1pido. Posee zooxantelas simbiontes, pero no es suficiente para adquirir todos los nutrientes que necesita. Se puede alimentar dos o tres veces a la semana con artemia enriquecida reci\u00e9n eclosionada, mysis, zooplankton o alg\u00fan alimento comercial. Se debe alimentar por las noches, cuando saca sus tent\u00e1culos para capturar su alimento.<\/p><p>Tambi\u00e9n requiere iluminaci\u00f3n moderada a intensa y corriente de agua moderada a intensa.<\/p><p>Es un coral semi agresivo, por lo que se debe situar a prudente distancia de sus vecinos, para que no los queme o irrite.<\/p><p>Al ser un coral moderadamente dif\u00edcil de mantener, no se recomienda para aquellos sin experiencia en el mantenimiento de corales duros.<\/p><p><strong><em>Fuentes del art\u00edculo:<\/em><\/strong><\/p><p><strong><em>Net pets y Animal world<\/em><em>\u00a0<\/em><\/strong><\/p><p><strong><em>Origen de la imagen:<\/em><\/strong><\/p><p><strong><em>http:\/\/kaisuinettaigyo.blog93.fc2.com<\/em><\/strong><\/p><p><strong><em>Colaboraci\u00f3n de:<\/em><\/strong><\/p><p><strong><em>Jessica Romero Saldivar (AtOmIcFaRt)<\/em><\/strong><\/p>\t\t\t\t\t\t\t\t<\/div>\n\t\t\t\t<\/div>\n\t\t\t\t\t<\/div>\n\t\t<\/div>\n\t\t\t\t\t<\/div>\n\t\t<\/section>\n\t\t\t\t<\/div>\n\t\t","protected":false},"excerpt":{"rendered":"<p>Platygyra Sp Nombre cient\u00edfico: Platygyra spNombre com\u00fan en ingl\u00e9s: Brain, closed brain, maze coralNombre com\u00fan en espa\u00f1ol: Platygyra, cerebroFamilia: FaviidaeOrigen: Indo Pac\u00edficoPar\u00e1metros ideales:Salinidad: 1023 a 1025Temperatura: 23 a 26\u00ba CCalcio: 400 a 450 ppmAlcalinidad: 8&hellip;<\/p>\n","protected":false},"author":4,"featured_media":0,"parent":0,"menu_order":0,"comment_status":"closed","ping_status":"closed","template":"","meta":{"footnotes":""},"class_list":["post-3136","page","type-page","status-publish","hentry"],"_links":{"self":[{"href":"https:\/\/proyectos.pgiovas.com\/alfaquarium\/wp-json\/wp\/v2\/pages\/3136","targetHints":{"allow":["GET"]}}],"collection":[{"href":"https:\/\/proyectos.pgiovas.com\/alfaquarium\/wp-json\/wp\/v2\/pages"}],"about":[{"href":"https:\/\/proyectos.pgiovas.com\/alfaquarium\/wp-json\/wp\/v2\/types\/page"}],"author":[{"embeddable":true,"href":"https:\/\/proyectos.pgiovas.com\/alfaquarium\/wp-json\/wp\/v2\/users\/4"}],"replies":[{"embeddable":true,"href":"https:\/\/proyectos.pgiovas.com\/alfaquarium\/wp-json\/wp\/v2\/comments?post=3136"}],"version-history":[{"count":2,"href":"https:\/\/proyectos.pgiovas.com\/alfaquarium\/wp-json\/wp\/v2\/pages\/3136\/revisions"}],"predecessor-version":[{"id":3139,"href":"https:\/\/proyectos.pgiovas.com\/alfaquarium\/wp-json\/wp\/v2\/pages\/3136\/revisions\/3139"}],"wp:attachment":[{"href":"https:\/\/proyectos.pgiovas.com\/alfaquarium\/wp-json\/wp\/v2\/media?parent=3136"}],"curies":[{"name":"wp","href":"https:\/\/api.w.org\/{rel}","templated":true}]}}