{"id":3125,"date":"2020-08-11T14:14:04","date_gmt":"2020-08-11T14:14:04","guid":{"rendered":"http:\/\/alfaquarium.mx\/?page_id=3125"},"modified":"2020-08-11T14:26:21","modified_gmt":"2020-08-11T14:26:21","slug":"pachyseris-rugosa","status":"publish","type":"page","link":"https:\/\/proyectos.pgiovas.com\/alfaquarium\/pachyseris-rugosa","title":{"rendered":"Pachyseris Rugosa"},"content":{"rendered":"\t\t<div data-elementor-type=\"wp-page\" data-elementor-id=\"3125\" class=\"elementor elementor-3125\">\n\t\t\t\t\t\t<section class=\"elementor-section elementor-top-section elementor-element elementor-element-a2e6082 elementor-section-boxed elementor-section-height-default elementor-section-height-default\" data-id=\"a2e6082\" data-element_type=\"section\" data-e-type=\"section\">\n\t\t\t\t\t\t<div class=\"elementor-container elementor-column-gap-default\">\n\t\t\t\t\t<div class=\"elementor-column elementor-col-100 elementor-top-column elementor-element elementor-element-7c3ebb0\" data-id=\"7c3ebb0\" data-element_type=\"column\" data-e-type=\"column\">\n\t\t\t<div class=\"elementor-widget-wrap elementor-element-populated\">\n\t\t\t\t\t\t<div class=\"elementor-element elementor-element-78931f4 elementor-widget elementor-widget-heading\" data-id=\"78931f4\" data-element_type=\"widget\" data-e-type=\"widget\" data-widget_type=\"heading.default\">\n\t\t\t\t<div class=\"elementor-widget-container\">\n\t\t\t\t\t<h3 class=\"elementor-heading-title elementor-size-default\">Pachyseris Rugosa<\/h3>\t\t\t\t<\/div>\n\t\t\t\t<\/div>\n\t\t\t\t<div class=\"elementor-element elementor-element-060e96f elementor-widget elementor-widget-spacer\" data-id=\"060e96f\" data-element_type=\"widget\" data-e-type=\"widget\" data-widget_type=\"spacer.default\">\n\t\t\t\t<div class=\"elementor-widget-container\">\n\t\t\t\t\t\t\t<div class=\"elementor-spacer\">\n\t\t\t<div class=\"elementor-spacer-inner\"><\/div>\n\t\t<\/div>\n\t\t\t\t\t\t<\/div>\n\t\t\t\t<\/div>\n\t\t\t\t<div class=\"elementor-element elementor-element-adbb831 elementor-widget-divider--separator-type-pattern elementor-widget-divider--view-line elementor-widget elementor-widget-divider\" data-id=\"adbb831\" data-element_type=\"widget\" data-e-type=\"widget\" data-widget_type=\"divider.default\">\n\t\t\t\t<div class=\"elementor-widget-container\">\n\t\t\t\t\t\t\t<div class=\"elementor-divider\" style=\"--divider-pattern-url: url(&quot;data:image\/svg+xml,%3Csvg xmlns=&#039;http:\/\/www.w3.org\/2000\/svg&#039; preserveAspectRatio=&#039;none&#039; overflow=&#039;visible&#039; height=&#039;100%&#039; viewBox=&#039;0 0 24 24&#039; fill=&#039;none&#039; stroke=&#039;black&#039; stroke-width=&#039;7&#039; stroke-linecap=&#039;square&#039; stroke-miterlimit=&#039;10&#039;%3E%3Cpath d=&#039;M0,6c6,0,6,13,12,13S18,6,24,6&#039;\/%3E%3C\/svg%3E&quot;);\">\n\t\t\t<span class=\"elementor-divider-separator\">\n\t\t\t\t\t\t<\/span>\n\t\t<\/div>\n\t\t\t\t\t\t<\/div>\n\t\t\t\t<\/div>\n\t\t\t\t<div class=\"elementor-element elementor-element-93f4a67 elementor-widget elementor-widget-text-editor\" data-id=\"93f4a67\" data-element_type=\"widget\" data-e-type=\"widget\" data-widget_type=\"text-editor.default\">\n\t\t\t\t<div class=\"elementor-widget-container\">\n\t\t\t\t\t\t\t\t\t<p><img fetchpriority=\"high\" decoding=\"async\" class=\"size-medium wp-image-1181 alignleft\" src=\"https:\/\/proyectos.pgiovas.com\/alfaquarium\/wp-content\/uploads\/2020\/07\/pachyseris_rugosa-300x300.jpg\" alt=\"\" width=\"300\" height=\"300\" srcset=\"https:\/\/proyectos.pgiovas.com\/alfaquarium\/wp-content\/uploads\/2020\/07\/pachyseris_rugosa-300x300.jpg 300w, https:\/\/proyectos.pgiovas.com\/alfaquarium\/wp-content\/uploads\/2020\/07\/pachyseris_rugosa-150x150.jpg 150w, https:\/\/proyectos.pgiovas.com\/alfaquarium\/wp-content\/uploads\/2020\/07\/pachyseris_rugosa-370x370.jpg 370w, https:\/\/proyectos.pgiovas.com\/alfaquarium\/wp-content\/uploads\/2020\/07\/pachyseris_rugosa-90x90.jpg 90w, https:\/\/proyectos.pgiovas.com\/alfaquarium\/wp-content\/uploads\/2020\/07\/pachyseris_rugosa-406x406.jpg 406w, https:\/\/proyectos.pgiovas.com\/alfaquarium\/wp-content\/uploads\/2020\/07\/pachyseris_rugosa-143x143.jpg 143w, https:\/\/proyectos.pgiovas.com\/alfaquarium\/wp-content\/uploads\/2020\/07\/pachyseris_rugosa-400x400.jpg 400w, https:\/\/proyectos.pgiovas.com\/alfaquarium\/wp-content\/uploads\/2020\/07\/pachyseris_rugosa-100x100.jpg 100w, https:\/\/proyectos.pgiovas.com\/alfaquarium\/wp-content\/uploads\/2020\/07\/pachyseris_rugosa.jpg 500w\" sizes=\"(max-width: 300px) 100vw, 300px\" \/><\/p><p><strong>Nombre cient\u00edfico:<\/strong> Pachyseris rugosa<br \/><strong>Nombre com\u00fan en ingl\u00e9s:<\/strong> Elephant skin coral<br \/><strong>Nombre com\u00fan en espa\u00f1ol:<\/strong> Coral piel de elefante<br \/><strong>Familia:<\/strong> Agariciidae<br \/>Origen: Indo Pac\u00edfico<br \/><strong>Par\u00e1metros ideales:<\/strong><br \/><strong>Salinidad:<\/strong> 1023 a 1025<br \/><strong>Temperatura:<\/strong> 23 a 26\u00ba C<br \/><strong>Calcio:<\/strong> 400 a 450 ppm<br \/><strong>Alcalinidad:<\/strong> 8 a 12 dKH<br \/><strong>Magnesio:<\/strong>1200 a 1350<br \/><strong>Estroncio:<\/strong>8 a 10<br \/><strong>PH:<\/strong> 8.10 a 8.40<br \/><strong>Informaci\u00f3n, cuidados y curiosidades:<\/strong> El coral Pachyseris rugosa fue descrito por Lamarck en 1801. Este coral ha sido propagado en cautiverio. Actualmente los g\u00e9neros Pachyseris y Pavona son los \u00fanicos comercializados de la familia Agariciidae.<\/p><p>Este coral puede encontrarse desde el Mar Rojo a las islas Marshall, Samoa y Micronesia. Tambi\u00e9n en la Gran Barrera de Arrecifes y las islas Houtman Abrolhos de Australia.<\/p><p>Puede vivir en aguas profundas y \u00e1reas someras con agua turbia. Habitan las laderas de los arrecifes, canales de corrientes y lagunas someras. Viven en grandes colonias que forman mont\u00edculos de m\u00e1s de 8 m a trav\u00e9s de las \u00e1reas m\u00e1s someras, y colonias m\u00e1s peque\u00f1as a trav\u00e9s de su territorio. Pueden ser encontrados a m\u00e1s de 40 m de profundidad. Estos corales utilizan los nutrientes en el agua, las zooxantelas en sus tejidos para nutrirse y tambi\u00e9n pueden usar una red de mucosidad para capturar peque\u00f1as part\u00edculas.<\/p><p>El nombre com\u00fan de este coral proviene de su superficie de apariencia arrugada, similar a la piel del elefante. Crece formando platos bifaciales que generalmente son verticales, contorsionados e irregulares. La superficie de su esqueleto es irregular y parece que est\u00e1 ondulado, con surcos profundos y valles que se tuercen y retuercen. Tiene un tejido muy delgado que recubre su esqueleto, el cual puede ser azul gris\u00e1ceo o caf\u00e9. Bajo iluminaci\u00f3n intensa, puede tornarse de color caf\u00e9 verdoso fluorescente. No se sabe cu\u00e1nto tiempo puede llegar a vivir.<\/p><p>El g\u00e9nero Pachyseris \u00fanicamente se recomienda a acuaristas avanzados o expertos debido a sus estrictos requerimientos. Necesitan muchos nutrientes, aunque al mismo tiempo necesitan una calidad de agua casi perfecta. Aprecian la iluminaci\u00f3n intensa y una corriente de agua fuerte. Son de crecimiento lento y, si la calidad del agua no es perfecta, se deteriorar\u00e1n r\u00e1pidamente. Son propensos a varias enfermedades y padecimientos, y no toleran los tratamientos cl\u00e1sicos para tratar a los corales enfermos. Los ejemplares propagados en cautiverio son ligeramente m\u00e1s f\u00e1ciles de mantener.<\/p><p>Este coral ha sido propagado en cautiverio, pero en cantidades limitadas debido a que sana muy lentamente y se estresa con mucha facilidad.<\/p><p>En la naturaleza, los corales LPS han desarrollado diversas estrategias para alimentarse. Tienen una relaci\u00f3n simbi\u00f3tica con las algas zooxantelas, de las cuales reciben parte de los nutrientes que necesitan. Tambi\u00e9n capturan organismos planct\u00f3nicos y part\u00edculas microsc\u00f3picas de comida y absorben materia org\u00e1nica disuelta en la columna de agua. En cautiverio este coral principalmente utiliza sus zooxantelas para nutrirse, y tambi\u00e9n puede usar la red que forma con mucosidad para capturar presas. Alimentarlo directamente no lo beneficiar\u00e1, pero la corriente de agua adecuada lo ayudar\u00e1 a obtener su alimento.<\/p><p>Necesita estar en un acuario perfectamente maduro y establecido, con muchas rocas vivas, cama de arena y unos peces que le proporcionen materia org\u00e1nica disuelta. Estos corales crecen lentamente y pueden sucumbir a las enfermedades.<\/p><p>El g\u00e9nero Pachyseris generalmente es pac\u00edfico debido a que carecen de tent\u00e1culos. Pueden estar perfectamente en un acuario con otros corales SPS, pero sufrir\u00e1n si el acuario est\u00e1 superpoblado. Deben ser mantenidos lejos de otros corales.<\/p><p>Este g\u00e9nero tiende a ser el primero en blanquearse en el Oc\u00e9ano, lo que indica su sensibilidad a las condiciones del agua. Son propensos a la Enfermedad de la Banda Blanca y aplicar el tratamiento en el agua no es conveniente. Lo ideal es aplicar el antibi\u00f3tico directamente sobre el coral. Si las condiciones del agua no son mantenidas perfectamente, este coral se deteriorar\u00e1 r\u00e1pidamente.<\/p><p>Crece muy lento y no posee p\u00f3lipos que puedan advertirnos en caso de enfermedad. La \u00fanica manera de saber si est\u00e1 sano es observar si presenta degeneraci\u00f3n de tejido. Si el coral tiene cualquier tipo de recesi\u00f3n de tejido, puede salvarse cortando el tejido sano justo despu\u00e9s del tejido deteriorado. Esto ayuda a evitar que la degeneraci\u00f3n no se extienda al tejido sano. Si en el acuario hay cianobacterias o algas, mantener la corriente de agua fuerte ayudar\u00e1 a evitar que colonicen este coral.<\/p><p><strong><em>Fuentes del art\u00edculo:<\/em><\/strong><\/p><p><strong><em>Animal world<\/em><\/strong><\/p><p><strong><em>Origen de la imagen:<\/em><\/strong><\/p><p><strong><em>http:\/\/www.bostonreefers.org<\/em><\/strong><\/p><p><strong><em>\u00a0<\/em><em>Colaboraci\u00f3n de:<\/em><\/strong><\/p><p><strong><em>Jessica Romero Saldivar (AtOmIcFaRt)<\/em><\/strong><\/p>\t\t\t\t\t\t\t\t<\/div>\n\t\t\t\t<\/div>\n\t\t\t\t\t<\/div>\n\t\t<\/div>\n\t\t\t\t\t<\/div>\n\t\t<\/section>\n\t\t\t\t<\/div>\n\t\t","protected":false},"excerpt":{"rendered":"<p>Pachyseris Rugosa Nombre cient\u00edfico: Pachyseris rugosaNombre com\u00fan en ingl\u00e9s: Elephant skin coralNombre com\u00fan en espa\u00f1ol: Coral piel de elefanteFamilia: AgariciidaeOrigen: Indo Pac\u00edficoPar\u00e1metros ideales:Salinidad: 1023 a 1025Temperatura: 23 a 26\u00ba CCalcio: 400 a 450 ppmAlcalinidad: 8&hellip;<\/p>\n","protected":false},"author":4,"featured_media":0,"parent":0,"menu_order":0,"comment_status":"closed","ping_status":"closed","template":"","meta":{"footnotes":""},"class_list":["post-3125","page","type-page","status-publish","hentry"],"_links":{"self":[{"href":"https:\/\/proyectos.pgiovas.com\/alfaquarium\/wp-json\/wp\/v2\/pages\/3125","targetHints":{"allow":["GET"]}}],"collection":[{"href":"https:\/\/proyectos.pgiovas.com\/alfaquarium\/wp-json\/wp\/v2\/pages"}],"about":[{"href":"https:\/\/proyectos.pgiovas.com\/alfaquarium\/wp-json\/wp\/v2\/types\/page"}],"author":[{"embeddable":true,"href":"https:\/\/proyectos.pgiovas.com\/alfaquarium\/wp-json\/wp\/v2\/users\/4"}],"replies":[{"embeddable":true,"href":"https:\/\/proyectos.pgiovas.com\/alfaquarium\/wp-json\/wp\/v2\/comments?post=3125"}],"version-history":[{"count":2,"href":"https:\/\/proyectos.pgiovas.com\/alfaquarium\/wp-json\/wp\/v2\/pages\/3125\/revisions"}],"predecessor-version":[{"id":3129,"href":"https:\/\/proyectos.pgiovas.com\/alfaquarium\/wp-json\/wp\/v2\/pages\/3125\/revisions\/3129"}],"wp:attachment":[{"href":"https:\/\/proyectos.pgiovas.com\/alfaquarium\/wp-json\/wp\/v2\/media?parent=3125"}],"curies":[{"name":"wp","href":"https:\/\/api.w.org\/{rel}","templated":true}]}}