{"id":3118,"date":"2020-08-11T03:24:20","date_gmt":"2020-08-11T03:24:20","guid":{"rendered":"http:\/\/alfaquarium.mx\/?page_id=3118"},"modified":"2020-08-11T14:08:43","modified_gmt":"2020-08-11T14:08:43","slug":"nemenzophyllia-turbida","status":"publish","type":"page","link":"https:\/\/proyectos.pgiovas.com\/alfaquarium\/nemenzophyllia-turbida","title":{"rendered":"Nemenzophyllia Turbida"},"content":{"rendered":"\t\t<div data-elementor-type=\"wp-page\" data-elementor-id=\"3118\" class=\"elementor elementor-3118\">\n\t\t\t\t\t\t<section class=\"elementor-section elementor-top-section elementor-element elementor-element-cb399ad elementor-section-boxed elementor-section-height-default elementor-section-height-default\" data-id=\"cb399ad\" data-element_type=\"section\" data-e-type=\"section\">\n\t\t\t\t\t\t<div class=\"elementor-container elementor-column-gap-default\">\n\t\t\t\t\t<div class=\"elementor-column elementor-col-100 elementor-top-column elementor-element elementor-element-bff257a\" data-id=\"bff257a\" data-element_type=\"column\" data-e-type=\"column\">\n\t\t\t<div class=\"elementor-widget-wrap elementor-element-populated\">\n\t\t\t\t\t\t<div class=\"elementor-element elementor-element-3c31aa9 elementor-widget elementor-widget-heading\" data-id=\"3c31aa9\" data-element_type=\"widget\" data-e-type=\"widget\" data-widget_type=\"heading.default\">\n\t\t\t\t<div class=\"elementor-widget-container\">\n\t\t\t\t\t<h3 class=\"elementor-heading-title elementor-size-default\">Nemenzophyllia Turbida<\/h3>\t\t\t\t<\/div>\n\t\t\t\t<\/div>\n\t\t\t\t<div class=\"elementor-element elementor-element-48859f1 elementor-widget elementor-widget-spacer\" data-id=\"48859f1\" data-element_type=\"widget\" data-e-type=\"widget\" data-widget_type=\"spacer.default\">\n\t\t\t\t<div class=\"elementor-widget-container\">\n\t\t\t\t\t\t\t<div class=\"elementor-spacer\">\n\t\t\t<div class=\"elementor-spacer-inner\"><\/div>\n\t\t<\/div>\n\t\t\t\t\t\t<\/div>\n\t\t\t\t<\/div>\n\t\t\t\t<div class=\"elementor-element elementor-element-d0e65de elementor-widget-divider--separator-type-pattern elementor-widget-divider--view-line elementor-widget elementor-widget-divider\" data-id=\"d0e65de\" data-element_type=\"widget\" data-e-type=\"widget\" data-widget_type=\"divider.default\">\n\t\t\t\t<div class=\"elementor-widget-container\">\n\t\t\t\t\t\t\t<div class=\"elementor-divider\" style=\"--divider-pattern-url: url(&quot;data:image\/svg+xml,%3Csvg xmlns=&#039;http:\/\/www.w3.org\/2000\/svg&#039; preserveAspectRatio=&#039;none&#039; overflow=&#039;visible&#039; height=&#039;100%&#039; viewBox=&#039;0 0 24 24&#039; fill=&#039;none&#039; stroke=&#039;black&#039; stroke-width=&#039;7&#039; stroke-linecap=&#039;square&#039; stroke-miterlimit=&#039;10&#039;%3E%3Cpath d=&#039;M0,6c6,0,6,13,12,13S18,6,24,6&#039;\/%3E%3C\/svg%3E&quot;);\">\n\t\t\t<span class=\"elementor-divider-separator\">\n\t\t\t\t\t\t<\/span>\n\t\t<\/div>\n\t\t\t\t\t\t<\/div>\n\t\t\t\t<\/div>\n\t\t\t\t<div class=\"elementor-element elementor-element-7ffd2f0 elementor-widget elementor-widget-text-editor\" data-id=\"7ffd2f0\" data-element_type=\"widget\" data-e-type=\"widget\" data-widget_type=\"text-editor.default\">\n\t\t\t\t<div class=\"elementor-widget-container\">\n\t\t\t\t\t\t\t\t\t<p><img fetchpriority=\"high\" decoding=\"async\" class=\"size-medium wp-image-1180 alignleft\" src=\"https:\/\/proyectos.pgiovas.com\/alfaquarium\/wp-content\/uploads\/2020\/07\/nemenzophyllia_turbida-300x300.jpg\" alt=\"\" width=\"300\" height=\"300\" srcset=\"https:\/\/proyectos.pgiovas.com\/alfaquarium\/wp-content\/uploads\/2020\/07\/nemenzophyllia_turbida-300x300.jpg 300w, https:\/\/proyectos.pgiovas.com\/alfaquarium\/wp-content\/uploads\/2020\/07\/nemenzophyllia_turbida-150x150.jpg 150w, https:\/\/proyectos.pgiovas.com\/alfaquarium\/wp-content\/uploads\/2020\/07\/nemenzophyllia_turbida-370x370.jpg 370w, https:\/\/proyectos.pgiovas.com\/alfaquarium\/wp-content\/uploads\/2020\/07\/nemenzophyllia_turbida-90x90.jpg 90w, https:\/\/proyectos.pgiovas.com\/alfaquarium\/wp-content\/uploads\/2020\/07\/nemenzophyllia_turbida-406x406.jpg 406w, https:\/\/proyectos.pgiovas.com\/alfaquarium\/wp-content\/uploads\/2020\/07\/nemenzophyllia_turbida-143x143.jpg 143w, https:\/\/proyectos.pgiovas.com\/alfaquarium\/wp-content\/uploads\/2020\/07\/nemenzophyllia_turbida-400x400.jpg 400w, https:\/\/proyectos.pgiovas.com\/alfaquarium\/wp-content\/uploads\/2020\/07\/nemenzophyllia_turbida-100x100.jpg 100w, https:\/\/proyectos.pgiovas.com\/alfaquarium\/wp-content\/uploads\/2020\/07\/nemenzophyllia_turbida.jpg 500w\" sizes=\"(max-width: 300px) 100vw, 300px\" \/><\/p><p><strong>Nombre cient\u00edfico:<\/strong> Nemenzophyllia turbida<br \/><strong>Nombre com\u00fan en ingl\u00e9s:<\/strong> Fox coral<br \/><strong>Nombre com\u00fan en espa\u00f1ol:<\/strong> Coral jazm\u00edn<br \/><strong>Familia:<\/strong> Caryophylliidae<br \/><strong>Origen:<\/strong> Indo Pac\u00edfico<br \/><strong>Par\u00e1metros ideales:<\/strong><br \/><strong>Salinidad:<\/strong> 1023 a 1025<br \/><strong>Temperatura:<\/strong> 23 a 26\u00ba C<br \/><strong>Calcio:<\/strong> 400 a 450 ppm<br \/><strong>Alcalinidad:<\/strong> 8 a 12 dKH<br \/><strong>Magnesio:<\/strong> 1200 a 1350<br \/><strong>Estroncio:<\/strong> 8 a 10<br \/><strong>PH:<\/strong> 8.10 a 8.40<\/p><p><strong>Informaci\u00f3n, cuidados y curiosidades: <\/strong>La familia Euphylliidae dice Mather (1994) \u201c\u2026 Es una gran familia de scleractianos zooxantelados que previamente fueron agrupados en la familia Caryophylliidae. Esta familia incluye varios g\u00e9neros, como Euphyllia, Catalyphyllia, Nemenzophyllia, Plerogyra y Physogira\u201d.<\/p><p>Fuente: Tropical marine biology II, classification of scleractian (stony) corals, por Pierre Madl, Universidad de Viena, 2001, revisado en noviembre de 2002.<\/p><p>El coral Nemenzophyllia turbida fue descrito por Hodgson y Ross en 1981.\u00a0 Fue llamado as\u00ed en honor del doctor Francisco Nemonzo, quien fue un investigador pionero de los corales de las Filipinas. Este coral es la \u00fanica especie conocida del g\u00e9nero Nemenzophyllia y ha sido propagado exitosamente en cautiverio.<\/p><p>Es originario del Oc\u00e9ano Indo Pac\u00edfico, desde las Filipinas a Java y de all\u00ed de Indonesia a Pap\u00faa, Nueva Guinea.<\/p><p>Vive en profundidades hasta de 30 metros o m\u00e1s superficiales. Sus h\u00e1bitats son \u00e1reas del arrecife protegidas bajo salientes, en aguas turbias.<\/p><p>Este coral generalmente es caf\u00e9 ros\u00e1ceo o verde claro. Sus colonias son flabello-meandroides, lo que quiere decir que forman valles alargados con septas separadas. Las septas son crestas fr\u00e1giles del esqueleto, y los p\u00f3lipos se expandir\u00e1n much\u00edsimo cuando se le proporcionan las condiciones adecuadas al coral. Su esqueleto es muy delgado, lo que lo hace sumamente fr\u00e1gil y delicado. Desde arriba sus estructuras \u00f3seas largas y corrugadas casi parecen peque\u00f1as cajas rectangulares. Cada \u201ccaja\u201d forma un p\u00f3lipo y esta parte carnosa del coral no puede retraerse completamente en los espec\u00edmenes maduros debido a su gran tama\u00f1o. Los p\u00f3lipos m\u00e1s peque\u00f1os y j\u00f3venes pueden retraerse en esta estructura casi completamente. A menudo este coral es confundido con las an\u00e9monas, debido a sus largos y estriados p\u00f3lipos que se extienden como flores. Estos p\u00f3lipos se doblan hacia fuera y poseen estr\u00edas en el tejido que se irradian desde el centro hacia los bordes ondulados y casi parecen flores. Algunas colonias de este coral pueden alcanzar m\u00e1s de 1m de di\u00e1metro, pero no hay investigaciones suficientes para saber cu\u00e1l es el tama\u00f1o que este coral puede alcanzar.<\/p><p>Para algunas personas este coral es f\u00e1cil de mantener, pero para otras es un coral dif\u00edcil de mantener. Se cree que este coral obtiene gran parte de los nutrientes que necesita absorbi\u00e9ndolos de la columna de agua. Esto hace a este coral uno de los corales LPS m\u00e1s f\u00e1ciles de mantener en cautiverio. Requiere movimiento de agua bajo, y prefiere estar bajo iluminaci\u00f3n baja, moderada o indirecta, y se pondr\u00e1 caf\u00e9 si la iluminaci\u00f3n es demasiado intensa.<\/p><p>Este coral puede ser f\u00e1cil de mantener. El movimiento de agua debe ser suave o moderado y turbio, que contenga nutrientes disueltos. Este coral puede estar perfectamente bajo iluminaci\u00f3n fluorescente. La iluminaci\u00f3n intensa, como la que proporcionan las l\u00e1mparas MH, debe ser indirecta o filtrada, pues si el coral la recibe directamente, se pondr\u00e1 caf\u00e9.<\/p><p>No es un coral agresivo y parece que no quema, irrita o ataca a otros corales y tampoco es atacado. Es f\u00e1cil de fragmentar y se regeneran m\u00e1s r\u00e1pido que muchos otros miembros de su familia.<\/p><p>Este coral, como otros corales LPS, ha desarrollado varias estrategias para alimentarse. A trav\u00e9s de la relaci\u00f3n simbi\u00f3tica que tiene con las algas zooxantelas, recibe gran parte de los nutrientes que necesita, pero tambi\u00e9n se cree que absorbe materia org\u00e1nica disuelta en la columna de agua. En cautiverio puede ser alimentado con micro plancton o artemia salina enriquecida reci\u00e9n eclosionada una vez a la semana. Debido a que obtienen parte de los nutrientes que necesitan absorbi\u00e9ndolos de la columna de agua, necesitan estar en un acuario con filtraci\u00f3n menos eficiente y de preferencia sin skimmer.<\/p><p>El N. Turbida puede ser algo resistente, pero es propenso a las infecciones por protozoarios y la iluminaci\u00f3n intensa le afecta. Tambi\u00e9n puede tener recesi\u00f3n de tejido en un p\u00f3lipo, pero esto no parece afectar al resto de la colonia.<\/p><p>Todo lo que este coral necesita es un acuario con poca filtraci\u00f3n, sin skimmer, con bastantes rocas vivas y algunos peces que le proporcionen materia org\u00e1nica disuelta.<\/p><p>Este coral no puede estar en un acuario cuya agua sea cristalina y tenga unos excelentes par\u00e1metros, pues necesita nutrientes disueltos en la columna de agua para sobrevivir.<\/p><p><em><strong>Fuentes del art\u00edculo:<\/strong><\/em><\/p><p><em><strong>Animal world\u00a0<\/strong><\/em><\/p><p><em><strong>Origen de la imagen:<\/strong><\/em><\/p><p><em><strong>http:\/\/farm3.static.flickr.com<\/strong><\/em><\/p><p><em><strong>Colaboraci\u00f3n de:<\/strong><\/em><\/p><p><em><strong>Jessica Romero Saldivar (AtOmIcFaRt)<\/strong><\/em><\/p>\t\t\t\t\t\t\t\t<\/div>\n\t\t\t\t<\/div>\n\t\t\t\t\t<\/div>\n\t\t<\/div>\n\t\t\t\t\t<\/div>\n\t\t<\/section>\n\t\t\t\t<\/div>\n\t\t","protected":false},"excerpt":{"rendered":"<p>Nemenzophyllia Turbida Nombre cient\u00edfico: Nemenzophyllia turbidaNombre com\u00fan en ingl\u00e9s: Fox coralNombre com\u00fan en espa\u00f1ol: Coral jazm\u00ednFamilia: CaryophylliidaeOrigen: Indo Pac\u00edficoPar\u00e1metros ideales:Salinidad: 1023 a 1025Temperatura: 23 a 26\u00ba CCalcio: 400 a 450 ppmAlcalinidad: 8 a 12 dKHMagnesio:&hellip;<\/p>\n","protected":false},"author":4,"featured_media":0,"parent":0,"menu_order":0,"comment_status":"closed","ping_status":"closed","template":"","meta":{"footnotes":""},"class_list":["post-3118","page","type-page","status-publish","hentry"],"_links":{"self":[{"href":"https:\/\/proyectos.pgiovas.com\/alfaquarium\/wp-json\/wp\/v2\/pages\/3118","targetHints":{"allow":["GET"]}}],"collection":[{"href":"https:\/\/proyectos.pgiovas.com\/alfaquarium\/wp-json\/wp\/v2\/pages"}],"about":[{"href":"https:\/\/proyectos.pgiovas.com\/alfaquarium\/wp-json\/wp\/v2\/types\/page"}],"author":[{"embeddable":true,"href":"https:\/\/proyectos.pgiovas.com\/alfaquarium\/wp-json\/wp\/v2\/users\/4"}],"replies":[{"embeddable":true,"href":"https:\/\/proyectos.pgiovas.com\/alfaquarium\/wp-json\/wp\/v2\/comments?post=3118"}],"version-history":[{"count":3,"href":"https:\/\/proyectos.pgiovas.com\/alfaquarium\/wp-json\/wp\/v2\/pages\/3118\/revisions"}],"predecessor-version":[{"id":3123,"href":"https:\/\/proyectos.pgiovas.com\/alfaquarium\/wp-json\/wp\/v2\/pages\/3118\/revisions\/3123"}],"wp:attachment":[{"href":"https:\/\/proyectos.pgiovas.com\/alfaquarium\/wp-json\/wp\/v2\/media?parent=3118"}],"curies":[{"name":"wp","href":"https:\/\/api.w.org\/{rel}","templated":true}]}}