{"id":3107,"date":"2020-08-11T03:05:08","date_gmt":"2020-08-11T03:05:08","guid":{"rendered":"http:\/\/alfaquarium.mx\/?page_id=3107"},"modified":"2020-08-11T03:16:50","modified_gmt":"2020-08-11T03:16:50","slug":"micromussa-sp","status":"publish","type":"page","link":"https:\/\/proyectos.pgiovas.com\/alfaquarium\/micromussa-sp","title":{"rendered":"Micromussa Sp"},"content":{"rendered":"\t\t<div data-elementor-type=\"wp-page\" data-elementor-id=\"3107\" class=\"elementor elementor-3107\">\n\t\t\t\t\t\t<section class=\"elementor-section elementor-top-section elementor-element elementor-element-b75f7c7 elementor-section-boxed elementor-section-height-default elementor-section-height-default\" data-id=\"b75f7c7\" data-element_type=\"section\" data-e-type=\"section\">\n\t\t\t\t\t\t<div class=\"elementor-container elementor-column-gap-default\">\n\t\t\t\t\t<div class=\"elementor-column elementor-col-100 elementor-top-column elementor-element elementor-element-428323f\" data-id=\"428323f\" data-element_type=\"column\" data-e-type=\"column\">\n\t\t\t<div class=\"elementor-widget-wrap elementor-element-populated\">\n\t\t\t\t\t\t<div class=\"elementor-element elementor-element-6e54bb3 elementor-widget elementor-widget-heading\" data-id=\"6e54bb3\" data-element_type=\"widget\" data-e-type=\"widget\" data-widget_type=\"heading.default\">\n\t\t\t\t<div class=\"elementor-widget-container\">\n\t\t\t\t\t<h3 class=\"elementor-heading-title elementor-size-default\">Micromussa Sp<\/h3>\t\t\t\t<\/div>\n\t\t\t\t<\/div>\n\t\t\t\t<div class=\"elementor-element elementor-element-dee2bb3 elementor-widget elementor-widget-spacer\" data-id=\"dee2bb3\" data-element_type=\"widget\" data-e-type=\"widget\" data-widget_type=\"spacer.default\">\n\t\t\t\t<div class=\"elementor-widget-container\">\n\t\t\t\t\t\t\t<div class=\"elementor-spacer\">\n\t\t\t<div class=\"elementor-spacer-inner\"><\/div>\n\t\t<\/div>\n\t\t\t\t\t\t<\/div>\n\t\t\t\t<\/div>\n\t\t\t\t<div class=\"elementor-element elementor-element-ab5c5a8 elementor-widget-divider--separator-type-pattern elementor-widget-divider--view-line elementor-widget elementor-widget-divider\" data-id=\"ab5c5a8\" data-element_type=\"widget\" data-e-type=\"widget\" data-widget_type=\"divider.default\">\n\t\t\t\t<div class=\"elementor-widget-container\">\n\t\t\t\t\t\t\t<div class=\"elementor-divider\" style=\"--divider-pattern-url: url(&quot;data:image\/svg+xml,%3Csvg xmlns=&#039;http:\/\/www.w3.org\/2000\/svg&#039; preserveAspectRatio=&#039;none&#039; overflow=&#039;visible&#039; height=&#039;100%&#039; viewBox=&#039;0 0 24 24&#039; fill=&#039;none&#039; stroke=&#039;black&#039; stroke-width=&#039;7&#039; stroke-linecap=&#039;square&#039; stroke-miterlimit=&#039;10&#039;%3E%3Cpath d=&#039;M0,6c6,0,6,13,12,13S18,6,24,6&#039;\/%3E%3C\/svg%3E&quot;);\">\n\t\t\t<span class=\"elementor-divider-separator\">\n\t\t\t\t\t\t<\/span>\n\t\t<\/div>\n\t\t\t\t\t\t<\/div>\n\t\t\t\t<\/div>\n\t\t\t\t<div class=\"elementor-element elementor-element-c0934b4 elementor-widget elementor-widget-text-editor\" data-id=\"c0934b4\" data-element_type=\"widget\" data-e-type=\"widget\" data-widget_type=\"text-editor.default\">\n\t\t\t\t<div class=\"elementor-widget-container\">\n\t\t\t\t\t\t\t\t\t<p><img fetchpriority=\"high\" decoding=\"async\" class=\"size-medium wp-image-1178 alignleft\" src=\"https:\/\/proyectos.pgiovas.com\/alfaquarium\/wp-content\/uploads\/2020\/07\/micromussa_sp-300x300.jpg\" alt=\"\" width=\"300\" height=\"300\" srcset=\"https:\/\/proyectos.pgiovas.com\/alfaquarium\/wp-content\/uploads\/2020\/07\/micromussa_sp-300x300.jpg 300w, https:\/\/proyectos.pgiovas.com\/alfaquarium\/wp-content\/uploads\/2020\/07\/micromussa_sp-150x150.jpg 150w, https:\/\/proyectos.pgiovas.com\/alfaquarium\/wp-content\/uploads\/2020\/07\/micromussa_sp-370x370.jpg 370w, https:\/\/proyectos.pgiovas.com\/alfaquarium\/wp-content\/uploads\/2020\/07\/micromussa_sp-90x90.jpg 90w, https:\/\/proyectos.pgiovas.com\/alfaquarium\/wp-content\/uploads\/2020\/07\/micromussa_sp-406x406.jpg 406w, https:\/\/proyectos.pgiovas.com\/alfaquarium\/wp-content\/uploads\/2020\/07\/micromussa_sp-143x143.jpg 143w, https:\/\/proyectos.pgiovas.com\/alfaquarium\/wp-content\/uploads\/2020\/07\/micromussa_sp-400x400.jpg 400w, https:\/\/proyectos.pgiovas.com\/alfaquarium\/wp-content\/uploads\/2020\/07\/micromussa_sp-100x100.jpg 100w, https:\/\/proyectos.pgiovas.com\/alfaquarium\/wp-content\/uploads\/2020\/07\/micromussa_sp.jpg 500w\" sizes=\"(max-width: 300px) 100vw, 300px\" \/><\/p><p><strong>Nombre cient\u00edfico:<\/strong> Micromussa sp<br \/><strong>Nombre com\u00fan en ingl\u00e9s:<\/strong> Micromussa coral<br \/><strong>Nombre com\u00fan en espa\u00f1ol:<\/strong> Coral micromussa<br \/><strong>Familia:<\/strong> Mussidae<br \/><strong>Origen:<\/strong> Indo Pac\u00edfico<br \/><strong>Par\u00e1metros ideales:<\/strong><br \/><strong>Salinidad:<\/strong> 1023 a 1025<br \/><strong>Temperatura:<\/strong> 23 a 26\u00ba C<br \/><strong>Calcio:<\/strong> 400 a 450 ppm<br \/><strong>Alcalinidad:<\/strong> 8 a 12 dKH<br \/><strong>Magnesio:<\/strong> 1200 a 1350<br \/><strong>Estroncio:<\/strong> 8 a 10<br \/><strong>PH:<\/strong> 8.10 a 8.40<\/p><p><strong>Informaci\u00f3n, cuidados y curiosidades: <\/strong>Micromussa es un peque\u00f1o g\u00e9nero en la familia Mussidae. Hasta ahora existen 3 especies oficialmente reconocidas, y estas son M. Amakusensis, M. Diminuta y M. Minuta.<\/p><ul><li>Amakunensis fue descrito por Veron en 1990.<\/li><li>Diminuta fue descrito por Vernon en 2002.<\/li><li>Minuta fue descrito por Moll y Borel Best en 1984.<\/li><\/ul><p>Estos corales frecuentemente son mal llamados Micromusa, Acanthastrea, Favia, Blastomussa, Merletti o Acanthastrea lordhowensis.<\/p><p>Estos corales han sido propagados exitosamente en cautiverio. Los nombres descriptivos que reciben los espec\u00edmenes propagados en cautiverio son muy creativos, como Micromussa japonesa, Micromussa australiana, Micromussa independencia, rojo fuego, dulce t\u00f3xico, ne\u00f3n, trinidad, rosa, limonada rosa, Pink Floyd, s\u00faper rojo, rojo y oro y muchos m\u00e1s.<\/p><p>En la naturaleza se encuentran a profundidades que van de los 0 a los 30 m y como otros Mussidae, viven en una amplia variedad de h\u00e1bitats. Se alimentan por las noches, cuando extienden sus tent\u00e1culos.<\/p><p>En la naturaleza este coral posee maravillosos colores naturales, pero estos son a\u00fan m\u00e1s impresionantes en los ejemplares reproducidos en cautiverio. Pueden ser rojos, p\u00farpuras, verdes, naranjas, azules, \u00f3xido, caf\u00e9 y gris p\u00e1lido o marr\u00f3n p\u00e1lido. Estos colores pueden ser s\u00f3lidos o combinados con un centro contrastante. Algunos especimenes tienen un aro blanco o gris alrededor del centro, y algunos incluso pueden tener motas de otro color.<\/p><p>Este g\u00e9nero altamente favorecido es una adici\u00f3n reciente y algo rara al hobby. El g\u00e9nero Micromussa fue descrito no hace mucho. Antes fue incluido en el g\u00e9nero Acanthastrea. Conforme se fueron identificando y ubicando m\u00e1s y m\u00e1s espec\u00edmenes en el g\u00e9nero Acanthastrea, una reclasificaci\u00f3n coloc\u00f3 aquellos que ten\u00edan coralites m\u00e1s peque\u00f1os (8 mm o menos) en un nuevo g\u00e9nero llamado Micromussa.<\/p><p>Debido a la relaci\u00f3n cercana con otros miembros de la familia Mussidae, especialmente con sus primos cercanos del g\u00e9nero Acanthastrea, su identificaci\u00f3n es un poco dif\u00edcil. Estos peque\u00f1os corales parecen una cruza de Favia y Acanthastrea. Pueden ser f\u00e1cilmente confundidos con el brillantemente colorido A. Lorhowensis o el A. Echinata. Para m\u00e1s confusi\u00f3n, los p\u00f3lipos se parecen un poco a los del coral Blastomussa merletti. Como los miembros del g\u00e9nero Acanthastrea, los corales Micromussa son importados regularmente, pero mal identificados y son llamados simplemente corales cerebro.<\/p><p>Para poder identificarlo correctamente, ayuda el estudiar la estructura f\u00edsica y del esqueleto de los diferentes miembros de la familia Mussidae. Las colonias de las especies de Micromussa tienen coralites de 5-6 mm (la estructura del esqueleto en forma de copa sobre la que crecen los p\u00f3lipos). Sus coralites son cerioides, lo que quiere decir que comparten la misma pared entre uno y otro, y estas paredes con gruesas. Poner el coral en agua salada muy fr\u00eda puede hacer que se retraiga casi completamente, para poder medirlo exactamente y despu\u00e9s de poco tiempo el coral volver\u00e1 a la normalidad. Los coralitos de las especies de Micromussa siempre son m\u00e1s peque\u00f1os que los de cualquiera de las especies de Acanthastrea cuando maduran.<\/p><p>Su colorido tejido no es tan carnoso y grueso como el de los dem\u00e1s Mussidos.<\/p><p>Como otros Mussidos, los corales Micromussa son f\u00e1ciles de mantener. La iluminaci\u00f3n demasiado intensa impedir\u00e1 que los p\u00f3lipos se expandan plenamente. La iluminaci\u00f3n debe ser moderada y la corriente de agua debe ser baja.<\/p><p>El g\u00e9nero Micromussa, como otros corales LPS, ha desarrollado varias estrategias para alimentarse. A trav\u00e9s de una relaci\u00f3n simbi\u00f3tica con las algas zooxantelas recibe algunos de los nutrientes que necesita. Tambi\u00e9n capturan organismos planct\u00f3nicos, part\u00edculas de comida y absorbe materia org\u00e1nica disuelta en la columna de agua.<\/p><p>En cautiverio necesitan ser alimentados con zooplankton, mysis, cyclop eeze y otros alimentos peque\u00f1os por las tardes. Alimentarlos varias veces a la semana los ayudar\u00e1 a crecer m\u00e1s r\u00e1pido.<\/p><p>Estos corales no pueden estar en un acuario sin peces, con agua cristalina y par\u00e1metros excelentes. Los peces le proporcionan una fuente de nitr\u00f3geno que les es indispensable. Tambi\u00e9n necesitan nitrato de calcio. N\u00f3tese que este es diferente al calcio que se adita al acuario para los corales.<\/p><p>Pueden ser agresivos con otros corales. Pueden estar con otros corales de su misma especie, pero generalmente los colores o especies diferentes tienden a ser m\u00e1s agresivos. Necesitan estar bien lejos de los dem\u00e1s corales. Tienen tent\u00e1culos que extruden durante las noches, y estos pueden quemar o irritar a los corales cercanos. No toleran la presencia de corales blandos en el acuario.<\/p><p>Aunque son corales muy atractivos y durables cuando se les proporcionan todos los requerimientos y cuidados que necesitan, pueden morir de inanici\u00f3n en un acuario libre de nitratos, especialmente si no son alimentados frecuentemente.<\/p><p><em><strong>Fuentes del art\u00edculo:<\/strong><\/em><\/p><p><em><strong>Animal world\u00a0<\/strong><\/em><\/p><p><em><strong>Origen de la imagen:<\/strong><\/em><\/p><p><em><strong>http:\/\/blog.fragd.it<\/strong><\/em><\/p><p><em><strong>Colaboraci\u00f3n de:<\/strong><\/em><\/p><p><em><strong>Jessica Romero Saldivar (AtOmIcFaRt)<\/strong><\/em><\/p>\t\t\t\t\t\t\t\t<\/div>\n\t\t\t\t<\/div>\n\t\t\t\t\t<\/div>\n\t\t<\/div>\n\t\t\t\t\t<\/div>\n\t\t<\/section>\n\t\t\t\t<\/div>\n\t\t","protected":false},"excerpt":{"rendered":"<p>Micromussa Sp Nombre cient\u00edfico: Micromussa spNombre com\u00fan en ingl\u00e9s: Micromussa coralNombre com\u00fan en espa\u00f1ol: Coral micromussaFamilia: MussidaeOrigen: Indo Pac\u00edficoPar\u00e1metros ideales:Salinidad: 1023 a 1025Temperatura: 23 a 26\u00ba CCalcio: 400 a 450 ppmAlcalinidad: 8 a 12 dKHMagnesio:&hellip;<\/p>\n","protected":false},"author":4,"featured_media":0,"parent":0,"menu_order":0,"comment_status":"closed","ping_status":"closed","template":"","meta":{"footnotes":""},"class_list":["post-3107","page","type-page","status-publish","hentry"],"_links":{"self":[{"href":"https:\/\/proyectos.pgiovas.com\/alfaquarium\/wp-json\/wp\/v2\/pages\/3107","targetHints":{"allow":["GET"]}}],"collection":[{"href":"https:\/\/proyectos.pgiovas.com\/alfaquarium\/wp-json\/wp\/v2\/pages"}],"about":[{"href":"https:\/\/proyectos.pgiovas.com\/alfaquarium\/wp-json\/wp\/v2\/types\/page"}],"author":[{"embeddable":true,"href":"https:\/\/proyectos.pgiovas.com\/alfaquarium\/wp-json\/wp\/v2\/users\/4"}],"replies":[{"embeddable":true,"href":"https:\/\/proyectos.pgiovas.com\/alfaquarium\/wp-json\/wp\/v2\/comments?post=3107"}],"version-history":[{"count":3,"href":"https:\/\/proyectos.pgiovas.com\/alfaquarium\/wp-json\/wp\/v2\/pages\/3107\/revisions"}],"predecessor-version":[{"id":3111,"href":"https:\/\/proyectos.pgiovas.com\/alfaquarium\/wp-json\/wp\/v2\/pages\/3107\/revisions\/3111"}],"wp:attachment":[{"href":"https:\/\/proyectos.pgiovas.com\/alfaquarium\/wp-json\/wp\/v2\/media?parent=3107"}],"curies":[{"name":"wp","href":"https:\/\/api.w.org\/{rel}","templated":true}]}}