{"id":3043,"date":"2020-08-11T00:55:27","date_gmt":"2020-08-11T00:55:27","guid":{"rendered":"http:\/\/alfaquarium.mx\/?page_id=3043"},"modified":"2020-08-11T01:02:04","modified_gmt":"2020-08-11T01:02:04","slug":"echinopora-sp","status":"publish","type":"page","link":"https:\/\/proyectos.pgiovas.com\/alfaquarium\/echinopora-sp","title":{"rendered":"Echinopora Sp"},"content":{"rendered":"\t\t<div data-elementor-type=\"wp-page\" data-elementor-id=\"3043\" class=\"elementor elementor-3043\">\n\t\t\t\t\t\t<section class=\"elementor-section elementor-top-section elementor-element elementor-element-ec14f38 elementor-section-boxed elementor-section-height-default elementor-section-height-default\" data-id=\"ec14f38\" data-element_type=\"section\" data-e-type=\"section\">\n\t\t\t\t\t\t<div class=\"elementor-container elementor-column-gap-default\">\n\t\t\t\t\t<div class=\"elementor-column elementor-col-100 elementor-top-column elementor-element elementor-element-ec199c7\" data-id=\"ec199c7\" data-element_type=\"column\" data-e-type=\"column\">\n\t\t\t<div class=\"elementor-widget-wrap elementor-element-populated\">\n\t\t\t\t\t\t<div class=\"elementor-element elementor-element-1530b42 elementor-widget elementor-widget-heading\" data-id=\"1530b42\" data-element_type=\"widget\" data-e-type=\"widget\" data-widget_type=\"heading.default\">\n\t\t\t\t<div class=\"elementor-widget-container\">\n\t\t\t\t\t<h3 class=\"elementor-heading-title elementor-size-default\">Echinopora Sp<\/h3>\t\t\t\t<\/div>\n\t\t\t\t<\/div>\n\t\t\t\t<div class=\"elementor-element elementor-element-d29b37a elementor-widget elementor-widget-spacer\" data-id=\"d29b37a\" data-element_type=\"widget\" data-e-type=\"widget\" data-widget_type=\"spacer.default\">\n\t\t\t\t<div class=\"elementor-widget-container\">\n\t\t\t\t\t\t\t<div class=\"elementor-spacer\">\n\t\t\t<div class=\"elementor-spacer-inner\"><\/div>\n\t\t<\/div>\n\t\t\t\t\t\t<\/div>\n\t\t\t\t<\/div>\n\t\t\t\t<div class=\"elementor-element elementor-element-204fc30 elementor-widget-divider--separator-type-pattern elementor-widget-divider--view-line elementor-widget elementor-widget-divider\" data-id=\"204fc30\" data-element_type=\"widget\" data-e-type=\"widget\" data-widget_type=\"divider.default\">\n\t\t\t\t<div class=\"elementor-widget-container\">\n\t\t\t\t\t\t\t<div class=\"elementor-divider\" style=\"--divider-pattern-url: url(&quot;data:image\/svg+xml,%3Csvg xmlns=&#039;http:\/\/www.w3.org\/2000\/svg&#039; preserveAspectRatio=&#039;none&#039; overflow=&#039;visible&#039; height=&#039;100%&#039; viewBox=&#039;0 0 24 24&#039; fill=&#039;none&#039; stroke=&#039;black&#039; stroke-width=&#039;7&#039; stroke-linecap=&#039;square&#039; stroke-miterlimit=&#039;10&#039;%3E%3Cpath d=&#039;M0,6c6,0,6,13,12,13S18,6,24,6&#039;\/%3E%3C\/svg%3E&quot;);\">\n\t\t\t<span class=\"elementor-divider-separator\">\n\t\t\t\t\t\t<\/span>\n\t\t<\/div>\n\t\t\t\t\t\t<\/div>\n\t\t\t\t<\/div>\n\t\t\t\t<div class=\"elementor-element elementor-element-b1b55a8 elementor-widget elementor-widget-text-editor\" data-id=\"b1b55a8\" data-element_type=\"widget\" data-e-type=\"widget\" data-widget_type=\"text-editor.default\">\n\t\t\t\t<div class=\"elementor-widget-container\">\n\t\t\t\t\t\t\t\t\t<p><img fetchpriority=\"high\" decoding=\"async\" class=\"size-medium wp-image-1167 alignleft\" src=\"https:\/\/proyectos.pgiovas.com\/alfaquarium\/wp-content\/uploads\/2020\/07\/echinopora_sp-300x300.jpg\" alt=\"\" width=\"300\" height=\"300\" srcset=\"https:\/\/proyectos.pgiovas.com\/alfaquarium\/wp-content\/uploads\/2020\/07\/echinopora_sp-300x300.jpg 300w, https:\/\/proyectos.pgiovas.com\/alfaquarium\/wp-content\/uploads\/2020\/07\/echinopora_sp-150x150.jpg 150w, https:\/\/proyectos.pgiovas.com\/alfaquarium\/wp-content\/uploads\/2020\/07\/echinopora_sp-370x370.jpg 370w, https:\/\/proyectos.pgiovas.com\/alfaquarium\/wp-content\/uploads\/2020\/07\/echinopora_sp-90x90.jpg 90w, https:\/\/proyectos.pgiovas.com\/alfaquarium\/wp-content\/uploads\/2020\/07\/echinopora_sp-406x406.jpg 406w, https:\/\/proyectos.pgiovas.com\/alfaquarium\/wp-content\/uploads\/2020\/07\/echinopora_sp-143x143.jpg 143w, https:\/\/proyectos.pgiovas.com\/alfaquarium\/wp-content\/uploads\/2020\/07\/echinopora_sp-400x400.jpg 400w, https:\/\/proyectos.pgiovas.com\/alfaquarium\/wp-content\/uploads\/2020\/07\/echinopora_sp-100x100.jpg 100w, https:\/\/proyectos.pgiovas.com\/alfaquarium\/wp-content\/uploads\/2020\/07\/echinopora_sp.jpg 500w\" sizes=\"(max-width: 300px) 100vw, 300px\" \/><\/p><p><strong>Nombre cient\u00edfico:<\/strong> Echinopora sp<br \/><strong>Nombre com\u00fan en ingl\u00e9s:<\/strong> Hedgehog coral<br \/><strong>Nombre com\u00fan en espa\u00f1ol:<\/strong> Coral puercoesp\u00edn<br \/><strong>Familia:<\/strong> Faviidae<br \/><strong>Origen:<\/strong> Indo Pac\u00edfico<br \/><strong>Par\u00e1metros ideales:<\/strong><br \/><strong>Salinidad:<\/strong> 1023 a 1025<br \/><strong>Temperatura:<\/strong> 23 a 26\u00ba C<br \/><strong>Calcio:<\/strong> 400 a 450 ppm<br \/><strong>Alcalinidad:<\/strong> 8 a 12 dKH<br \/><strong>Magnesio:<\/strong> 1200 a 1350<br \/><strong>Estroncio:<\/strong> 8 a 10<br \/><strong>PH:<\/strong> 8.10 a 8.40<\/p><p><strong>Informaci\u00f3n, cuidados y curiosidades: <\/strong>Es muy com\u00fan encontrar en la naturaleza a un gobio payaso jugueteando sobre este coral. Estos activos pececitos rara vez alcanzan las 3 pulgadas y su piel est\u00e1 recubierta por una mucosa t\u00f3xica, as\u00ed que no hay pez que se meta con ellos. Son felices viviendo en los corales Echinopora tanto como los peces payasos en su an\u00e9mona. Estos corales les ofrecen refugio y espacio para su territorio, por lo que es muy com\u00fan que incluso lleguen a desovar en el acuario.<\/p><p>El coral Echinopora es quiz\u00e1s el que posee formas m\u00e1s diversificadas de crecimiento, a excepci\u00f3n quiz\u00e1s de las diferentes variedades del coral Merulina. En la naturaleza, sus enormes colonias pueden ser arborescentes, formando ramas alargadas, foli\u00e1ceos, con l\u00e1minas parecidas a hojas, o una mezcla de ambas formas de crecimiento. Por ejemplo, de formar placas incrustantes, puede empezar a formar ramas, que al crecer pueden volver a formar placas m\u00e1s arriba.<\/p><p>Las especies que m\u00e1s a menudo pueden ser vistas en los acuarios son el E. lamellosa, E. mammiformis y E. horrida. El E. lamellosa forma frondas y escalones, con raras formas tubulares ac\u00e1 y all\u00e1. Las colonias del\u00a0 E. horrida son \u00fanicas porque\u00a0 posee ramas retorcidas y dobladas que emergen de una base en forma de plato.<\/p><p>Los colores el Echinopora pueden ser: Amarillo mostaza, azul, \u00e1mbar, marr\u00f3n, caf\u00e9 oscuro, crema, verde, rosa y p\u00farpura. El centro de los coralites siempre es de un color contrastante<\/p><p>Al ubicarlo en nuestro acuario, hay que colocarlo en posici\u00f3n vertical, en un sitio con corriente de agua moderada a alta, y requiere iluminaci\u00f3n de moderada a intensa. Los colores de las variedades cultivadas siempre van a ser mucho m\u00e1s v\u00edvidos y variados.<\/p><p>Como los dem\u00e1s corales SPS (Small Polyp Stony), obtiene parte de los nutrientes que necesita de sus zooxantelas simbiontes, pero tambi\u00e9n debe ser alimentado dos o tres veces a la semana con cyclop eeze, micro plankton o alg\u00fan alimento comercial. De preferencia debe alimentarse por las noches, que es cuando extrude sus tent\u00e1culos, para cazar su comida. Este coral no puede estar en acuarios con corales blandos, pues son muy sensibles a los qu\u00edmicos que estos corales producen, aunque no est\u00e9 cerca de ellos. Tampoco puede estar en acuarios con acroporas, pues tambi\u00e9n lo pueden afectar. Requiere iluminaci\u00f3n de moderada a intensa y circulaci\u00f3n de agua moderada a intensa. Aunque es un coral pac\u00edfico, se recomienda dejar suficiente espacio entre \u00e9l y los dem\u00e1s, pues puede ser f\u00e1cilmente irritado o da\u00f1ado por corales que s\u00ed lo sean.<\/p><p>Tambi\u00e9n requiere adiciones constantes de elementos traza tales como magnesio, estroncio, carbonatos, calcio y dem\u00e1s para desarrollar su esqueleto, crecer y mantenerse sano.<\/p><p>Aunque es un coral moderadamente f\u00e1cil de mantener, no se recomienda para aquellos que apenas inician o no tienen un acuario perfectamente maduro y establecido.<\/p><p><strong><em>Fuentes del art\u00edculo:<\/em><\/strong><\/p><p><strong><em>Net pets<\/em><\/strong><\/p><p><strong><em>Origen de la imagen:<\/em><\/strong><\/p><p><strong><em>http:\/\/www.reef2reef.com<\/em><\/strong><\/p><p><strong><em>Colaboraci\u00f3n de:<\/em><\/strong><\/p><p><strong><em>Jessica Romero Saldivar (AtOmIcFaRt)<\/em><\/strong><\/p>\t\t\t\t\t\t\t\t<\/div>\n\t\t\t\t<\/div>\n\t\t\t\t\t<\/div>\n\t\t<\/div>\n\t\t\t\t\t<\/div>\n\t\t<\/section>\n\t\t\t\t<\/div>\n\t\t","protected":false},"excerpt":{"rendered":"<p>Echinopora Sp Nombre cient\u00edfico: Echinopora spNombre com\u00fan en ingl\u00e9s: Hedgehog coralNombre com\u00fan en espa\u00f1ol: Coral puercoesp\u00ednFamilia: FaviidaeOrigen: Indo Pac\u00edficoPar\u00e1metros ideales:Salinidad: 1023 a 1025Temperatura: 23 a 26\u00ba CCalcio: 400 a 450 ppmAlcalinidad: 8 a 12 dKHMagnesio:&hellip;<\/p>\n","protected":false},"author":4,"featured_media":0,"parent":0,"menu_order":0,"comment_status":"closed","ping_status":"closed","template":"","meta":{"footnotes":""},"class_list":["post-3043","page","type-page","status-publish","hentry"],"_links":{"self":[{"href":"https:\/\/proyectos.pgiovas.com\/alfaquarium\/wp-json\/wp\/v2\/pages\/3043","targetHints":{"allow":["GET"]}}],"collection":[{"href":"https:\/\/proyectos.pgiovas.com\/alfaquarium\/wp-json\/wp\/v2\/pages"}],"about":[{"href":"https:\/\/proyectos.pgiovas.com\/alfaquarium\/wp-json\/wp\/v2\/types\/page"}],"author":[{"embeddable":true,"href":"https:\/\/proyectos.pgiovas.com\/alfaquarium\/wp-json\/wp\/v2\/users\/4"}],"replies":[{"embeddable":true,"href":"https:\/\/proyectos.pgiovas.com\/alfaquarium\/wp-json\/wp\/v2\/comments?post=3043"}],"version-history":[{"count":2,"href":"https:\/\/proyectos.pgiovas.com\/alfaquarium\/wp-json\/wp\/v2\/pages\/3043\/revisions"}],"predecessor-version":[{"id":3045,"href":"https:\/\/proyectos.pgiovas.com\/alfaquarium\/wp-json\/wp\/v2\/pages\/3043\/revisions\/3045"}],"wp:attachment":[{"href":"https:\/\/proyectos.pgiovas.com\/alfaquarium\/wp-json\/wp\/v2\/media?parent=3043"}],"curies":[{"name":"wp","href":"https:\/\/api.w.org\/{rel}","templated":true}]}}