{"id":3026,"date":"2020-08-11T00:25:01","date_gmt":"2020-08-11T00:25:01","guid":{"rendered":"http:\/\/alfaquarium.mx\/?page_id=3026"},"modified":"2020-08-11T00:29:23","modified_gmt":"2020-08-11T00:29:23","slug":"studeriotes-longiramosa-2","status":"publish","type":"page","link":"https:\/\/proyectos.pgiovas.com\/alfaquarium\/studeriotes-longiramosa-2","title":{"rendered":"Studeriotes Longiramosa"},"content":{"rendered":"\t\t<div data-elementor-type=\"wp-page\" data-elementor-id=\"3026\" class=\"elementor elementor-3026\">\n\t\t\t\t\t\t<section class=\"elementor-section elementor-top-section elementor-element elementor-element-5b9037b elementor-section-boxed elementor-section-height-default elementor-section-height-default\" data-id=\"5b9037b\" data-element_type=\"section\" data-e-type=\"section\">\n\t\t\t\t\t\t<div class=\"elementor-container elementor-column-gap-default\">\n\t\t\t\t\t<div class=\"elementor-column elementor-col-100 elementor-top-column elementor-element elementor-element-f9c6e78\" data-id=\"f9c6e78\" data-element_type=\"column\" data-e-type=\"column\">\n\t\t\t<div class=\"elementor-widget-wrap elementor-element-populated\">\n\t\t\t\t\t\t<div class=\"elementor-element elementor-element-54313be elementor-widget elementor-widget-heading\" data-id=\"54313be\" data-element_type=\"widget\" data-e-type=\"widget\" data-widget_type=\"heading.default\">\n\t\t\t\t<div class=\"elementor-widget-container\">\n\t\t\t\t\t<h3 class=\"elementor-heading-title elementor-size-default\">Studeriotes Longiramosa<\/h3>\t\t\t\t<\/div>\n\t\t\t\t<\/div>\n\t\t\t\t<div class=\"elementor-element elementor-element-9e7be49 elementor-widget elementor-widget-spacer\" data-id=\"9e7be49\" data-element_type=\"widget\" data-e-type=\"widget\" data-widget_type=\"spacer.default\">\n\t\t\t\t<div class=\"elementor-widget-container\">\n\t\t\t\t\t\t\t<div class=\"elementor-spacer\">\n\t\t\t<div class=\"elementor-spacer-inner\"><\/div>\n\t\t<\/div>\n\t\t\t\t\t\t<\/div>\n\t\t\t\t<\/div>\n\t\t\t\t<div class=\"elementor-element elementor-element-f2c993b elementor-widget-divider--separator-type-pattern elementor-widget-divider--view-line elementor-widget elementor-widget-divider\" data-id=\"f2c993b\" data-element_type=\"widget\" data-e-type=\"widget\" data-widget_type=\"divider.default\">\n\t\t\t\t<div class=\"elementor-widget-container\">\n\t\t\t\t\t\t\t<div class=\"elementor-divider\" style=\"--divider-pattern-url: url(&quot;data:image\/svg+xml,%3Csvg xmlns=&#039;http:\/\/www.w3.org\/2000\/svg&#039; preserveAspectRatio=&#039;none&#039; overflow=&#039;visible&#039; height=&#039;100%&#039; viewBox=&#039;0 0 24 24&#039; fill=&#039;none&#039; stroke=&#039;black&#039; stroke-width=&#039;7&#039; stroke-linecap=&#039;square&#039; stroke-miterlimit=&#039;10&#039;%3E%3Cpath d=&#039;M0,6c6,0,6,13,12,13S18,6,24,6&#039;\/%3E%3C\/svg%3E&quot;);\">\n\t\t\t<span class=\"elementor-divider-separator\">\n\t\t\t\t\t\t<\/span>\n\t\t<\/div>\n\t\t\t\t\t\t<\/div>\n\t\t\t\t<\/div>\n\t\t\t\t<div class=\"elementor-element elementor-element-149e9d5 elementor-widget elementor-widget-text-editor\" data-id=\"149e9d5\" data-element_type=\"widget\" data-e-type=\"widget\" data-widget_type=\"text-editor.default\">\n\t\t\t\t<div class=\"elementor-widget-container\">\n\t\t\t\t\t\t\t\t\t<p><img decoding=\"async\" class=\"size-full wp-image-1123 alignleft\" src=\"https:\/\/proyectos.pgiovas.com\/alfaquarium\/wp-content\/uploads\/2020\/07\/Studeriotes-longiramosa.png\" alt=\"\" width=\"232\" height=\"209\" \/><\/p><p><strong>Nombre cient\u00edfico:<\/strong> Studeriotes longiramosa<br \/><strong>Nombre com\u00fan en ingl\u00e9s:<\/strong> Christmas Tree Coral<br \/><strong>Nombre com\u00fan es espa\u00f1ol:<\/strong> Coral Navide\u00f1o<br \/><strong>Tama\u00f1o m\u00e1ximo:<\/strong> Algunas colonias pueden alcanzar por encima de 24 pulgadas (61 cm) de altura, pero la mayor\u00eda son m\u00e1s peque\u00f1os.<br \/><strong>Extensi\u00f3n:<\/strong> Indo Pac\u00edfico<br \/><strong>Tama\u00f1o m\u00ednimo de acuario:<\/strong> Tanques moderados, 50 galones (190 lts) o m\u00e1s.<br \/><strong>Iluminaci\u00f3n:<\/strong> Le va mejor, y podr\u00eda necesitar, intensidad de luz baja para prevenir ensuciamiento por diatomeas y otros organismos adheridos.<\/p><p><strong>Alimento y Alimentaci\u00f3n:<\/strong> Zooxantela. Come peque\u00f1as part\u00edculas y microzooplancton, como <em>Artemia<\/em> enriquecida; puede requerir fitoplancton.<\/p><p><strong>Conveniencia y Compatibilidad con el acuario de arrecife:<\/strong> Dif\u00edcil de mantener; requiere cuidado experto.<\/p><p><strong>Cuidado Cautivo:<\/strong> Esta especie de aspecto extra\u00f1o se pliega hacia adentro durante la noche y se extiende durante el d\u00eda. Cuando se pliegan, las ramas se tiran hacia abajo y hacia adentro, y el cuerpo se cierra con fuerza sobre ellos con fuertes m\u00fasculos esfinterianos. Vive en sedimentos sueltos, anclados en su lugar por procesos similares a ra\u00edces. Marr\u00f3n o bronceado, carece de zooxantelas y debe ser alimentado. Los p\u00f3lipos relativamente peque\u00f1os se distribuyen a lo largo de las ramas y el animal solo puede alimentarse durante los per\u00edodos de expansi\u00f3n (luz del d\u00eda). Las colonias funcionan mejor en corrientes moderadas, lo cual les proporciona comida. Los alimentos y los requisitos de corriente son dif\u00edciles de proporcionar para la mayor\u00eda de los aficionados.<\/p>\t\t\t\t\t\t\t\t<\/div>\n\t\t\t\t<\/div>\n\t\t\t\t\t<\/div>\n\t\t<\/div>\n\t\t\t\t\t<\/div>\n\t\t<\/section>\n\t\t\t\t<\/div>\n\t\t","protected":false},"excerpt":{"rendered":"<p>Studeriotes Longiramosa Nombre cient\u00edfico: Studeriotes longiramosaNombre com\u00fan en ingl\u00e9s: Christmas Tree CoralNombre com\u00fan es espa\u00f1ol: Coral Navide\u00f1oTama\u00f1o m\u00e1ximo: Algunas colonias pueden alcanzar por encima de 24 pulgadas (61 cm) de altura, pero la mayor\u00eda son&hellip;<\/p>\n","protected":false},"author":4,"featured_media":0,"parent":0,"menu_order":0,"comment_status":"closed","ping_status":"closed","template":"","meta":{"footnotes":""},"class_list":["post-3026","page","type-page","status-publish","hentry"],"_links":{"self":[{"href":"https:\/\/proyectos.pgiovas.com\/alfaquarium\/wp-json\/wp\/v2\/pages\/3026","targetHints":{"allow":["GET"]}}],"collection":[{"href":"https:\/\/proyectos.pgiovas.com\/alfaquarium\/wp-json\/wp\/v2\/pages"}],"about":[{"href":"https:\/\/proyectos.pgiovas.com\/alfaquarium\/wp-json\/wp\/v2\/types\/page"}],"author":[{"embeddable":true,"href":"https:\/\/proyectos.pgiovas.com\/alfaquarium\/wp-json\/wp\/v2\/users\/4"}],"replies":[{"embeddable":true,"href":"https:\/\/proyectos.pgiovas.com\/alfaquarium\/wp-json\/wp\/v2\/comments?post=3026"}],"version-history":[{"count":2,"href":"https:\/\/proyectos.pgiovas.com\/alfaquarium\/wp-json\/wp\/v2\/pages\/3026\/revisions"}],"predecessor-version":[{"id":3029,"href":"https:\/\/proyectos.pgiovas.com\/alfaquarium\/wp-json\/wp\/v2\/pages\/3026\/revisions\/3029"}],"wp:attachment":[{"href":"https:\/\/proyectos.pgiovas.com\/alfaquarium\/wp-json\/wp\/v2\/media?parent=3026"}],"curies":[{"name":"wp","href":"https:\/\/api.w.org\/{rel}","templated":true}]}}