{"id":2989,"date":"2020-08-10T23:31:15","date_gmt":"2020-08-10T23:31:15","guid":{"rendered":"http:\/\/alfaquarium.mx\/?page_id=2989"},"modified":"2020-08-10T23:34:38","modified_gmt":"2020-08-10T23:34:38","slug":"lemnalia-spp-litophyton-spp-nephthea-spp-2","status":"publish","type":"page","link":"https:\/\/proyectos.pgiovas.com\/alfaquarium\/lemnalia-spp-litophyton-spp-nephthea-spp-2","title":{"rendered":"Lemnalia spp., Litophyton spp., Nephthea spp"},"content":{"rendered":"\t\t<div data-elementor-type=\"wp-page\" data-elementor-id=\"2989\" class=\"elementor elementor-2989\">\n\t\t\t\t\t\t<section class=\"elementor-section elementor-top-section elementor-element elementor-element-fdc2538 elementor-section-boxed elementor-section-height-default elementor-section-height-default\" data-id=\"fdc2538\" data-element_type=\"section\" data-e-type=\"section\">\n\t\t\t\t\t\t<div class=\"elementor-container elementor-column-gap-default\">\n\t\t\t\t\t<div class=\"elementor-column elementor-col-100 elementor-top-column elementor-element elementor-element-1bc2723\" data-id=\"1bc2723\" data-element_type=\"column\" data-e-type=\"column\">\n\t\t\t<div class=\"elementor-widget-wrap elementor-element-populated\">\n\t\t\t\t\t\t<div class=\"elementor-element elementor-element-2057b58 elementor-widget elementor-widget-heading\" data-id=\"2057b58\" data-element_type=\"widget\" data-e-type=\"widget\" data-widget_type=\"heading.default\">\n\t\t\t\t<div class=\"elementor-widget-container\">\n\t\t\t\t\t<h3 class=\"elementor-heading-title elementor-size-default\">Lemnalia spp., Litophyton spp., Nephthea spp<\/h3>\t\t\t\t<\/div>\n\t\t\t\t<\/div>\n\t\t\t\t<div class=\"elementor-element elementor-element-a02043a elementor-widget-divider--separator-type-pattern elementor-widget-divider--view-line elementor-widget elementor-widget-divider\" data-id=\"a02043a\" data-element_type=\"widget\" data-e-type=\"widget\" data-widget_type=\"divider.default\">\n\t\t\t\t<div class=\"elementor-widget-container\">\n\t\t\t\t\t\t\t<div class=\"elementor-divider\" style=\"--divider-pattern-url: url(&quot;data:image\/svg+xml,%3Csvg xmlns=&#039;http:\/\/www.w3.org\/2000\/svg&#039; preserveAspectRatio=&#039;none&#039; overflow=&#039;visible&#039; height=&#039;100%&#039; viewBox=&#039;0 0 24 24&#039; fill=&#039;none&#039; stroke=&#039;black&#039; stroke-width=&#039;7&#039; stroke-linecap=&#039;square&#039; stroke-miterlimit=&#039;10&#039;%3E%3Cpath d=&#039;M0,6c6,0,6,13,12,13S18,6,24,6&#039;\/%3E%3C\/svg%3E&quot;);\">\n\t\t\t<span class=\"elementor-divider-separator\">\n\t\t\t\t\t\t<\/span>\n\t\t<\/div>\n\t\t\t\t\t\t<\/div>\n\t\t\t\t<\/div>\n\t\t\t\t<div class=\"elementor-element elementor-element-2789161 elementor-widget elementor-widget-spacer\" data-id=\"2789161\" data-element_type=\"widget\" data-e-type=\"widget\" data-widget_type=\"spacer.default\">\n\t\t\t\t<div class=\"elementor-widget-container\">\n\t\t\t\t\t\t\t<div class=\"elementor-spacer\">\n\t\t\t<div class=\"elementor-spacer-inner\"><\/div>\n\t\t<\/div>\n\t\t\t\t\t\t<\/div>\n\t\t\t\t<\/div>\n\t\t\t\t<div class=\"elementor-element elementor-element-af71525 elementor-widget elementor-widget-text-editor\" data-id=\"af71525\" data-element_type=\"widget\" data-e-type=\"widget\" data-widget_type=\"text-editor.default\">\n\t\t\t\t<div class=\"elementor-widget-container\">\n\t\t\t\t\t\t\t\t\t<p><img decoding=\"async\" class=\"size-full wp-image-1106 alignleft\" src=\"https:\/\/proyectos.pgiovas.com\/alfaquarium\/wp-content\/uploads\/2020\/07\/Lemnalia-spp-Litophyton-spp-Nephthea-spp.png\" alt=\"\" width=\"219\" height=\"197\" \/><\/p><p><strong>Nombre cient\u00edfico:<\/strong> Lemnalia spp., Litophyton spp., Nephthea spp.<br \/><strong>Nombre com\u00fan en ingl\u00e9s:<\/strong> Tree Corals<br \/><strong>Nombre com\u00fan es espa\u00f1ol:<\/strong> \u00c1rbol de Coral<br \/><strong>Tama\u00f1o m\u00e1ximo:<\/strong> Las colonias pueden alcanzar 16.6 pies (5 mt) de altura y ancho; la mayor\u00eda son m\u00e1s peque\u00f1os.<br \/><strong>Extensi\u00f3n:<\/strong> Indo Pac\u00edfico<br \/><strong>Tama\u00f1o m\u00ednimo de acuario:<\/strong> Tanques moderados, 50 galones (190 lts) o m\u00e1s.<br \/><strong>Iluminaci\u00f3n:<\/strong> Requiere iluminaci\u00f3n brillante.<\/p><p><strong>Alimento y Alimentaci\u00f3n:<\/strong> Zooxantela, pero necesita ser alimentado en exceso. D\u00e1ndole <strong><em>Artemia<\/em><\/strong> reci\u00e9n eclosionada enriquecida u otros alimentos particulados peque\u00f1os, crecen r\u00e1pidamente.<\/p><p><strong>Conveniencia y Compatibilidad con el acuario de arrecife:<\/strong> Buen animal de acuario. A menudo de muy r\u00e1pido crecimiento.<\/p><p><strong>Cuidado Cautivo:<\/strong> Los corales arb\u00f3reos prefieren corrientes lentas a moderadas. No les va bien en las proximidades de corales duros o an\u00e9monas de mar, y ser\u00e1n agresivos. Sin embargo, tienden a perder estas batallas y retroceden o mueren si no se mueven. Estos tres g\u00e9neros son casi indistinguibles. El color b\u00e1sico es bronceado, verde claro o blanco verdoso; los p\u00f3lipos tienden a ser de color marr\u00f3n oscuro o verde; algunos pueden ser del mismo color que la coloraci\u00f3n de fondo de la colonia. Las an\u00e9monas &#8220;plaga del diablo&#8221; <strong>(<em>Aiptasia spp.)<\/em><\/strong> matar\u00e1n estos corales en poco tiempo.<\/p>\t\t\t\t\t\t\t\t<\/div>\n\t\t\t\t<\/div>\n\t\t\t\t\t<\/div>\n\t\t<\/div>\n\t\t\t\t\t<\/div>\n\t\t<\/section>\n\t\t\t\t<\/div>\n\t\t","protected":false},"excerpt":{"rendered":"<p>Lemnalia spp., Litophyton spp., Nephthea spp Nombre cient\u00edfico: Lemnalia spp., Litophyton spp., Nephthea spp.Nombre com\u00fan en ingl\u00e9s: Tree CoralsNombre com\u00fan es espa\u00f1ol: \u00c1rbol de CoralTama\u00f1o m\u00e1ximo: Las colonias pueden alcanzar 16.6 pies (5 mt) de&hellip;<\/p>\n","protected":false},"author":4,"featured_media":0,"parent":0,"menu_order":0,"comment_status":"closed","ping_status":"closed","template":"","meta":{"footnotes":""},"class_list":["post-2989","page","type-page","status-publish","hentry"],"_links":{"self":[{"href":"https:\/\/proyectos.pgiovas.com\/alfaquarium\/wp-json\/wp\/v2\/pages\/2989","targetHints":{"allow":["GET"]}}],"collection":[{"href":"https:\/\/proyectos.pgiovas.com\/alfaquarium\/wp-json\/wp\/v2\/pages"}],"about":[{"href":"https:\/\/proyectos.pgiovas.com\/alfaquarium\/wp-json\/wp\/v2\/types\/page"}],"author":[{"embeddable":true,"href":"https:\/\/proyectos.pgiovas.com\/alfaquarium\/wp-json\/wp\/v2\/users\/4"}],"replies":[{"embeddable":true,"href":"https:\/\/proyectos.pgiovas.com\/alfaquarium\/wp-json\/wp\/v2\/comments?post=2989"}],"version-history":[{"count":2,"href":"https:\/\/proyectos.pgiovas.com\/alfaquarium\/wp-json\/wp\/v2\/pages\/2989\/revisions"}],"predecessor-version":[{"id":2992,"href":"https:\/\/proyectos.pgiovas.com\/alfaquarium\/wp-json\/wp\/v2\/pages\/2989\/revisions\/2992"}],"wp:attachment":[{"href":"https:\/\/proyectos.pgiovas.com\/alfaquarium\/wp-json\/wp\/v2\/media?parent=2989"}],"curies":[{"name":"wp","href":"https:\/\/api.w.org\/{rel}","templated":true}]}}