{"id":2985,"date":"2020-08-10T23:26:52","date_gmt":"2020-08-10T23:26:52","guid":{"rendered":"http:\/\/alfaquarium.mx\/?page_id=2985"},"modified":"2020-08-10T23:30:36","modified_gmt":"2020-08-10T23:30:36","slug":"sinularia-flexibilis-sinularia-procera-sinularia-sandensis-2","status":"publish","type":"page","link":"https:\/\/proyectos.pgiovas.com\/alfaquarium\/sinularia-flexibilis-sinularia-procera-sinularia-sandensis-2","title":{"rendered":"Sinularia flexibilis, Sinularia procera, Sinularia sandensis"},"content":{"rendered":"\t\t<div data-elementor-type=\"wp-page\" data-elementor-id=\"2985\" class=\"elementor elementor-2985\">\n\t\t\t\t\t\t<section class=\"elementor-section elementor-top-section elementor-element elementor-element-a88cbd5 elementor-section-boxed elementor-section-height-default elementor-section-height-default\" data-id=\"a88cbd5\" data-element_type=\"section\" data-e-type=\"section\">\n\t\t\t\t\t\t<div class=\"elementor-container elementor-column-gap-default\">\n\t\t\t\t\t<div class=\"elementor-column elementor-col-100 elementor-top-column elementor-element elementor-element-b83e5fc\" data-id=\"b83e5fc\" data-element_type=\"column\" data-e-type=\"column\">\n\t\t\t<div class=\"elementor-widget-wrap elementor-element-populated\">\n\t\t\t\t\t\t<div class=\"elementor-element elementor-element-cb4a73b elementor-widget elementor-widget-heading\" data-id=\"cb4a73b\" data-element_type=\"widget\" data-e-type=\"widget\" data-widget_type=\"heading.default\">\n\t\t\t\t<div class=\"elementor-widget-container\">\n\t\t\t\t\t<h3 class=\"elementor-heading-title elementor-size-default\">Sinularia flexibilis, Sinularia procera, Sinularia sandensis<\/h3>\t\t\t\t<\/div>\n\t\t\t\t<\/div>\n\t\t\t\t<div class=\"elementor-element elementor-element-b0b48df elementor-widget-divider--separator-type-pattern elementor-widget-divider--view-line elementor-widget elementor-widget-divider\" data-id=\"b0b48df\" data-element_type=\"widget\" data-e-type=\"widget\" data-widget_type=\"divider.default\">\n\t\t\t\t<div class=\"elementor-widget-container\">\n\t\t\t\t\t\t\t<div class=\"elementor-divider\" style=\"--divider-pattern-url: url(&quot;data:image\/svg+xml,%3Csvg xmlns=&#039;http:\/\/www.w3.org\/2000\/svg&#039; preserveAspectRatio=&#039;none&#039; overflow=&#039;visible&#039; height=&#039;100%&#039; viewBox=&#039;0 0 24 24&#039; fill=&#039;none&#039; stroke=&#039;black&#039; stroke-width=&#039;7&#039; stroke-linecap=&#039;square&#039; stroke-miterlimit=&#039;10&#039;%3E%3Cpath d=&#039;M0,6c6,0,6,13,12,13S18,6,24,6&#039;\/%3E%3C\/svg%3E&quot;);\">\n\t\t\t<span class=\"elementor-divider-separator\">\n\t\t\t\t\t\t<\/span>\n\t\t<\/div>\n\t\t\t\t\t\t<\/div>\n\t\t\t\t<\/div>\n\t\t\t\t<div class=\"elementor-element elementor-element-094d854 elementor-widget elementor-widget-spacer\" data-id=\"094d854\" data-element_type=\"widget\" data-e-type=\"widget\" data-widget_type=\"spacer.default\">\n\t\t\t\t<div class=\"elementor-widget-container\">\n\t\t\t\t\t\t\t<div class=\"elementor-spacer\">\n\t\t\t<div class=\"elementor-spacer-inner\"><\/div>\n\t\t<\/div>\n\t\t\t\t\t\t<\/div>\n\t\t\t\t<\/div>\n\t\t\t\t<div class=\"elementor-element elementor-element-03e0cd7 elementor-widget elementor-widget-text-editor\" data-id=\"03e0cd7\" data-element_type=\"widget\" data-e-type=\"widget\" data-widget_type=\"text-editor.default\">\n\t\t\t\t<div class=\"elementor-widget-container\">\n\t\t\t\t\t\t\t\t\t<p><img decoding=\"async\" class=\"size-full wp-image-1121 alignleft\" src=\"https:\/\/proyectos.pgiovas.com\/alfaquarium\/wp-content\/uploads\/2020\/07\/Sinularia-flexibilis-Sinularia-procera-Sinularia-sandensis.png\" alt=\"\" width=\"228\" height=\"205\" \/><\/p><p><strong>Nombre cient\u00edfico:<\/strong> Sinularia flexibilis, Sinularia procera, Sinularia sandensis<br \/><strong>Nombre com\u00fan en ingl\u00e9s:<\/strong> Flexible Leather Corals (Finger Leather Corals \/ Slime Corals)<br \/><strong>Nombre com\u00fan es espa\u00f1ol:<\/strong> Coral Cuero Flexible<br \/><strong>Tama\u00f1o m\u00e1ximo:<\/strong> Puede exceder 3.3 pies (1 mt).<br \/><strong>Extensi\u00f3n:<\/strong> Indo Pac\u00edfico<br \/><strong>Tama\u00f1o m\u00ednimo de acuario:<\/strong> Tanques moderados, 50 galones (190 lts) o m\u00e1s.<br \/><strong>Iluminaci\u00f3n:<\/strong> Prefiere iluminaci\u00f3n brillante.<\/p><p><strong>Alimento y Alimentaci\u00f3n:<\/strong> Zooxantela, pero esta especie necesita alimentaciones con microplancton para un buen crecimiento.<\/p><p><strong>Conveniencia y Compatibilidad con el acuario de arrecife:<\/strong> F\u00e1cil de mantener. Muy competitivo y envenenar\u00e1 a muchos otros animales inm\u00f3viles con secreciones nocivas.<strong>\u00a0<\/strong><\/p><p><strong>Cuidado Cautivo:<\/strong> Estas tres especies no son distinguibles sin un examen microsc\u00f3pico de sus esp\u00edculas. Necesitan altas corrientes; tanques de compensaci\u00f3n o flujo turbulento es lo mejor. Blanco, gris o varios tonos de marr\u00f3n. Producen cantidades excesivas de moco y necesitan un tanque con buen sistema de limpieza y exportaci\u00f3n de nutrientes. Estas especies son uno de varios &#8220;grupos de especies&#8221; dentro del g\u00e9nero <strong><em>Sinularia<\/em><\/strong>. Muchas de estas especies son excepcionalmente dif\u00edciles de distinguir por los expertos. Todos son &#8220;especialistas&#8221; en la guerra qu\u00edmica. Por lo general, son f\u00e1ciles de cultivar e inhibir\u00e1n o matar\u00e1n a la mayor\u00eda de los otros corales.<\/p>\t\t\t\t\t\t\t\t<\/div>\n\t\t\t\t<\/div>\n\t\t\t\t\t<\/div>\n\t\t<\/div>\n\t\t\t\t\t<\/div>\n\t\t<\/section>\n\t\t\t\t<\/div>\n\t\t","protected":false},"excerpt":{"rendered":"<p>Sinularia flexibilis, Sinularia procera, Sinularia sandensis Nombre cient\u00edfico: Sinularia flexibilis, Sinularia procera, Sinularia sandensisNombre com\u00fan en ingl\u00e9s: Flexible Leather Corals (Finger Leather Corals \/ Slime Corals)Nombre com\u00fan es espa\u00f1ol: Coral Cuero FlexibleTama\u00f1o m\u00e1ximo: Puede exceder&hellip;<\/p>\n","protected":false},"author":4,"featured_media":0,"parent":0,"menu_order":0,"comment_status":"closed","ping_status":"closed","template":"","meta":{"footnotes":""},"class_list":["post-2985","page","type-page","status-publish","hentry"],"_links":{"self":[{"href":"https:\/\/proyectos.pgiovas.com\/alfaquarium\/wp-json\/wp\/v2\/pages\/2985","targetHints":{"allow":["GET"]}}],"collection":[{"href":"https:\/\/proyectos.pgiovas.com\/alfaquarium\/wp-json\/wp\/v2\/pages"}],"about":[{"href":"https:\/\/proyectos.pgiovas.com\/alfaquarium\/wp-json\/wp\/v2\/types\/page"}],"author":[{"embeddable":true,"href":"https:\/\/proyectos.pgiovas.com\/alfaquarium\/wp-json\/wp\/v2\/users\/4"}],"replies":[{"embeddable":true,"href":"https:\/\/proyectos.pgiovas.com\/alfaquarium\/wp-json\/wp\/v2\/comments?post=2985"}],"version-history":[{"count":2,"href":"https:\/\/proyectos.pgiovas.com\/alfaquarium\/wp-json\/wp\/v2\/pages\/2985\/revisions"}],"predecessor-version":[{"id":2987,"href":"https:\/\/proyectos.pgiovas.com\/alfaquarium\/wp-json\/wp\/v2\/pages\/2985\/revisions\/2987"}],"wp:attachment":[{"href":"https:\/\/proyectos.pgiovas.com\/alfaquarium\/wp-json\/wp\/v2\/media?parent=2985"}],"curies":[{"name":"wp","href":"https:\/\/api.w.org\/{rel}","templated":true}]}}