{"id":2959,"date":"2020-08-10T22:14:13","date_gmt":"2020-08-10T22:14:13","guid":{"rendered":"http:\/\/alfaquarium.mx\/?page_id=2959"},"modified":"2020-08-10T22:20:10","modified_gmt":"2020-08-10T22:20:10","slug":"helipora-coerulea-2","status":"publish","type":"page","link":"https:\/\/proyectos.pgiovas.com\/alfaquarium\/helipora-coerulea-2","title":{"rendered":"Helipora Coerulea"},"content":{"rendered":"\t\t<div data-elementor-type=\"wp-page\" data-elementor-id=\"2959\" class=\"elementor elementor-2959\">\n\t\t\t\t\t\t<section class=\"elementor-section elementor-top-section elementor-element elementor-element-2bd27e4 elementor-section-boxed elementor-section-height-default elementor-section-height-default\" data-id=\"2bd27e4\" data-element_type=\"section\" data-e-type=\"section\">\n\t\t\t\t\t\t<div class=\"elementor-container elementor-column-gap-default\">\n\t\t\t\t\t<div class=\"elementor-column elementor-col-100 elementor-top-column elementor-element elementor-element-1038229\" data-id=\"1038229\" data-element_type=\"column\" data-e-type=\"column\">\n\t\t\t<div class=\"elementor-widget-wrap elementor-element-populated\">\n\t\t\t\t\t\t<div class=\"elementor-element elementor-element-90e6355 elementor-widget elementor-widget-heading\" data-id=\"90e6355\" data-element_type=\"widget\" data-e-type=\"widget\" data-widget_type=\"heading.default\">\n\t\t\t\t<div class=\"elementor-widget-container\">\n\t\t\t\t\t<h3 class=\"elementor-heading-title elementor-size-default\">Helipora Coerulea<\/h3>\t\t\t\t<\/div>\n\t\t\t\t<\/div>\n\t\t\t\t<div class=\"elementor-element elementor-element-06edf48 elementor-widget elementor-widget-spacer\" data-id=\"06edf48\" data-element_type=\"widget\" data-e-type=\"widget\" data-widget_type=\"spacer.default\">\n\t\t\t\t<div class=\"elementor-widget-container\">\n\t\t\t\t\t\t\t<div class=\"elementor-spacer\">\n\t\t\t<div class=\"elementor-spacer-inner\"><\/div>\n\t\t<\/div>\n\t\t\t\t\t\t<\/div>\n\t\t\t\t<\/div>\n\t\t\t\t<div class=\"elementor-element elementor-element-cec4f39 elementor-widget-divider--separator-type-pattern elementor-widget-divider--view-line elementor-widget elementor-widget-divider\" data-id=\"cec4f39\" data-element_type=\"widget\" data-e-type=\"widget\" data-widget_type=\"divider.default\">\n\t\t\t\t<div class=\"elementor-widget-container\">\n\t\t\t\t\t\t\t<div class=\"elementor-divider\" style=\"--divider-pattern-url: url(&quot;data:image\/svg+xml,%3Csvg xmlns=&#039;http:\/\/www.w3.org\/2000\/svg&#039; preserveAspectRatio=&#039;none&#039; overflow=&#039;visible&#039; height=&#039;100%&#039; viewBox=&#039;0 0 24 24&#039; fill=&#039;none&#039; stroke=&#039;black&#039; stroke-width=&#039;7&#039; stroke-linecap=&#039;square&#039; stroke-miterlimit=&#039;10&#039;%3E%3Cpath d=&#039;M0,6c6,0,6,13,12,13S18,6,24,6&#039;\/%3E%3C\/svg%3E&quot;);\">\n\t\t\t<span class=\"elementor-divider-separator\">\n\t\t\t\t\t\t<\/span>\n\t\t<\/div>\n\t\t\t\t\t\t<\/div>\n\t\t\t\t<\/div>\n\t\t\t\t<div class=\"elementor-element elementor-element-cf82fc0 elementor-widget elementor-widget-text-editor\" data-id=\"cf82fc0\" data-element_type=\"widget\" data-e-type=\"widget\" data-widget_type=\"text-editor.default\">\n\t\t\t\t<div class=\"elementor-widget-container\">\n\t\t\t\t\t\t\t\t\t<p><img fetchpriority=\"high\" decoding=\"async\" class=\"size-medium wp-image-431 alignleft\" src=\"https:\/\/proyectos.pgiovas.com\/alfaquarium\/wp-content\/uploads\/2020\/06\/Helipora-coerulea-300x300.jpg\" alt=\"\" width=\"300\" height=\"300\" srcset=\"https:\/\/proyectos.pgiovas.com\/alfaquarium\/wp-content\/uploads\/2020\/06\/Helipora-coerulea-300x300.jpg 300w, https:\/\/proyectos.pgiovas.com\/alfaquarium\/wp-content\/uploads\/2020\/06\/Helipora-coerulea-150x150.jpg 150w, https:\/\/proyectos.pgiovas.com\/alfaquarium\/wp-content\/uploads\/2020\/06\/Helipora-coerulea-370x370.jpg 370w, https:\/\/proyectos.pgiovas.com\/alfaquarium\/wp-content\/uploads\/2020\/06\/Helipora-coerulea-90x90.jpg 90w, https:\/\/proyectos.pgiovas.com\/alfaquarium\/wp-content\/uploads\/2020\/06\/Helipora-coerulea-406x406.jpg 406w, https:\/\/proyectos.pgiovas.com\/alfaquarium\/wp-content\/uploads\/2020\/06\/Helipora-coerulea-143x143.jpg 143w, https:\/\/proyectos.pgiovas.com\/alfaquarium\/wp-content\/uploads\/2020\/06\/Helipora-coerulea-400x400.jpg 400w, https:\/\/proyectos.pgiovas.com\/alfaquarium\/wp-content\/uploads\/2020\/06\/Helipora-coerulea-100x100.jpg 100w, https:\/\/proyectos.pgiovas.com\/alfaquarium\/wp-content\/uploads\/2020\/06\/Helipora-coerulea.jpg 500w\" sizes=\"(max-width: 300px) 100vw, 300px\" \/><\/p><p><strong>Nombre cient\u00edfico:<\/strong> Helipora coerulea<br \/><strong>Nombre com\u00fan en ingl\u00e9s:<\/strong> Blue Coral (Blue Ridge Coral)<br \/><strong>Nombre com\u00fan es espa\u00f1ol:<\/strong> Coral Azul<\/p><p><strong>Tama\u00f1o m\u00e1ximo:<\/strong> Las colonias pueden formar arrecifes de varios pies de altura.<\/p><p><strong>Extensi\u00f3n:<\/strong> Indo Pac\u00edfico; \u00e1reas de aguas profundas y superficiales; en aguas m\u00e1s profundas, la zooxantela tiende a disminuir o ausentarse.<\/p><p><strong>Tama\u00f1o m\u00ednimo de acuario:<\/strong> Tanques moderados, 50 galones (190 lts) o m\u00e1s.<\/p><p><strong>Iluminaci\u00f3n:<\/strong> Prefiere iluminaci\u00f3n brillante.<\/p><p><strong>Alimento y Alimentaci\u00f3n:<\/strong> Zooxantela; pero debe ser alimentado con alimentos como nauplios de <em>Artemia<\/em>, rot\u00edferos o alimentos congelados disueltos que se dispersen para formar part\u00edculas finas en el agua. Se beneficia de una buena cama de arena.<\/p><p><strong>Conveniencia y Compatibilidad con el acuario de arrecife:<\/strong> Buen animal de acuario. No es particularmente agresivo. Lento crecimiento.<\/p><p><strong>\u00a0<\/strong><strong>Cuidado Cautivo:<\/strong> Este animal recibe su nombre por el color de su esqueleto. Si el coral est\u00e1 vivo y saludable, el color azul es invisible, ya que est\u00e1 cubierto con tejido vivo marr\u00f3n o bronceado. Los p\u00f3lipos peque\u00f1os se encuentran diseminados por la superficie de la colonia y se extender\u00e1n peri\u00f3dicamente cuando el animal se est\u00e9 alimentando. Las colonias forman placas planas con profundos valles intervinientes o proyecciones en forma de dedo, planas y engrosadas. Como todos los dem\u00e1s corales, esta especie se beneficia de altos niveles de carbonato de calcio disuelto en el agua; puede construir esqueleto y crecer notablemente en el transcurso de un a\u00f1o.<\/p>\t\t\t\t\t\t\t\t<\/div>\n\t\t\t\t<\/div>\n\t\t\t\t\t<\/div>\n\t\t<\/div>\n\t\t\t\t\t<\/div>\n\t\t<\/section>\n\t\t\t\t<\/div>\n\t\t","protected":false},"excerpt":{"rendered":"<p>Helipora Coerulea Nombre cient\u00edfico: Helipora coeruleaNombre com\u00fan en ingl\u00e9s: Blue Coral (Blue Ridge Coral)Nombre com\u00fan es espa\u00f1ol: Coral Azul Tama\u00f1o m\u00e1ximo: Las colonias pueden formar arrecifes de varios pies de altura. Extensi\u00f3n: Indo Pac\u00edfico; \u00e1reas&hellip;<\/p>\n","protected":false},"author":4,"featured_media":0,"parent":0,"menu_order":0,"comment_status":"closed","ping_status":"closed","template":"","meta":{"footnotes":""},"class_list":["post-2959","page","type-page","status-publish","hentry"],"_links":{"self":[{"href":"https:\/\/proyectos.pgiovas.com\/alfaquarium\/wp-json\/wp\/v2\/pages\/2959","targetHints":{"allow":["GET"]}}],"collection":[{"href":"https:\/\/proyectos.pgiovas.com\/alfaquarium\/wp-json\/wp\/v2\/pages"}],"about":[{"href":"https:\/\/proyectos.pgiovas.com\/alfaquarium\/wp-json\/wp\/v2\/types\/page"}],"author":[{"embeddable":true,"href":"https:\/\/proyectos.pgiovas.com\/alfaquarium\/wp-json\/wp\/v2\/users\/4"}],"replies":[{"embeddable":true,"href":"https:\/\/proyectos.pgiovas.com\/alfaquarium\/wp-json\/wp\/v2\/comments?post=2959"}],"version-history":[{"count":2,"href":"https:\/\/proyectos.pgiovas.com\/alfaquarium\/wp-json\/wp\/v2\/pages\/2959\/revisions"}],"predecessor-version":[{"id":2962,"href":"https:\/\/proyectos.pgiovas.com\/alfaquarium\/wp-json\/wp\/v2\/pages\/2959\/revisions\/2962"}],"wp:attachment":[{"href":"https:\/\/proyectos.pgiovas.com\/alfaquarium\/wp-json\/wp\/v2\/media?parent=2959"}],"curies":[{"name":"wp","href":"https:\/\/api.w.org\/{rel}","templated":true}]}}