{"id":2952,"date":"2020-08-10T21:54:59","date_gmt":"2020-08-10T21:54:59","guid":{"rendered":"http:\/\/alfaquarium.mx\/?page_id=2952"},"modified":"2020-08-10T22:08:22","modified_gmt":"2020-08-10T22:08:22","slug":"ptilosarcus-gurneyi","status":"publish","type":"page","link":"https:\/\/proyectos.pgiovas.com\/alfaquarium\/ptilosarcus-gurneyi","title":{"rendered":"Ptilosarcus Gurneyi"},"content":{"rendered":"\t\t<div data-elementor-type=\"wp-page\" data-elementor-id=\"2952\" class=\"elementor elementor-2952\">\n\t\t\t\t\t\t<section class=\"elementor-section elementor-top-section elementor-element elementor-element-14bec09 elementor-section-boxed elementor-section-height-default elementor-section-height-default\" data-id=\"14bec09\" data-element_type=\"section\" data-e-type=\"section\">\n\t\t\t\t\t\t<div class=\"elementor-container elementor-column-gap-default\">\n\t\t\t\t\t<div class=\"elementor-column elementor-col-100 elementor-top-column elementor-element elementor-element-43e4fa0\" data-id=\"43e4fa0\" data-element_type=\"column\" data-e-type=\"column\">\n\t\t\t<div class=\"elementor-widget-wrap elementor-element-populated\">\n\t\t\t\t\t\t<div class=\"elementor-element elementor-element-315bf4c elementor-widget elementor-widget-heading\" data-id=\"315bf4c\" data-element_type=\"widget\" data-e-type=\"widget\" data-widget_type=\"heading.default\">\n\t\t\t\t<div class=\"elementor-widget-container\">\n\t\t\t\t\t<h3 class=\"elementor-heading-title elementor-size-default\">Ptilosarcus Gurneyi<\/h3>\t\t\t\t<\/div>\n\t\t\t\t<\/div>\n\t\t\t\t<div class=\"elementor-element elementor-element-a2e76ef elementor-widget elementor-widget-spacer\" data-id=\"a2e76ef\" data-element_type=\"widget\" data-e-type=\"widget\" data-widget_type=\"spacer.default\">\n\t\t\t\t<div class=\"elementor-widget-container\">\n\t\t\t\t\t\t\t<div class=\"elementor-spacer\">\n\t\t\t<div class=\"elementor-spacer-inner\"><\/div>\n\t\t<\/div>\n\t\t\t\t\t\t<\/div>\n\t\t\t\t<\/div>\n\t\t\t\t<div class=\"elementor-element elementor-element-51201e2 elementor-widget-divider--separator-type-pattern elementor-widget-divider--view-line elementor-widget elementor-widget-divider\" data-id=\"51201e2\" data-element_type=\"widget\" data-e-type=\"widget\" data-widget_type=\"divider.default\">\n\t\t\t\t<div class=\"elementor-widget-container\">\n\t\t\t\t\t\t\t<div class=\"elementor-divider\" style=\"--divider-pattern-url: url(&quot;data:image\/svg+xml,%3Csvg xmlns=&#039;http:\/\/www.w3.org\/2000\/svg&#039; preserveAspectRatio=&#039;none&#039; overflow=&#039;visible&#039; height=&#039;100%&#039; viewBox=&#039;0 0 24 24&#039; fill=&#039;none&#039; stroke=&#039;black&#039; stroke-width=&#039;7&#039; stroke-linecap=&#039;square&#039; stroke-miterlimit=&#039;10&#039;%3E%3Cpath d=&#039;M0,6c6,0,6,13,12,13S18,6,24,6&#039;\/%3E%3C\/svg%3E&quot;);\">\n\t\t\t<span class=\"elementor-divider-separator\">\n\t\t\t\t\t\t<\/span>\n\t\t<\/div>\n\t\t\t\t\t\t<\/div>\n\t\t\t\t<\/div>\n\t\t\t\t<div class=\"elementor-element elementor-element-bbc83c9 elementor-widget elementor-widget-text-editor\" data-id=\"bbc83c9\" data-element_type=\"widget\" data-e-type=\"widget\" data-widget_type=\"text-editor.default\">\n\t\t\t\t<div class=\"elementor-widget-container\">\n\t\t\t\t\t\t\t\t\t<p><img fetchpriority=\"high\" decoding=\"async\" class=\"size-medium wp-image-1144 alignleft\" src=\"https:\/\/proyectos.pgiovas.com\/alfaquarium\/wp-content\/uploads\/2020\/07\/ptilosarcus_gurneyi-300x300.jpg\" alt=\"\" width=\"300\" height=\"300\" srcset=\"https:\/\/proyectos.pgiovas.com\/alfaquarium\/wp-content\/uploads\/2020\/07\/ptilosarcus_gurneyi-300x300.jpg 300w, https:\/\/proyectos.pgiovas.com\/alfaquarium\/wp-content\/uploads\/2020\/07\/ptilosarcus_gurneyi-150x150.jpg 150w, https:\/\/proyectos.pgiovas.com\/alfaquarium\/wp-content\/uploads\/2020\/07\/ptilosarcus_gurneyi-370x370.jpg 370w, https:\/\/proyectos.pgiovas.com\/alfaquarium\/wp-content\/uploads\/2020\/07\/ptilosarcus_gurneyi-90x90.jpg 90w, https:\/\/proyectos.pgiovas.com\/alfaquarium\/wp-content\/uploads\/2020\/07\/ptilosarcus_gurneyi-406x406.jpg 406w, https:\/\/proyectos.pgiovas.com\/alfaquarium\/wp-content\/uploads\/2020\/07\/ptilosarcus_gurneyi-143x143.jpg 143w, https:\/\/proyectos.pgiovas.com\/alfaquarium\/wp-content\/uploads\/2020\/07\/ptilosarcus_gurneyi-400x400.jpg 400w, https:\/\/proyectos.pgiovas.com\/alfaquarium\/wp-content\/uploads\/2020\/07\/ptilosarcus_gurneyi-100x100.jpg 100w, https:\/\/proyectos.pgiovas.com\/alfaquarium\/wp-content\/uploads\/2020\/07\/ptilosarcus_gurneyi.jpg 500w\" sizes=\"(max-width: 300px) 100vw, 300px\" \/><\/p><p><strong>Nombre cient\u00edfico:<\/strong> Ptilosarcus gurneyi<br \/><strong>Nombre com\u00fan en ingl\u00e9s:<\/strong> Fleshy sea pen<br \/><strong>Nombre com\u00fan en espa\u00f1ol:<\/strong> Coral pluma carnosa marina<br \/><strong>Familia:<\/strong> Pennatulidae<br \/><strong>Origen:<\/strong> Oc\u00e9ano Atl\u00e1ntico <br \/><strong>Par\u00e1metros ideales:<\/strong><br \/><strong>Salinidad:<\/strong> 1023 a 1025<br \/><strong>Temperatura:<\/strong> 23 a 26\u00ba C<br \/><strong>Calcio:<\/strong> 400 a 450 ppm<br \/><strong>Alcalinidad:<\/strong> 8 a 12 dKH<br \/><strong>Magnesio:<\/strong> 1200 a 1350<br \/><strong>Estroncio:<\/strong> 8 a 10<br \/><strong>PH:<\/strong> 8.10 a 8.40<\/p><p><strong>Informaci\u00f3n, cuidados y curiosidades:<\/strong><br \/>El g\u00e9nero Ptilosarcus y el coral Ptilosarcus gurneyi fueron descritos por Gray en 1860. Hay 5 especies en este g\u00e9nero y estas son P. Gurrneyi, P. Quadrangularis, P. Sinuosus, P. Undulatus y P. Vierellii.<\/p><p>El coral Ptilosarcus gurneyi vive en las fr\u00edas aguas de las costas de Alaska y California. Estos corales y sus depredadores han declinado en \u00e1reas de la Sonda Puget, dejando grandes \u00e1reas de arena vac\u00eda, que alguna vez estuvieron colonizadas por estos corales. Esto ha hecho que los cient\u00edficos se intriguen tratando de averiguar qu\u00e9 sucedi\u00f3, y se cree que su ecosistema est\u00e1 en peligro.<\/p><p>Los corales del g\u00e9nero Ptilosarcus viven sobre fondos lodosos o arenosos, a profundidades que van de los 7 a los 91 m. El coral Ptilosarcus gurneyi vive en zonas intermareales superficiales, a profundidades de hasta 70 m. Se alimentan de plancton, que capturan con la ayuda de los nematocistos de sus p\u00f3lipos. En la naturaleza, emiten una bioluminiscencia o luz verde cuando son estimulados.<\/p><p>Sus depredadores incluyen muchos nudibranquios, entre ellos el Armina californica que alcanza unos 7 cm de longitud, Tritonia festiva, incluyendo estrellas marinas como Crossaster papposus, Dermasterras imbricata, Pycnopodia helianthoides, Mediaster aequalis y Crossaster papposus. <\/p><p>Los corales del g\u00e9nero Ptilosarcus tienen un ped\u00fanculo muscular que es carnoso, y se entierra profundamente a s\u00ed mismo en el suave sustrato, como la arena o el lodo. Su parte superior es visible y parece una antigua pluma estilogr\u00e1fica con la parte media y gruesa, llamada rachis, apoyada y tiesa. En este \u201ctallo\u201d medio o p\u00f3lipo grande, hay un grupo de plumosos p\u00f3lipos con 8 tent\u00e1culos que crecen hacia fuera de los bordes del rachis. Poseen toxinas que utilizan para aturdir al plancton. Tambi\u00e9n posee p\u00f3lipos siphonozooides que bombean agua fuera y dentro del coral si necesita inflarse o desinflarse.<\/p><p>Las extensiones parecidas a plumas que posee en los bordes del rachis son delgadas, carnosas y tienen peque\u00f1os p\u00f3lipos amarillos, blancos, p\u00farpuras o naranjas que pueden crecer m\u00e1s de medio metro. Este coral puede contraerse o expandirse extraordinariamente, y tambi\u00e9n puede retraerse completamente en su base si es molestado por un depredador. Posee un cuerpo calc\u00e1reo que le brinda soporte. El coral P. Quadrangularis pueden llegar a medir m\u00e1s de 2 m de alto, pero las dem\u00e1s especies generalmente\u00a0 miden de 18 a 24\u201d de alto. Todas ellas se inflan y desinflan varias veces al d\u00eda.<\/p><p>El coral P. Gurneyi tiene un ped\u00fanculo blanco amarillento y sus p\u00f3lipos son naranjas o amarillos. Puede extenderse m\u00e1s de 50 cm fuera del sustrato. Este carnoso coral alcanza la madurez sexual cuando tiene alrededor de 5 a\u00f1os de edad y se cree que pueden llegar a vivir alrededor de 15 a\u00f1os en la naturaleza. Se especula que su muerte no se debe a la edad, m\u00e1s bien a los depredadores o a infestaciones de par\u00e1sitos.<\/p><p>Puede ser dif\u00edcil de mantener en cautiverio, y esta creatura de aguas profundas y fr\u00edas solamente se recomienda para acuaristas expertos. Necesita iluminaci\u00f3n baja y ser alimentado regularmente por las noches. Tambi\u00e9n necesita al menos 10\u201d de sustrato para poder enterrarse a s\u00ed mismo. Su propensi\u00f3n a desenterrarse del sustrato para encontrar un nuevo lugar en el cual establecerse lo mete en problemas y esto hace que muy pocos sobrevivan en cautiverio. Mantenerlo en un acuario de al menos 400 litros y alimentarlo frecuentemente en las noches puede ayudar a que sobreviva.<\/p><p>En la naturaleza este coral captura organismos planct\u00f3nicos y part\u00edculas microsc\u00f3picas de comida de la columna de agua. En cautiverio este coral es filtrante y se alimentar\u00e1 de part\u00edculas de detritos, zooplancton y otras part\u00edculas de comida altas en prote\u00edna como nauplios de artemia y comida en hojuelas pulverizada. Es indispensable alimentarlo por las noches.<\/p><p>Este coral es pac\u00edfico y generalmente puede estar cerca de otros corales que tambi\u00e9n sean pac\u00edficos. Cuando madura completamente, puede ofrecerles refugio a peces juveniles y a otras creaturas peque\u00f1as.<\/p><p>Cada colonia es hembra o macho, aunque las hembras predominan m\u00e1s en la naturaleza. No es f\u00e1cil identificar cada sexo.<\/p><p>Se reproduce liberando esperma y huevecillos al agua. Los huevecillos se desarrollan en larvas pl\u00e1nulas y viajan a la deriva durante una semana antes de establecerse en su nuevo hogar sobre el sustrato. No se sabe que hayan podido ser propagados en cautiverio.<\/p><p>Es un coral resistente, pero es muy dif\u00edcil ofrecerle las condiciones medioambientales y la alimentaci\u00f3n que requiere. En la naturaleza sufren mucha depredaci\u00f3n. Entre los depredadores y los par\u00e1sitos, se cree que solamente llegan a vivir unos 15 a\u00f1os en la naturaleza.<\/p><p><strong><em>Fuentes del art\u00edculo:<\/em><\/strong><\/p><p><strong><em>Animal world<\/em><em>\u00a0<\/em><\/strong><\/p><p><strong><em>Origen de la imagen:<\/em><\/strong><\/p><p><strong><em>http:\/\/www.seaotter.com<\/em><\/strong><\/p><p><strong><em>Colaboraci\u00f3n de:<\/em><\/strong><\/p><p><strong><em>Jessica Romero Saldivar (AtOmIcFaRt)<\/em><\/strong><\/p>\t\t\t\t\t\t\t\t<\/div>\n\t\t\t\t<\/div>\n\t\t\t\t\t<\/div>\n\t\t<\/div>\n\t\t\t\t\t<\/div>\n\t\t<\/section>\n\t\t\t\t<\/div>\n\t\t","protected":false},"excerpt":{"rendered":"<p>Ptilosarcus Gurneyi Nombre cient\u00edfico: Ptilosarcus gurneyiNombre com\u00fan en ingl\u00e9s: Fleshy sea penNombre com\u00fan en espa\u00f1ol: Coral pluma carnosa marinaFamilia: PennatulidaeOrigen: Oc\u00e9ano Atl\u00e1ntico Par\u00e1metros ideales:Salinidad: 1023 a 1025Temperatura: 23 a 26\u00ba CCalcio: 400 a 450 ppmAlcalinidad:&hellip;<\/p>\n","protected":false},"author":4,"featured_media":0,"parent":0,"menu_order":0,"comment_status":"closed","ping_status":"closed","template":"","meta":{"footnotes":""},"class_list":["post-2952","page","type-page","status-publish","hentry"],"_links":{"self":[{"href":"https:\/\/proyectos.pgiovas.com\/alfaquarium\/wp-json\/wp\/v2\/pages\/2952","targetHints":{"allow":["GET"]}}],"collection":[{"href":"https:\/\/proyectos.pgiovas.com\/alfaquarium\/wp-json\/wp\/v2\/pages"}],"about":[{"href":"https:\/\/proyectos.pgiovas.com\/alfaquarium\/wp-json\/wp\/v2\/types\/page"}],"author":[{"embeddable":true,"href":"https:\/\/proyectos.pgiovas.com\/alfaquarium\/wp-json\/wp\/v2\/users\/4"}],"replies":[{"embeddable":true,"href":"https:\/\/proyectos.pgiovas.com\/alfaquarium\/wp-json\/wp\/v2\/comments?post=2952"}],"version-history":[{"count":2,"href":"https:\/\/proyectos.pgiovas.com\/alfaquarium\/wp-json\/wp\/v2\/pages\/2952\/revisions"}],"predecessor-version":[{"id":2955,"href":"https:\/\/proyectos.pgiovas.com\/alfaquarium\/wp-json\/wp\/v2\/pages\/2952\/revisions\/2955"}],"wp:attachment":[{"href":"https:\/\/proyectos.pgiovas.com\/alfaquarium\/wp-json\/wp\/v2\/media?parent=2952"}],"curies":[{"name":"wp","href":"https:\/\/api.w.org\/{rel}","templated":true}]}}