{"id":2947,"date":"2020-08-10T21:48:59","date_gmt":"2020-08-10T21:48:59","guid":{"rendered":"http:\/\/alfaquarium.mx\/?page_id=2947"},"modified":"2020-08-10T21:54:02","modified_gmt":"2020-08-10T21:54:02","slug":"pachyclavularia-violacea","status":"publish","type":"page","link":"https:\/\/proyectos.pgiovas.com\/alfaquarium\/pachyclavularia-violacea","title":{"rendered":"Pachyclavularia Violacea"},"content":{"rendered":"\t\t<div data-elementor-type=\"wp-page\" data-elementor-id=\"2947\" class=\"elementor elementor-2947\">\n\t\t\t\t\t\t<section class=\"elementor-section elementor-top-section elementor-element elementor-element-90bea6d elementor-section-boxed elementor-section-height-default elementor-section-height-default\" data-id=\"90bea6d\" data-element_type=\"section\" data-e-type=\"section\">\n\t\t\t\t\t\t<div class=\"elementor-container elementor-column-gap-default\">\n\t\t\t\t\t<div class=\"elementor-column elementor-col-100 elementor-top-column elementor-element elementor-element-304b5ba\" data-id=\"304b5ba\" data-element_type=\"column\" data-e-type=\"column\">\n\t\t\t<div class=\"elementor-widget-wrap elementor-element-populated\">\n\t\t\t\t\t\t<div class=\"elementor-element elementor-element-c061b2c elementor-widget elementor-widget-heading\" data-id=\"c061b2c\" data-element_type=\"widget\" data-e-type=\"widget\" data-widget_type=\"heading.default\">\n\t\t\t\t<div class=\"elementor-widget-container\">\n\t\t\t\t\t<h3 class=\"elementor-heading-title elementor-size-default\">Pachyclavularia Violacea<\/h3>\t\t\t\t<\/div>\n\t\t\t\t<\/div>\n\t\t\t\t<div class=\"elementor-element elementor-element-88fae44 elementor-widget elementor-widget-spacer\" data-id=\"88fae44\" data-element_type=\"widget\" data-e-type=\"widget\" data-widget_type=\"spacer.default\">\n\t\t\t\t<div class=\"elementor-widget-container\">\n\t\t\t\t\t\t\t<div class=\"elementor-spacer\">\n\t\t\t<div class=\"elementor-spacer-inner\"><\/div>\n\t\t<\/div>\n\t\t\t\t\t\t<\/div>\n\t\t\t\t<\/div>\n\t\t\t\t<div class=\"elementor-element elementor-element-5dd554c elementor-widget-divider--separator-type-pattern elementor-widget-divider--view-line elementor-widget elementor-widget-divider\" data-id=\"5dd554c\" data-element_type=\"widget\" data-e-type=\"widget\" data-widget_type=\"divider.default\">\n\t\t\t\t<div class=\"elementor-widget-container\">\n\t\t\t\t\t\t\t<div class=\"elementor-divider\" style=\"--divider-pattern-url: url(&quot;data:image\/svg+xml,%3Csvg xmlns=&#039;http:\/\/www.w3.org\/2000\/svg&#039; preserveAspectRatio=&#039;none&#039; overflow=&#039;visible&#039; height=&#039;100%&#039; viewBox=&#039;0 0 24 24&#039; fill=&#039;none&#039; stroke=&#039;black&#039; stroke-width=&#039;7&#039; stroke-linecap=&#039;square&#039; stroke-miterlimit=&#039;10&#039;%3E%3Cpath d=&#039;M0,6c6,0,6,13,12,13S18,6,24,6&#039;\/%3E%3C\/svg%3E&quot;);\">\n\t\t\t<span class=\"elementor-divider-separator\">\n\t\t\t\t\t\t<\/span>\n\t\t<\/div>\n\t\t\t\t\t\t<\/div>\n\t\t\t\t<\/div>\n\t\t\t\t<div class=\"elementor-element elementor-element-37fb1dc elementor-widget elementor-widget-text-editor\" data-id=\"37fb1dc\" data-element_type=\"widget\" data-e-type=\"widget\" data-widget_type=\"text-editor.default\">\n\t\t\t\t<div class=\"elementor-widget-container\">\n\t\t\t\t\t\t\t\t\t<p><img fetchpriority=\"high\" decoding=\"async\" class=\"size-medium wp-image-1143 alignleft\" src=\"https:\/\/proyectos.pgiovas.com\/alfaquarium\/wp-content\/uploads\/2020\/07\/pachyclavularia_violacea-300x300.jpg\" alt=\"\" width=\"300\" height=\"300\" srcset=\"https:\/\/proyectos.pgiovas.com\/alfaquarium\/wp-content\/uploads\/2020\/07\/pachyclavularia_violacea-300x300.jpg 300w, https:\/\/proyectos.pgiovas.com\/alfaquarium\/wp-content\/uploads\/2020\/07\/pachyclavularia_violacea-150x150.jpg 150w, https:\/\/proyectos.pgiovas.com\/alfaquarium\/wp-content\/uploads\/2020\/07\/pachyclavularia_violacea-370x370.jpg 370w, https:\/\/proyectos.pgiovas.com\/alfaquarium\/wp-content\/uploads\/2020\/07\/pachyclavularia_violacea-90x90.jpg 90w, https:\/\/proyectos.pgiovas.com\/alfaquarium\/wp-content\/uploads\/2020\/07\/pachyclavularia_violacea-406x406.jpg 406w, https:\/\/proyectos.pgiovas.com\/alfaquarium\/wp-content\/uploads\/2020\/07\/pachyclavularia_violacea-143x143.jpg 143w, https:\/\/proyectos.pgiovas.com\/alfaquarium\/wp-content\/uploads\/2020\/07\/pachyclavularia_violacea-400x400.jpg 400w, https:\/\/proyectos.pgiovas.com\/alfaquarium\/wp-content\/uploads\/2020\/07\/pachyclavularia_violacea-100x100.jpg 100w, https:\/\/proyectos.pgiovas.com\/alfaquarium\/wp-content\/uploads\/2020\/07\/pachyclavularia_violacea.jpg 500w\" sizes=\"(max-width: 300px) 100vw, 300px\" \/><\/p><p><strong>Nombre cient\u00edfico:<\/strong> Pachyclavularia violacea<br \/><strong>Nombre com\u00fan en ingl\u00e9s:<\/strong> Green star polyps<br \/><strong>Nombre com\u00fan en espa\u00f1ol:<\/strong> <strong>P\u00f3lipos estrella verde<\/strong><br \/><strong>Familia:<\/strong> Tubiporidae<br \/><strong>Origen:<\/strong> Indo Pac\u00edfico <br \/><strong>Par\u00e1metros ideales:<\/strong><br \/><strong>Salinidad:<\/strong> 1023 a 1025<br \/><strong>Temperatura:<\/strong> 23 a 26\u00ba C<br \/><strong>Calcio:<\/strong> 400 a 450 ppm<br \/><strong>Alcalinidad:<\/strong> 8 a 12 dKH<br \/><strong>Magnesio:<\/strong> 1200 a 1350<br \/><strong>Estroncio:<\/strong> 8 a 10<br \/><strong>PH:<\/strong> 8.10 a 8.40<br \/><br \/><strong>Informaci\u00f3n, cuidados y curiosidades: <\/strong>Los corales del g\u00e9nero Pachyclavularia fueron descritos por Roule en 1908. Los verdaderos p\u00f3lipos estrella son p\u00f3lipos tapizantes del g\u00e9nero Pachyclavularia, miembros de la familia Tubiporidae. Forman un tapete de coloraci\u00f3n p\u00farpura brillante o rojiza y sus tent\u00e1culos son verdes, amarillos o verdes claro.<\/p><p>La clasificaci\u00f3n cient\u00edfica de los p\u00f3lipos estrella verde tiene una larga historia de confusi\u00f3n. En su libro \u201cCorales del acuario, su selecci\u00f3n, mantenimiento e historia natural\u201d, el autor Eric H. Borneman describe la secuencia de eventos. La confusi\u00f3n empez\u00f3 cuando Quoy y Gainard describieron a los corales C. Violacea y C. Viridis en 1863, y fueron descritos de nuevo por Hickson en 1894. Esto llev\u00f3 a que se determinara que hab\u00eda problemas con sus identidades. Este y otros g\u00e9neros pobremente definidos fueron simplemente puestos en la misma categor\u00eda, el g\u00e9nero Clavularia. Desde entonces esto se ha resuelto a medias, y los p\u00f3lipos estrella verde ya no se consideran una especie del g\u00e9nero Clavularia. Sin embargo, el resultado fue que en algunas literaturas sean llamados C. Violacea, y este nombre err\u00f3neo todav\u00eda aparece de vez en cuando.<\/p><p>Hoy en d\u00eda los p\u00f3lipos estrella verde son considerados generalmente pertenecientes al g\u00e9nero Pachyclavularia, aunque el nombre cient\u00edfico P. Violacea por s\u00ed mismo no es un nombre de especie v\u00e1lido. Algunos expertos tratan a los g\u00e9neros Pachyclavularia y Briareum como sin\u00f3nimos, por lo que tambi\u00e9n puede aparecer el nombre como Briareum violacea. El g\u00e9nero Pachyclavularia eventualmente podr\u00eda ser reclasificado como miembro de la familia Briareidae, aunque parecen tener importante diferencias.<\/p><p>Los corales del g\u00e9nero Pachyclavularia generalmente se distinguen por sus tapetes p\u00farpura brillantes o rojizos, y sus tent\u00e1culos verdes, amarillos o verdes claros, mientras que las especies de Briareum pueden producir una \u201cs\u00e1bana\u201d mucosa y formar protrusiones verticales en forma de dedos desde su base, mientras que las especies de Pachyclavularia solamente parecen formar dobleces en sus tapetes. Por esto todav\u00eda est\u00e1 por verse qu\u00e9 clasificaci\u00f3n cient\u00edfica ser\u00e1 determinada como correcta para los p\u00f3lipos estrella verde.<\/p><p>Los corales del g\u00e9nero Pachyclavularia son originarios del Oc\u00e9ano Indo Pac\u00edfico.<\/p><p>Habitan a lo largo de los bordes superiores de los arrecifes y lagunas, a profundidades bajas a moderadas. Son m\u00e1s comunes en los arrecifes cercanos a las costas, donde hay un movimiento de agua m\u00e1s moderado.<\/p><p>El Pachyclavularia violacea es un coral incrustante tapizante.<\/p><p>Forma estolones aplanados o tapetes que est\u00e1n algo irregularmente estratificados y al tacto parece de hule. El estol\u00f3n est\u00e1 conectado, formando una estructura en forma de malla, y todos los p\u00f3lipos est\u00e1n albergados en c\u00e1lices tubulares.<\/p><p>Estos p\u00f3lipos forman un tapete p\u00farpura brillante o rojizo y sus tent\u00e1culos son verdes, amarillos o verdes claro. Cada uno de ellos tiene 8 tent\u00e1culos delgados y lisos. Estos tent\u00e1culos rodean una abertura central o boca, que a menudo es de otro color contrastante. Otras variaciones de su coloraci\u00f3n pueden ser p\u00f3lipos caf\u00e9s, blancos o amarillos. Adem\u00e1s de los p\u00f3lipos estrella verde, los p\u00f3lipos estrella caf\u00e9 tambi\u00e9n es una coloraci\u00f3n com\u00fan.<\/p><p>Los p\u00f3lipos generalmente est\u00e1n expandidos, a menos que un est\u00edmulo externo los moleste y se retraigan por completo. Es un coral agresivo y puede cubrir completamente a otros corales, pero tambi\u00e9n corren el riesgo de ser quemados o irritados por otros corales. Otros corales cercanos con potentes nematocistos pueden causar que sus p\u00f3lipos no se extiendan. Si las condiciones son ideales, puede crecer 2. 5 cm al mes.<\/p><p>Es un coral muy f\u00e1cil de mantener y lo \u00fanico que requiere es corriente de agua moderada o fuerte y turbulenta para remover los detritus y ayudarle a que expanda completamente sus p\u00f3lipos. Acepta cualquier intensidad de iluminaci\u00f3n y la iluminaci\u00f3n act\u00ednica har\u00e1 que el coral emita fluorescencia. La iluminaci\u00f3n proporcionada por l\u00e1mparas MH puede ser demasiado intensa, y el coral se decolorar\u00e1 o se blanquear\u00e1.<\/p><p>Este coral se extiende r\u00e1pidamente, es agresivo y se adapta a cualquier \u00e1rea en el acuario. Este implacable crecimiento puede aprovecharse para decorar o cubrir \u00e1reas particulares en el acuario. De\u00a0 lo contrario, puede ayudar el mantener a la colonia sobre una roca que no est\u00e9 en contacto con las dem\u00e1s rocas vivas del acuario, o puede extenderse y cubrir a los dem\u00e1s corales.<\/p><p>En la naturaleza, los corales Pachyclavularia han desarrollado diversas estrategias para alimentarse. Pueden absorber materia org\u00e1nica disuelta en la columna de agua, y tienen una relaci\u00f3n simbi\u00f3tica con las algas zooxantelas, de las cuales obtienen parte de la nutrici\u00f3n que necesitan.<\/p><p>En cautiverio no se ha observado que este coral se alimente. M\u00e1s bien utilizan la luz y a sus algas zooxantelas para nutrirse, y pueden absorber part\u00edculas microsc\u00f3picas que flotan en la columna de agua.<\/p><p>Es un coral bastante agresivo pues puede crecer sobre otros corales, por lo que contenerlo es esencial. Aislarlo en la arena, lejos de las dem\u00e1s corales o rocas vivas puede ayudar, as\u00ed como fragmentarlo frecuentemente.<\/p><p>Para reproducirse forma p\u00f3lipos hijas a partir de los bordes de su tapete. Algunas especies forman pl\u00e1nulas que se incuban en la superficie de la colonia.<\/p><p>Propagarlo es muy f\u00e1cil, simplemente hay que cortar partes de su tapete y pegarlas a una roca o un plug. Tambi\u00e9n estas partes pueden pegarse en la parte trasera del acuario o sobre el rebosadero, para formar una cubierta decorativa viviente.<\/p><p>Este coral es muy resistente y f\u00e1cil de mantener. Sin embargo es propenso a acumular detritos, algas filamentosas e incluso las Aiptasia pueden crecer entre sus tallos. El coral puede ser cepillado con mucho cuidado para removerle estas plagas. A veces es necesario cortar las \u00e1reas infestadas.<\/p><p>Se ha documentado que este coral puede presentar reacciones adversas a algunos aditivos de yodo. Tambi\u00e9n pueden ser sensibles al \u00f3xido de aluminio de algunas esponjas removedoras de fosfatos.<\/p><p><strong><em>Fuentes del art\u00edculo:<\/em><\/strong><\/p><p><strong><em>Animal world<\/em><\/strong><\/p><p><strong><em>Origen de la imagen:<\/em><\/strong><\/p><p><strong><em>http:\/\/farm1.static.flickr.com<\/em><\/strong><\/p><p><strong><em>Colaboraci\u00f3n de:<\/em><\/strong><\/p><p><strong><em>Jessica Romero Saldivar (AtOmIcFaRt)<\/em><\/strong><\/p>\t\t\t\t\t\t\t\t<\/div>\n\t\t\t\t<\/div>\n\t\t\t\t\t<\/div>\n\t\t<\/div>\n\t\t\t\t\t<\/div>\n\t\t<\/section>\n\t\t\t\t<\/div>\n\t\t","protected":false},"excerpt":{"rendered":"<p>Pachyclavularia Violacea Nombre cient\u00edfico: Pachyclavularia violaceaNombre com\u00fan en ingl\u00e9s: Green star polypsNombre com\u00fan en espa\u00f1ol: P\u00f3lipos estrella verdeFamilia: TubiporidaeOrigen: Indo Pac\u00edfico Par\u00e1metros ideales:Salinidad: 1023 a 1025Temperatura: 23 a 26\u00ba CCalcio: 400 a 450 ppmAlcalinidad: 8&hellip;<\/p>\n","protected":false},"author":4,"featured_media":0,"parent":0,"menu_order":0,"comment_status":"closed","ping_status":"closed","template":"","meta":{"footnotes":""},"class_list":["post-2947","page","type-page","status-publish","hentry"],"_links":{"self":[{"href":"https:\/\/proyectos.pgiovas.com\/alfaquarium\/wp-json\/wp\/v2\/pages\/2947","targetHints":{"allow":["GET"]}}],"collection":[{"href":"https:\/\/proyectos.pgiovas.com\/alfaquarium\/wp-json\/wp\/v2\/pages"}],"about":[{"href":"https:\/\/proyectos.pgiovas.com\/alfaquarium\/wp-json\/wp\/v2\/types\/page"}],"author":[{"embeddable":true,"href":"https:\/\/proyectos.pgiovas.com\/alfaquarium\/wp-json\/wp\/v2\/users\/4"}],"replies":[{"embeddable":true,"href":"https:\/\/proyectos.pgiovas.com\/alfaquarium\/wp-json\/wp\/v2\/comments?post=2947"}],"version-history":[{"count":3,"href":"https:\/\/proyectos.pgiovas.com\/alfaquarium\/wp-json\/wp\/v2\/pages\/2947\/revisions"}],"predecessor-version":[{"id":2951,"href":"https:\/\/proyectos.pgiovas.com\/alfaquarium\/wp-json\/wp\/v2\/pages\/2947\/revisions\/2951"}],"wp:attachment":[{"href":"https:\/\/proyectos.pgiovas.com\/alfaquarium\/wp-json\/wp\/v2\/media?parent=2947"}],"curies":[{"name":"wp","href":"https:\/\/api.w.org\/{rel}","templated":true}]}}