{"id":2936,"date":"2020-08-10T21:33:26","date_gmt":"2020-08-10T21:33:26","guid":{"rendered":"http:\/\/alfaquarium.mx\/?page_id=2936"},"modified":"2020-08-10T21:41:01","modified_gmt":"2020-08-10T21:41:01","slug":"erythropodium-caribaeorum","status":"publish","type":"page","link":"https:\/\/proyectos.pgiovas.com\/alfaquarium\/erythropodium-caribaeorum","title":{"rendered":"Erythropodium Caribaeorum"},"content":{"rendered":"\t\t<div data-elementor-type=\"wp-page\" data-elementor-id=\"2936\" class=\"elementor elementor-2936\">\n\t\t\t\t\t\t<section class=\"elementor-section elementor-top-section elementor-element elementor-element-305adbc elementor-section-boxed elementor-section-height-default elementor-section-height-default\" data-id=\"305adbc\" data-element_type=\"section\" data-e-type=\"section\">\n\t\t\t\t\t\t<div class=\"elementor-container elementor-column-gap-default\">\n\t\t\t\t\t<div class=\"elementor-column elementor-col-100 elementor-top-column elementor-element elementor-element-c001db7\" data-id=\"c001db7\" data-element_type=\"column\" data-e-type=\"column\">\n\t\t\t<div class=\"elementor-widget-wrap elementor-element-populated\">\n\t\t\t\t\t\t<div class=\"elementor-element elementor-element-76719d0 elementor-widget elementor-widget-heading\" data-id=\"76719d0\" data-element_type=\"widget\" data-e-type=\"widget\" data-widget_type=\"heading.default\">\n\t\t\t\t<div class=\"elementor-widget-container\">\n\t\t\t\t\t<h3 class=\"elementor-heading-title elementor-size-default\">Erythropodium Caribaeorum<\/h3>\t\t\t\t<\/div>\n\t\t\t\t<\/div>\n\t\t\t\t<div class=\"elementor-element elementor-element-7b28c2a elementor-widget elementor-widget-spacer\" data-id=\"7b28c2a\" data-element_type=\"widget\" data-e-type=\"widget\" data-widget_type=\"spacer.default\">\n\t\t\t\t<div class=\"elementor-widget-container\">\n\t\t\t\t\t\t\t<div class=\"elementor-spacer\">\n\t\t\t<div class=\"elementor-spacer-inner\"><\/div>\n\t\t<\/div>\n\t\t\t\t\t\t<\/div>\n\t\t\t\t<\/div>\n\t\t\t\t<div class=\"elementor-element elementor-element-d94d930 elementor-widget-divider--separator-type-pattern elementor-widget-divider--view-line elementor-widget elementor-widget-divider\" data-id=\"d94d930\" data-element_type=\"widget\" data-e-type=\"widget\" data-widget_type=\"divider.default\">\n\t\t\t\t<div class=\"elementor-widget-container\">\n\t\t\t\t\t\t\t<div class=\"elementor-divider\" style=\"--divider-pattern-url: url(&quot;data:image\/svg+xml,%3Csvg xmlns=&#039;http:\/\/www.w3.org\/2000\/svg&#039; preserveAspectRatio=&#039;none&#039; overflow=&#039;visible&#039; height=&#039;100%&#039; viewBox=&#039;0 0 24 24&#039; fill=&#039;none&#039; stroke=&#039;black&#039; stroke-width=&#039;7&#039; stroke-linecap=&#039;square&#039; stroke-miterlimit=&#039;10&#039;%3E%3Cpath d=&#039;M0,6c6,0,6,13,12,13S18,6,24,6&#039;\/%3E%3C\/svg%3E&quot;);\">\n\t\t\t<span class=\"elementor-divider-separator\">\n\t\t\t\t\t\t<\/span>\n\t\t<\/div>\n\t\t\t\t\t\t<\/div>\n\t\t\t\t<\/div>\n\t\t\t\t<div class=\"elementor-element elementor-element-d31452e elementor-widget elementor-widget-text-editor\" data-id=\"d31452e\" data-element_type=\"widget\" data-e-type=\"widget\" data-widget_type=\"text-editor.default\">\n\t\t\t\t<div class=\"elementor-widget-container\">\n\t\t\t\t\t\t\t\t\t<p><img fetchpriority=\"high\" decoding=\"async\" class=\"size-medium wp-image-1141 alignleft\" src=\"https:\/\/proyectos.pgiovas.com\/alfaquarium\/wp-content\/uploads\/2020\/07\/erythropodium_caribaeorum-300x300.jpg\" alt=\"\" width=\"300\" height=\"300\" srcset=\"https:\/\/proyectos.pgiovas.com\/alfaquarium\/wp-content\/uploads\/2020\/07\/erythropodium_caribaeorum-300x300.jpg 300w, https:\/\/proyectos.pgiovas.com\/alfaquarium\/wp-content\/uploads\/2020\/07\/erythropodium_caribaeorum-150x150.jpg 150w, https:\/\/proyectos.pgiovas.com\/alfaquarium\/wp-content\/uploads\/2020\/07\/erythropodium_caribaeorum-370x370.jpg 370w, https:\/\/proyectos.pgiovas.com\/alfaquarium\/wp-content\/uploads\/2020\/07\/erythropodium_caribaeorum-90x90.jpg 90w, https:\/\/proyectos.pgiovas.com\/alfaquarium\/wp-content\/uploads\/2020\/07\/erythropodium_caribaeorum-406x406.jpg 406w, https:\/\/proyectos.pgiovas.com\/alfaquarium\/wp-content\/uploads\/2020\/07\/erythropodium_caribaeorum-143x143.jpg 143w, https:\/\/proyectos.pgiovas.com\/alfaquarium\/wp-content\/uploads\/2020\/07\/erythropodium_caribaeorum-400x400.jpg 400w, https:\/\/proyectos.pgiovas.com\/alfaquarium\/wp-content\/uploads\/2020\/07\/erythropodium_caribaeorum-100x100.jpg 100w, https:\/\/proyectos.pgiovas.com\/alfaquarium\/wp-content\/uploads\/2020\/07\/erythropodium_caribaeorum.jpg 500w\" sizes=\"(max-width: 300px) 100vw, 300px\" \/><\/p><p><strong>Nombre cient\u00edfico:<\/strong> Erythropodium caribaeorum<br \/><strong>Nombre com\u00fan en ingl\u00e9s:<\/strong> Encrusting gorgonian<br \/><strong>Nombre com\u00fan en espa\u00f1ol:<\/strong> Gorgonia incrustante<br \/><strong>Familia:<\/strong> Anthothelidae<br \/><strong>Origen:<\/strong> Oc\u00e9anos Atl\u00e1ntico y Pac\u00edfico <br \/><strong>Par\u00e1metros ideales:<\/strong><br \/><strong>Salinidad:<\/strong> 1023 a 1025<br \/><strong>Temperatura:<\/strong> 23 a 26\u00ba C<br \/><strong>Calcio:<\/strong> 400 a 450 ppm<br \/><strong>Alcalinidad:<\/strong> 8 a 12 dKH<br \/><strong>Magnesio:<\/strong> 1200 a 1350<br \/><strong>Estroncio:<\/strong> 8 a 10<br \/><strong>PH:<\/strong> 8.10 a 8.40<br \/><br \/><strong>Informaci\u00f3n, cuidados y curiosidades: <\/strong>El g\u00e9nero Erythropodium fue descrito por Kolliker en 1865. El coral gorgonia incrustante E. Caribaeorum fue descubierto por Duchassaing y Michelotti en 1860, y es la \u00fanica especie v\u00e1lida en este g\u00e9nero.<\/p><p>El g\u00e9nero Erythropodium es originario de los Oc\u00e9anos Atl\u00e1ntico y Pac\u00edfico, aunque son m\u00e1s comunes en el Oc\u00e9ano Atl\u00e1ntico.<\/p><p>Este g\u00e9nero de corales forman parches en zonas del arrecife, en \u00e1reas inter mareales y otras zonas. Residen en \u00e1reas a profundidad media a baja, y la corriente de agua var\u00eda en todas estas \u00e1reas. Crecen sobre cualquier coral, superficies duras e incluso sobre cascajo.<\/p><p>El coral incrustante Erythropodium caribaeorum forma tapetes lisos que pueden ser crema, marr\u00f3n o caramelo, con peque\u00f1os hoyos en forma de estrella, en los cuales residen los p\u00f3lipos, que son delgados como cabellos. Los p\u00f3lipos pueden retraerse completamente y generalmente son color crema o caf\u00e9 claro. Este coral gorgonia incrustante no ramifica hacia arriba, pero puede formar largos tent\u00e1culos cuando la corriente de agua es fuerte. Se desconoce cu\u00e1nto tiempo puede llegar a vivir.<\/p><p>Algunas veces el g\u00e9nero Erythropodium es confundido con el Briareum, pero entre ellos existen diferencias que pueden ser observadas a simple vista. El g\u00e9nero Erythropodium tiene un estol\u00f3n muy liso, que conecta los p\u00f3lipos. No tiene c\u00e1lices elevados, m\u00e1s bien los p\u00f3lipos surgen de una peque\u00f1\u00edsima abertura en forma de estrella. Sus tent\u00e1culos son delgados como cabellos. El estol\u00f3n generalmente es de color crema, caramelo o marr\u00f3n y nunca es p\u00farpura oscuro como el del g\u00e9nero Briareum. Si este coral crece sobre alg\u00fan otro coral gorgonia p\u00farpura, puede confundirnos y hacernos creer que su esqueleto es de color p\u00farpura. Pero no, el color se debe al coral sobre el que creci\u00f3.<\/p><p>En general la clasificaci\u00f3n de los corales gorgonia se lleva a cabo observando el tama\u00f1o de la colonia, su forma, el axis de su estructura, el color, la ubicaci\u00f3n de los p\u00f3lipos y el dise\u00f1o y forma de las ramas. Poni\u00e9ndonos un poco m\u00e1s t\u00e9cnicos, tambi\u00e9n se observa si el p\u00f3lipo es autozooide o siphozooide. Tambi\u00e9n se emplea la quimiotaxonom\u00eda, que es m\u00e1s exacta. Esta se utiliza para analizar los diferentes terpenoides u otros qu\u00edmicos que produce cada especie de gorgonia.<\/p><p>El coral gorgonia E. Caribaeorum es f\u00e1cil de mantener pues no es nada exigente respecto a la iluminaci\u00f3n o la corriente de agua. Su tolerancia a la iluminaci\u00f3n baja lo hace ser m\u00e1s f\u00e1cil de mantener que a los dem\u00e1s corales gorgonia fotosint\u00e9ticos. Este coral tambi\u00e9n puede estar bien sin ser alimentado, siempre y cuando sea mantenido en un acuario con peces. Es una excelente opci\u00f3n para los principiantes y para aquellos que quieran aprender a propagar corales.<\/p><p>En la naturaleza este coral ha desarrollado diferentes t\u00e9cnicas para nutrirse. Captura organismos planct\u00f3nicos y part\u00edculas microsc\u00f3picas de comida que flotan en la columna de agua, y tambi\u00e9n puede absorber materia org\u00e1nica disuelta. A diferencia de muchos otros corales gorgonia, este coral tiene una relaci\u00f3n simbi\u00f3tica con las algas zooxantelas, de las que tambi\u00e9n obtiene parte de los nutrientes que necesita.<\/p><p>En cautiverio puede estar perfectamente sin ser alimentado, siempre y cuando est\u00e9 en un acuario con peces. De otra manera, debe ser alimentado con nauplios de artemia, rot\u00edferos o comida congelada disuelta, que pueda dispersarse en el agua en part\u00edculas finas. La iluminaci\u00f3n intensa tambi\u00e9n le ayuda a crecer muy r\u00e1pido.<\/p><p>Se reproduce r\u00e1pidamente con iluminaci\u00f3n intensa y alimentaci\u00f3n. Sin embargo, no es muy aconsejable permitirle reproducirse r\u00e1pidamente en el acuario, pues como su nombre implica, se incrustar\u00e1 y crecer\u00e1 sobre cualquier coral que tenga cerca. Escoger cuidadosamente su ubicaci\u00f3n es indispensable, para proteger a los dem\u00e1s organismos sessiles del acuario.<\/p><p>Este coral es bastante agresivo, pues si se le permite crecer\u00e1 y se incrustar\u00e1 sobre los dem\u00e1s corales, incluso si es una nueva colonia separada de \u00e9l mismo. Tambi\u00e9n extiende sus tent\u00e1culos. Hay que aislarlo en la arena, donde no pueda tocar las rocas vivas o a cualquier otro coral. Es indispensable dejar un espacio de 4 a 6 pulgadas entre \u00e9l y las rocas vivas o cualquier otro coral.<\/p><p>El g\u00e9nero Erythropodium es muy resistente y f\u00e1cil de mantener. Si el coral gorgonia adquiere una infecci\u00f3n bacteriana, hay que cortar la parte afectada y el resto de la colonia casi siempre se recupera.<\/p><p><strong><em>Fuentes del art\u00edculo:<\/em><\/strong><\/p><p><strong><em>Animal world<\/em><em>\u00a0<\/em><\/strong><\/p><p><strong><em>Origen de la imagen:<\/em><\/strong><\/p><p><strong><em>http:\/\/coralpedia.bio.warwick.ac.uk<\/em><\/strong><\/p><p><strong><em>Colaboraci\u00f3n de:<\/em><\/strong><\/p><p><strong><em>Jessica Romero Saldivar (AtOmIcFaRt)<\/em><\/strong><\/p>\t\t\t\t\t\t\t\t<\/div>\n\t\t\t\t<\/div>\n\t\t\t\t\t<\/div>\n\t\t<\/div>\n\t\t\t\t\t<\/div>\n\t\t<\/section>\n\t\t\t\t<\/div>\n\t\t","protected":false},"excerpt":{"rendered":"<p>Erythropodium Caribaeorum Nombre cient\u00edfico: Erythropodium caribaeorumNombre com\u00fan en ingl\u00e9s: Encrusting gorgonianNombre com\u00fan en espa\u00f1ol: Gorgonia incrustanteFamilia: AnthothelidaeOrigen: Oc\u00e9anos Atl\u00e1ntico y Pac\u00edfico Par\u00e1metros ideales:Salinidad: 1023 a 1025Temperatura: 23 a 26\u00ba CCalcio: 400 a 450 ppmAlcalinidad: 8&hellip;<\/p>\n","protected":false},"author":4,"featured_media":0,"parent":0,"menu_order":0,"comment_status":"closed","ping_status":"closed","template":"","meta":{"footnotes":""},"class_list":["post-2936","page","type-page","status-publish","hentry"],"_links":{"self":[{"href":"https:\/\/proyectos.pgiovas.com\/alfaquarium\/wp-json\/wp\/v2\/pages\/2936","targetHints":{"allow":["GET"]}}],"collection":[{"href":"https:\/\/proyectos.pgiovas.com\/alfaquarium\/wp-json\/wp\/v2\/pages"}],"about":[{"href":"https:\/\/proyectos.pgiovas.com\/alfaquarium\/wp-json\/wp\/v2\/types\/page"}],"author":[{"embeddable":true,"href":"https:\/\/proyectos.pgiovas.com\/alfaquarium\/wp-json\/wp\/v2\/users\/4"}],"replies":[{"embeddable":true,"href":"https:\/\/proyectos.pgiovas.com\/alfaquarium\/wp-json\/wp\/v2\/comments?post=2936"}],"version-history":[{"count":2,"href":"https:\/\/proyectos.pgiovas.com\/alfaquarium\/wp-json\/wp\/v2\/pages\/2936\/revisions"}],"predecessor-version":[{"id":2940,"href":"https:\/\/proyectos.pgiovas.com\/alfaquarium\/wp-json\/wp\/v2\/pages\/2936\/revisions\/2940"}],"wp:attachment":[{"href":"https:\/\/proyectos.pgiovas.com\/alfaquarium\/wp-json\/wp\/v2\/media?parent=2936"}],"curies":[{"name":"wp","href":"https:\/\/api.w.org\/{rel}","templated":true}]}}