{"id":2927,"date":"2020-08-10T21:20:13","date_gmt":"2020-08-10T21:20:13","guid":{"rendered":"http:\/\/alfaquarium.mx\/?page_id=2927"},"modified":"2020-08-10T21:24:36","modified_gmt":"2020-08-10T21:24:36","slug":"clavularia-sp","status":"publish","type":"page","link":"https:\/\/proyectos.pgiovas.com\/alfaquarium\/clavularia-sp","title":{"rendered":"Clavularia Sp"},"content":{"rendered":"\t\t<div data-elementor-type=\"wp-page\" data-elementor-id=\"2927\" class=\"elementor elementor-2927\">\n\t\t\t\t\t\t<section class=\"elementor-section elementor-top-section elementor-element elementor-element-ce1e180 elementor-section-boxed elementor-section-height-default elementor-section-height-default\" data-id=\"ce1e180\" data-element_type=\"section\" data-e-type=\"section\">\n\t\t\t\t\t\t<div class=\"elementor-container elementor-column-gap-default\">\n\t\t\t\t\t<div class=\"elementor-column elementor-col-100 elementor-top-column elementor-element elementor-element-4ef135c\" data-id=\"4ef135c\" data-element_type=\"column\" data-e-type=\"column\">\n\t\t\t<div class=\"elementor-widget-wrap elementor-element-populated\">\n\t\t\t\t\t\t<div class=\"elementor-element elementor-element-ed7584d elementor-widget elementor-widget-heading\" data-id=\"ed7584d\" data-element_type=\"widget\" data-e-type=\"widget\" data-widget_type=\"heading.default\">\n\t\t\t\t<div class=\"elementor-widget-container\">\n\t\t\t\t\t<h3 class=\"elementor-heading-title elementor-size-default\">Clavularia Sp<\/h3>\t\t\t\t<\/div>\n\t\t\t\t<\/div>\n\t\t\t\t<div class=\"elementor-element elementor-element-3e644fc elementor-widget-divider--separator-type-pattern elementor-widget-divider--view-line elementor-widget elementor-widget-divider\" data-id=\"3e644fc\" data-element_type=\"widget\" data-e-type=\"widget\" data-widget_type=\"divider.default\">\n\t\t\t\t<div class=\"elementor-widget-container\">\n\t\t\t\t\t\t\t<div class=\"elementor-divider\" style=\"--divider-pattern-url: url(&quot;data:image\/svg+xml,%3Csvg xmlns=&#039;http:\/\/www.w3.org\/2000\/svg&#039; preserveAspectRatio=&#039;none&#039; overflow=&#039;visible&#039; height=&#039;100%&#039; viewBox=&#039;0 0 24 24&#039; fill=&#039;none&#039; stroke=&#039;black&#039; stroke-width=&#039;7&#039; stroke-linecap=&#039;square&#039; stroke-miterlimit=&#039;10&#039;%3E%3Cpath d=&#039;M0,6c6,0,6,13,12,13S18,6,24,6&#039;\/%3E%3C\/svg%3E&quot;);\">\n\t\t\t<span class=\"elementor-divider-separator\">\n\t\t\t\t\t\t<\/span>\n\t\t<\/div>\n\t\t\t\t\t\t<\/div>\n\t\t\t\t<\/div>\n\t\t\t\t<div class=\"elementor-element elementor-element-684df36 elementor-widget elementor-widget-spacer\" data-id=\"684df36\" data-element_type=\"widget\" data-e-type=\"widget\" data-widget_type=\"spacer.default\">\n\t\t\t\t<div class=\"elementor-widget-container\">\n\t\t\t\t\t\t\t<div class=\"elementor-spacer\">\n\t\t\t<div class=\"elementor-spacer-inner\"><\/div>\n\t\t<\/div>\n\t\t\t\t\t\t<\/div>\n\t\t\t\t<\/div>\n\t\t\t\t<div class=\"elementor-element elementor-element-4122ce2 elementor-widget elementor-widget-text-editor\" data-id=\"4122ce2\" data-element_type=\"widget\" data-e-type=\"widget\" data-widget_type=\"text-editor.default\">\n\t\t\t\t<div class=\"elementor-widget-container\">\n\t\t\t\t\t\t\t\t\t<p><img fetchpriority=\"high\" decoding=\"async\" class=\"size-medium wp-image-1138 alignleft\" src=\"https:\/\/proyectos.pgiovas.com\/alfaquarium\/wp-content\/uploads\/2020\/07\/clavularia_sp-300x300.jpg\" alt=\"\" width=\"300\" height=\"300\" srcset=\"https:\/\/proyectos.pgiovas.com\/alfaquarium\/wp-content\/uploads\/2020\/07\/clavularia_sp-300x300.jpg 300w, https:\/\/proyectos.pgiovas.com\/alfaquarium\/wp-content\/uploads\/2020\/07\/clavularia_sp-150x150.jpg 150w, https:\/\/proyectos.pgiovas.com\/alfaquarium\/wp-content\/uploads\/2020\/07\/clavularia_sp-370x370.jpg 370w, https:\/\/proyectos.pgiovas.com\/alfaquarium\/wp-content\/uploads\/2020\/07\/clavularia_sp-90x90.jpg 90w, https:\/\/proyectos.pgiovas.com\/alfaquarium\/wp-content\/uploads\/2020\/07\/clavularia_sp-406x406.jpg 406w, https:\/\/proyectos.pgiovas.com\/alfaquarium\/wp-content\/uploads\/2020\/07\/clavularia_sp-143x143.jpg 143w, https:\/\/proyectos.pgiovas.com\/alfaquarium\/wp-content\/uploads\/2020\/07\/clavularia_sp-400x400.jpg 400w, https:\/\/proyectos.pgiovas.com\/alfaquarium\/wp-content\/uploads\/2020\/07\/clavularia_sp-100x100.jpg 100w, https:\/\/proyectos.pgiovas.com\/alfaquarium\/wp-content\/uploads\/2020\/07\/clavularia_sp.jpg 500w\" sizes=\"(max-width: 300px) 100vw, 300px\" \/><\/p><p><strong>Nombre cient\u00edfico:<\/strong> Clavularia sp<br \/><strong>Nombre com\u00fan en ingl\u00e9s:<\/strong> Clove, glove polyp, waving hand coral<br \/><strong>Nombre com\u00fan en espa\u00f1ol:<\/strong> Clavularia<br \/><strong>Familia:<\/strong> Clavuriidae<br \/><strong>Origen:<\/strong> Indo Pac\u00edfico <br \/><strong>Par\u00e1metros ideales:<\/strong><br \/><strong>Salinidad:<\/strong> 1023 a 1025<br \/><strong>Temperatura:<\/strong> 23 a 26\u00ba C<br \/><strong>Calcio:<\/strong> 400 a 450 ppm<br \/><strong>Alcalinidad:<\/strong> 8 a 12 dKH<br \/><strong>Magnesio:<\/strong> 1200 a 1350<br \/><strong>Estroncio:<\/strong> 8 a 10<br \/><strong>PH:<\/strong> 8.10 a 8.40<br \/><br \/><strong>Informaci\u00f3n, cuidados y curiosidades: <\/strong>El nombre \u201cclove\u201d (la especia clavo) proviene de Indonesia, pero no se sabe a ciencia cierta por qu\u00e9 este coral fue llamado as\u00ed. \u00bfPosiblemente por que huele a clavo?. El coral Anthelia glauca es muy similar, pero pueden diferenciarse por que el Clavularia sp puede retraer completamente sus p\u00f3lipos, hasta que \u00fanicamente son visibles las cabezas de cada c\u00e1liz son visibles. El Anthelia puede desinflar sus p\u00f3lipos, pero sus tent\u00e1culos a\u00fan pueden ser visibles debido a que no puede retraerlos por completo dentro de sus c\u00e1lices. Los tallos de los p\u00f3lipos del coral Clavularia son grandes y poseen tent\u00e1culos que parecen plumas de aves. Cuando retrae sus p\u00f3lipos miden aproximadamente 2\u201d de largo, y al abrirlos pueden medir alrededor de 4\u201d. Generalmente son caf\u00e9 p\u00e1lido o grises.<\/p><p>Ese coral tambi\u00e9n es llamado p\u00f3lipo de ocho tent\u00e1culos o p\u00f3lipos incrustantes. Pueden ser caf\u00e9, marrones, rosas, verdes o blancos, y sus p\u00f3lipos tienen los distintivos 8 tent\u00e1culos caracter\u00edsticos de todos los miembros de esta familia. Son organismos que forman colonias, con muchos p\u00f3lipos sujetos a la misma pieza de roca o base, y forman una colonia o grupo tapizante. <\/p><p>En la naturaleza vive en las laderas de los arrecifes, con corrientes marinas fuertes. Tambi\u00e9n probablemente en las lagunas, en \u00e1reas con mucha sedimentaci\u00f3n. En cautiverio es un coral f\u00e1cil de mantener. Prefiere la iluminaci\u00f3n intensa y requiere adiciones constantes de elementos traza. Es de crecimiento r\u00e1pido y cubrir\u00e1 el sustrato sobre el cual viva, cubriendo todo lo que encuentre en su camino. Las algas filamentosas pueden ahogar a este coral. Es un coral que puede irritar, quemar o matar cualquier zoanthus que est\u00e9n cerca de \u00e9l, por lo que deben ser mantenidos a prudente distancia de ellos.<\/p><p>Las algas zooxantelas simbiontes que posee le proveen de la mayor\u00eda de los nutrientes que necesita, a trav\u00e9s de la fotos\u00edntesis. Tambi\u00e9n pueden ser alimentados semanalmente con micro plancton o alimentos comerciales dise\u00f1ados para invertebrados filtrantes.<\/p><p><strong><em>Fuentes del art\u00edculo:<\/em><\/strong><\/p><p><strong><em>Animal world y Pet education<\/em><em>\u00a0<\/em><\/strong><\/p><p><strong><em>Origen de la imagen:<\/em><\/strong><\/p><p><strong><em>http:\/\/www.starfish.ch<\/em><\/strong><\/p><p><strong><em>Colaboraci\u00f3n de:<\/em><\/strong><\/p><p><strong><em>Jessica Romero Saldivar (AtOmIcFaRt)<\/em><\/strong><\/p>\t\t\t\t\t\t\t\t<\/div>\n\t\t\t\t<\/div>\n\t\t\t\t\t<\/div>\n\t\t<\/div>\n\t\t\t\t\t<\/div>\n\t\t<\/section>\n\t\t\t\t<\/div>\n\t\t","protected":false},"excerpt":{"rendered":"<p>Clavularia Sp Nombre cient\u00edfico: Clavularia spNombre com\u00fan en ingl\u00e9s: Clove, glove polyp, waving hand coralNombre com\u00fan en espa\u00f1ol: ClavulariaFamilia: ClavuriidaeOrigen: Indo Pac\u00edfico Par\u00e1metros ideales:Salinidad: 1023 a 1025Temperatura: 23 a 26\u00ba CCalcio: 400 a 450 ppmAlcalinidad:&hellip;<\/p>\n","protected":false},"author":4,"featured_media":0,"parent":0,"menu_order":0,"comment_status":"closed","ping_status":"closed","template":"","meta":{"footnotes":""},"class_list":["post-2927","page","type-page","status-publish","hentry"],"_links":{"self":[{"href":"https:\/\/proyectos.pgiovas.com\/alfaquarium\/wp-json\/wp\/v2\/pages\/2927","targetHints":{"allow":["GET"]}}],"collection":[{"href":"https:\/\/proyectos.pgiovas.com\/alfaquarium\/wp-json\/wp\/v2\/pages"}],"about":[{"href":"https:\/\/proyectos.pgiovas.com\/alfaquarium\/wp-json\/wp\/v2\/types\/page"}],"author":[{"embeddable":true,"href":"https:\/\/proyectos.pgiovas.com\/alfaquarium\/wp-json\/wp\/v2\/users\/4"}],"replies":[{"embeddable":true,"href":"https:\/\/proyectos.pgiovas.com\/alfaquarium\/wp-json\/wp\/v2\/comments?post=2927"}],"version-history":[{"count":2,"href":"https:\/\/proyectos.pgiovas.com\/alfaquarium\/wp-json\/wp\/v2\/pages\/2927\/revisions"}],"predecessor-version":[{"id":2930,"href":"https:\/\/proyectos.pgiovas.com\/alfaquarium\/wp-json\/wp\/v2\/pages\/2927\/revisions\/2930"}],"wp:attachment":[{"href":"https:\/\/proyectos.pgiovas.com\/alfaquarium\/wp-json\/wp\/v2\/media?parent=2927"}],"curies":[{"name":"wp","href":"https:\/\/api.w.org\/{rel}","templated":true}]}}