{"id":2923,"date":"2020-08-10T21:13:31","date_gmt":"2020-08-10T21:13:31","guid":{"rendered":"http:\/\/alfaquarium.mx\/?page_id=2923"},"modified":"2020-08-10T21:19:18","modified_gmt":"2020-08-10T21:19:18","slug":"capnella-sp","status":"publish","type":"page","link":"https:\/\/proyectos.pgiovas.com\/alfaquarium\/capnella-sp","title":{"rendered":"Capnella Sp"},"content":{"rendered":"\t\t<div data-elementor-type=\"wp-page\" data-elementor-id=\"2923\" class=\"elementor elementor-2923\">\n\t\t\t\t\t\t<section class=\"elementor-section elementor-top-section elementor-element elementor-element-5346d8a elementor-section-boxed elementor-section-height-default elementor-section-height-default\" data-id=\"5346d8a\" data-element_type=\"section\" data-e-type=\"section\">\n\t\t\t\t\t\t<div class=\"elementor-container elementor-column-gap-default\">\n\t\t\t\t\t<div class=\"elementor-column elementor-col-100 elementor-top-column elementor-element elementor-element-528b2cf\" data-id=\"528b2cf\" data-element_type=\"column\" data-e-type=\"column\">\n\t\t\t<div class=\"elementor-widget-wrap elementor-element-populated\">\n\t\t\t\t\t\t<div class=\"elementor-element elementor-element-e28c2bc elementor-widget elementor-widget-heading\" data-id=\"e28c2bc\" data-element_type=\"widget\" data-e-type=\"widget\" data-widget_type=\"heading.default\">\n\t\t\t\t<div class=\"elementor-widget-container\">\n\t\t\t\t\t<h3 class=\"elementor-heading-title elementor-size-default\">Capnella Sp<\/h3>\t\t\t\t<\/div>\n\t\t\t\t<\/div>\n\t\t\t\t<div class=\"elementor-element elementor-element-277e55d elementor-widget elementor-widget-spacer\" data-id=\"277e55d\" data-element_type=\"widget\" data-e-type=\"widget\" data-widget_type=\"spacer.default\">\n\t\t\t\t<div class=\"elementor-widget-container\">\n\t\t\t\t\t\t\t<div class=\"elementor-spacer\">\n\t\t\t<div class=\"elementor-spacer-inner\"><\/div>\n\t\t<\/div>\n\t\t\t\t\t\t<\/div>\n\t\t\t\t<\/div>\n\t\t\t\t<div class=\"elementor-element elementor-element-9655ffc elementor-widget-divider--separator-type-pattern elementor-widget-divider--view-line elementor-widget elementor-widget-divider\" data-id=\"9655ffc\" data-element_type=\"widget\" data-e-type=\"widget\" data-widget_type=\"divider.default\">\n\t\t\t\t<div class=\"elementor-widget-container\">\n\t\t\t\t\t\t\t<div class=\"elementor-divider\" style=\"--divider-pattern-url: url(&quot;data:image\/svg+xml,%3Csvg xmlns=&#039;http:\/\/www.w3.org\/2000\/svg&#039; preserveAspectRatio=&#039;none&#039; overflow=&#039;visible&#039; height=&#039;100%&#039; viewBox=&#039;0 0 24 24&#039; fill=&#039;none&#039; stroke=&#039;black&#039; stroke-width=&#039;7&#039; stroke-linecap=&#039;square&#039; stroke-miterlimit=&#039;10&#039;%3E%3Cpath d=&#039;M0,6c6,0,6,13,12,13S18,6,24,6&#039;\/%3E%3C\/svg%3E&quot;);\">\n\t\t\t<span class=\"elementor-divider-separator\">\n\t\t\t\t\t\t<\/span>\n\t\t<\/div>\n\t\t\t\t\t\t<\/div>\n\t\t\t\t<\/div>\n\t\t\t\t<div class=\"elementor-element elementor-element-77e41d8 elementor-widget elementor-widget-text-editor\" data-id=\"77e41d8\" data-element_type=\"widget\" data-e-type=\"widget\" data-widget_type=\"text-editor.default\">\n\t\t\t\t<div class=\"elementor-widget-container\">\n\t\t\t\t\t\t\t\t\t<p><img fetchpriority=\"high\" decoding=\"async\" class=\"size-medium wp-image-1137 alignleft\" src=\"https:\/\/proyectos.pgiovas.com\/alfaquarium\/wp-content\/uploads\/2020\/07\/capnella_sp-300x300.jpg\" alt=\"\" width=\"300\" height=\"300\" srcset=\"https:\/\/proyectos.pgiovas.com\/alfaquarium\/wp-content\/uploads\/2020\/07\/capnella_sp-300x300.jpg 300w, https:\/\/proyectos.pgiovas.com\/alfaquarium\/wp-content\/uploads\/2020\/07\/capnella_sp-150x150.jpg 150w, https:\/\/proyectos.pgiovas.com\/alfaquarium\/wp-content\/uploads\/2020\/07\/capnella_sp-370x370.jpg 370w, https:\/\/proyectos.pgiovas.com\/alfaquarium\/wp-content\/uploads\/2020\/07\/capnella_sp-90x90.jpg 90w, https:\/\/proyectos.pgiovas.com\/alfaquarium\/wp-content\/uploads\/2020\/07\/capnella_sp-406x406.jpg 406w, https:\/\/proyectos.pgiovas.com\/alfaquarium\/wp-content\/uploads\/2020\/07\/capnella_sp-143x143.jpg 143w, https:\/\/proyectos.pgiovas.com\/alfaquarium\/wp-content\/uploads\/2020\/07\/capnella_sp-400x400.jpg 400w, https:\/\/proyectos.pgiovas.com\/alfaquarium\/wp-content\/uploads\/2020\/07\/capnella_sp-100x100.jpg 100w, https:\/\/proyectos.pgiovas.com\/alfaquarium\/wp-content\/uploads\/2020\/07\/capnella_sp.jpg 500w\" sizes=\"(max-width: 300px) 100vw, 300px\" \/><\/p><p><strong>Nombre cient\u00edfico:<\/strong> Capnella sp<br \/><strong>Nombre com\u00fan en ingl\u00e9s:<\/strong> Kenya tree coral<br \/><strong>Nombre com\u00fan en espa\u00f1ol:<\/strong> Coral \u00e1rbol de Kenya<br \/><strong>Familia:<\/strong> Nephteidae<br \/><strong>Origen:<\/strong> Indo Pac\u00edfico y Mar Rojo <br \/><strong>Par\u00e1metros ideales:<\/strong><br \/><strong>Salinidad:<\/strong> 1023 a 1025<br \/><strong>Temperatura:<\/strong> 23 a 26\u00ba C<br \/><strong>Calcio:<\/strong> 400 a 450 ppm<br \/><strong>Alcalinidad:<\/strong> 8 a 12 dKH<br \/><strong>Magnesio:<\/strong> 1200 a 1350<br \/><strong>Estroncio:<\/strong> 8 a 10<br \/><strong>PH:<\/strong> 8.10 a 8.40<br \/><br \/><strong>Informaci\u00f3n, cuidados y curiosidades: <\/strong>Los corales del g\u00e9nero Capnella fueron descritos por Gray en 1869. Existen alrededor de 21 especies, unas de las cuales son C. Arbuscula, C. Erecta, C. Gaboensis, C. Imbricata, C. Rubiformis\u00a0 y C. Watsonae.<\/p><p>Estos corales son originarios del Indo Pac\u00edfico y del Mar Rojo.<\/p><p>Los corales de este g\u00e9nero tienden a crecer en las profundidades de las laderas de los arrecifes, donde el agua es clara y las corrientes son fuertes. Cubren grandes extensiones, a profundidades de alrededor de 6 m, colonizando las duras superficies de las rocas y los corales.<\/p><p>Estos corales tienen una estructura erecta de forma arborescente, con ramas laterales que est\u00e1n muy bifurcadas. En la punta de cada rama tienen racimos de p\u00f3lipos que no pueden retraerse. La corta base del tallo es tersa y carece de p\u00f3lipos. Aunque el tallo sea liso, tiene sclerites, los cuales hacen que la superficie sea \u00e1spera. Los sclerites son peque\u00f1os cuerpos formados de calcio, parecidos a arroces peque\u00f1os, que ayudan a soportar el coral. Estos sclerites le dan a la superficie del coral un tacto \u00e1spero, m\u00e1s que viscoso. Entre sus tallos y las ramas poseen canales \u201cgastrovasculares\u201d que les permiten expulsar el agua y colapsarse.<\/p><p>Algunas especies son rechonchas y bajas, y sus colonias tienen ramas cortas y gruesas que brotan de un tallo com\u00fan y grueso. En las puntas de estas ramas poseen varios grupos de p\u00f3lipos que adoptan una forma parecida a la de las puntas de los hisopos o Q-Tips. En las especies ramificantes, los agrupamientos de p\u00f3lipos\u00a0 se extienden desde el inicio de la rama, y se extienden hasta la punta. Estas ramas crecen a partir de un gran tallo central que generalmente crece hacia arriba. El coral C. Imbricata forma colonias bajas y compactas con ramas que crecen hacia arriba a partir del tallo central y sus p\u00f3lipos est\u00e1n hacinados.<\/p><p>Los p\u00f3lipos de los corales del g\u00e9nero Capnella no pueden retraerse. Los colores de sus tallos generalmente son crema o caf\u00e9, y algunos tienen un tinte verdoso. Los colores de sus p\u00f3lipos pueden ser caf\u00e9 o caf\u00e9 verdoso o algunas otras variaciones de color. Se sabe que estos corales tambi\u00e9n pueden cambiar su coloraci\u00f3n. Dependiendo de la especie, pueden medir de 15 a 41 cm.<\/p><p>Estos corales pueden ser de f\u00e1ciles a moderados de mantener en cautiverio. Provienen de un medio ambiente rico en nutrientes, por lo que dependen m\u00e1s de alimentos como el phytoplankton que de la luz. Estos corales no necesitan estar bajo la iluminaci\u00f3n proporcionada por l\u00e1mparas MH, pero s\u00ed necesitan una buena corriente de agua turbulenta. Jam\u00e1s deben ser expuestos al agua dulce cuando se repone la evaporaci\u00f3n del acuario, pues esto estresa mucho a estos corales y puede llegar a matarlos.<\/p><p>En la naturaleza estos corales han desarrollado diversas estrategias para alimentarse y nutrirse. Capturan part\u00edculas microsc\u00f3picas de alimento, pueden absorber materia org\u00e1nica disuelta en la columna de agua y de sus algas zooxantelas simbi\u00f3ticas reciben parte de los nutrientes que necesitan.<\/p><p>En cautiverio, aunque utilizan las algas simbi\u00f3ticas que viven entre sus tejidos, dependen m\u00e1s de las fuentes de alimento exteriores para sobrevivir. Pueden ser alimentados con microplankton, phytoplankton y alimentos similares. Cuando en el acuario hay peces, los nutrientes disueltos que producen tambi\u00e9n ser\u00e1n aprovechados por estos corales. Hay que experimentar con diferentes preparaciones comerciales de phytoplankton, para saber qu\u00e9 especies prefieren.<\/p><p>Estos corales producen toxinas para mantener a raya a los corales que podr\u00edan incrustarse sobre ellos, aunque tambi\u00e9n puede ser susceptible a las toxinas que producen otros corales. Si la colonia es muy grande, las toxinas que producen podr\u00edan afectar a los corales duros, aunque de todo el g\u00e9nero de la familia Nephtheidae, el Capnella es el menos t\u00f3xico.<\/p><p>Parece que esto depende del tama\u00f1o de la colonia de estos corales y el tama\u00f1o de los dem\u00e1s corales. Por ejemplo, un acuarista nota que estos corales no parecen estar muy bien en un acuario con una gran colonia de corales Xenia. Despu\u00e9s de remover a los Xenia, el coral Capnella crece y prospera, pero el acuarista no puede hacer que el Xenia vuelva a crecer y prosperar en el acuario.<\/p><p>Para remover parte de los qu\u00edmicos que producen los corales en sus guerras qu\u00edmicas puede utilizarse carb\u00f3n activo.<\/p><p>\u201cEn un acuario de 150 litros con unos frags peque\u00f1os de Montipora, tambi\u00e9n ten\u00eda un Capnella de 4\u201d. Me preguntaba por qu\u00e9 mis frags de Montipora no crec\u00edan, pues supon\u00eda que el coral Capnella era inofensivo e inocente. Todos los par\u00e1metros del acuario estaban bien. Despu\u00e9s de leer acerca de las guerras qu\u00edmicas entre los corales blandos y los SPS, decid\u00ed remover del acuario al coral Capnella (y le busqu\u00e9 un buen hogar nuevo). Poco tiempo despu\u00e9s, mis frags de Montipora empezaron a crecer r\u00e1pido\u201d. Carrie McBirney.<\/p><p>Estos corales se reproducen por brotes, fisi\u00f3n y desprendi\u00e9ndose de peque\u00f1as ramas. Son muy f\u00e1ciles de propagar. La constricci\u00f3n es lo mejor, apretando poco a poco una rama utilizando una liga hasta que la rama se desprenda por s\u00ed misma.<\/p><p>La mejor manera para adherir el fragmento sobre alguna superficie es utilizando un palillo de dientes de pl\u00e1stico. Hay que empalar el frag a trav\u00e9s del centro de su tallo con el palillo bien arriba de la incisi\u00f3n para asegurarnos de que no se desgarre su tejido. Hay que pegar con cianoacrilato los dos extremos del palillo en el plug o en la roca viva, para mantener al coral en su sitio y permitirle que se adhiera naturalmente.<\/p><p>Estos corales son muy susceptibles al estr\u00e9s que les produce el transporte. A veces las criaturas comensales que viven entre sus ramas mueren durante el transporte y esto afecta tambi\u00e9n al coral.<\/p><p>En el acuario, que el coral siempre permanezca desinflado o se vea deteriorado indica que debemos actuar r\u00e1pido. Los corales blandos pueden contaminar el agua del acuario al morir, o pueden infectar a los dem\u00e1s corales si est\u00e1n enfermos.<\/p><p><em><strong>Fuentes del art\u00edculo:<\/strong><\/em><\/p><p><strong><em>Animal world<\/em><em>\u00a0<\/em><\/strong><\/p><p><strong><em>Origen de la imagen:<\/em><\/strong><\/p><p><strong><em>http:\/\/rockethead.net<\/em><\/strong><\/p><p><strong><em>Colaboraci\u00f3n de:<\/em><\/strong><\/p><p><strong><em>Jessica Romero Saldivar (AtOmIcFaRt)<\/em><\/strong><\/p>\t\t\t\t\t\t\t\t<\/div>\n\t\t\t\t<\/div>\n\t\t\t\t\t<\/div>\n\t\t<\/div>\n\t\t\t\t\t<\/div>\n\t\t<\/section>\n\t\t\t\t<\/div>\n\t\t","protected":false},"excerpt":{"rendered":"<p>Capnella Sp Nombre cient\u00edfico: Capnella spNombre com\u00fan en ingl\u00e9s: Kenya tree coralNombre com\u00fan en espa\u00f1ol: Coral \u00e1rbol de KenyaFamilia: NephteidaeOrigen: Indo Pac\u00edfico y Mar Rojo Par\u00e1metros ideales:Salinidad: 1023 a 1025Temperatura: 23 a 26\u00ba CCalcio: 400&hellip;<\/p>\n","protected":false},"author":4,"featured_media":0,"parent":0,"menu_order":0,"comment_status":"closed","ping_status":"closed","template":"","meta":{"footnotes":""},"class_list":["post-2923","page","type-page","status-publish","hentry"],"_links":{"self":[{"href":"https:\/\/proyectos.pgiovas.com\/alfaquarium\/wp-json\/wp\/v2\/pages\/2923","targetHints":{"allow":["GET"]}}],"collection":[{"href":"https:\/\/proyectos.pgiovas.com\/alfaquarium\/wp-json\/wp\/v2\/pages"}],"about":[{"href":"https:\/\/proyectos.pgiovas.com\/alfaquarium\/wp-json\/wp\/v2\/types\/page"}],"author":[{"embeddable":true,"href":"https:\/\/proyectos.pgiovas.com\/alfaquarium\/wp-json\/wp\/v2\/users\/4"}],"replies":[{"embeddable":true,"href":"https:\/\/proyectos.pgiovas.com\/alfaquarium\/wp-json\/wp\/v2\/comments?post=2923"}],"version-history":[{"count":2,"href":"https:\/\/proyectos.pgiovas.com\/alfaquarium\/wp-json\/wp\/v2\/pages\/2923\/revisions"}],"predecessor-version":[{"id":2925,"href":"https:\/\/proyectos.pgiovas.com\/alfaquarium\/wp-json\/wp\/v2\/pages\/2923\/revisions\/2925"}],"wp:attachment":[{"href":"https:\/\/proyectos.pgiovas.com\/alfaquarium\/wp-json\/wp\/v2\/media?parent=2923"}],"curies":[{"name":"wp","href":"https:\/\/api.w.org\/{rel}","templated":true}]}}