{"id":2919,"date":"2020-08-10T21:02:41","date_gmt":"2020-08-10T21:02:41","guid":{"rendered":"http:\/\/alfaquarium.mx\/?page_id=2919"},"modified":"2020-08-10T21:07:42","modified_gmt":"2020-08-10T21:07:42","slug":"briareum-stechei","status":"publish","type":"page","link":"https:\/\/proyectos.pgiovas.com\/alfaquarium\/briareum-stechei","title":{"rendered":"Briareum Stechei"},"content":{"rendered":"\t\t<div data-elementor-type=\"wp-page\" data-elementor-id=\"2919\" class=\"elementor elementor-2919\">\n\t\t\t\t\t\t<section class=\"elementor-section elementor-top-section elementor-element elementor-element-faa94af elementor-section-boxed elementor-section-height-default elementor-section-height-default\" data-id=\"faa94af\" data-element_type=\"section\" data-e-type=\"section\">\n\t\t\t\t\t\t<div class=\"elementor-container elementor-column-gap-default\">\n\t\t\t\t\t<div class=\"elementor-column elementor-col-100 elementor-top-column elementor-element elementor-element-ea6269b\" data-id=\"ea6269b\" data-element_type=\"column\" data-e-type=\"column\">\n\t\t\t<div class=\"elementor-widget-wrap elementor-element-populated\">\n\t\t\t\t\t\t<div class=\"elementor-element elementor-element-bcf88d5 elementor-widget elementor-widget-heading\" data-id=\"bcf88d5\" data-element_type=\"widget\" data-e-type=\"widget\" data-widget_type=\"heading.default\">\n\t\t\t\t<div class=\"elementor-widget-container\">\n\t\t\t\t\t<h3 class=\"elementor-heading-title elementor-size-default\">Briareum Stechei<\/h3>\t\t\t\t<\/div>\n\t\t\t\t<\/div>\n\t\t\t\t<div class=\"elementor-element elementor-element-fe671cc elementor-widget elementor-widget-spacer\" data-id=\"fe671cc\" data-element_type=\"widget\" data-e-type=\"widget\" data-widget_type=\"spacer.default\">\n\t\t\t\t<div class=\"elementor-widget-container\">\n\t\t\t\t\t\t\t<div class=\"elementor-spacer\">\n\t\t\t<div class=\"elementor-spacer-inner\"><\/div>\n\t\t<\/div>\n\t\t\t\t\t\t<\/div>\n\t\t\t\t<\/div>\n\t\t\t\t<div class=\"elementor-element elementor-element-2198427 elementor-widget-divider--separator-type-pattern elementor-widget-divider--view-line elementor-widget elementor-widget-divider\" data-id=\"2198427\" data-element_type=\"widget\" data-e-type=\"widget\" data-widget_type=\"divider.default\">\n\t\t\t\t<div class=\"elementor-widget-container\">\n\t\t\t\t\t\t\t<div class=\"elementor-divider\" style=\"--divider-pattern-url: url(&quot;data:image\/svg+xml,%3Csvg xmlns=&#039;http:\/\/www.w3.org\/2000\/svg&#039; preserveAspectRatio=&#039;none&#039; overflow=&#039;visible&#039; height=&#039;100%&#039; viewBox=&#039;0 0 24 24&#039; fill=&#039;none&#039; stroke=&#039;black&#039; stroke-width=&#039;7&#039; stroke-linecap=&#039;square&#039; stroke-miterlimit=&#039;10&#039;%3E%3Cpath d=&#039;M0,6c6,0,6,13,12,13S18,6,24,6&#039;\/%3E%3C\/svg%3E&quot;);\">\n\t\t\t<span class=\"elementor-divider-separator\">\n\t\t\t\t\t\t<\/span>\n\t\t<\/div>\n\t\t\t\t\t\t<\/div>\n\t\t\t\t<\/div>\n\t\t\t\t<div class=\"elementor-element elementor-element-2974250 elementor-widget elementor-widget-text-editor\" data-id=\"2974250\" data-element_type=\"widget\" data-e-type=\"widget\" data-widget_type=\"text-editor.default\">\n\t\t\t\t<div class=\"elementor-widget-container\">\n\t\t\t\t\t\t\t\t\t<p><img fetchpriority=\"high\" decoding=\"async\" class=\"size-medium wp-image-1136 alignleft\" src=\"https:\/\/proyectos.pgiovas.com\/alfaquarium\/wp-content\/uploads\/2020\/07\/briareum_stechei-300x300.jpg\" alt=\"\" width=\"300\" height=\"300\" srcset=\"https:\/\/proyectos.pgiovas.com\/alfaquarium\/wp-content\/uploads\/2020\/07\/briareum_stechei-300x300.jpg 300w, https:\/\/proyectos.pgiovas.com\/alfaquarium\/wp-content\/uploads\/2020\/07\/briareum_stechei-150x150.jpg 150w, https:\/\/proyectos.pgiovas.com\/alfaquarium\/wp-content\/uploads\/2020\/07\/briareum_stechei-370x370.jpg 370w, https:\/\/proyectos.pgiovas.com\/alfaquarium\/wp-content\/uploads\/2020\/07\/briareum_stechei-90x90.jpg 90w, https:\/\/proyectos.pgiovas.com\/alfaquarium\/wp-content\/uploads\/2020\/07\/briareum_stechei-406x406.jpg 406w, https:\/\/proyectos.pgiovas.com\/alfaquarium\/wp-content\/uploads\/2020\/07\/briareum_stechei-143x143.jpg 143w, https:\/\/proyectos.pgiovas.com\/alfaquarium\/wp-content\/uploads\/2020\/07\/briareum_stechei-400x400.jpg 400w, https:\/\/proyectos.pgiovas.com\/alfaquarium\/wp-content\/uploads\/2020\/07\/briareum_stechei-100x100.jpg 100w, https:\/\/proyectos.pgiovas.com\/alfaquarium\/wp-content\/uploads\/2020\/07\/briareum_stechei.jpg 500w\" sizes=\"(max-width: 300px) 100vw, 300px\" \/><\/p><p><strong>Nombre cient\u00edfico:<\/strong> Briareum stechei<br \/><strong>Nombre com\u00fan en ingl\u00e9s:<\/strong> Pacific encrusting gorgonian<br \/><strong>Nombre com\u00fan en espa\u00f1ol:<\/strong> Coral gorgonia incrustante del Pac\u00edfico<br \/><strong>Familia:<\/strong> Briareidae<br \/><strong>Origen:<\/strong> Oc\u00e9anos Pac\u00edfico y Atl\u00e1ntico <br \/><strong>Par\u00e1metros ideales:<\/strong><br \/><strong>Salinidad:<\/strong> 1023 a 1025<br \/><strong>Temperatura:<\/strong> 23 a 26\u00ba C<br \/><strong>Calcio:<\/strong> 400 a 450 ppm<br \/><strong>Alcalinidad:<\/strong> 8 a 12 dKH<br \/><strong>Magnesio:<\/strong> 1200 a 1350<br \/><strong>Estroncio:<\/strong> 8 a 10<br \/><strong>PH:<\/strong> 8.10 a 8.40<br \/><br \/><strong>Informaci\u00f3n, cuidados y curiosidades: <\/strong>El g\u00e9nero Briareum fue descrito por de Blainville en 1930. Hay alrededor de 8 especies, y estas son B. Asbestinum, B. Contortum, B. Excavata, B. Gorgonoideum, B. Grandiflorum, B. Hamrum, B. Palmachristi y B. Stechei.<\/p><p>El coral gorgonia incrustante B. Stechei fue descubierto por Kukenthal en 1908.<\/p><p>Este g\u00e9nero de corales ha sido propagado en cautiverio.<\/p><p>Los verdaderos p\u00f3lipos estrella o los p\u00f3lipos estrella del Pac\u00edfico son del g\u00e9nero Pachyclavularia. Tienen un tapiz de coloraci\u00f3n p\u00farpura a rojiza y sus tent\u00e1culos son muy verdes, amarillos o verde claro.<\/p><p>El g\u00e9nero Briareum es originario de los Oc\u00e9anos Atl\u00e1ntico y Pac\u00edfico. En el Oc\u00e9ano Atl\u00e1ntico Occidental pueden encontrarse a lo largo de las costas de EEUU y Canad\u00e1, y tambi\u00e9n en el Caribe.<\/p><p>El g\u00e9nero Briareum es muy com\u00fan y pueden encontrarse en todas las \u00e1reas arrecifales. Pueden encontrarse bajo diferentes corrientes de agua, fuerte o baja. Tambi\u00e9n pueden vivir en aguas cristalinas o turbias por los sedimentos y ricas en nutrientes, y bajo diferentes intensidades de iluminaci\u00f3n. Estos corales viven a profundidades que van de 1 a 40 m. Algunas especies, como el incrustante B. Stechei, pueden vivir incluso en aguas tan someras que llegan al tobillo. <\/p><p>El g\u00e9nero Briareum son corales gorgonia incrustantes. Forman tapetes que pueden ser gris purp\u00fareo o marr\u00f3n, con c\u00e1lices ligeramente elevados que m\u00e1s que tubos son peque\u00f1as protuberancias. Fuera de esas proyecciones est\u00e1n los p\u00f3lipos parecidos a pasto, que pueden ser caf\u00e9s, rosas o verdes. Los tent\u00e1culos de las especies originarias del Pac\u00edfico generalmente son verdes, mientras que las originarias del Atl\u00e1ntico generalmente son caf\u00e9s.<\/p><p>El coral B. Stechei es muy parecido a los p\u00f3lipos estrella del g\u00e9nero Pachyclavularia. Algunos expertos consideran a estas dos especies sin\u00f3nimas, y el g\u00e9nero Pachyclavularia podr\u00eda ser reclasificado como Briareum. Sin embargo, por ahora, el g\u00e9nero Pachyclavularia generalmente se distingue por el tapete p\u00farpura brillante o rojizo que forma, y sus tent\u00e1culos verdes, amarillos o verde claros, mientras que las especies de Briareum generalmente tienen una base caf\u00e9 o marr\u00f3n. A diferencia de los verdaderos p\u00f3lipos estrella del g\u00e9nero Pachyclavularia, tambi\u00e9n pueden formar protrusiones verticales en forma de dedos desde su base y producen \u201cs\u00e1banas\u201d mucosas.<\/p><p>Las especies de Briareum provenientes del Atl\u00e1ntico pueden parecerse (aunque no est\u00e1n relacionadas) a las especies del g\u00e9nero Erythropodium. Se distinguen por que los p\u00f3lipos de los corales Briareum pueden residir en c\u00e1lices elevados o protuberancias en la superficie, mientras que las especies de Erythropodium tienen una superficie m\u00e1s lisa. Tambi\u00e9n pueden formar peque\u00f1as extensiones verticales que se elevan desde el tapete, las cuales casi nunca est\u00e1n presentes en las especies de Erythropodium.<\/p><p>En general la clasificaci\u00f3n de los corales gorgonia se lleva a cabo observando el tama\u00f1o de la colonia, su forma, el axis de su estructura, el color, la ubicaci\u00f3n de los p\u00f3lipos y el dise\u00f1o y forma de las ramas. Poni\u00e9ndonos un poco m\u00e1s t\u00e9cnicos, tambi\u00e9n se observa si el p\u00f3lipo es autozooide o siphozooide. Tambi\u00e9n se emplea la quimiotaxonom\u00eda, que es m\u00e1s exacta. Esta se utiliza para analizar los diferentes terpenoides u otros qu\u00edmicos que produce cada especie de gorgonia.<\/p><p>coral B. Stechei es muy f\u00e1cil de cuidar y mantener. Lo \u00fanico que necesita es movimiento de agua moderado a fuerte y turbulento. Acepta casi cualquier tipo de iluminaci\u00f3n, aunque crece m\u00e1s r\u00e1pido estando bajo iluminaci\u00f3n m\u00e1s fuerte. Puede ayudarle mantener la colonia sobre una roca que no est\u00e9 en contacto con las dem\u00e1s, o puede extenderse e invadir a los dem\u00e1s corales. Hay que tener precauci\u00f3n pues estos corales gorgonia son de los m\u00e1s nocivos que los cient\u00edficos conozcan.<\/p><p>En la naturaleza este coral ha desarrollado diferentes estrategias para nutrirse. Captura part\u00edculas microsc\u00f3picas de comida que flotan en la columna de agua y puede absorber materia org\u00e1nica disuelta. Al contrario de muchos corales gorgonia, el B. Asbestinum posee algas zooxantelas simbi\u00f3ticas, de las que tambi\u00e9n obtiene parte de los nutrientes que necesita.<\/p><p>En cautiverio, este coral usar\u00e1 sus zooxantelas y la luz para nutrirse, y tambi\u00e9n emplea una red mucosa para capturar part\u00edculas de comida. Hay que alimentarlo con artemias enriquecidas, nauplios y otros alimentos de tama\u00f1o similar.<\/p><p>Este coral es bastante agresivo, pues si se le permite crecer\u00e1 y se incrustar\u00e1 sobre los dem\u00e1s corales, pero prefiere crecer sobre otros corales gorgonia. Este g\u00e9nero necesita ser contenido, o invadir\u00e1 a todos los dem\u00e1s corales. Puede ser colocado sobre la arena, lejos de las rocas vivas, para mantenerlo bajo control. Ponerlo sobre las rocas vivas lo estimular\u00e1 a crecer sobre ellas y poco a poco sobre los corales.<\/p><p>El g\u00e9nero Briareum se formar\u00e1 de p\u00f3lipos hijas del borde de su tapete y tambi\u00e9n libera gametos en la columna de agua. Algunas especies pueden formar pl\u00e1nulas que se incuban en la superficie de la colonia.<\/p><p>Propagarlo es muy f\u00e1cil, pero es absolutamente indispensable utilizar guantes al hacerlo. Simplemente hay que cortar partes de las ramas o del tapete y pegarlos (con cianoacrilato) sobre una roca o plug.<\/p><p>Este coral es muy resistente y f\u00e1cil de mantener y cuidar. Sin embargo, tiene propensi\u00f3n a acumular detritos y a que las algas crezcan entre sus tallos si la corriente de agua no es fuerte o turbulenta.<\/p><p><strong><em>Fuentes del art\u00edculo:<\/em><\/strong><\/p><p><strong><em>Animal world<\/em><\/strong><\/p><p><strong><em>Origen de la imagen:<\/em><\/strong><\/p><p><strong><em>http:\/\/www.shop.rafa.pl<\/em><\/strong><\/p><p><strong><em>Colaboraci\u00f3n de:<\/em><\/strong><\/p><p><strong><em>Jessica Romero Saldivar (AtOmIcFaRt)<\/em><\/strong><\/p>\t\t\t\t\t\t\t\t<\/div>\n\t\t\t\t<\/div>\n\t\t\t\t\t<\/div>\n\t\t<\/div>\n\t\t\t\t\t<\/div>\n\t\t<\/section>\n\t\t\t\t<\/div>\n\t\t","protected":false},"excerpt":{"rendered":"<p>Briareum Stechei Nombre cient\u00edfico: Briareum stecheiNombre com\u00fan en ingl\u00e9s: Pacific encrusting gorgonianNombre com\u00fan en espa\u00f1ol: Coral gorgonia incrustante del Pac\u00edficoFamilia: BriareidaeOrigen: Oc\u00e9anos Pac\u00edfico y Atl\u00e1ntico Par\u00e1metros ideales:Salinidad: 1023 a 1025Temperatura: 23 a 26\u00ba CCalcio: 400&hellip;<\/p>\n","protected":false},"author":4,"featured_media":0,"parent":0,"menu_order":0,"comment_status":"closed","ping_status":"closed","template":"","meta":{"footnotes":""},"class_list":["post-2919","page","type-page","status-publish","hentry"],"_links":{"self":[{"href":"https:\/\/proyectos.pgiovas.com\/alfaquarium\/wp-json\/wp\/v2\/pages\/2919","targetHints":{"allow":["GET"]}}],"collection":[{"href":"https:\/\/proyectos.pgiovas.com\/alfaquarium\/wp-json\/wp\/v2\/pages"}],"about":[{"href":"https:\/\/proyectos.pgiovas.com\/alfaquarium\/wp-json\/wp\/v2\/types\/page"}],"author":[{"embeddable":true,"href":"https:\/\/proyectos.pgiovas.com\/alfaquarium\/wp-json\/wp\/v2\/users\/4"}],"replies":[{"embeddable":true,"href":"https:\/\/proyectos.pgiovas.com\/alfaquarium\/wp-json\/wp\/v2\/comments?post=2919"}],"version-history":[{"count":2,"href":"https:\/\/proyectos.pgiovas.com\/alfaquarium\/wp-json\/wp\/v2\/pages\/2919\/revisions"}],"predecessor-version":[{"id":2921,"href":"https:\/\/proyectos.pgiovas.com\/alfaquarium\/wp-json\/wp\/v2\/pages\/2919\/revisions\/2921"}],"wp:attachment":[{"href":"https:\/\/proyectos.pgiovas.com\/alfaquarium\/wp-json\/wp\/v2\/media?parent=2919"}],"curies":[{"name":"wp","href":"https:\/\/api.w.org\/{rel}","templated":true}]}}