{"id":2567,"date":"2020-08-06T21:12:41","date_gmt":"2020-08-06T21:12:41","guid":{"rendered":"http:\/\/alfaquarium.mx\/?page_id=2567"},"modified":"2020-08-07T20:31:49","modified_gmt":"2020-08-07T20:31:49","slug":"ascidias","status":"publish","type":"page","link":"https:\/\/proyectos.pgiovas.com\/alfaquarium\/ascidias","title":{"rendered":"Ascidias"},"content":{"rendered":"\t\t<div data-elementor-type=\"wp-page\" data-elementor-id=\"2567\" class=\"elementor elementor-2567\">\n\t\t\t\t\t\t<section class=\"elementor-section elementor-top-section elementor-element elementor-element-dc0e6a9 elementor-section-boxed elementor-section-height-default elementor-section-height-default\" data-id=\"dc0e6a9\" data-element_type=\"section\" data-e-type=\"section\">\n\t\t\t\t\t\t<div class=\"elementor-container elementor-column-gap-default\">\n\t\t\t\t\t<div class=\"elementor-column elementor-col-100 elementor-top-column elementor-element elementor-element-bc8a78d\" data-id=\"bc8a78d\" data-element_type=\"column\" data-e-type=\"column\">\n\t\t\t<div class=\"elementor-widget-wrap elementor-element-populated\">\n\t\t\t\t\t\t<div class=\"elementor-element elementor-element-c858795 elementor-widget elementor-widget-heading\" data-id=\"c858795\" data-element_type=\"widget\" data-e-type=\"widget\" data-widget_type=\"heading.default\">\n\t\t\t\t<div class=\"elementor-widget-container\">\n\t\t\t\t\t<h3 class=\"elementor-heading-title elementor-size-default\">Ascidias<\/h3>\t\t\t\t<\/div>\n\t\t\t\t<\/div>\n\t\t\t\t<div class=\"elementor-element elementor-element-b110451 elementor-widget elementor-widget-spacer\" data-id=\"b110451\" data-element_type=\"widget\" data-e-type=\"widget\" data-widget_type=\"spacer.default\">\n\t\t\t\t<div class=\"elementor-widget-container\">\n\t\t\t\t\t\t\t<div class=\"elementor-spacer\">\n\t\t\t<div class=\"elementor-spacer-inner\"><\/div>\n\t\t<\/div>\n\t\t\t\t\t\t<\/div>\n\t\t\t\t<\/div>\n\t\t\t\t<div class=\"elementor-element elementor-element-ce0b3fa elementor-widget-divider--separator-type-pattern elementor-widget-divider--view-line elementor-widget elementor-widget-divider\" data-id=\"ce0b3fa\" data-element_type=\"widget\" data-e-type=\"widget\" data-widget_type=\"divider.default\">\n\t\t\t\t<div class=\"elementor-widget-container\">\n\t\t\t\t\t\t\t<div class=\"elementor-divider\" style=\"--divider-pattern-url: url(&quot;data:image\/svg+xml,%3Csvg xmlns=&#039;http:\/\/www.w3.org\/2000\/svg&#039; preserveAspectRatio=&#039;none&#039; overflow=&#039;visible&#039; height=&#039;100%&#039; viewBox=&#039;0 0 24 24&#039; fill=&#039;none&#039; stroke=&#039;black&#039; stroke-width=&#039;7&#039; stroke-linecap=&#039;square&#039; stroke-miterlimit=&#039;10&#039;%3E%3Cpath d=&#039;M0,6c6,0,6,13,12,13S18,6,24,6&#039;\/%3E%3C\/svg%3E&quot;);\">\n\t\t\t<span class=\"elementor-divider-separator\">\n\t\t\t\t\t\t<\/span>\n\t\t<\/div>\n\t\t\t\t\t\t<\/div>\n\t\t\t\t<\/div>\n\t\t\t\t<div class=\"elementor-element elementor-element-d390be6 elementor-widget elementor-widget-text-editor\" data-id=\"d390be6\" data-element_type=\"widget\" data-e-type=\"widget\" data-widget_type=\"text-editor.default\">\n\t\t\t\t<div class=\"elementor-widget-container\">\n\t\t\t\t\t\t\t\t\t<p><img decoding=\"async\" class=\"size-full wp-image-2572 alignleft\" src=\"https:\/\/proyectos.pgiovas.com\/alfaquarium\/wp-content\/uploads\/2020\/08\/ascidias1.png\" alt=\"\" width=\"188\" height=\"169\" \/><\/p><p><em><strong>Didemnum molle (tunicado colonial de barril verde): de aspecto superficialmente esponjoso pero mucho m\u00e1s complicado, con una respuesta de retracci\u00f3n r\u00e1pida cuando se toca.<\/strong><\/em><\/p><p>Superficialmente aparentemente simple, los tunicados son animales complicados estrechamente relacionados con los peces. Durante sus estad\u00edos larvales, poseen una estructura de columna vertebral, que los vincula a los vertebrados. Adem\u00e1s, la faringe de las ascidias est\u00e1 perforada, como en las branquias de los peces. Son animales altamente derivados con etapas de vida similares a las de los peces e invertebrados.<\/p><p>Hay alrededor de 1,200 especies de ascidiaceanos, tambi\u00e9n conocidos como tunicados o chorros de mar. Los adultos son todos animales s\u00e9siles, que viven en bent\u00f3nicos, que se alimentan de la suspensi\u00f3n ciliar-mucosa. Aunque hay muchas especies completamente solitarias, muchas otras son tipificadas por individuos que provienen de un padre para formar una colonia de clones. Algunas de estas especies cl\u00f3nicas tienen individuos m\u00e1s o menos separados, o zooides (estos son llamados tunicados sociales o gregarios), mientras que en otros muchos miles de zooides comparten una t\u00fanica com\u00fan (a estos se les llama tunicados compuestos o coloniales). Todos los tunicados se sujetan al sustrato con su t\u00fanica de celulosa.<\/p><p><img decoding=\"async\" class=\"size-full wp-image-2573 alignleft\" src=\"https:\/\/proyectos.pgiovas.com\/alfaquarium\/wp-content\/uploads\/2020\/08\/ascidias2.png\" alt=\"\" width=\"190\" height=\"171\" \/><strong><em>Clavelina robusta (tunicado colonial): una especie muy com\u00fan del Indo-Pac\u00edfico que puede llegar en roca viva. Se alimenta de part\u00edculas finas suspendidas.<\/em><\/strong><\/p><p>Hay dos aperturas de t\u00fanica, los sifones incurrentes (branquial) y excurrentes (atrial). El agua ingresa al animal a trav\u00e9s del sif\u00f3n incurrente y pasa a trav\u00e9s de una gran regi\u00f3n filtrante, llamada canasta branquial. Aqu\u00ed, peque\u00f1as rendijas en los tejidos permiten que el agua pase mientras se filtran los alimentos. El agua se bombea a trav\u00e9s de la canasta por la acci\u00f3n de los cilios que recubren los bordes de las hendiduras branquiales. El material particulado muy fino, principalmente bacterioplancton, se filtra del agua y se recoge en la capa mucosa que recubre la cesta branquial. Los tunicados son dosificadores de suspensi\u00f3n impresionantemente efectivos. Incluso los peque\u00f1os pueden filtrar cientos de litros de agua por d\u00eda y eliminar m\u00e1s del 95 por ciento de las bacterias.<\/p><p>El n\u00famero, la forma y la posici\u00f3n de estas ranuras son algunas de las principales caracter\u00edsticas taxon\u00f3micas, pero gran parte de la taxonom\u00eda de tunicados actualmente existente, particularmente de tunicados compuestos, simplemente est\u00e1 desactualizada y no es confiable. Trabajos recientes indican que muchas especies permanecen sin describir o est\u00e1n mal descritas. Como regla general, es simplemente imposible identificar la mayor\u00eda de los tunicados a nivel de especie mediante examen visual. El examen microsc\u00f3pico de las estructuras internas es una necesidad absoluta, particularmente en tunicados compuestos.<\/p>\t\t\t\t\t\t\t\t<\/div>\n\t\t\t\t<\/div>\n\t\t\t\t<div class=\"elementor-element elementor-element-8b58429 elementor-widget elementor-widget-text-editor\" data-id=\"8b58429\" data-element_type=\"widget\" data-e-type=\"widget\" data-widget_type=\"text-editor.default\">\n\t\t\t\t<div class=\"elementor-widget-container\">\n\t\t\t\t\t\t\t\t\t<p><img decoding=\"async\" class=\"size-full wp-image-2575 alignleft\" src=\"https:\/\/proyectos.pgiovas.com\/alfaquarium\/wp-content\/uploads\/2020\/08\/Polycarpa-aurata.png\" alt=\"\" width=\"188\" height=\"169\" \/><\/p><p><strong>Nombre cient\u00edfico:<\/strong> Polycarpa aurata<br \/><strong>Nombre com\u00fan en ingl\u00e9s:<\/strong> Giant Pacific Tunicate<br \/><strong>Nombre com\u00fan es espa\u00f1ol:<\/strong> Ascidia Dorada<br \/><strong>Tama\u00f1o m\u00e1ximo:<\/strong> Hasta 8 pulgadas (20 cm) de di\u00e1metro. La mayor\u00eda m\u00e1s peque\u00f1os.<br \/><strong>Extensi\u00f3n:<\/strong> Indo Pac\u00edfico<br \/><strong>Tama\u00f1o m\u00ednimo de acuario:<\/strong> Tanques grandes, 100 galones (380 lts) o m\u00e1s.<br \/><strong>Iluminaci\u00f3n:<\/strong> Irrelevante.<\/p><p><strong>Alimento y Alimentaci\u00f3n:<\/strong> Alimentador de suspensi\u00f3n; necesita mucho alimento finamente particulado. Es necesario suplemento bacterial.<\/p><p><strong>Conveniencia y Compatibilidad con el acuario de arrecife:<\/strong> Pobre supervivencia en cautiverio. La mayor\u00eda muere de desnutrici\u00f3n debido a la falta de alimento planct\u00f3nico.<\/p><p><strong>Cuidado Cautivo:<\/strong> Este animal es un premio para cualquier amante de los invertebrados, pero necesita cuidados\u00a0 y alimentaci\u00f3n especiales para sobrevivir. Naranja, canela u oro, con parches o bandas de color violeta o marr\u00f3n. En la naturaleza, filtrar\u00e1 miles de litros de agua en un d\u00eda para eliminar su comida; en cautiverio, generalmente no tenemos suficientes bacterias o nano plancton para mantener viva esta especie. La suplementaci\u00f3n con fitoplancton puede ayudar, pero normalmente no consume este tipo de alimento. La mayor\u00eda de los tunicados secretan agentes antiincrustantes que pueden ser t\u00f3xicos, por lo que este gran animal puede crear problemas en los tanques. Si est\u00e1 bien mantenido y alimentado adecuadamente, puede producir gametos, y es posible que aparezcan individuos m\u00e1s peque\u00f1os en el acuario. Para acuaristas avanzados solamente.<\/p>\t\t\t\t\t\t\t\t<\/div>\n\t\t\t\t<\/div>\n\t\t\t\t<div class=\"elementor-element elementor-element-c4d65c0 elementor-widget elementor-widget-text-editor\" data-id=\"c4d65c0\" data-element_type=\"widget\" data-e-type=\"widget\" data-widget_type=\"text-editor.default\">\n\t\t\t\t<div class=\"elementor-widget-container\">\n\t\t\t\t\t\t\t\t\t<p><img loading=\"lazy\" decoding=\"async\" class=\"size-full wp-image-2577 alignleft\" src=\"https:\/\/proyectos.pgiovas.com\/alfaquarium\/wp-content\/uploads\/2020\/08\/Rhopalaea-spp.png\" alt=\"\" width=\"187\" height=\"168\" \/><\/p><p><strong>Nombre cient\u00edfico:<\/strong> Rhopalaea spp.<br \/><strong>Nombre com\u00fan en ingl\u00e9s:<\/strong> Cobalt Tunicates<br \/><strong>Nombre com\u00fan es espa\u00f1ol:<\/strong> Ascidia Cobalto<br \/><strong>Tama\u00f1o m\u00e1ximo:<\/strong> Hasta 3 pulgadas (7.6 cm) de di\u00e1metro. La mayor\u00eda m\u00e1s peque\u00f1os.<br \/><strong>Extensi\u00f3n: <\/strong>Mares Tropicales<br \/><strong>Tama\u00f1o m\u00ednimo de acuario:<\/strong> Tanques grandes, 100 galones (380 lts) o m\u00e1s.<br \/><strong>Iluminaci\u00f3n:<\/strong> Irrelevante.<\/p><p><strong>Alimento y Alimentaci\u00f3n:<\/strong> Alimentador de suspensi\u00f3n; necesita mucho alimento finamente particulado. Es necesario suplemento bacterial.<\/p><p><strong>Conveniencia y Compatibilidad con el acuario de arrecife:<\/strong> Pobre supervivencia en cautiverio. La mayor\u00eda muere de desnutrici\u00f3n debido a la falta de alimento planct\u00f3nico.<\/p><p><strong>Cuidado Cautivo:<\/strong> Incre\u00edblemente bellos, estos tunicados pueden ser bastante resistentes en cautiverio, pero solo si se les dan alimentos suficientes. Requieren temperaturas y salinidades normales en los arrecifes, pero necesitan la alimentaci\u00f3n experta de alimentos con part\u00edculas finas. Se puede probar la suplementaci\u00f3n con fitoplancton, pero esto puede potencialmente ser una dificultad para los animales ensuciando el aparato de filtraci\u00f3n. Un tanque de arrecife grande y establecido con mucho tiempo con un filtrado m\u00ednimo puede ser lo mejor para ellos. Estas especies son a menudo de color azul intenso con bandas de color contrastantes alrededor de los bordes del sif\u00f3n y se recorren en una banda por el costado. Tambi\u00e9n se ven a menudo t\u00fanicas transparentes o transl\u00facidas, sombreadas por azules o amarillos. Altamente t\u00f3xico, pero probablemente no sea molestado por ning\u00fan organismo en el tanque.<\/p>\t\t\t\t\t\t\t\t<\/div>\n\t\t\t\t<\/div>\n\t\t\t\t<div class=\"elementor-element elementor-element-4361df9 elementor-widget elementor-widget-text-editor\" data-id=\"4361df9\" data-element_type=\"widget\" data-e-type=\"widget\" data-widget_type=\"text-editor.default\">\n\t\t\t\t<div class=\"elementor-widget-container\">\n\t\t\t\t\t\t\t\t\t<p><img loading=\"lazy\" decoding=\"async\" class=\"size-full wp-image-2578 alignleft\" src=\"https:\/\/proyectos.pgiovas.com\/alfaquarium\/wp-content\/uploads\/2020\/08\/Clavelina-diminuta-Clavelina-moluccensis-Symplegma-viride.png\" alt=\"\" width=\"211\" height=\"190\" \/><\/p><p><strong>Nombre cient\u00edfico:<\/strong> Clavelina diminuta; Clavelina moluccensis; Symplegma viride<br \/><strong>Nombre com\u00fan en ingl\u00e9s:<\/strong> Orange Social Tunicate; Blue Social Tunicate; Encrusting Social Tunicate<br \/><strong>Nombre com\u00fan es espa\u00f1ol:<\/strong> Ascidia Colonial Naranja; Ascidia Colonial Azul; Ascidia Colonial Incrustante<br \/><strong>Tama\u00f1o m\u00e1ximo:<\/strong> Hasta 6 pulgadas (15 cm) de di\u00e1metro.<br \/><strong>Extensi\u00f3n: <\/strong>Mares Tropicales<br \/><strong>Tama\u00f1o m\u00ednimo de acuario:<\/strong> Tanques moderados, 50 galones (190 lts) o m\u00e1s.<br \/><strong>Iluminaci\u00f3n:<\/strong> Irrelevante.<\/p><p><strong>Alimento y Alimentaci\u00f3n:<\/strong> Alimentador de suspensi\u00f3n; necesita mucho alimento finamente particulado. Es necesario suplemento bacterial.<\/p><p><strong>Conveniencia y Compatibilidad con el acuario de arrecife:<\/strong> Pobre supervivencia en cautiverio. La mayor\u00eda muere de desnutrici\u00f3n debido a la falta grandes cantidades de alimento planct\u00f3nico.<\/p><p><strong>Cuidado Cautivo:<\/strong> Estos bonitos tunicados coloniales de aspecto delicado a veces se recogen en roca viva, pero normalmente viven unas pocas semanas o meses en el acuario. Una peque\u00f1a colonia puede obtener suficientes bacterias fuera del agua para sobrevivir, particularmente en tanques con una buena cama de arena. Si tienen suficiente comida, se reproducir\u00e1n. Individuos peque\u00f1os pero distintos crecen a partir de una base de propagaci\u00f3n com\u00fan. Forma zooides cil\u00edndricos que se elevan desde la parte inferior y tienen dos sifones visibles en la parte superior del cilindro. Los sifones a menudo rodeados de l\u00edneas delgadas de color altamente contrastante. Las conexiones inferiores a menudo oscurecen. Debe ser recolectado en un pedazo de sustrato para sobrevivir.<\/p>\t\t\t\t\t\t\t\t<\/div>\n\t\t\t\t<\/div>\n\t\t\t\t<div class=\"elementor-element elementor-element-42a248e elementor-widget elementor-widget-text-editor\" data-id=\"42a248e\" data-element_type=\"widget\" data-e-type=\"widget\" data-widget_type=\"text-editor.default\">\n\t\t\t\t<div class=\"elementor-widget-container\">\n\t\t\t\t\t\t\t\t\t<p><img loading=\"lazy\" decoding=\"async\" class=\"size-full wp-image-2579 alignleft\" src=\"https:\/\/proyectos.pgiovas.com\/alfaquarium\/wp-content\/uploads\/2020\/08\/Atriolum-robustum-Didemnum-molle.png\" alt=\"\" width=\"200\" height=\"180\" \/><\/p><p><strong>Nombre cient\u00edfico:<\/strong> Atriolum robustum; Didemnum molle<br \/><strong>Nombre com\u00fan en ingl\u00e9s:<\/strong> Indo-Pacific Green Barrel Colonial Tunicates<br \/><strong>Nombre com\u00fan es espa\u00f1ol:<\/strong> Ascidia Colonial de Barril<br \/><strong>Tama\u00f1o m\u00e1ximo:<\/strong> Colonias de hasta 2 pulgadas (5 cm) de di\u00e1metro.\u00a0 Rara vez m\u00e1s grandes.<br \/><strong>Extensi\u00f3n: <\/strong>Indo Pac\u00edfico<br \/><strong>Tama\u00f1o m\u00ednimo de acuario:<\/strong> Tanques peque\u00f1os, 10 galones (38 lts) o m\u00e1s.<br \/><strong>Iluminaci\u00f3n:<\/strong> Es beneficiosa una iluminaci\u00f3n brillante.<\/p><p><strong>Alimento y Alimentaci\u00f3n:<\/strong> Alimentador de suspensi\u00f3n; necesita mucho alimento finamente particulado. Es necesario suplemento bacterial.<\/p><p><strong>Conveniencia y Compatibilidad con el acuario de arrecife:<\/strong> Pobre supervivencia en cautiverio. La mayor\u00eda muere de desnutrici\u00f3n debido a la falta grandes cantidades de alimento planct\u00f3nico.<\/p><p><strong>Cuidado Cautivo:<\/strong> Estos chorros marinos forman colonias cil\u00edndricas en forma de barril con una \u00fanica abertura grande de cloaca o de excursi\u00f3n. Los sifones de corriente se encuentran en la superficie externa del ca\u00f1\u00f3n y tienden a ser diminutos en <em>Didemnum<\/em>; m\u00e1s grandes en <em>Atriolum<\/em>. Las colonias de <em>Didemnum<\/em> crecen hasta varias pulgadas de di\u00e1metro, los <em>Atriolum<\/em> son t\u00edpicamente de menos de 1.2 pulgadas (3 cm) de altura. Ambas son de color verde apagado debido a la presencia de una cianobacteria simbi\u00f3tica, <em>Prochloron,<\/em> que proporciona algunas de las necesidades nutricionales de la colonia. Son, sorprendentemente, relativamente m\u00f3viles y se mueven a trav\u00e9s de sustratos, probablemente en busca de mejores condiciones. Deber\u00eda funcionar bien en un tanque bien iluminado donde el simbionte puede ayudar a la colonia a obtener nutrici\u00f3n.<\/p>\t\t\t\t\t\t\t\t<\/div>\n\t\t\t\t<\/div>\n\t\t\t\t\t<\/div>\n\t\t<\/div>\n\t\t\t\t\t<\/div>\n\t\t<\/section>\n\t\t\t\t<\/div>\n\t\t","protected":false},"excerpt":{"rendered":"<p>Ascidias Didemnum molle (tunicado colonial de barril verde): de aspecto superficialmente esponjoso pero mucho m\u00e1s complicado, con una respuesta de retracci\u00f3n r\u00e1pida cuando se toca. Superficialmente aparentemente simple, los tunicados son animales complicados estrechamente relacionados&hellip;<\/p>\n","protected":false},"author":4,"featured_media":0,"parent":0,"menu_order":0,"comment_status":"closed","ping_status":"closed","template":"","meta":{"footnotes":""},"class_list":["post-2567","page","type-page","status-publish","hentry"],"_links":{"self":[{"href":"https:\/\/proyectos.pgiovas.com\/alfaquarium\/wp-json\/wp\/v2\/pages\/2567","targetHints":{"allow":["GET"]}}],"collection":[{"href":"https:\/\/proyectos.pgiovas.com\/alfaquarium\/wp-json\/wp\/v2\/pages"}],"about":[{"href":"https:\/\/proyectos.pgiovas.com\/alfaquarium\/wp-json\/wp\/v2\/types\/page"}],"author":[{"embeddable":true,"href":"https:\/\/proyectos.pgiovas.com\/alfaquarium\/wp-json\/wp\/v2\/users\/4"}],"replies":[{"embeddable":true,"href":"https:\/\/proyectos.pgiovas.com\/alfaquarium\/wp-json\/wp\/v2\/comments?post=2567"}],"version-history":[{"count":5,"href":"https:\/\/proyectos.pgiovas.com\/alfaquarium\/wp-json\/wp\/v2\/pages\/2567\/revisions"}],"predecessor-version":[{"id":2707,"href":"https:\/\/proyectos.pgiovas.com\/alfaquarium\/wp-json\/wp\/v2\/pages\/2567\/revisions\/2707"}],"wp:attachment":[{"href":"https:\/\/proyectos.pgiovas.com\/alfaquarium\/wp-json\/wp\/v2\/media?parent=2567"}],"curies":[{"name":"wp","href":"https:\/\/api.w.org\/{rel}","templated":true}]}}