{"id":2534,"date":"2020-08-06T19:04:12","date_gmt":"2020-08-06T19:04:12","guid":{"rendered":"http:\/\/alfaquarium.mx\/?page_id=2534"},"modified":"2020-08-06T19:27:58","modified_gmt":"2020-08-06T19:27:58","slug":"langostas","status":"publish","type":"page","link":"https:\/\/proyectos.pgiovas.com\/alfaquarium\/langostas","title":{"rendered":"Langostas"},"content":{"rendered":"\t\t<div data-elementor-type=\"wp-page\" data-elementor-id=\"2534\" class=\"elementor elementor-2534\">\n\t\t\t\t\t\t<section class=\"elementor-section elementor-top-section elementor-element elementor-element-2b02a61 elementor-section-full_width elementor-section-height-default elementor-section-height-default\" data-id=\"2b02a61\" data-element_type=\"section\" data-e-type=\"section\">\n\t\t\t\t\t\t<div class=\"elementor-container elementor-column-gap-default\">\n\t\t\t\t\t<div class=\"elementor-column elementor-col-100 elementor-top-column elementor-element elementor-element-14d6e12\" data-id=\"14d6e12\" data-element_type=\"column\" data-e-type=\"column\">\n\t\t\t<div class=\"elementor-widget-wrap elementor-element-populated\">\n\t\t\t\t\t\t<div class=\"elementor-element elementor-element-19d9364 elementor-widget elementor-widget-heading\" data-id=\"19d9364\" data-element_type=\"widget\" data-e-type=\"widget\" data-widget_type=\"heading.default\">\n\t\t\t\t<div class=\"elementor-widget-container\">\n\t\t\t\t\t<h3 class=\"elementor-heading-title elementor-size-default\">LANGOSTAS<\/h3>\t\t\t\t<\/div>\n\t\t\t\t<\/div>\n\t\t\t\t<div class=\"elementor-element elementor-element-a3f1e8b elementor-widget-divider--separator-type-pattern elementor-widget-divider--view-line elementor-widget elementor-widget-divider\" data-id=\"a3f1e8b\" data-element_type=\"widget\" data-e-type=\"widget\" data-widget_type=\"divider.default\">\n\t\t\t\t<div class=\"elementor-widget-container\">\n\t\t\t\t\t\t\t<div class=\"elementor-divider\" style=\"--divider-pattern-url: url(&quot;data:image\/svg+xml,%3Csvg xmlns=&#039;http:\/\/www.w3.org\/2000\/svg&#039; preserveAspectRatio=&#039;none&#039; overflow=&#039;visible&#039; height=&#039;100%&#039; viewBox=&#039;0 0 24 24&#039; fill=&#039;none&#039; stroke=&#039;black&#039; stroke-width=&#039;7&#039; stroke-linecap=&#039;square&#039; stroke-miterlimit=&#039;10&#039;%3E%3Cpath d=&#039;M0,6c6,0,6,13,12,13S18,6,24,6&#039;\/%3E%3C\/svg%3E&quot;);\">\n\t\t\t<span class=\"elementor-divider-separator\">\n\t\t\t\t\t\t<\/span>\n\t\t<\/div>\n\t\t\t\t\t\t<\/div>\n\t\t\t\t<\/div>\n\t\t\t\t<div class=\"elementor-element elementor-element-9cb28ba elementor-widget elementor-widget-text-editor\" data-id=\"9cb28ba\" data-element_type=\"widget\" data-e-type=\"widget\" data-widget_type=\"text-editor.default\">\n\t\t\t\t<div class=\"elementor-widget-container\">\n\t\t\t\t\t\t\t\t\t<p><img decoding=\"async\" class=\"size-full wp-image-2537 alignleft\" src=\"https:\/\/proyectos.pgiovas.com\/alfaquarium\/wp-content\/uploads\/2020\/08\/Enoplometopus-spp..png\" alt=\"\" width=\"221\" height=\"199\" \/><\/p><p><strong>Nombre cient\u00edfico:<\/strong> Enoplometopus spp.<br \/><strong>Nombre com\u00fan en ingl\u00e9s:<\/strong> Flame Lobsters (Reef Lobsters)<br \/><strong>Nombre com\u00fan es espa\u00f1ol:<\/strong> Langostas Enanas (L. de Arrecife, L. Flama)<br \/><strong>Tama\u00f1o m\u00e1ximo:<\/strong> Las especies m\u00e1s grandes hasta 6 pulgadas (15 cm) de largo; la mayor\u00eda m\u00e1s peque\u00f1as.<br \/><strong>Extensi\u00f3n:<\/strong> Mares Tropicales.<br \/><strong>Tama\u00f1o m\u00ednimo de acuario:<\/strong> Tanques moderados, 50 galones (190 lts) o m\u00e1s.<br \/><strong>Iluminaci\u00f3n:<\/strong> Irrelevante.<\/p><p><strong>Alimento y Alimentaci\u00f3n:<\/strong> Carro\u00f1eros. Aceptar\u00e1n la mayor\u00eda de los alimentos carnosos.<br \/><strong>Conveniencia y Compatibilidad con el acuario de arrecife:<\/strong> Buenos animales de acuario. Inofensivos para la mayor\u00eda de los habitantes del acuario de arrecife. Necesita movimiento de agua vigoroso.<br \/><strong>Cuidado Cautivo:<\/strong> Aproximadamente del tama\u00f1o y la forma del cangrejo de r\u00edo, estas langostas son mucho m\u00e1s llamativamente coloreadas. Los rojos y naranjas son dominantes, pero algunas especies tienen prominentes marcas de color violeta y lavanda. Debido a que provienen de las partes m\u00e1s intensas en energ\u00eda del arrecife, es necesario un buen movimiento del agua. Son depredadores \/ carro\u00f1eros facultativos, pero a pesar de sus garras bastante impresionantes, son relativamente inofensivos en un tanque de arrecife. Se desenvolver\u00e1n mejor en un tanque de especies, pero debido a su tama\u00f1o, no deben limitarse a un tanque mucho m\u00e1s peque\u00f1o que 50 galones. En un tanque comunitario, se les debe dar mucho m\u00e1s espacio para difundir sus tendencias de &#8220;recolecci\u00f3n&#8221;. Son principalmente nocturnos y estar\u00e1n recluidos durante el d\u00eda.<\/p><p><img decoding=\"async\" class=\"size-full wp-image-2538 alignleft\" src=\"https:\/\/proyectos.pgiovas.com\/alfaquarium\/wp-content\/uploads\/2020\/08\/Palinurellus-wieneckii.png\" alt=\"\" width=\"204\" height=\"184\" \/><\/p><p><strong>Nombre cient\u00edfico:<\/strong> Palinurellus wieneckii<br \/><strong>Nombre com\u00fan en ingl\u00e9s:<\/strong> Mole Lobster<br \/><strong>Nombre com\u00fan es espa\u00f1ol:<\/strong> Langosta Topo<br \/><strong>Tama\u00f1o m\u00e1ximo:<\/strong> Hasta aproximadamente 6 pulgadas (15 cm) de largo.<br \/><strong>Extensi\u00f3n:<\/strong> Indo Pac\u00edfico<br \/><strong>Tama\u00f1o m\u00ednimo de acuario:<\/strong> Tanques moderados, 50 galones (190 lts) o m\u00e1s.<br \/><strong>Iluminaci\u00f3n:<\/strong> Irrelevante.<\/p><p><strong>Alimento y Alimentaci\u00f3n:<\/strong> Carro\u00f1eros. Aceptar\u00e1n la mayor\u00eda de los alimentos carnosos. Caza algunos animales el acuario de arrecife.<br \/><strong>Conveniencia y Compatibilidad con el acuario de arrecife:<\/strong> Comer\u00e1 camarones, almejas, y caracoles, pero fuera de eso es un atractivo animal de acuario.<br \/><strong>Cuidado Cautivo:<\/strong> Este\u00a0 inusual animal no tiene grandes garras y est\u00e1 relacionado con las langostas espinosas grandes que se encuentran con mayor frecuencia en los platos de los restaurantes. Vive en cuevas o pilas de rocas y puede enterrarse en los sedimentos. Tambi\u00e9n puede construir una madriguera en la arena del fondo de un acuario. Recluido y nocturno, pero en su propio tanque a menudo aprender\u00e1 a estar fuera durante el d\u00eda. Necesita un tanque propio de moderado a grande, o un acuario de arrecife grande que sea suficientemente productivo para permitir la depredaci\u00f3n continua de bajo nivel. No molestar\u00e1 a los corales o los corales blandos, pero a menudo se asocia con an\u00e9monas grandes e intenta vivir cerca de la base, lo que provoca que los peces payaso que viven con la an\u00e9mona se estresen mucho. Generalmente anaranjado, cubierto de finas espinas y pelos.<\/p><p><img decoding=\"async\" class=\"size-full wp-image-2539 alignleft\" src=\"https:\/\/proyectos.pgiovas.com\/alfaquarium\/wp-content\/uploads\/2020\/08\/Panulirus-versicolor.png\" alt=\"\" width=\"196\" height=\"176\" \/><\/p><p><strong>Nombre cient\u00edfico:<\/strong> Panulirus versicolor<br \/><strong>Nombre com\u00fan en ingl\u00e9s:<\/strong> Blue Spiny Lobster<br \/><strong>Nombre com\u00fan es espa\u00f1ol:<\/strong> Langosta Com\u00fan (L. Azul, L. Pintada Roca)<br \/><strong>Tama\u00f1o m\u00e1ximo:<\/strong> Incluyendo las antenas, hasta aproximadamente 40 pulgadas (1 mt) de largo.<br \/><strong>Extensi\u00f3n:<\/strong> Mares Tropicales.<br \/><strong>Tama\u00f1o m\u00ednimo de acuario:<\/strong> Tanques grandes, 100 galones (380 lts) o m\u00e1s.<br \/><strong>Iluminaci\u00f3n:<\/strong> Irrelevante.<\/p><p><strong>Alimento y Alimentaci\u00f3n:<\/strong> Carro\u00f1eros. Aceptar\u00e1n la mayor\u00eda de los alimentos carnosos. Caza algunos animales el acuario de arrecife.<br \/><strong>Conveniencia y Compatibilidad con el acuario de arrecife:<\/strong> Comer\u00e1 peces, camarones, almejas, y caracoles, pero fuera de eso es un atractivo animal de acuario.<br \/><strong>Cuidado Cautivo:<\/strong> Esta es una especie grande y comercialmente importante, pero los j\u00f3venes son sorprendentemente buenos habitantes del acuario, con brillantes marcas azules y blancas y largas antenas blancas. Es un buen carro\u00f1ero, pero comer\u00e1 peque\u00f1os caracoles, almejas, cangrejos ermita\u00f1os o erizos de mar. Alimentador nocturno; solitario durante el d\u00eda y se esconder\u00e1 en cuevas. Requiere un buen movimiento del agua, as\u00ed como cuevas o arena en las que excavar. Si est\u00e1 bien alimentado, sus necesidades depredadoras parecen estar ampliamente desactivadas; Las peque\u00f1as de menos de 3 pulgadas (8 cm) crecer\u00e1n r\u00e1pidamente, mudando con frecuencia. No molestar\u00e1 a los cnidarios, pero los peces, particularmente los que se esconden en cuevas por la noche, est\u00e1n en riesgo cuando la langosta es peque\u00f1a. Cuando la langosta est\u00e1 completamente desarrollada, todos los animales m\u00f3viles est\u00e1n en riesgo.<\/p><p><img loading=\"lazy\" decoding=\"async\" class=\"size-full wp-image-2540 alignleft\" src=\"https:\/\/proyectos.pgiovas.com\/alfaquarium\/wp-content\/uploads\/2020\/08\/Arctides-spp.-Parribacus-spp..png\" alt=\"\" width=\"212\" height=\"191\" \/><\/p><p><strong>Nombre cient\u00edfico:<\/strong> Arctides spp., Parribacus spp.<br \/><strong>Nombre com\u00fan en ingl\u00e9s:<\/strong> Slipper Lobsters (Bulldozer Lobsters)<br \/><strong>Nombre com\u00fan es espa\u00f1ol:<\/strong> Langosta Excavadora (Langosta Pantufla)<br \/><strong>Tama\u00f1o m\u00e1ximo:<\/strong> Incluyendo las antenas, hasta aproximadamente 12 pulgadas (30 cm) de largo.<br \/><strong>Extensi\u00f3n:<\/strong> Mares Tropicales.<br \/><strong>Tama\u00f1o m\u00ednimo de acuario:<\/strong> Tanques grandes, 100 galones (380 lts) o m\u00e1s.<br \/><strong>Iluminaci\u00f3n:<\/strong> Irrelevante.<\/p><p><strong>Alimento y Alimentaci\u00f3n:<\/strong> Carro\u00f1eros. Aceptar\u00e1n la mayor\u00eda de los alimentos carnosos. Caza algunos animales el acuario de arrecife.<\/p><p><strong>Conveniencia y Compatibilidad con el acuario de arrecife:<\/strong> Animales fascinantes del acuario, pero comer\u00e1 peces, camarones, almejas, y caracoles.<strong>\u00a0<\/strong><\/p><p><strong>Cuidado Cautivo:<\/strong> Se puede pensar que las langostas excavadoras como langostas espinosas con antenas peque\u00f1as, planas y con forma de pala en lugar de las habituales espinas largas y afiladas. Tienden a ser algo m\u00e1s apagados en coloraci\u00f3n que las langostas espinosas. Son depredadores de invertebrados m\u00e1s peque\u00f1os. Les va bien en un tanque dedicado a ellos o en un tanque de arrecife muy grande. En un tanque de arrecife normal, comer\u00e1n poblaciones de caracoles, muchos gusanos y otros animales. Los corales y los corales blandos generalmente est\u00e1n seguros con ellos, pero tienden a crecer demasiado para muchos arrecifes poblados. Hay varios g\u00e9neros y probablemente un par de docenas de especies de mares tropicales o subtropicales en todo el mundo.<\/p>\t\t\t\t\t\t\t\t<\/div>\n\t\t\t\t<\/div>\n\t\t\t\t<div class=\"elementor-element elementor-element-39d7783 elementor-widget elementor-widget-spacer\" data-id=\"39d7783\" data-element_type=\"widget\" data-e-type=\"widget\" data-widget_type=\"spacer.default\">\n\t\t\t\t<div class=\"elementor-widget-container\">\n\t\t\t\t\t\t\t<div class=\"elementor-spacer\">\n\t\t\t<div class=\"elementor-spacer-inner\"><\/div>\n\t\t<\/div>\n\t\t\t\t\t\t<\/div>\n\t\t\t\t<\/div>\n\t\t\t\t\t<\/div>\n\t\t<\/div>\n\t\t\t\t\t<\/div>\n\t\t<\/section>\n\t\t\t\t<\/div>\n\t\t","protected":false},"excerpt":{"rendered":"<p>LANGOSTAS Nombre cient\u00edfico: Enoplometopus spp.Nombre com\u00fan en ingl\u00e9s: Flame Lobsters (Reef Lobsters)Nombre com\u00fan es espa\u00f1ol: Langostas Enanas (L. de Arrecife, L. Flama)Tama\u00f1o m\u00e1ximo: Las especies m\u00e1s grandes hasta 6 pulgadas (15 cm) de largo; la&hellip;<\/p>\n","protected":false},"author":4,"featured_media":0,"parent":0,"menu_order":0,"comment_status":"closed","ping_status":"closed","template":"","meta":{"footnotes":""},"class_list":["post-2534","page","type-page","status-publish","hentry"],"_links":{"self":[{"href":"https:\/\/proyectos.pgiovas.com\/alfaquarium\/wp-json\/wp\/v2\/pages\/2534","targetHints":{"allow":["GET"]}}],"collection":[{"href":"https:\/\/proyectos.pgiovas.com\/alfaquarium\/wp-json\/wp\/v2\/pages"}],"about":[{"href":"https:\/\/proyectos.pgiovas.com\/alfaquarium\/wp-json\/wp\/v2\/types\/page"}],"author":[{"embeddable":true,"href":"https:\/\/proyectos.pgiovas.com\/alfaquarium\/wp-json\/wp\/v2\/users\/4"}],"replies":[{"embeddable":true,"href":"https:\/\/proyectos.pgiovas.com\/alfaquarium\/wp-json\/wp\/v2\/comments?post=2534"}],"version-history":[{"count":3,"href":"https:\/\/proyectos.pgiovas.com\/alfaquarium\/wp-json\/wp\/v2\/pages\/2534\/revisions"}],"predecessor-version":[{"id":2542,"href":"https:\/\/proyectos.pgiovas.com\/alfaquarium\/wp-json\/wp\/v2\/pages\/2534\/revisions\/2542"}],"wp:attachment":[{"href":"https:\/\/proyectos.pgiovas.com\/alfaquarium\/wp-json\/wp\/v2\/media?parent=2534"}],"curies":[{"name":"wp","href":"https:\/\/api.w.org\/{rel}","templated":true}]}}