{"id":2449,"date":"2020-08-06T07:20:41","date_gmt":"2020-08-06T07:20:41","guid":{"rendered":"http:\/\/alfaquarium.mx\/?page_id=2449"},"modified":"2020-08-07T20:25:18","modified_gmt":"2020-08-07T20:25:18","slug":"plumas-de-mar","status":"publish","type":"page","link":"https:\/\/proyectos.pgiovas.com\/alfaquarium\/plumas-de-mar","title":{"rendered":"Plumas de Mar"},"content":{"rendered":"\t\t<div data-elementor-type=\"wp-page\" data-elementor-id=\"2449\" class=\"elementor elementor-2449\">\n\t\t\t\t\t\t<section class=\"elementor-section elementor-top-section elementor-element elementor-element-d504858 elementor-section-boxed elementor-section-height-default elementor-section-height-default\" data-id=\"d504858\" data-element_type=\"section\" data-e-type=\"section\">\n\t\t\t\t\t\t<div class=\"elementor-container elementor-column-gap-default\">\n\t\t\t\t\t<div class=\"elementor-column elementor-col-100 elementor-top-column elementor-element elementor-element-f277691\" data-id=\"f277691\" data-element_type=\"column\" data-e-type=\"column\">\n\t\t\t<div class=\"elementor-widget-wrap elementor-element-populated\">\n\t\t\t\t\t\t<div class=\"elementor-element elementor-element-05421e4 elementor-widget elementor-widget-heading\" data-id=\"05421e4\" data-element_type=\"widget\" data-e-type=\"widget\" data-widget_type=\"heading.default\">\n\t\t\t\t<div class=\"elementor-widget-container\">\n\t\t\t\t\t<h3 class=\"elementor-heading-title elementor-size-default\">Plumas de Mar<\/h3>\t\t\t\t<\/div>\n\t\t\t\t<\/div>\n\t\t\t\t<div class=\"elementor-element elementor-element-0e0d9ac elementor-widget elementor-widget-spacer\" data-id=\"0e0d9ac\" data-element_type=\"widget\" data-e-type=\"widget\" data-widget_type=\"spacer.default\">\n\t\t\t\t<div class=\"elementor-widget-container\">\n\t\t\t\t\t\t\t<div class=\"elementor-spacer\">\n\t\t\t<div class=\"elementor-spacer-inner\"><\/div>\n\t\t<\/div>\n\t\t\t\t\t\t<\/div>\n\t\t\t\t<\/div>\n\t\t\t\t<div class=\"elementor-element elementor-element-54d9f4a elementor-widget-divider--separator-type-pattern elementor-widget-divider--view-line elementor-widget elementor-widget-divider\" data-id=\"54d9f4a\" data-element_type=\"widget\" data-e-type=\"widget\" data-widget_type=\"divider.default\">\n\t\t\t\t<div class=\"elementor-widget-container\">\n\t\t\t\t\t\t\t<div class=\"elementor-divider\" style=\"--divider-pattern-url: url(&quot;data:image\/svg+xml,%3Csvg xmlns=&#039;http:\/\/www.w3.org\/2000\/svg&#039; preserveAspectRatio=&#039;none&#039; overflow=&#039;visible&#039; height=&#039;100%&#039; viewBox=&#039;0 0 24 24&#039; fill=&#039;none&#039; stroke=&#039;black&#039; stroke-width=&#039;7&#039; stroke-linecap=&#039;square&#039; stroke-miterlimit=&#039;10&#039;%3E%3Cpath d=&#039;M0,6c6,0,6,13,12,13S18,6,24,6&#039;\/%3E%3C\/svg%3E&quot;);\">\n\t\t\t<span class=\"elementor-divider-separator\">\n\t\t\t\t\t\t<\/span>\n\t\t<\/div>\n\t\t\t\t\t\t<\/div>\n\t\t\t\t<\/div>\n\t\t\t\t<div class=\"elementor-element elementor-element-1998ca8 elementor-widget elementor-widget-text-editor\" data-id=\"1998ca8\" data-element_type=\"widget\" data-e-type=\"widget\" data-widget_type=\"text-editor.default\">\n\t\t\t\t<div class=\"elementor-widget-container\">\n\t\t\t\t\t\t\t\t\t<p><strong><em>Las Plumas de Mar requieren un buen suministro de alimentos particulados suspendidos en el entorno del acuario, as\u00ed como un lecho de arena profundo en el que anclarse.<\/em><\/strong><\/p><p>Las Plumas marinas son animales complejos y fascinantes que, por lo general, viven en entornos arenosos o de arena fangosa. Ciertas especies son espectaculares animales de exhibici\u00f3n, ya que son brillantemente bioluminiscentes, y a menudo brillan intensamente con esta exhibici\u00f3n espont\u00e1nea.<\/p><p>Eliminado del sedimento, una pluma de mar tiende a parecerse a una zanahoria marchita y descolorida. Hay un bulbo de anclaje que corresponde al cuerpo de la zanahoria, y un tallo que se extiende hacia arriba. El bulbo y el tallo de anclaje se consideran un solo p\u00f3lipo, derivado del primer p\u00f3lipo que se form\u00f3 despu\u00e9s de la metamorfosis larvaria. Hay una astilla larga y delgada de esqueleto calc\u00e1reo que se encuentra en el centro del tallo y se extiende hacia el bulbo.<\/p><p>Tres tipos diferentes de p\u00f3lipos se encuentran en todas las plumas de mar. Por esta raz\u00f3n, los bi\u00f3logos se refieren a una sola muestra de pluma de mar como colonia. El tallo contiene dos tipos m\u00e1s de p\u00f3lipos. Los representantes del primer tipo est\u00e1n alimentando p\u00f3lipos, que se parecen m\u00e1s a los p\u00f3lipos de alimentaci\u00f3n de todos los dem\u00e1s corales blandos, con ocho tent\u00e1culos pinnadamente ramificados y una boca central. El segundo tipo de p\u00f3lipo es un sifonozoide, que es b\u00e1sicamente una boca sin tent\u00e1culos circundantes. La garganta de esta boca est\u00e1 provista de millones de filamentos microsc\u00f3picos, llamados cilios, y estos bombean agua a la colonia.<\/p><p>Las plumas de mar viven ancladas en el sedimento junto al bulbo y extienden sus p\u00f3lipos de alimentaci\u00f3n para atrapar alimento. Si esto fuera todo lo que hicieran, ser\u00edan f\u00e1ciles de mantener, pero no lo es y no lo son. Todas las plumas marinas parecen tener un ritmo intr\u00ednseco de deflaci\u00f3n, tras lo cual se entierran en el sedimento. Alg\u00fan tiempo despu\u00e9s, vuelven a subir e inflar para alimentarse. Pueden hacer esto varias veces al d\u00eda o solo con poca frecuencia, pero todas lo hacen. Este patr\u00f3n de comportamiento significa que las plumas marinas necesitan un m\u00ednimo de 8 pulgadas (20 cm) de sedimento para enterrar, y en realidad de 12 a 24 pulgadas (30 a 61 cm) ser\u00eda mejor. No muchos aficionados tienen acuarios con camas de arena tan profundas, y es mejor que estos animales no sean importados o comprados rutinariamente.<\/p><p>Sin embargo, si ha comprado uno, puede intentar arreglar la arena que necesita, arena muy fina o arena fangosa, en una maceta profunda o en una gran secci\u00f3n de tuber\u00eda de PVC. En un acuario grande y profundo, una olla o tuber\u00eda as\u00ed podr\u00eda colocarse en la roca y no ser molesta. La pluma de mar se puede colocar en la arena, y si el lecho de arena es apropiado, la pluma se enterrar\u00e1.<\/p><p>Alg\u00fan tiempo despu\u00e9s surgir\u00e1 de la arena, se inflar\u00e1 y comenzar\u00e1 a alimentarse. Si la entierra, y luego emerge y comienza a alimentarse, la batalla ha sido ganada y la pluma de mar prosperar\u00e1, si tiene suficiente comida. La mayor\u00eda provienen de aguas profundas y probablemente se desenvuelvan mejor en tanques poco iluminados.<\/p>\t\t\t\t\t\t\t\t<\/div>\n\t\t\t\t<\/div>\n\t\t\t\t<div class=\"elementor-element elementor-element-2de34ab elementor-widget elementor-widget-text-editor\" data-id=\"2de34ab\" data-element_type=\"widget\" data-e-type=\"widget\" data-widget_type=\"text-editor.default\">\n\t\t\t\t<div class=\"elementor-widget-container\">\n\t\t\t\t\t\t\t\t\t<p><img decoding=\"async\" class=\"size-full wp-image-2452 alignleft\" src=\"https:\/\/proyectos.pgiovas.com\/alfaquarium\/wp-content\/uploads\/2020\/08\/Cavernularia-spp..png\" alt=\"\" width=\"223\" height=\"201\" \/><br \/><strong>Nombre cient\u00edfico:<\/strong> Cavernularia spp.<br \/><strong>Nombre com\u00fan en ingl\u00e9s:<\/strong> Sea Pens<br \/><strong>Nombre com\u00fan es espa\u00f1ol:<\/strong> Pluma de Mar<br \/><strong>Tama\u00f1o m\u00e1ximo:<\/strong> Las colonias alcanzan aproximadamente hasta 18 pulgadas\u00a0 (46 cm) de altura.<br \/><strong>Extensi\u00f3n:<\/strong> Circuntropical<br \/><strong>Tama\u00f1o m\u00ednimo de acuario:<\/strong> Tanques grandes, 100 galones (380 lts) o m\u00e1s, con una cama de arena muy profunda (8 a 12 pulgadas [20 a 30 cm]) donde esconderse.<br \/><strong>Iluminaci\u00f3n:<\/strong> Prefiere iluminaci\u00f3n tenue.<\/p><p><strong>Alimento y Alimentaci\u00f3n:<\/strong> Sin zooxantela; Debe ser alimentado con alimentos como nauplios de <em>Artemia<\/em>, rot\u00edferos o alimentos congelados disueltos que se dispersen para formar part\u00edculas finas en el agua.<\/p><p><strong>Conveniencia y Compatibilidad con el acuario de arrecife:<\/strong> No apto para la mayor\u00eda de los tanques de arrecife.<strong>\u00a0<\/strong><\/p><p><strong>Cuidado Cautivo:<\/strong> Las plumas marinas deben tener una cama de arena muy profunda para sobrevivir y prosperar. Viven anclados en el sedimento por el bulbo y extendiendo sus p\u00f3lipos de alimentaci\u00f3n para atrapar comida. Varias veces al d\u00eda se desinflan, se entierran en el sedimento y luego vuelven a subir e inflan para alimentarse. Este comportamiento indica que prosperar\u00e1n siempre que haya suficiente comida. Las plumas marinas en este g\u00e9nero tienen un tallo central bastante grueso con una profusi\u00f3n de p\u00f3lipos de alimentaci\u00f3n que surgen directamente del tallo. Los sifonozoides tambi\u00e9n est\u00e1n dispersos sobre la superficie del tallo. Las plumas marinas en este g\u00e9nero tienden a ser marrones o bronceadas.<\/p>\t\t\t\t\t\t\t\t<\/div>\n\t\t\t\t<\/div>\n\t\t\t\t<div class=\"elementor-element elementor-element-5a587b0 elementor-widget elementor-widget-text-editor\" data-id=\"5a587b0\" data-element_type=\"widget\" data-e-type=\"widget\" data-widget_type=\"text-editor.default\">\n\t\t\t\t<div class=\"elementor-widget-container\">\n\t\t\t\t\t\t\t\t\t<p><img decoding=\"async\" class=\"size-full wp-image-2453 alignleft\" src=\"https:\/\/proyectos.pgiovas.com\/alfaquarium\/wp-content\/uploads\/2020\/08\/Virgularia-spp.png\" alt=\"\" width=\"213\" height=\"192\" \/><\/p><p><strong>Nombre cient\u00edfico:<\/strong> Virgularia spp.<br \/><strong>Nombre com\u00fan en ingl\u00e9s:<\/strong> Sea Pens<br \/><strong>Nombre com\u00fan es espa\u00f1ol:<\/strong> Pluma de Mar<br \/><strong>Tama\u00f1o m\u00e1ximo:<\/strong> Las colonias alcanzan aproximadamente hasta 18 pulgadas\u00a0 (46 cm) de altura.<br \/><strong>Extensi\u00f3n:<\/strong> Todos los mares.<br \/><strong>Tama\u00f1o m\u00ednimo de acuario:<\/strong> Tanques grandes, 100 galones (380 lts) o m\u00e1s, con una cama de arena muy profunda (8 a 12 pulgadas [20 a 30 cm]) donde esconderse.<br \/><strong>Iluminaci\u00f3n:<\/strong> Prefiere iluminaci\u00f3n tenue.<\/p><p><strong>Alimento y Alimentaci\u00f3n:<\/strong> Sin zooxantela; Debe ser alimentado con alimentos como nauplios de <em>Artemia<\/em>, rot\u00edferos o alimentos congelados disueltos que se dispersen para formar part\u00edculas finas en el agua.<br \/><strong>Conveniencia y Compatibilidad con el acuario de arrecife:<\/strong> No apto para la mayor\u00eda de los tanques de arrecife. Necesita una cama de arena muy profunda.<br \/><strong>Cuidado Cautivo:<\/strong> Estas grandes plumas marinas necesitan una capa de sedimentos fangosos dos veces m\u00e1s profunda que la longitud del esqueleto interno. Prefieren corrientes relativamente altas y se extienden lejos del sedimento para alimentarse. Dan vuelta en sus madrigueras para orientarse en las corrientes para que los p\u00f3lipos de alimentaci\u00f3n est\u00e9n en el borde de salida de las hojas. La comida se captura mientras se arremolina alrededor de las hojas. Las colonias de este g\u00e9nero son blancas, marrones o de un delicado color naranja p\u00e1lido.<\/p>\t\t\t\t\t\t\t\t<\/div>\n\t\t\t\t<\/div>\n\t\t\t\t<div class=\"elementor-element elementor-element-8990001 elementor-widget elementor-widget-text-editor\" data-id=\"8990001\" data-element_type=\"widget\" data-e-type=\"widget\" data-widget_type=\"text-editor.default\">\n\t\t\t\t<div class=\"elementor-widget-container\">\n\t\t\t\t\t\t\t\t\t<p><img fetchpriority=\"high\" decoding=\"async\" class=\"size-full wp-image-2454 alignleft\" src=\"https:\/\/proyectos.pgiovas.com\/alfaquarium\/wp-content\/uploads\/2020\/08\/Pteroeides-spp.png\" alt=\"\" width=\"242\" height=\"217\" \/><\/p><p><strong>Nombre cient\u00edfico:<\/strong> Pteroeides spp.<br \/><strong>Nombre com\u00fan en ingl\u00e9s:<\/strong> Sea Pens<br \/><strong>Nombre com\u00fan es espa\u00f1ol:<\/strong> Pluma de Mar<br \/><strong>Tama\u00f1o m\u00e1ximo:<\/strong> Las colonias alcanzan aproximadamente hasta 18 pulgadas\u00a0 (46 cm) de altura.<br \/><strong>Extensi\u00f3n:<\/strong> Circuntropical.<br \/><strong>Tama\u00f1o m\u00ednimo de acuario:<\/strong> Tanques grandes, 100 galones (380 lts) o m\u00e1s, con una cama de arena muy profunda (16 a 24 pulgadas [41 a 61 cm]) donde esconderse.<br \/><strong>Iluminaci\u00f3n:<\/strong> Prefiere iluminaci\u00f3n tenue.<\/p><p><strong>Alimento y Alimentaci\u00f3n:<\/strong> Sin zooxantela; Debe ser alimentado con alimentos como nauplios de <em>Artemia<\/em>, rot\u00edferos o alimentos congelados disueltos que se dispersen para formar part\u00edculas finas en el agua.<\/p><p><strong>Conveniencia y Compatibilidad con el acuario de arrecife:<\/strong> No apto para la mayor\u00eda de los tanques de arrecife. Necesita una cama de arena muy profunda.<strong>\u00a0<\/strong><\/p><p><strong>Cuidado Cautivo:<\/strong> Varias especies en este g\u00e9nero son probablemente las plumas marinas m\u00e1s com\u00fanmente importadas. El cuidado es similar a <em>Virgularia<\/em>, pero el sedimento no necesita ser tan fangoso. Algunas plumas marinas generan elevaci\u00f3n hidrodin\u00e1mica, similar a la elevaci\u00f3n generada por una cometa de caja, cuando el agua fluye sobre sus hojas. Cuando est\u00e1 &#8220;infeliz&#8221;, la pluma se inflar\u00e1, se arrastrar\u00e1 fuera del sedimento y se alejar\u00e1 en la corriente, por lo que es posible que necesite encontrar otro tipo de sedimento. Tienen un tallo central m\u00e1s inflado y hojas m\u00e1s grandes que <em>Virgularia<\/em>. Tienden a ser de color dorado o amarillo y, a menudo, tienen marcas brillantes de color morado o rojo en el tallo central o en las hojas.<\/p>\t\t\t\t\t\t\t\t<\/div>\n\t\t\t\t<\/div>\n\t\t\t\t\t<\/div>\n\t\t<\/div>\n\t\t\t\t\t<\/div>\n\t\t<\/section>\n\t\t\t\t<\/div>\n\t\t","protected":false},"excerpt":{"rendered":"<p>Plumas de Mar Las Plumas de Mar requieren un buen suministro de alimentos particulados suspendidos en el entorno del acuario, as\u00ed como un lecho de arena profundo en el que anclarse. Las Plumas marinas son&hellip;<\/p>\n","protected":false},"author":4,"featured_media":0,"parent":0,"menu_order":0,"comment_status":"closed","ping_status":"closed","template":"","meta":{"footnotes":""},"class_list":["post-2449","page","type-page","status-publish","hentry"],"_links":{"self":[{"href":"https:\/\/proyectos.pgiovas.com\/alfaquarium\/wp-json\/wp\/v2\/pages\/2449","targetHints":{"allow":["GET"]}}],"collection":[{"href":"https:\/\/proyectos.pgiovas.com\/alfaquarium\/wp-json\/wp\/v2\/pages"}],"about":[{"href":"https:\/\/proyectos.pgiovas.com\/alfaquarium\/wp-json\/wp\/v2\/types\/page"}],"author":[{"embeddable":true,"href":"https:\/\/proyectos.pgiovas.com\/alfaquarium\/wp-json\/wp\/v2\/users\/4"}],"replies":[{"embeddable":true,"href":"https:\/\/proyectos.pgiovas.com\/alfaquarium\/wp-json\/wp\/v2\/comments?post=2449"}],"version-history":[{"count":4,"href":"https:\/\/proyectos.pgiovas.com\/alfaquarium\/wp-json\/wp\/v2\/pages\/2449\/revisions"}],"predecessor-version":[{"id":2706,"href":"https:\/\/proyectos.pgiovas.com\/alfaquarium\/wp-json\/wp\/v2\/pages\/2449\/revisions\/2706"}],"wp:attachment":[{"href":"https:\/\/proyectos.pgiovas.com\/alfaquarium\/wp-json\/wp\/v2\/media?parent=2449"}],"curies":[{"name":"wp","href":"https:\/\/api.w.org\/{rel}","templated":true}]}}