{"id":2404,"date":"2020-08-06T05:20:48","date_gmt":"2020-08-06T05:20:48","guid":{"rendered":"http:\/\/alfaquarium.mx\/?page_id=2404"},"modified":"2020-08-06T06:46:03","modified_gmt":"2020-08-06T06:46:03","slug":"peces-marinos-ardilla","status":"publish","type":"page","link":"https:\/\/proyectos.pgiovas.com\/alfaquarium\/peces-marinos-ardilla","title":{"rendered":"Peces Marinos &#8211; Ardilla"},"content":{"rendered":"\t\t<div data-elementor-type=\"wp-page\" data-elementor-id=\"2404\" class=\"elementor elementor-2404\">\n\t\t\t\t\t\t<section class=\"elementor-section elementor-top-section elementor-element elementor-element-c5dcf25 elementor-section-full_width elementor-section-height-default elementor-section-height-default\" data-id=\"c5dcf25\" data-element_type=\"section\" data-e-type=\"section\">\n\t\t\t\t\t\t<div class=\"elementor-container elementor-column-gap-default\">\n\t\t\t\t\t<div class=\"elementor-column elementor-col-100 elementor-top-column elementor-element elementor-element-45abaa6\" data-id=\"45abaa6\" data-element_type=\"column\" data-e-type=\"column\">\n\t\t\t<div class=\"elementor-widget-wrap elementor-element-populated\">\n\t\t\t\t\t\t<div class=\"elementor-element elementor-element-a84acc5 elementor-widget elementor-widget-heading\" data-id=\"a84acc5\" data-element_type=\"widget\" data-e-type=\"widget\" data-widget_type=\"heading.default\">\n\t\t\t\t<div class=\"elementor-widget-container\">\n\t\t\t\t\t<h3 class=\"elementor-heading-title elementor-size-default\">Peces Marinos - Ardilla<\/h3>\t\t\t\t<\/div>\n\t\t\t\t<\/div>\n\t\t\t\t<div class=\"elementor-element elementor-element-7ec2cfb elementor-widget elementor-widget-spacer\" data-id=\"7ec2cfb\" data-element_type=\"widget\" data-e-type=\"widget\" data-widget_type=\"spacer.default\">\n\t\t\t\t<div class=\"elementor-widget-container\">\n\t\t\t\t\t\t\t<div class=\"elementor-spacer\">\n\t\t\t<div class=\"elementor-spacer-inner\"><\/div>\n\t\t<\/div>\n\t\t\t\t\t\t<\/div>\n\t\t\t\t<\/div>\n\t\t\t\t<div class=\"elementor-element elementor-element-748990f elementor-widget-divider--separator-type-pattern elementor-widget-divider--view-line elementor-widget elementor-widget-divider\" data-id=\"748990f\" data-element_type=\"widget\" data-e-type=\"widget\" data-widget_type=\"divider.default\">\n\t\t\t\t<div class=\"elementor-widget-container\">\n\t\t\t\t\t\t\t<div class=\"elementor-divider\" style=\"--divider-pattern-url: url(&quot;data:image\/svg+xml,%3Csvg xmlns=&#039;http:\/\/www.w3.org\/2000\/svg&#039; preserveAspectRatio=&#039;none&#039; overflow=&#039;visible&#039; height=&#039;100%&#039; viewBox=&#039;0 0 24 24&#039; fill=&#039;none&#039; stroke=&#039;black&#039; stroke-width=&#039;7&#039; stroke-linecap=&#039;square&#039; stroke-miterlimit=&#039;10&#039;%3E%3Cpath d=&#039;M0,6c6,0,6,13,12,13S18,6,24,6&#039;\/%3E%3C\/svg%3E&quot;);\">\n\t\t\t<span class=\"elementor-divider-separator\">\n\t\t\t\t\t\t<\/span>\n\t\t<\/div>\n\t\t\t\t\t\t<\/div>\n\t\t\t\t<\/div>\n\t\t\t\t<div class=\"elementor-element elementor-element-69c6f0c elementor-widget elementor-widget-text-editor\" data-id=\"69c6f0c\" data-element_type=\"widget\" data-e-type=\"widget\" data-widget_type=\"text-editor.default\">\n\t\t\t\t<div class=\"elementor-widget-container\">\n\t\t\t\t\t\t\t\t\t<p><img decoding=\"async\" class=\"size-full wp-image-2409 alignleft\" src=\"https:\/\/proyectos.pgiovas.com\/alfaquarium\/wp-content\/uploads\/2020\/08\/Cleidopus-gloriamaris.png\" alt=\"\" width=\"197\" height=\"178\" \/><\/p><p><strong>Nombre cient\u00edfico:<\/strong> Cleidopus gloriamaris<br \/><strong>Nombre com\u00fan en ingl\u00e9s:<\/strong> Pineapple Fish<br \/><strong>Nombre com\u00fan es espa\u00f1ol:<\/strong> Pez Pi\u00f1a<br \/><strong>Tama\u00f1o m\u00e1ximo:<\/strong> 8.7 pulgadas (22 cm)<br \/><strong>Extensi\u00f3n:<\/strong> Australia Oriental y Occidental<br \/><strong>Tama\u00f1o m\u00ednimo de acuario:<\/strong> 55 galones (208 lts)<\/p><p><strong>Alimento y Alimentaci\u00f3n:<\/strong> Requiere alimentos vivos, incluyendo camarones c\u00e9sped, mysid y salmuera, portadores de cr\u00eda vivos y lombriz negra viva. Alimentar 2 veces al d\u00eda.<\/p><p><strong>\u00cdndice de Adaptaci\u00f3n al Acuario:<\/strong> Estas especies son generalmente duraderas y resistentes; la mayor\u00eda de los individuos se aclimatan al acuario casero. Los peces en esta categor\u00eda deben prosperar, siempre que no est\u00e9n expuestos a cambios dram\u00e1ticos en el medio ambiente o condiciones de agua pobres. Aceptar\u00e1n una amplia gama de alimentos comercialmente disponibles. Los alimentos vivos pueden ser necesarios para inducir la alimentaci\u00f3n o pueden ser el \u00fanico tipo de alimento aceptado. Estos peces son recomendados para los acuaristas que han adquirido alguna experiencia de cr\u00eda (por lo menos 6 meses con un acuario marino).<\/p><p><strong>Compatibilidad con el acuario de arrecife:<\/strong> Comer\u00e1 camarones ornamentales. Prefiere luz tenue.<\/p><p><strong>Cuidado Cautivo:<\/strong> Atractivos e inusuales, estos habitantes de las cuevas pueden mantenerse con \u00e9xito en un acuario de especies tranquilas o con otras especies pac\u00edficas de peces. Le va mejor en grupos peque\u00f1os. Las bacterias bioluminiscentes colonizan un parche de piel cerca del borde de cada lado de la boca y brillan en verde en la oscuridad. La alimentaci\u00f3n puede ser un desaf\u00edo. Para cambiar este pez de la alimentaci\u00f3n viva a los alimentos no vivos, mezcle estos \u00faltimos con los elementos en vivo para gradualmente deshacerse de la comida viva. Puede alimentarse mejor por la noche y ser\u00e1 bastante inactivo durante el d\u00eda, pasando la mayor parte de su tiempo en la esquina del tanque. Si se provee de una cueva bastante grande, lo pasar\u00e1 adentro. Se ha mantenido hasta 10 a\u00f1os en cautiverio.<\/p>\t\t\t\t\t\t\t\t<\/div>\n\t\t\t\t<\/div>\n\t\t\t\t<div class=\"elementor-element elementor-element-36ea1c4 elementor-widget elementor-widget-text-editor\" data-id=\"36ea1c4\" data-element_type=\"widget\" data-e-type=\"widget\" data-widget_type=\"text-editor.default\">\n\t\t\t\t<div class=\"elementor-widget-container\">\n\t\t\t\t\t\t\t\t\t<p><img decoding=\"async\" class=\"size-full wp-image-2410 alignleft\" src=\"https:\/\/proyectos.pgiovas.com\/alfaquarium\/wp-content\/uploads\/2020\/08\/Sargocentron-diadema.png\" alt=\"\" width=\"216\" height=\"194\" \/><strong>Nombre cient\u00edfico:<\/strong> Sargocentron diadema<br \/><strong>Nombre com\u00fan en ingl\u00e9s:<\/strong> Crown Squirrelfish<br \/><strong>Nombre com\u00fan es espa\u00f1ol:<\/strong> Pez Ardilla Coronado<br \/><strong>Tama\u00f1o m\u00e1ximo:<\/strong> 6.7 pulgadas (17 cm)<br \/><strong>Extensi\u00f3n:<\/strong> Indo Pac\u00edfico<br \/><strong>Tama\u00f1o m\u00ednimo de acuario:<\/strong> 75 galones (284 lts)<\/p><p><strong>Alimento y Alimentaci\u00f3n:<\/strong> Mariscos picados, camarones mysid y salmuera frescos o congelados y preparaciones congeladas. Alimentar 2 veces al d\u00eda.<\/p><p><strong>\u00cdndice de Adaptaci\u00f3n al Acuario:<\/strong> Estas especies son generalmente duraderas y resistentes; la mayor\u00eda de los individuos se aclimatan al acuario casero. Los peces en esta categor\u00eda deben prosperar, siempre que no est\u00e9n expuestos a cambios dram\u00e1ticos en el medio ambiente o condiciones de agua pobres. Aceptar\u00e1n una amplia gama de alimentos comercialmente disponibles. Los alimentos vivos pueden ser necesarios para inducir la alimentaci\u00f3n o pueden ser el \u00fanico tipo de alimento aceptado. Estos peces son recomendados para los acuaristas que han adquirido alguna experiencia de cr\u00eda (por lo menos 6 meses con un acuario marino).<\/p><p><strong>Compatibilidad con el acuario de arrecife:<\/strong> Comer\u00e1 una variedad de invertebrados como gusanos, crust\u00e1ceos, caracoles y estrellas serpiente. Tiende a esconderse de la luz intensa.<\/p><p><strong>Cuidado Cautivo:<\/strong> Esta es una especie atractiva y relativamente com\u00fan a la que le va bien en un acuario provisto con buenas cuevas y grietas. A menudo es t\u00edmido al principio, pero con el tiempo se volver\u00e1 m\u00e1s audaz, pasando m\u00e1s tiempo al aire libre cuando las luces est\u00e1n encendidas. Ser\u00e1 una parte m\u00e1s conspicua de la comunidad de peces en un tanque con menos iluminaci\u00f3n. Normalmente no es agresivo hacia heterospec\u00edficos, pero puede pelear con miembros de su propia especie. Tambi\u00e9n comer\u00e1 erizos, incluyendo el famoso gusano de fuego (<em>Hermodice carunculata<\/em>).<\/p>\t\t\t\t\t\t\t\t<\/div>\n\t\t\t\t<\/div>\n\t\t\t\t<div class=\"elementor-element elementor-element-95c6a50 elementor-widget elementor-widget-text-editor\" data-id=\"95c6a50\" data-element_type=\"widget\" data-e-type=\"widget\" data-widget_type=\"text-editor.default\">\n\t\t\t\t<div class=\"elementor-widget-container\">\n\t\t\t\t\t\t\t\t\t<p><img decoding=\"async\" class=\"size-full wp-image-2411 alignleft\" src=\"https:\/\/proyectos.pgiovas.com\/alfaquarium\/wp-content\/uploads\/2020\/08\/Sargocentron-rubrum.png\" alt=\"\" width=\"211\" height=\"190\" \/><\/p><p><strong>Nombre cient\u00edfico:<\/strong> Sargocentron rubrum<br \/><strong>Nombre com\u00fan en ingl\u00e9s:<\/strong> Redcoat Squirrelfish<br \/><strong>Nombre com\u00fan es espa\u00f1ol:<\/strong> Pez Ardilla Rojo (Candil Rubio)<br \/><strong>Tama\u00f1o m\u00e1ximo:<\/strong> 10.6 pulgadas (27 cm)<br \/><strong>Extensi\u00f3n:<\/strong> Indo Pac\u00edfico Occidental<br \/><strong>Tama\u00f1o m\u00ednimo de acuario:<\/strong> 75 galones (284 lts)<\/p><p><strong>Alimento y Alimentaci\u00f3n:<\/strong> Mariscos picados, camarones mysid y salmuera frescos o congelados y preparaciones congeladas. Alimentar 2 veces al d\u00eda.<\/p><p><strong>\u00cdndice de Adaptaci\u00f3n al Acuario:<\/strong> Estas especies son generalmente duraderas y resistentes; la mayor\u00eda de los individuos se aclimatan al acuario casero. Los peces en esta categor\u00eda deben prosperar, siempre que no est\u00e9n expuestos a cambios dram\u00e1ticos en el medio ambiente o condiciones de agua pobres. Aceptar\u00e1n una amplia gama de alimentos comercialmente disponibles. Los alimentos vivos pueden ser necesarios para inducir la alimentaci\u00f3n o pueden ser el \u00fanico tipo de alimento aceptado. Estos peces son recomendados para los acuaristas que han adquirido alguna experiencia de cr\u00eda (por lo menos 6 meses con un acuario marino).<\/p><p><strong>Compatibilidad con el acuario de arrecife:<\/strong> No es seguro para los peces peque\u00f1os y comer\u00e1 una variedad de invertebrados como gusanos, crust\u00e1ceos, caracoles y estrellas serpiente.<\/p><p><strong>Cuidado Cautivo:<\/strong> A menudo se vende como un pez ardilla &#8220;surtido&#8221; o incluso como un pez ardilla &#8220;Hawaiano&#8221;, a pesar de que no se encuentra alrededor de estas islas; se trata de una especie de acuario resistente. Se puede mantener individualmente o en grupos peque\u00f1os si el tanque es de un tama\u00f1o sustancial (100 galones [379 lts] o mayor). El color rojo de este y otros peces ardilla y peces soldado es relativamente inusual entre los peces de arrecife de coral. Aunque son llamativos y brillantes bajo las luces del acuario, estos peces realmente aparecen en gris en aguas m\u00e1s profundas en su ambiente natural, porque la luz roja es efectivamente absorbida por el denso medio de agua salada.<\/p>\t\t\t\t\t\t\t\t<\/div>\n\t\t\t\t<\/div>\n\t\t\t\t<div class=\"elementor-element elementor-element-efab04b elementor-widget elementor-widget-text-editor\" data-id=\"efab04b\" data-element_type=\"widget\" data-e-type=\"widget\" data-widget_type=\"text-editor.default\">\n\t\t\t\t<div class=\"elementor-widget-container\">\n\t\t\t\t\t\t\t\t\t<p><img loading=\"lazy\" decoding=\"async\" class=\"size-full wp-image-2412 alignleft\" src=\"https:\/\/proyectos.pgiovas.com\/alfaquarium\/wp-content\/uploads\/2020\/08\/Sargocentron-xantherythrum.png\" alt=\"\" width=\"202\" height=\"182\" \/><\/p><p><strong>Nombre cient\u00edfico:<\/strong> Sargocentron xantherythrum<br \/><strong>Nombre com\u00fan en ingl\u00e9s:<\/strong> Hawaiian Squirrelfish<br \/><strong>Nombre com\u00fan es espa\u00f1ol:<\/strong> Pez Ardilla Hawaiano<br \/><strong>Tama\u00f1o m\u00e1ximo:<\/strong> 6.7 pulgadas (17 cm)<br \/><strong>Extensi\u00f3n:<\/strong> Islas Hawaianas y Johnston<br \/><strong>Tama\u00f1o m\u00ednimo de acuario:<\/strong> 75 galones (284 lts)<\/p><p><strong>Alimento y Alimentaci\u00f3n:<\/strong> Mariscos picados, camarones mysid y salmuera frescos o congelados y preparaciones congeladas. Alimentar 2 veces al d\u00eda.<\/p><p><strong>\u00cdndice de Adaptaci\u00f3n al Acuario:<\/strong> <strong><em>Estas especies son generalmente duraderas y resistentes; la mayor\u00eda de los individuos se aclimatan al acuario casero.<\/em><\/strong> Los peces en esta categor\u00eda deben prosperar, siempre que no est\u00e9n expuestos a cambios dram\u00e1ticos en el medio ambiente o condiciones de agua pobres. Aceptar\u00e1n una amplia gama de alimentos comercialmente disponibles. Los alimentos vivos pueden ser necesarios para inducir la alimentaci\u00f3n o pueden ser el \u00fanico tipo de alimento aceptado. Estos peces son recomendados para los acuaristas que han adquirido alguna experiencia de cr\u00eda (por lo menos 6 meses con un acuario marino).<\/p><p><strong>Compatibilidad con el acuario de arrecife:<\/strong> Comer\u00e1 una variedad de invertebrados como gusanos, crust\u00e1ceos, caracoles y estrellas serpiente.\u00a0<strong>\u00a0<\/strong><\/p><p><strong>Cuidado Cautivo:<\/strong> Este pez nocturno necesita muchos sitios de refugio para esconderse cuando las luces est\u00e1n encendidas. Pueden ser comedores codiciosos, pero los alimentos no vivos introducidos en el tanque deben estar movi\u00e9ndose en la columna de agua para que un pez ardilla los ingiera; los art\u00edculos alimenticios que llegan a descansar en el fondo por lo general no se consumen. La mayor\u00eda de los peces ardilla no son agresivos hacia heterospec\u00edficos, aunque pueden defender un escondite y pueden enfrentarse entre s\u00ed si se colocan en un tanque m\u00e1s peque\u00f1o o en un acuario con sitios de refugio limitados. Es probable que permanezcan ocultos en las sombras si se mantienen en un acuario de arrecife brillantemente iluminado.<\/p>\t\t\t\t\t\t\t\t<\/div>\n\t\t\t\t<\/div>\n\t\t\t\t<div class=\"elementor-element elementor-element-5558d90 elementor-widget elementor-widget-text-editor\" data-id=\"5558d90\" data-element_type=\"widget\" data-e-type=\"widget\" data-widget_type=\"text-editor.default\">\n\t\t\t\t<div class=\"elementor-widget-container\">\n\t\t\t\t\t\t\t\t\t<p><img loading=\"lazy\" decoding=\"async\" class=\"size-full wp-image-2413 alignleft\" src=\"https:\/\/proyectos.pgiovas.com\/alfaquarium\/wp-content\/uploads\/2020\/08\/Myripristis-violacea.png\" alt=\"\" width=\"203\" height=\"182\" \/><\/p><p><strong>Nombre cient\u00edfico:<\/strong> Myripristis violacea<br \/><strong>Nombre com\u00fan en ingl\u00e9s:<\/strong> Violet Soldierfish<br \/><strong>Nombre com\u00fan es espa\u00f1ol:<\/strong> Pez Soldado Violeta<br \/><strong>Tama\u00f1o m\u00e1ximo:<\/strong> 7.9 pulgadas (20 cm)<br \/><strong>Extensi\u00f3n:<\/strong> Indo Pac\u00edfico<br \/><strong>Tama\u00f1o m\u00ednimo de acuario:<\/strong> 55 galones (208 lts)<\/p><p><strong>Alimento y Alimentaci\u00f3n:<\/strong> Mariscos picados, camarones mysid y salmuera frescos o congelados y preparaciones congeladas. Alimentar 2 veces al d\u00eda.<\/p><p><strong>\u00cdndice de Adaptaci\u00f3n al Acuario:<\/strong> Estas especies son generalmente duraderas y resistentes; la mayor\u00eda de los individuos se aclimatan al acuario casero. Los peces en esta categor\u00eda deben prosperar, siempre que no est\u00e9n expuestos a cambios dram\u00e1ticos en el medio ambiente o condiciones de agua pobres. Aceptar\u00e1n una amplia gama de alimentos comercialmente disponibles. Los alimentos vivos pueden ser necesarios para inducir la alimentaci\u00f3n o pueden ser el \u00fanico tipo de alimento aceptado. Estos peces son recomendados para los acuaristas que han adquirido alguna experiencia de cr\u00eda (por lo menos 6 meses con un acuario marino).<\/p><p><strong>Compatibilidad con el acuario de arrecife:<\/strong> Puede comer camarones ornamentales peque\u00f1os y algunos gusanos de arena. Prefiere la luz tenue.<\/p><p><strong>Cuidado Cautivo:<\/strong> Grandes ojos bulbosos y una boca hacia abajo que parece fruncir el ce\u00f1o, distingue a los peces soldados de los peces ardilla similares. Se trata de una especie de acuario resistente que se puede mantener individualmente, aunque puede adaptarse mejor en peque\u00f1os grupos en un acuario m\u00e1s grande. Proporcionar salientes rocosas, cuevas, o grandes grietas para observar sus comportamientos naturales. Raramente es agresivo hacia otros peces, aunque un individuo dominante ocasional molestar\u00e1 a los subordinados y puede que tenga que ser removido. Debe ser capturado en un contenedor de muestra, no una red, ya que los ojos grandes son reportados como f\u00e1cilmente da\u00f1ados por el material de la red abrasiva. Puede ser intimidado por especies m\u00e1s grandes y m\u00e1s agresivas que ocupan los mismos escondites.<\/p>\t\t\t\t\t\t\t\t<\/div>\n\t\t\t\t<\/div>\n\t\t\t\t\t<\/div>\n\t\t<\/div>\n\t\t\t\t\t<\/div>\n\t\t<\/section>\n\t\t\t\t<\/div>\n\t\t","protected":false},"excerpt":{"rendered":"<p>Peces Marinos &#8211; Ardilla Nombre cient\u00edfico: Cleidopus gloriamarisNombre com\u00fan en ingl\u00e9s: Pineapple FishNombre com\u00fan es espa\u00f1ol: Pez Pi\u00f1aTama\u00f1o m\u00e1ximo: 8.7 pulgadas (22 cm)Extensi\u00f3n: Australia Oriental y OccidentalTama\u00f1o m\u00ednimo de acuario: 55 galones (208 lts) Alimento&hellip;<\/p>\n","protected":false},"author":4,"featured_media":0,"parent":0,"menu_order":0,"comment_status":"closed","ping_status":"closed","template":"","meta":{"footnotes":""},"class_list":["post-2404","page","type-page","status-publish","hentry"],"_links":{"self":[{"href":"https:\/\/proyectos.pgiovas.com\/alfaquarium\/wp-json\/wp\/v2\/pages\/2404","targetHints":{"allow":["GET"]}}],"collection":[{"href":"https:\/\/proyectos.pgiovas.com\/alfaquarium\/wp-json\/wp\/v2\/pages"}],"about":[{"href":"https:\/\/proyectos.pgiovas.com\/alfaquarium\/wp-json\/wp\/v2\/types\/page"}],"author":[{"embeddable":true,"href":"https:\/\/proyectos.pgiovas.com\/alfaquarium\/wp-json\/wp\/v2\/users\/4"}],"replies":[{"embeddable":true,"href":"https:\/\/proyectos.pgiovas.com\/alfaquarium\/wp-json\/wp\/v2\/comments?post=2404"}],"version-history":[{"count":2,"href":"https:\/\/proyectos.pgiovas.com\/alfaquarium\/wp-json\/wp\/v2\/pages\/2404\/revisions"}],"predecessor-version":[{"id":2414,"href":"https:\/\/proyectos.pgiovas.com\/alfaquarium\/wp-json\/wp\/v2\/pages\/2404\/revisions\/2414"}],"wp:attachment":[{"href":"https:\/\/proyectos.pgiovas.com\/alfaquarium\/wp-json\/wp\/v2\/media?parent=2404"}],"curies":[{"name":"wp","href":"https:\/\/api.w.org\/{rel}","templated":true}]}}