{"id":2254,"date":"2020-08-06T00:39:35","date_gmt":"2020-08-06T00:39:35","guid":{"rendered":"http:\/\/alfaquarium.mx\/?page_id=2254"},"modified":"2020-08-07T19:59:31","modified_gmt":"2020-08-07T19:59:31","slug":"peces-marinos-tiburones","status":"publish","type":"page","link":"https:\/\/proyectos.pgiovas.com\/alfaquarium\/peces-marinos-tiburones","title":{"rendered":"Peces Marinos &#8211; Tiburones"},"content":{"rendered":"\t\t<div data-elementor-type=\"wp-page\" data-elementor-id=\"2254\" class=\"elementor elementor-2254\">\n\t\t\t\t\t\t<section class=\"elementor-section elementor-top-section elementor-element elementor-element-aab7262 elementor-section-full_width elementor-section-height-default elementor-section-height-default\" data-id=\"aab7262\" data-element_type=\"section\" data-e-type=\"section\">\n\t\t\t\t\t\t<div class=\"elementor-container elementor-column-gap-default\">\n\t\t\t\t\t<div class=\"elementor-column elementor-col-100 elementor-top-column elementor-element elementor-element-ea1ec09\" data-id=\"ea1ec09\" data-element_type=\"column\" data-e-type=\"column\">\n\t\t\t<div class=\"elementor-widget-wrap elementor-element-populated\">\n\t\t\t\t\t\t<div class=\"elementor-element elementor-element-f295456 elementor-widget elementor-widget-heading\" data-id=\"f295456\" data-element_type=\"widget\" data-e-type=\"widget\" data-widget_type=\"heading.default\">\n\t\t\t\t<div class=\"elementor-widget-container\">\n\t\t\t\t\t<h3 class=\"elementor-heading-title elementor-size-default\">Peces Marinos - Tiburones<\/h3>\t\t\t\t<\/div>\n\t\t\t\t<\/div>\n\t\t\t\t<div class=\"elementor-element elementor-element-095d966 elementor-widget elementor-widget-spacer\" data-id=\"095d966\" data-element_type=\"widget\" data-e-type=\"widget\" data-widget_type=\"spacer.default\">\n\t\t\t\t<div class=\"elementor-widget-container\">\n\t\t\t\t\t\t\t<div class=\"elementor-spacer\">\n\t\t\t<div class=\"elementor-spacer-inner\"><\/div>\n\t\t<\/div>\n\t\t\t\t\t\t<\/div>\n\t\t\t\t<\/div>\n\t\t\t\t<div class=\"elementor-element elementor-element-4bd3a3b elementor-widget-divider--separator-type-pattern elementor-widget-divider--view-line elementor-widget elementor-widget-divider\" data-id=\"4bd3a3b\" data-element_type=\"widget\" data-e-type=\"widget\" data-widget_type=\"divider.default\">\n\t\t\t\t<div class=\"elementor-widget-container\">\n\t\t\t\t\t\t\t<div class=\"elementor-divider\" style=\"--divider-pattern-url: url(&quot;data:image\/svg+xml,%3Csvg xmlns=&#039;http:\/\/www.w3.org\/2000\/svg&#039; preserveAspectRatio=&#039;none&#039; overflow=&#039;visible&#039; height=&#039;100%&#039; viewBox=&#039;0 0 24 24&#039; fill=&#039;none&#039; stroke=&#039;black&#039; stroke-width=&#039;7&#039; stroke-linecap=&#039;square&#039; stroke-miterlimit=&#039;10&#039;%3E%3Cpath d=&#039;M0,6c6,0,6,13,12,13S18,6,24,6&#039;\/%3E%3C\/svg%3E&quot;);\">\n\t\t\t<span class=\"elementor-divider-separator\">\n\t\t\t\t\t\t<\/span>\n\t\t<\/div>\n\t\t\t\t\t\t<\/div>\n\t\t\t\t<\/div>\n\t\t\t\t<div class=\"elementor-element elementor-element-3020924 elementor-widget elementor-widget-text-editor\" data-id=\"3020924\" data-element_type=\"widget\" data-e-type=\"widget\" data-widget_type=\"text-editor.default\">\n\t\t\t\t<div class=\"elementor-widget-container\">\n\t\t\t\t\t\t\t\t\t<p><img fetchpriority=\"high\" decoding=\"async\" class=\"size-medium wp-image-2256 alignleft\" src=\"https:\/\/proyectos.pgiovas.com\/alfaquarium\/wp-content\/uploads\/2020\/08\/orectolobus_maculatus-300x270.jpg\" alt=\"\" width=\"300\" height=\"270\" srcset=\"https:\/\/proyectos.pgiovas.com\/alfaquarium\/wp-content\/uploads\/2020\/08\/orectolobus_maculatus-300x270.jpg 300w, https:\/\/proyectos.pgiovas.com\/alfaquarium\/wp-content\/uploads\/2020\/08\/orectolobus_maculatus-370x333.jpg 370w, https:\/\/proyectos.pgiovas.com\/alfaquarium\/wp-content\/uploads\/2020\/08\/orectolobus_maculatus-400x360.jpg 400w, https:\/\/proyectos.pgiovas.com\/alfaquarium\/wp-content\/uploads\/2020\/08\/orectolobus_maculatus.jpg 500w\" sizes=\"(max-width: 300px) 100vw, 300px\" \/><\/p><p><strong>Nombre cient\u00edfico:<\/strong> Orectolobus maculatus<br \/><strong>Nombre com\u00fan en ingl\u00e9s:<\/strong> Spotted Wobbegong<br \/><strong>Nombre com\u00fan es espa\u00f1ol:<\/strong> Wobbegong Manchado<br \/><strong>Tama\u00f1o m\u00e1ximo:<\/strong> 10.4 pies (3.2 m)<br \/><strong>Extensi\u00f3n:<\/strong> Pac\u00edfico Occidental<br \/><strong>Tama\u00f1o m\u00ednimo de acuario:<\/strong> 3,150 galones (11,970 lts)<\/p><p><strong>Alimento y Alimentaci\u00f3n:<\/strong> Alimentos carnosos, incluyendo trozos de camar\u00f3n fresco, almejas, o carne de pescado marina empalada en un bast\u00f3n de alimentaci\u00f3n. Alimentar a la saciedad, 2 veces a la semana. No alimente grandes presas, los peces pueden hincharse y flotar a la superficie del acuario como un corcho.<\/p><p><strong>\u00cdndice de Adaptaci\u00f3n al Acuario:<\/strong> <strong><em>Estas especies son casi imposibles de mantener y deber\u00edan dejarse en el arrecife<\/em><\/strong><em>.<\/em> Estos peces raramente se alimentan, pueden ser propensos a la enfermedad, pueden ser incurablemente t\u00edmidos, y, por una o m\u00e1s de estas razones, casi siempre se deterioran y mueren en el acuario casero.<\/p><p><strong>Compatibilidad con el acuario de arrecife:<\/strong> No recomendado. Comer\u00e1 crust\u00e1ceos ornamentales y cualquier pez del tanque si cabe en su enorme boca. Puede derribar los corales que no est\u00e9n firmemente adheridos a la roca.<\/p><p><strong>Cuidado Cautivo:<\/strong> Un depredador de emboscada que dar\u00e1 exhibici\u00f3n de alimentaci\u00f3n explosiva, el wobbegong es un esp\u00e9cimen inusual y durable del acuario, pero que crecer\u00e1 superando la capacidad de la gran mayor\u00eda de los tanques caseros. Desafortunadamente es inactivo durante el d\u00eda y es extremadamente voraz, ingiriendo cualquier pez o crust\u00e1ceo que pueda ser tragado entero. Se puede mantener m\u00e1s de uno, aunque consumir\u00e1n a otros tiburones (incluyendo miembros de su propia especie). Proporcionarle una cueva estable o una cornisa donde pueda esconderse.<\/p>\t\t\t\t\t\t\t\t<\/div>\n\t\t\t\t<\/div>\n\t\t\t\t<div class=\"elementor-element elementor-element-be47025 elementor-widget elementor-widget-text-editor\" data-id=\"be47025\" data-element_type=\"widget\" data-e-type=\"widget\" data-widget_type=\"text-editor.default\">\n\t\t\t\t<div class=\"elementor-widget-container\">\n\t\t\t\t\t\t\t\t\t<p><img decoding=\"async\" class=\"size-medium wp-image-2259 alignleft\" src=\"https:\/\/proyectos.pgiovas.com\/alfaquarium\/wp-content\/uploads\/2020\/08\/ginglymostoma_cirratum-300x270.jpg\" alt=\"\" width=\"300\" height=\"270\" srcset=\"https:\/\/proyectos.pgiovas.com\/alfaquarium\/wp-content\/uploads\/2020\/08\/ginglymostoma_cirratum-300x270.jpg 300w, https:\/\/proyectos.pgiovas.com\/alfaquarium\/wp-content\/uploads\/2020\/08\/ginglymostoma_cirratum-370x333.jpg 370w, https:\/\/proyectos.pgiovas.com\/alfaquarium\/wp-content\/uploads\/2020\/08\/ginglymostoma_cirratum-400x360.jpg 400w, https:\/\/proyectos.pgiovas.com\/alfaquarium\/wp-content\/uploads\/2020\/08\/ginglymostoma_cirratum.jpg 500w\" sizes=\"(max-width: 300px) 100vw, 300px\" \/><\/p><p><strong>Nombre cient\u00edfico:<\/strong> Ginglymostoma cirratum<br \/><strong>Nombre com\u00fan en ingl\u00e9s:<\/strong> Nurse Shark<br \/><strong>Nombre com\u00fan es espa\u00f1ol:<\/strong> Tibur\u00f3n Nodriza<br \/><strong>Tama\u00f1o m\u00e1ximo:<\/strong> 14.1 pies (4.3 m)<br \/><strong>Extensi\u00f3n:<\/strong> Atl\u00e1ntico Tropical y Pac\u00edfico Oriental<br \/><strong>Tama\u00f1o m\u00ednimo de acuario:<\/strong> 4,800 galones (18,240 lts)<\/p><p><strong>Alimento y Alimentaci\u00f3n:<\/strong> Alimentos carnosos, incluyendo trozos de camar\u00f3n fresco, almejas, o carne de pescado marina empalada en un bast\u00f3n de alimentaci\u00f3n, o lanzada al fondo del acuario. Alimentar a la saciedad, 2 veces a la semana.<\/p><p><strong>\u00cdndice de Adaptaci\u00f3n al Acuario:<\/strong> Estas especies son casi imposibles de mantener y deber\u00edan dejarse en el arrecife. Estos peces raramente se alimentan, pueden ser propensos a la enfermedad, pueden ser incurablemente t\u00edmidos, y, por una o m\u00e1s de estas razones, casi siempre se deterioran y mueren en el acuario casero.<\/p><p><strong>Compatibilidad con el acuario de arrecife:<\/strong> Comer\u00e1 crust\u00e1ceos ornamentales y peces peque\u00f1os; Puede derribar los corales que no est\u00e9n firmemente adheridos a la roca.<strong>\u00a0<\/strong><\/p><p><strong>Cuidado Cautivo:<\/strong> Este monstruo es muy com\u00fan en el comercio del acuario, a pesar del hecho de que es seguro que crecer\u00e1 hasta superar la capacidad de virtualmente todos los acuarios caseros. Crece aproximadamente 7,5 pulgadas (19 cm) al a\u00f1o en cautiverio. Al adquirir j\u00f3venes peque\u00f1os, los acuaristas a menudo asumen que un acuario p\u00fablico finalmente aceptar\u00e1 a su tibur\u00f3n mascota, pero la mayor\u00eda no lo har\u00e1. Es un animal resistente en cautiverio, pero altamente depredador, consumiendo a sus compa\u00f1eros del tanque tanto peces como crust\u00e1ceos. Su agresividad como alimentador puede obstaculizar los intentos de conseguir alimentos de los tiburones o rayas m\u00e1s recluidos que est\u00e9n alojados con \u00e9l. A menudo pasa sus d\u00edas descansando en el fondo, aunque puede entrar en acci\u00f3n si aparece un est\u00edmulo.<\/p>\t\t\t\t\t\t\t\t<\/div>\n\t\t\t\t<\/div>\n\t\t\t\t<div class=\"elementor-element elementor-element-4552630 elementor-widget elementor-widget-text-editor\" data-id=\"4552630\" data-element_type=\"widget\" data-e-type=\"widget\" data-widget_type=\"text-editor.default\">\n\t\t\t\t<div class=\"elementor-widget-container\">\n\t\t\t\t\t\t\t\t\t<p><img decoding=\"async\" class=\"size-medium wp-image-2262 alignleft\" src=\"https:\/\/proyectos.pgiovas.com\/alfaquarium\/wp-content\/uploads\/2020\/08\/chiloscyllium_plagiosum-300x270.jpg\" alt=\"\" width=\"300\" height=\"270\" srcset=\"https:\/\/proyectos.pgiovas.com\/alfaquarium\/wp-content\/uploads\/2020\/08\/chiloscyllium_plagiosum-300x270.jpg 300w, https:\/\/proyectos.pgiovas.com\/alfaquarium\/wp-content\/uploads\/2020\/08\/chiloscyllium_plagiosum-370x333.jpg 370w, https:\/\/proyectos.pgiovas.com\/alfaquarium\/wp-content\/uploads\/2020\/08\/chiloscyllium_plagiosum-400x360.jpg 400w, https:\/\/proyectos.pgiovas.com\/alfaquarium\/wp-content\/uploads\/2020\/08\/chiloscyllium_plagiosum.jpg 500w\" sizes=\"(max-width: 300px) 100vw, 300px\" \/><\/p><p><strong>Nombre cient\u00edfico: <\/strong>Chiloscyllium plagiosum <strong>Nombre com\u00fan en ingl\u00e9s: <\/strong>Whitespotted Bamboo Shark<br \/><strong>Nombre com\u00fan es espa\u00f1ol:<\/strong> Pintarroja Colilarga de Manchas Blancas<br \/><strong>Tama\u00f1o m\u00e1ximo:<\/strong> 37.4 pulgadas (95 cm)<br \/><strong>Extensi\u00f3n:<\/strong> Pac\u00edfico Indo-Occidental<br \/><strong>Tama\u00f1o m\u00ednimo de acuario:<\/strong> 260 galones (984 lts)<\/p><p><strong>Alimento y Alimentaci\u00f3n:<\/strong> Alimentos carnosos, incluyendo trozos de camar\u00f3n fresco, almejas, o carne de pescado marina empalada en un bast\u00f3n de alimentaci\u00f3n. A los j\u00f3venes se les debe dar la comida finamente picada. Alimentar a la saciedad, 3 veces a la semana.<\/p><p><strong>\u00cdndice de Adaptaci\u00f3n al Acuario:<\/strong> Estas especies son muy resistentes con casi todos los individuos aclimat\u00e1ndose f\u00e1cilmente a los confines del acuario. Son poco exigentes para el promedio de los peces marinos y son m\u00e1s propensos a soportar cierta negligencia y deterioro de las condiciones. Ellos aceptar\u00e1n una amplia gama de alimentos disponibles comercialmente y no requerir\u00e1n alimentos vivos para sobrevivir. Estas especies son excelentes para el aficionado principiante.<\/p><p><strong>Compatibilidad con el acuario de arrecife:<\/strong> Comer\u00e1 crust\u00e1ceos ornamentales y peces peque\u00f1os; Puede derribar los corales que no est\u00e9n firmemente adheridos a la roca.<strong>\u00a0<\/strong><\/p><p><strong>Cuidado Cautivo:<\/strong> Un atractivo pez que frecuenta las grietas de los arrecifes en el medio silvestre y es uno de los tiburones m\u00e1s adecuados para mantener en el acuario casero. Un joven puede ser f\u00e1cilmente mantenido en espacios m\u00e1s peque\u00f1os, incluso en un tanque tan peque\u00f1o como de 20 galones (76 lts), pero el acuarista debe estar preparado para proporcionar un sistema m\u00e1s grande conforme el tibur\u00f3n crece (crecer\u00e1 r\u00e1pido si se alimenta bien). Proporcionar bordes y cuevas estables; es un excavador competente y una estructura de arrecife inestable puede derribarse y aplastarlo. Se puede mantener m\u00e1s de uno, aunque los machos maduros pueden luchar o acosar a las hembras. Puede ser molestado por los peces \u00e1ngel, ballestas, y globos. Se reproducir\u00e1 en acuarios m\u00e1s grandes.<\/p>\t\t\t\t\t\t\t\t<\/div>\n\t\t\t\t<\/div>\n\t\t\t\t<div class=\"elementor-element elementor-element-0ea3c9b elementor-widget elementor-widget-text-editor\" data-id=\"0ea3c9b\" data-element_type=\"widget\" data-e-type=\"widget\" data-widget_type=\"text-editor.default\">\n\t\t\t\t<div class=\"elementor-widget-container\">\n\t\t\t\t\t\t\t\t\t<p><img loading=\"lazy\" decoding=\"async\" class=\"size-full wp-image-2264 alignleft\" src=\"https:\/\/proyectos.pgiovas.com\/alfaquarium\/wp-content\/uploads\/2020\/08\/Chiloscyllium-punctatum.png\" alt=\"\" width=\"225\" height=\"202\" \/><\/p><p><strong>Nombre cient\u00edfico:<\/strong> Chiloscyllium punctatum<br \/><strong>Nombre com\u00fan en ingl\u00e9s:<\/strong> Brownbanded Bamboo Shark<br \/><strong>Nombre com\u00fan es espa\u00f1ol:<\/strong> Tibur\u00f3n Bamboo Bandeado<br \/><strong>Tama\u00f1o m\u00e1ximo:<\/strong> 40.9 pulgadas (104 cm)<br \/><strong>Extensi\u00f3n:<\/strong> Pac\u00edfico Occidental<br \/><strong>Tama\u00f1o m\u00ednimo de acuario:<\/strong> 260 galones (984 lts)<\/p><p><strong>Alimento y Alimentaci\u00f3n:<\/strong> Alimentos carnosos, incluyendo trozos de camar\u00f3n fresco, almejas, o carne de pescado marina empalada en un bast\u00f3n de alimentaci\u00f3n. Tambi\u00e9n comer\u00e1 alimentos congelados especiales para tiburones. Alimentar a la saciedad, 3 veces a la semana.<\/p><p><strong>\u00cdndice de Adaptaci\u00f3n al Acuario:<\/strong> Estas especies son muy resistentes con casi todos los individuos aclimat\u00e1ndose f\u00e1cilmente a los confines del acuario. Son poco exigentes para el promedio de los peces marinos y son m\u00e1s propensos a soportar cierta negligencia y deterioro de las condiciones. Ellos aceptar\u00e1n una amplia gama de alimentos disponibles comercialmente y no requerir\u00e1n alimentos vivos para sobrevivir. Estas especies son excelentes para el aficionado principiante.<\/p><p><strong>Compatibilidad con el acuario de arrecife:<\/strong> Comer\u00e1 crust\u00e1ceos ornamentales y peces peque\u00f1os; Puede derribar los corales que no est\u00e9n firmemente adheridos a la roca.<strong>\u00a0<\/strong><\/p><p><strong>Cuidado Cautivo:<\/strong> Este hermoso pez se aclimata f\u00e1cilmente al acuario dom\u00e9stico, aunque los j\u00f3venes pueden ser solitarios y puede tomarse alg\u00fan tiempo antes de comenzar a alimentarse. Crecer\u00e1 tanto como 11.8 pulgadas (30 cm) en un a\u00f1o; debe estar disponible un tanque de tama\u00f1o adecuado. Proporcionar bordes y cuevas estables; es un excavador competente y una estructura de arrecife inestable puede derribarse y aplastarlo. Se reproducir\u00e1 en acuarios m\u00e1s grandes, colocando huevos adheridos en la parte inferior o los lados del acuario. \u201cCajas\u201d de huevos est\u00e1n frecuentemente disponibles y por lo general toman de 138-160 d\u00edas a la eclosi\u00f3n, pero esto es altamente dependiente de la temperatura.<\/p>\t\t\t\t\t\t\t\t<\/div>\n\t\t\t\t<\/div>\n\t\t\t\t<div class=\"elementor-element elementor-element-c3e74eb elementor-widget elementor-widget-text-editor\" data-id=\"c3e74eb\" data-element_type=\"widget\" data-e-type=\"widget\" data-widget_type=\"text-editor.default\">\n\t\t\t\t<div class=\"elementor-widget-container\">\n\t\t\t\t\t\t\t\t\t<p><img loading=\"lazy\" decoding=\"async\" class=\"size-full wp-image-2267 alignleft\" src=\"https:\/\/proyectos.pgiovas.com\/alfaquarium\/wp-content\/uploads\/2020\/08\/Hemiscyllium-ocellatum.png\" alt=\"\" width=\"218\" height=\"196\" \/><\/p><p><strong>Nombre cient\u00edfico:<\/strong> Hemiscyllium ocellatum<br \/><strong>Nombre com\u00fan en ingl\u00e9s:<\/strong> Epaulette Shark<br \/><strong>Nombre com\u00fan es espa\u00f1ol:<\/strong> Pez\u00a0Tibur\u00f3n Jarretera (Pintarroja Colilarga Ocelada)<br \/><strong>Tama\u00f1o m\u00e1ximo:<\/strong> 42.1 pulgadas (107 cm)<br \/><strong>Extensi\u00f3n:<\/strong> Pac\u00edfico Occidental<br \/><strong>Tama\u00f1o m\u00ednimo de acuario:<\/strong> 260 galones (984 lts)<\/p><p><strong>Alimento y Alimentaci\u00f3n:<\/strong> Alimentos carnosos, incluyendo trozos de camar\u00f3n fresco, almejas, o carne de pescado marina empalada en un bast\u00f3n de alimentaci\u00f3n. Puede ayunar durante semanas antes de que comience a comer. Alimentar a la saciedad, 3 veces a la semana.<\/p><p><strong>\u00cdndice de Adaptaci\u00f3n al Acuario:<\/strong> Estas especies son muy resistentes con casi todos los individuos aclimat\u00e1ndose f\u00e1cilmente a los confines del acuario. Son poco exigentes para el promedio de los peces marinos y son m\u00e1s propensos a soportar cierta negligencia y deterioro de las condiciones. Ellos aceptar\u00e1n una amplia gama de alimentos disponibles comercialmente y no requerir\u00e1n alimentos vivos para sobrevivir. Estas especies son excelentes para el aficionado principiante.<\/p><p><strong>Compatibilidad con el acuario de arrecife:<\/strong> Comer\u00e1 crust\u00e1ceos ornamentales y peces peque\u00f1os. Normalmente vive entre corales cuernos de ciervo, pero puede derribar rocas sueltas o colonias de coral que no est\u00e9n firmemente ancladas.<\/p><p><strong>Cuidado Cautivo:<\/strong> Un ciudadano naturalizado de las mareas y nichos m\u00e1s peque\u00f1os dentro del arrecife de coral, \u00e9ste es uno de los mejores tiburones para el acuario casero. Se aclimatar\u00e1 f\u00e1cilmente a los confines del acuario. Los machos adultos pueden comportarse agresivamente hacia los adultos de su mismo sexo, as\u00ed como hacia los tiburones machos de otras especies. Tambi\u00e9n acosan a las hembras de tiburones Epaulette. Proporcionar con una cueva estable o una repisa; es un excavador muy eficaz por lo que se deben utilizar cables para crear un escondite seguro. Se reproducir\u00e1 en acuarios grandes poniendo \u201ccajas\u201d de huevos color marr\u00f3n dorado. Puede morder si es provocado.<\/p>\t\t\t\t\t\t\t\t<\/div>\n\t\t\t\t<\/div>\n\t\t\t\t<div class=\"elementor-element elementor-element-46154b6 elementor-widget elementor-widget-text-editor\" data-id=\"46154b6\" data-element_type=\"widget\" data-e-type=\"widget\" data-widget_type=\"text-editor.default\">\n\t\t\t\t<div class=\"elementor-widget-container\">\n\t\t\t\t\t\t\t\t\t<p><img loading=\"lazy\" decoding=\"async\" class=\"size-full wp-image-2274 alignleft\" src=\"https:\/\/proyectos.pgiovas.com\/alfaquarium\/wp-content\/uploads\/2020\/08\/Taeniura-lymma.png\" alt=\"\" width=\"208\" height=\"187\" \/><\/p><p><strong>Nombre cient\u00edfico:<\/strong> Taeniura lymma<br \/><strong>Nombre com\u00fan en ingl\u00e9s:<\/strong> Bluespotted Ribbontail Ray<br \/><strong>Nombre com\u00fan es espa\u00f1ol:<\/strong> Raya de Arrecife<br \/><strong>Tama\u00f1o m\u00e1ximo:<\/strong> 28 pulgadas (71 cm) Alcanza un ancho m\u00e1ximo del disco de 11.8 pulg. (30 cm)<br \/><strong>Extensi\u00f3n:<\/strong> Pac\u00edfico Occidental<br \/><strong>Tama\u00f1o m\u00ednimo de acuario:<\/strong> 260 galones (984 lts)<\/p><p><strong>Alimento y Alimentaci\u00f3n:<\/strong> Puede ser dif\u00edcil de alimentar. Ofrezca camarones de hierba vivos o gusanos marinos para iniciar la respuesta de alimentaci\u00f3n. Algunos individuos aceptar\u00e1n trozos de camar\u00f3n fresco, almejas o carne de pescado marino empalada en un bast\u00f3n de alimentaci\u00f3n o depositada sobre el sustrato. Alimentar una vez al d\u00eda.<\/p><p><strong>\u00cdndice de Adaptaci\u00f3n al Acuario:<\/strong> La mayor\u00eda de individuos de estas especies no se aclimatan al acuario casero, rehus\u00e1ndose a menudo a comer y consumi\u00e9ndose en cautiverio. El individuo ocasional puede adaptarse si se mantiene en condiciones \u00f3ptimas de agua y se aloja en su propio tanque o con compa\u00f1eros no competitivos. Es mejor dejar a estas especies en estado silvestre o ser ordenados s\u00f3lo por un acuarista experimentado con la aptitud y voluntad de dedicar el tiempo y la energ\u00eda para mantenerlos.<\/p><p><strong>Compatibilidad con el acuario de arrecife:<\/strong> Comer\u00e1 crust\u00e1ceos ornamentales y peces peque\u00f1os. \u00a0Necesita una amplia extensi\u00f3n de fondo de arena despejada.<\/p><p><strong>Cuidado Cautivo:<\/strong> Con sus manchas azules el\u00e9ctricas y h\u00e1bitos de nataci\u00f3n elegante, esta coqueta raya tiene gran atractivo para los acuaristas, pero rara vez le va bien en los acuarios caseros. Muchos individuos nunca aceptan comida; otros lo hacen, pero luego de repente mueren o dejan de alimentarse sin raz\u00f3n aparente. Puede ser sensible a bajos niveles de cobre y contaminantes en el agua de grifo; utilice s\u00f3lo \u00f3smosis inversa o agua des ionizada. Proporcionar amplio espacio de nataci\u00f3n, una gran zona abierta de arena, y poca o ninguna decoraci\u00f3n (con la excepci\u00f3n de una repisa segura bajo la cual se pueda ocultar).<\/p>\t\t\t\t\t\t\t\t<\/div>\n\t\t\t\t<\/div>\n\t\t\t\t\t<\/div>\n\t\t<\/div>\n\t\t\t\t\t<\/div>\n\t\t<\/section>\n\t\t\t\t<\/div>\n\t\t","protected":false},"excerpt":{"rendered":"<p>Peces Marinos &#8211; Tiburones Nombre cient\u00edfico: Orectolobus maculatusNombre com\u00fan en ingl\u00e9s: Spotted WobbegongNombre com\u00fan es espa\u00f1ol: Wobbegong ManchadoTama\u00f1o m\u00e1ximo: 10.4 pies (3.2 m)Extensi\u00f3n: Pac\u00edfico OccidentalTama\u00f1o m\u00ednimo de acuario: 3,150 galones (11,970 lts) Alimento y Alimentaci\u00f3n:&hellip;<\/p>\n","protected":false},"author":4,"featured_media":0,"parent":0,"menu_order":0,"comment_status":"closed","ping_status":"closed","template":"","meta":{"footnotes":""},"class_list":["post-2254","page","type-page","status-publish","hentry"],"_links":{"self":[{"href":"https:\/\/proyectos.pgiovas.com\/alfaquarium\/wp-json\/wp\/v2\/pages\/2254","targetHints":{"allow":["GET"]}}],"collection":[{"href":"https:\/\/proyectos.pgiovas.com\/alfaquarium\/wp-json\/wp\/v2\/pages"}],"about":[{"href":"https:\/\/proyectos.pgiovas.com\/alfaquarium\/wp-json\/wp\/v2\/types\/page"}],"author":[{"embeddable":true,"href":"https:\/\/proyectos.pgiovas.com\/alfaquarium\/wp-json\/wp\/v2\/users\/4"}],"replies":[{"embeddable":true,"href":"https:\/\/proyectos.pgiovas.com\/alfaquarium\/wp-json\/wp\/v2\/comments?post=2254"}],"version-history":[{"count":16,"href":"https:\/\/proyectos.pgiovas.com\/alfaquarium\/wp-json\/wp\/v2\/pages\/2254\/revisions"}],"predecessor-version":[{"id":2700,"href":"https:\/\/proyectos.pgiovas.com\/alfaquarium\/wp-json\/wp\/v2\/pages\/2254\/revisions\/2700"}],"wp:attachment":[{"href":"https:\/\/proyectos.pgiovas.com\/alfaquarium\/wp-json\/wp\/v2\/media?parent=2254"}],"curies":[{"name":"wp","href":"https:\/\/api.w.org\/{rel}","templated":true}]}}