{"id":1522,"date":"2020-08-04T19:40:06","date_gmt":"2020-08-04T19:40:06","guid":{"rendered":"http:\/\/alfaquarium.mx\/?page_id=1522"},"modified":"2020-08-07T06:24:59","modified_gmt":"2020-08-07T06:24:59","slug":"peces-marinos-halcones","status":"publish","type":"page","link":"https:\/\/proyectos.pgiovas.com\/alfaquarium\/peces-marinos-halcones","title":{"rendered":"Peces Marinos &#8211; Halcones"},"content":{"rendered":"\t\t<div data-elementor-type=\"wp-page\" data-elementor-id=\"1522\" class=\"elementor elementor-1522\">\n\t\t\t\t\t\t<section class=\"elementor-section elementor-top-section elementor-element elementor-element-8e80656 elementor-section-full_width elementor-section-height-default elementor-section-height-default\" data-id=\"8e80656\" data-element_type=\"section\" data-e-type=\"section\">\n\t\t\t\t\t\t<div class=\"elementor-container elementor-column-gap-default\">\n\t\t\t\t\t<div class=\"elementor-column elementor-col-100 elementor-top-column elementor-element elementor-element-ef721a0\" data-id=\"ef721a0\" data-element_type=\"column\" data-e-type=\"column\">\n\t\t\t<div class=\"elementor-widget-wrap elementor-element-populated\">\n\t\t\t\t\t\t<div class=\"elementor-element elementor-element-bfa029b elementor-widget elementor-widget-heading\" data-id=\"bfa029b\" data-element_type=\"widget\" data-e-type=\"widget\" data-widget_type=\"heading.default\">\n\t\t\t\t<div class=\"elementor-widget-container\">\n\t\t\t\t\t<h3 class=\"elementor-heading-title elementor-size-default\">Peces Marinos - Halcones<\/h3>\t\t\t\t<\/div>\n\t\t\t\t<\/div>\n\t\t\t\t<div class=\"elementor-element elementor-element-0c7b716 elementor-widget elementor-widget-spacer\" data-id=\"0c7b716\" data-element_type=\"widget\" data-e-type=\"widget\" data-widget_type=\"spacer.default\">\n\t\t\t\t<div class=\"elementor-widget-container\">\n\t\t\t\t\t\t\t<div class=\"elementor-spacer\">\n\t\t\t<div class=\"elementor-spacer-inner\"><\/div>\n\t\t<\/div>\n\t\t\t\t\t\t<\/div>\n\t\t\t\t<\/div>\n\t\t\t\t<div class=\"elementor-element elementor-element-63529fa elementor-widget-divider--separator-type-pattern elementor-widget-divider--view-line elementor-widget elementor-widget-divider\" data-id=\"63529fa\" data-element_type=\"widget\" data-e-type=\"widget\" data-widget_type=\"divider.default\">\n\t\t\t\t<div class=\"elementor-widget-container\">\n\t\t\t\t\t\t\t<div class=\"elementor-divider\" style=\"--divider-pattern-url: url(&quot;data:image\/svg+xml,%3Csvg xmlns=&#039;http:\/\/www.w3.org\/2000\/svg&#039; preserveAspectRatio=&#039;none&#039; overflow=&#039;visible&#039; height=&#039;100%&#039; viewBox=&#039;0 0 24 24&#039; fill=&#039;none&#039; stroke=&#039;black&#039; stroke-width=&#039;7&#039; stroke-linecap=&#039;square&#039; stroke-miterlimit=&#039;10&#039;%3E%3Cpath d=&#039;M0,6c6,0,6,13,12,13S18,6,24,6&#039;\/%3E%3C\/svg%3E&quot;);\">\n\t\t\t<span class=\"elementor-divider-separator\">\n\t\t\t\t\t\t<\/span>\n\t\t<\/div>\n\t\t\t\t\t\t<\/div>\n\t\t\t\t<\/div>\n\t\t\t\t<div class=\"elementor-element elementor-element-3871759 elementor-widget elementor-widget-text-editor\" data-id=\"3871759\" data-element_type=\"widget\" data-e-type=\"widget\" data-widget_type=\"text-editor.default\">\n\t\t\t\t<div class=\"elementor-widget-container\">\n\t\t\t\t\t\t\t\t\t<p><img decoding=\"async\" class=\"wp-image-1525 alignleft\" src=\"https:\/\/proyectos.pgiovas.com\/alfaquarium\/wp-content\/uploads\/2020\/08\/Amblycirrhitus-pinos.png\" alt=\"\" width=\"250\" height=\"171\" \/><\/p><p><strong>Nombre cient\u00edfico:<\/strong> Amblycirrhitus pinos<br \/><strong>Nombre com\u00fan en ingl\u00e9s:<\/strong> Redspotted Hawkfish<br \/><strong>Nombre com\u00fan es espa\u00f1ol:<\/strong> Pez Halc\u00f3n Manchado de Rojo<br \/><strong>Tama\u00f1o m\u00e1ximo:<\/strong> 3.7 pulgadas (9.5 cm)<br \/><strong>Extensi\u00f3n:<\/strong> Atl\u00e1ntico Tropical<br \/><strong>Tama\u00f1o m\u00ednimo de acuario:<\/strong> 20 galones (76 lts)<\/p><p><strong>Alimento y Alimentaci\u00f3n:<\/strong> Alimentos carnosos, incluyendo carne de crust\u00e1ceos, camar\u00f3n mysid y preparaciones congeladas. Alimentar diariamente.<\/p><p><strong>\u00cdndice de Adaptaci\u00f3n al Acuario:<\/strong> Estas especies son muy resistentes con casi todos los individuos aclimat\u00e1ndose f\u00e1cilmente a los confines del acuario. Son poco exigentes para el promedio de los peces marinos y son m\u00e1s propensos a soportar cierta negligencia y deterioro de las condiciones. Ellos aceptar\u00e1n una amplia gama de alimentos disponibles comercialmente y no requerir\u00e1n alimentos vivos para sobrevivir. Estas especies son excelentes para el aficionado principiante.<\/p><p><strong>Compatibilidad con el acuario de arrecife:<\/strong> Excelente, sin embargo \u00a0puede alimentarse de camarones m\u00e1s peque\u00f1os y delicados.<\/p><p><strong>Cuidado Cautivo:<\/strong> A falta de una vejiga natatoria y conocido por su h\u00e1bito de encaramarse, como halc\u00f3n, en los corales o pedazos de roca vigilando atentamente y listo para atacar alimentos de presa, los peces halc\u00f3n son resistentes y populares en los acuarios. Esta especie atl\u00e1ntica es bastante t\u00edmida cuando se introduce inicialmente, pero despu\u00e9s de que se ha establecido, puede intimidar a compa\u00f1eros de tanque reci\u00e9n introducidos. Se puede conservar m\u00e1s de un esp\u00e9cimen en un acuario de tama\u00f1o medio a grande si se introducen simult\u00e1neamente, si son de tama\u00f1o desigual y si se proporcionan escondites adecuados. Pasar\u00e1 la mayor parte de su tiempo sentado en espacio abierto.<\/p>\t\t\t\t\t\t\t\t<\/div>\n\t\t\t\t<\/div>\n\t\t\t\t<div class=\"elementor-element elementor-element-fa03710 elementor-widget elementor-widget-text-editor\" data-id=\"fa03710\" data-element_type=\"widget\" data-e-type=\"widget\" data-widget_type=\"text-editor.default\">\n\t\t\t\t<div class=\"elementor-widget-container\">\n\t\t\t\t\t\t\t\t\t<p><img decoding=\"async\" class=\"wp-image-1526 alignleft\" src=\"https:\/\/proyectos.pgiovas.com\/alfaquarium\/wp-content\/uploads\/2020\/08\/Cirrhitichthys-aprinus.png\" alt=\"\" width=\"250\" height=\"159\" \/><\/p><p><strong>Nombre cient\u00edfico:<\/strong> Cirrhitichthys aprinus<br \/><strong>Nombre com\u00fan en ingl\u00e9s:<\/strong> Spotted Hawkfish<br \/><strong>Nombre com\u00fan es espa\u00f1ol:<\/strong> Pez Halc\u00f3n Moteado<br \/><strong>Tama\u00f1o m\u00e1ximo:<\/strong> 4.9 pulgadas (12.5 cm)<br \/><strong>Extensi\u00f3n:<\/strong> Pac\u00edfico Occidental<br \/><strong>Tama\u00f1o m\u00ednimo de acuario:<\/strong> 20 galones (76 lts)<\/p><p><strong>Alimento y Alimentaci\u00f3n:<\/strong> Alimentos carnosos, incluyendo peces marinos, carne de crust\u00e1ceos, camar\u00f3n mysid y preparaciones congeladas. Alimentar diariamente.<\/p><p><strong>\u00cdndice de Adaptaci\u00f3n al Acuario:<\/strong> <strong><em>Estas especies son muy resistentes con casi todos los individuos aclimat\u00e1ndose f\u00e1cilmente a los confines del acuario.<\/em><\/strong> Son poco exigentes para el promedio de los peces marinos y son m\u00e1s propensos a soportar cierta negligencia y deterioro de las condiciones. Ellos aceptar\u00e1n una amplia gama de alimentos disponibles comercialmente y no requerir\u00e1n alimentos vivos para sobrevivir. Estas especies son excelentes para el aficionado principiante.<\/p><p><strong>Compatibilidad con el acuario de arrecife:<\/strong> Excelente, pero puede comer camarones ornamentales y peces peque\u00f1os.<strong>\u00a0<\/strong><\/p><p><strong>Cuidado Cautivo:<\/strong> Un habitante de acuario resistente pero potencialmente agresivo. Se puede mantener en parejas macho-hembra. Aunque no son sexualmente dicrom\u00e1ticos, los machos territoriales son m\u00e1s grandes en tama\u00f1o corporal que las hembras dentro de su unidad social. (Sin embargo, pueden ser m\u00e1s peque\u00f1os que las hembras en otros harenes.) Cuanto mayor sea la disparidad en el tama\u00f1o corporal entre los individuos, m\u00e1s probable es que sean del sexo opuesto. Proporcionar muchos escondites. No se mantenga con peces halc\u00f3n m\u00e1s grandes y m\u00e1s agresivos.<\/p>\t\t\t\t\t\t\t\t<\/div>\n\t\t\t\t<\/div>\n\t\t\t\t<div class=\"elementor-element elementor-element-d6f8ae1 elementor-widget elementor-widget-text-editor\" data-id=\"d6f8ae1\" data-element_type=\"widget\" data-e-type=\"widget\" data-widget_type=\"text-editor.default\">\n\t\t\t\t<div class=\"elementor-widget-container\">\n\t\t\t\t\t\t\t\t\t<p><img decoding=\"async\" class=\"wp-image-1527 alignleft\" src=\"https:\/\/proyectos.pgiovas.com\/alfaquarium\/wp-content\/uploads\/2020\/08\/Cirrhitichthys-oxycephalus.png\" alt=\"\" width=\"250\" height=\"170\" \/><\/p><p><strong>Nombre cient\u00edfico:<\/strong> Cirrhitichthys oxycephalus<br \/><strong>Nombre com\u00fan en ingl\u00e9s:<\/strong> Coral Hawkfish<br \/><strong>Nombre com\u00fan es espa\u00f1ol:<\/strong> Pez Halc\u00f3n de Coral<br \/><strong>Tama\u00f1o m\u00e1ximo:<\/strong> 3.3 pulgadas (8.5 cm)<br \/><strong>Extensi\u00f3n:<\/strong> Indo Pac\u00edfico<br \/><strong>Tama\u00f1o m\u00ednimo de acuario:<\/strong> 20 galones (76 lts)<\/p><p><strong>Alimento y Alimentaci\u00f3n:<\/strong> Alimentos carnosos, incluyendo peces marinos, carne de crust\u00e1ceos, camar\u00f3n mysid y preparaciones congeladas. Alimentar diariamente.<\/p><p><strong>\u00cdndice de Adaptaci\u00f3n al Acuario:<\/strong> <strong><em>Estas especies son muy resistentes con casi todos los individuos aclimat\u00e1ndose f\u00e1cilmente a los confines del acuario.<\/em><\/strong> Son poco exigentes para el promedio de los peces marinos y son m\u00e1s propensos a soportar cierta negligencia y deterioro de las condiciones. Ellos aceptar\u00e1n una amplia gama de alimentos disponibles comercialmente y no requerir\u00e1n alimentos vivos para sobrevivir. Estas especies son excelentes para el aficionado principiante.<\/p><p><strong>Compatibilidad con el acuario de arrecife:<\/strong> Inofensivo para los corales, pero comer\u00e1 camarones ornamentales y molestar\u00e1 a otros peces del acuario de arrecife.<\/p><p><strong>Cuidado Cautivo:<\/strong> A pesar de su tama\u00f1o peque\u00f1o, este es un pez muy belicoso que no debe ser alojado con especies m\u00e1s peque\u00f1as, menos agresivas. Se ha sabido que moleste implacablemente a peque\u00f1os percas, grammas, angeles enanos, peque\u00f1os peces mariposa, percas de arena, gobios y gobios dardo. El autor incluso les ha hecho atacar a peque\u00f1os peces halc\u00f3n de ojo de arco (<em>Paracirrhites arcatus<\/em>) introducidos despu\u00e9s de que el Halc\u00f3n Coral fuera un residente bien establecido. Para mantener esta especie con peces menos belicosos, debe ser el \u00faltimo pez a\u00f1adido al acuario.<\/p>\t\t\t\t\t\t\t\t<\/div>\n\t\t\t\t<\/div>\n\t\t\t\t<div class=\"elementor-element elementor-element-a7febc5 elementor-widget elementor-widget-text-editor\" data-id=\"a7febc5\" data-element_type=\"widget\" data-e-type=\"widget\" data-widget_type=\"text-editor.default\">\n\t\t\t\t<div class=\"elementor-widget-container\">\n\t\t\t\t\t\t\t\t\t<p><img loading=\"lazy\" decoding=\"async\" class=\"wp-image-1528 alignleft\" src=\"https:\/\/proyectos.pgiovas.com\/alfaquarium\/wp-content\/uploads\/2020\/08\/Cirrhitops-fasciatus.png\" alt=\"\" width=\"250\" height=\"142\" srcset=\"https:\/\/proyectos.pgiovas.com\/alfaquarium\/wp-content\/uploads\/2020\/08\/Cirrhitops-fasciatus.png 286w, https:\/\/proyectos.pgiovas.com\/alfaquarium\/wp-content\/uploads\/2020\/08\/Cirrhitops-fasciatus-270x152.png 270w\" sizes=\"(max-width: 250px) 100vw, 250px\" \/><\/p><p><strong>Nombre cient\u00edfico:<\/strong> Cirrhitops fasciatus<br \/><strong>Nombre com\u00fan en ingl\u00e9s:<\/strong> Blood Red Hawkfish<br \/><strong>Nombre com\u00fan es espa\u00f1ol:<\/strong> Pez Halc\u00f3n Sangre Roja<br \/><strong>Tama\u00f1o m\u00e1ximo:<\/strong> 5.0 pulgadas (12.7 cm)<br \/><strong>Extensi\u00f3n:<\/strong> Jap\u00f3n, Hawaii, Madagascar y Mauritania<br \/><strong>Tama\u00f1o m\u00ednimo de acuario:<\/strong> 20 galones (76 lts)<\/p><p><strong>Alimento y Alimentaci\u00f3n:<\/strong> Alimentos carnosos, incluyendo peces marinos, carne de crust\u00e1ceos, camar\u00f3n mysid y preparaciones congeladas. Alimentar diariamente.<\/p><p><strong>\u00cdndice de Adaptaci\u00f3n al Acuario:<\/strong> <strong><em>Estas especies son muy resistentes con casi todos los individuos aclimat\u00e1ndose f\u00e1cilmente a los confines del acuario.<\/em><\/strong> Son poco exigentes para el promedio de los peces marinos y son m\u00e1s propensos a soportar cierta negligencia y deterioro de las condiciones. Ellos aceptar\u00e1n una amplia gama de alimentos disponibles comercialmente y no requerir\u00e1n alimentos vivos para sobrevivir. Estas especies son excelentes para el aficionado principiante.<\/p><p><strong>Compatibilidad con el acuario de arrecife:<\/strong> Una amenaza para peces y crust\u00e1ceos peque\u00f1os.<\/p><p><strong>Cuidado Cautivo:<\/strong> Aunque no es tan com\u00fanmente disponible como muchas especies de peces halc\u00f3n, este es un pez de acuario muy duradero. Lo mejor es alojarlo en un sistema con peces m\u00e1s grandes o agresivos, tales como peces \u00e1ngel, pseudochromios, l\u00e1bridos, peces globo y rayas. Se comer\u00e1 \u00e1vidamente casi cualquier cosa, incluyendo los alimentos en hojuelas. Alimentar con alimentos enriquecidos con pigmento para asegurar que mantenga su brillante coloraci\u00f3n.<\/p>\t\t\t\t\t\t\t\t<\/div>\n\t\t\t\t<\/div>\n\t\t\t\t<div class=\"elementor-element elementor-element-d17843a elementor-widget elementor-widget-text-editor\" data-id=\"d17843a\" data-element_type=\"widget\" data-e-type=\"widget\" data-widget_type=\"text-editor.default\">\n\t\t\t\t<div class=\"elementor-widget-container\">\n\t\t\t\t\t\t\t\t\t<p><img loading=\"lazy\" decoding=\"async\" class=\"wp-image-1529 alignleft\" src=\"https:\/\/proyectos.pgiovas.com\/alfaquarium\/wp-content\/uploads\/2020\/08\/Cyprinocirrhites-polyactis.png\" alt=\"\" width=\"250\" height=\"142\" srcset=\"https:\/\/proyectos.pgiovas.com\/alfaquarium\/wp-content\/uploads\/2020\/08\/Cyprinocirrhites-polyactis.png 280w, https:\/\/proyectos.pgiovas.com\/alfaquarium\/wp-content\/uploads\/2020\/08\/Cyprinocirrhites-polyactis-270x152.png 270w\" sizes=\"(max-width: 250px) 100vw, 250px\" \/><\/p><p><strong>Nombre cient\u00edfico:<\/strong> Cyprinocirrhites polyactis<br \/><strong>Nombre com\u00fan en ingl\u00e9s:<\/strong> Lyretail Hawkfish<br \/><strong>Nombre com\u00fan es espa\u00f1ol:<\/strong> Pez Halc\u00f3n Cola de Lira<br \/><strong>Tama\u00f1o m\u00e1ximo:<\/strong> 5.5 pulgadas (14 cm)<br \/><strong>Extensi\u00f3n:<\/strong> Pac\u00edfico Indo Occidental<br \/><strong>Tama\u00f1o m\u00ednimo de acuario:<\/strong> 20 galones (76 lts)<\/p><p><strong>Alimento y Alimentaci\u00f3n:<\/strong> Alimentos carnosos, incluyendo peces marinos, carne de crust\u00e1ceos, camar\u00f3n mysid y preparaciones congeladas. Alimentar diariamente.<\/p><p><strong>\u00cdndice de Adaptaci\u00f3n al Acuario:<\/strong> <strong><em>Estas especies son muy resistentes con casi todos los individuos aclimat\u00e1ndose f\u00e1cilmente a los confines del acuario.<\/em><\/strong> Son poco exigentes para el promedio de los peces marinos y son m\u00e1s propensos a soportar cierta negligencia y deterioro de las condiciones. Ellos aceptar\u00e1n una amplia gama de alimentos disponibles comercialmente y no requerir\u00e1n alimentos vivos para sobrevivir. Estas especies son excelentes para el aficionado principiante.<\/p><p><strong>Compatibilidad con el acuario de arrecife:<\/strong> Excelente, pero una amenaza para camarones peque\u00f1os y delicados.<strong>\u00a0<\/strong><\/p><p><strong>Cuidado Cautivo:<\/strong> Este pez halc\u00f3n tiende a pasar la mayor parte de su tiempo en reposo en la estructura del arrecife, a menos que el tanque tenga una cantidad considerable de movimiento de agua, en cuyo caso a menudo se ciernen en la columna de agua enfrentando la corriente. En ocasiones, se esconder\u00e1 cerca de la base y bajo los tent\u00e1culos de grandes an\u00e9monas (un comportamiento tambi\u00e9n visto en la naturaleza) o corales de p\u00f3lipo largo (como, <em>Goniopora<\/em>). Aunque no sea tan agresivo como la mayor\u00eda de los otros peces halc\u00f3n, a menudo castiga a los peces m\u00e1s peque\u00f1os o modestos introducidos despu\u00e9s de que se ha establecido. M\u00e1s de un pez Cola de Lira puede ser mantenido en un acuario m\u00e1s grande, pero todos los individuos deben ser introducidos simult\u00e1neamente.<\/p>\t\t\t\t\t\t\t\t<\/div>\n\t\t\t\t<\/div>\n\t\t\t\t<div class=\"elementor-element elementor-element-f9ad8fe elementor-widget elementor-widget-text-editor\" data-id=\"f9ad8fe\" data-element_type=\"widget\" data-e-type=\"widget\" data-widget_type=\"text-editor.default\">\n\t\t\t\t<div class=\"elementor-widget-container\">\n\t\t\t\t\t\t\t\t\t<p><img loading=\"lazy\" decoding=\"async\" class=\"wp-image-1530 alignleft\" src=\"https:\/\/proyectos.pgiovas.com\/alfaquarium\/wp-content\/uploads\/2020\/08\/Paracirrhites-arcatus.png\" alt=\"\" width=\"250\" height=\"143\" \/><\/p><p><strong>Nombre cient\u00edfico:<\/strong> Paracirrhites arcatus<br \/><strong>Nombre com\u00fan en ingl\u00e9s:<\/strong> Arc-Eye Hawkfish<br \/><strong>Nombre com\u00fan es espa\u00f1ol:<\/strong> Pez Halc\u00f3n de Ojo Arqueado<br \/><strong>Tama\u00f1o m\u00e1ximo:<\/strong> 5.5 pulgadas (14 cm)<br \/><strong>Extensi\u00f3n:<\/strong> Indo Pac\u00edfico<br \/><strong>Tama\u00f1o m\u00ednimo de acuario:<\/strong> 30 galones (114 lts)<\/p><p><strong>Alimento y Alimentaci\u00f3n:<\/strong> Alimentos carnosos, incluyendo peces marinos, carne de crust\u00e1ceos, camar\u00f3n mysid y preparaciones congeladas. Alimentar diariamente.<\/p><p><strong>\u00cdndice de Adaptaci\u00f3n al Acuario:<\/strong> Estas especies son muy resistentes con casi todos los individuos aclimat\u00e1ndose f\u00e1cilmente a los confines del acuario. Son poco exigentes para el promedio de los peces marinos y son m\u00e1s propensos a soportar cierta negligencia y deterioro de las condiciones. Ellos aceptar\u00e1n una amplia gama de alimentos disponibles comercialmente y no requerir\u00e1n alimentos vivos para sobrevivir. Estas especies son excelentes para el aficionado principiante.<\/p><p><strong>Compatibilidad con el acuario de arrecife:<\/strong> Inofensivo para invertebrados inm\u00f3viles, pero comer\u00e1 camarones ornamentales y peces peque\u00f1os.<strong>\u00a0<\/strong><\/p><p><strong>Cuidado Cautivo:<\/strong> Un pez halc\u00f3n grande y robusto, a esta hermosa especie le va mejor en un entorno comunitario con especies que son capaces de mantenerse firmes contra posibles intimidadores. Exhibir\u00e1 hostilidad hacia los peces introducidos despu\u00e9s de \u00e9l, a veces incluso si son considerablemente m\u00e1s grandes. No da\u00f1ar\u00e1 a los corales (excepto por posibles da\u00f1os mec\u00e1nicos), pero comer\u00e1 cangrejos peque\u00f1os, limpiadores, boxeadores, an\u00e9monas y camarones <em>Saron<\/em>, as\u00ed como peces m\u00e1s peque\u00f1os. Un macho y una hembra conocidos se pueden mantener en un acuario m\u00e1s grande juntos, si no es as\u00ed, un individuo por comunidad es la mejor opci\u00f3n.<\/p>\t\t\t\t\t\t\t\t<\/div>\n\t\t\t\t<\/div>\n\t\t\t\t<div class=\"elementor-element elementor-element-01d58c4 elementor-widget elementor-widget-text-editor\" data-id=\"01d58c4\" data-element_type=\"widget\" data-e-type=\"widget\" data-widget_type=\"text-editor.default\">\n\t\t\t\t<div class=\"elementor-widget-container\">\n\t\t\t\t\t\t\t\t\t<p><img loading=\"lazy\" decoding=\"async\" class=\"wp-image-1531 alignleft\" src=\"https:\/\/proyectos.pgiovas.com\/alfaquarium\/wp-content\/uploads\/2020\/08\/Paracirrhites-forsteri.png\" alt=\"\" width=\"250\" height=\"137\" \/><\/p><p><strong>Nombre cient\u00edfico:<\/strong> Paracirrhites forsteri<br \/><strong>Nombre com\u00fan en ingl\u00e9s:<\/strong> Freckled Hawkfish<br \/><strong>Nombre com\u00fan es espa\u00f1ol:<\/strong> Pez Halc\u00f3n de Cabeza Moteada<br \/><strong>Tama\u00f1o m\u00e1ximo:<\/strong> 8.9 pulgadas (22.5 cm)<br \/><strong>Extensi\u00f3n:<\/strong> Indo Pac\u00edfico<br \/><strong>Tama\u00f1o m\u00ednimo de acuario:<\/strong> 75 galones (284 lts)<\/p><p><strong>Alimento y Alimentaci\u00f3n:<\/strong> Alimentos carnosos, incluyendo carne de pescado marino fresca o congelada y picada, camarones, calamares, camarones mysid y preparaciones congeladas para carn\u00edvoros. Alimentar diariamente.<\/p><p><strong>\u00cdndice de Adaptaci\u00f3n al Acuario:<\/strong> <strong><em>Estas especies son muy resistentes con casi todos los individuos aclimat\u00e1ndose f\u00e1cilmente a los confines del acuario.<\/em><\/strong> Son poco exigentes para el promedio de los peces marinos y son m\u00e1s propensos a soportar cierta negligencia y deterioro de las condiciones. Ellos aceptar\u00e1n una amplia gama de alimentos disponibles comercialmente y no requerir\u00e1n alimentos vivos para sobrevivir. Estas especies son excelentes para el aficionado principiante.<\/p><p><strong>Compatibilidad con el acuario de arrecife:<\/strong> no es una amenaza para invertebrados inm\u00f3viles, pero comer\u00e1 camarones ornamentales y peces peque\u00f1os.<strong>\u00a0<\/strong><\/p><p><strong>Cuidado Cautivo:<\/strong> Esta es una especie altamente depredadora que puede atraer al coleccionista de peces grandes beligerantes. Es un comedor de peces voraz y es agresivo hacia los peces con comportamiento similar y los introducidos despu\u00e9s de \u00e9l. Mejor mantenerlo con peces ballesta, \u00e1ngeles grandes, peces cirujanos grandes, y otros que no se intimidan. Mantenga s\u00f3lo uno por tanque, excepto en pares macho-hembra. Aparece en diferentes fases de color: los adultos pueden ser de color rosa claro, marr\u00f3n, u oliva con o sin rayas de luz por los lados; Otra fase de color, originalmente descrita como una especie diferente (<em>Paracirrhites typee<\/em>), tiene un cuerpo marr\u00f3n profundo con una cola amarilla. En todas las formas de color, la cara se salpica con manchas rojas o negras.<\/p>\t\t\t\t\t\t\t\t<\/div>\n\t\t\t\t<\/div>\n\t\t\t\t\t<\/div>\n\t\t<\/div>\n\t\t\t\t\t<\/div>\n\t\t<\/section>\n\t\t\t\t<\/div>\n\t\t","protected":false},"excerpt":{"rendered":"<p>Peces Marinos &#8211; Halcones Nombre cient\u00edfico: Amblycirrhitus pinosNombre com\u00fan en ingl\u00e9s: Redspotted HawkfishNombre com\u00fan es espa\u00f1ol: Pez Halc\u00f3n Manchado de RojoTama\u00f1o m\u00e1ximo: 3.7 pulgadas (9.5 cm)Extensi\u00f3n: Atl\u00e1ntico TropicalTama\u00f1o m\u00ednimo de acuario: 20 galones (76 lts)&hellip;<\/p>\n","protected":false},"author":4,"featured_media":0,"parent":0,"menu_order":0,"comment_status":"closed","ping_status":"closed","template":"","meta":{"footnotes":""},"class_list":["post-1522","page","type-page","status-publish","hentry"],"_links":{"self":[{"href":"https:\/\/proyectos.pgiovas.com\/alfaquarium\/wp-json\/wp\/v2\/pages\/1522","targetHints":{"allow":["GET"]}}],"collection":[{"href":"https:\/\/proyectos.pgiovas.com\/alfaquarium\/wp-json\/wp\/v2\/pages"}],"about":[{"href":"https:\/\/proyectos.pgiovas.com\/alfaquarium\/wp-json\/wp\/v2\/types\/page"}],"author":[{"embeddable":true,"href":"https:\/\/proyectos.pgiovas.com\/alfaquarium\/wp-json\/wp\/v2\/users\/4"}],"replies":[{"embeddable":true,"href":"https:\/\/proyectos.pgiovas.com\/alfaquarium\/wp-json\/wp\/v2\/comments?post=1522"}],"version-history":[{"count":4,"href":"https:\/\/proyectos.pgiovas.com\/alfaquarium\/wp-json\/wp\/v2\/pages\/1522\/revisions"}],"predecessor-version":[{"id":2662,"href":"https:\/\/proyectos.pgiovas.com\/alfaquarium\/wp-json\/wp\/v2\/pages\/1522\/revisions\/2662"}],"wp:attachment":[{"href":"https:\/\/proyectos.pgiovas.com\/alfaquarium\/wp-json\/wp\/v2\/media?parent=1522"}],"curies":[{"name":"wp","href":"https:\/\/api.w.org\/{rel}","templated":true}]}}