{"id":1489,"date":"2020-08-04T18:42:48","date_gmt":"2020-08-04T18:42:48","guid":{"rendered":"http:\/\/alfaquarium.mx\/?page_id=1489"},"modified":"2020-08-07T05:37:24","modified_gmt":"2020-08-07T05:37:24","slug":"peces-marinos-escorpiones","status":"publish","type":"page","link":"https:\/\/proyectos.pgiovas.com\/alfaquarium\/peces-marinos-escorpiones","title":{"rendered":"Peces Marinos &#8211; Escorpiones"},"content":{"rendered":"\t\t<div data-elementor-type=\"wp-page\" data-elementor-id=\"1489\" class=\"elementor elementor-1489\">\n\t\t\t\t\t\t<section class=\"elementor-section elementor-top-section elementor-element elementor-element-8f49de4 elementor-section-full_width elementor-section-height-default elementor-section-height-default\" data-id=\"8f49de4\" data-element_type=\"section\" data-e-type=\"section\">\n\t\t\t\t\t\t<div class=\"elementor-container elementor-column-gap-default\">\n\t\t\t\t\t<div class=\"elementor-column elementor-col-100 elementor-top-column elementor-element elementor-element-6f0a7c6\" data-id=\"6f0a7c6\" data-element_type=\"column\" data-e-type=\"column\">\n\t\t\t<div class=\"elementor-widget-wrap elementor-element-populated\">\n\t\t\t\t\t\t<div class=\"elementor-element elementor-element-cd51b85 elementor-widget elementor-widget-heading\" data-id=\"cd51b85\" data-element_type=\"widget\" data-e-type=\"widget\" data-widget_type=\"heading.default\">\n\t\t\t\t<div class=\"elementor-widget-container\">\n\t\t\t\t\t<h3 class=\"elementor-heading-title elementor-size-default\">Peces Marinos - Escorpiones<\/h3>\t\t\t\t<\/div>\n\t\t\t\t<\/div>\n\t\t\t\t<div class=\"elementor-element elementor-element-0f295b2 elementor-widget elementor-widget-spacer\" data-id=\"0f295b2\" data-element_type=\"widget\" data-e-type=\"widget\" data-widget_type=\"spacer.default\">\n\t\t\t\t<div class=\"elementor-widget-container\">\n\t\t\t\t\t\t\t<div class=\"elementor-spacer\">\n\t\t\t<div class=\"elementor-spacer-inner\"><\/div>\n\t\t<\/div>\n\t\t\t\t\t\t<\/div>\n\t\t\t\t<\/div>\n\t\t\t\t<div class=\"elementor-element elementor-element-9d536cf elementor-widget-divider--separator-type-pattern elementor-widget-divider--view-line elementor-widget elementor-widget-divider\" data-id=\"9d536cf\" data-element_type=\"widget\" data-e-type=\"widget\" data-widget_type=\"divider.default\">\n\t\t\t\t<div class=\"elementor-widget-container\">\n\t\t\t\t\t\t\t<div class=\"elementor-divider\" style=\"--divider-pattern-url: url(&quot;data:image\/svg+xml,%3Csvg xmlns=&#039;http:\/\/www.w3.org\/2000\/svg&#039; preserveAspectRatio=&#039;none&#039; overflow=&#039;visible&#039; height=&#039;100%&#039; viewBox=&#039;0 0 24 24&#039; fill=&#039;none&#039; stroke=&#039;black&#039; stroke-width=&#039;7&#039; stroke-linecap=&#039;square&#039; stroke-miterlimit=&#039;10&#039;%3E%3Cpath d=&#039;M0,6c6,0,6,13,12,13S18,6,24,6&#039;\/%3E%3C\/svg%3E&quot;);\">\n\t\t\t<span class=\"elementor-divider-separator\">\n\t\t\t\t\t\t<\/span>\n\t\t<\/div>\n\t\t\t\t\t\t<\/div>\n\t\t\t\t<\/div>\n\t\t\t\t<div class=\"elementor-element elementor-element-64ca2dd elementor-widget elementor-widget-text-editor\" data-id=\"64ca2dd\" data-element_type=\"widget\" data-e-type=\"widget\" data-widget_type=\"text-editor.default\">\n\t\t\t\t<div class=\"elementor-widget-container\">\n\t\t\t\t\t\t\t\t\t<p><img decoding=\"async\" class=\"wp-image-1491 alignleft\" src=\"https:\/\/proyectos.pgiovas.com\/alfaquarium\/wp-content\/uploads\/2020\/08\/Inimicus-didactylus.png\" alt=\"\" width=\"250\" height=\"188\" \/><\/p><p><strong>Nombre cient\u00edfico:<\/strong> Inimicus didactylus<br \/><strong>Nombre com\u00fan en ingl\u00e9s:<\/strong> Spiny Devilfish (Sea Goblin)<br \/><strong>Nombre com\u00fan es espa\u00f1ol:<\/strong> Pez Diablo Espinoso<br \/><strong>Tama\u00f1o m\u00e1ximo:<\/strong> 7.1 pulgadas (18 cm)<br \/><strong>Extensi\u00f3n:<\/strong> Indo Pac\u00edfico Occidental<br \/><strong>Tama\u00f1o m\u00ednimo de acuario:<\/strong> 30 galones (114 lts)<\/p><p><strong>Alimento y Alimentaci\u00f3n:<\/strong> Alimente con peces marinos y carne de crust\u00e1ceos. Los camarones de hierba vivos o peces de alimentaci\u00f3n pueden ser necesarios para iniciar la alimentaci\u00f3n. Alimentar 2-4 veces a la semana.<\/p><p><strong>\u00cdndice de Adaptaci\u00f3n al Acuario:<\/strong> Estas especies son moderadamente resistentes; la mayor\u00eda de los individuos se aclimatan al acuario casero, si se les proporciona cuidado especial. Esto puede incluir ofrecer alimentos vivos para inducir una respuesta alimentaria, mantenerlos con compa\u00f1eros de tanque menos competitivos (y menos agresivos) y proporcionar condiciones de acuario similares a las de sus h\u00e1bitats naturales. Para algunas de estas especies, un exuberante crecimiento de algas filamentosas puede proporcionar una fuente natural de alimento y aumentar las posibilidades de su mantenimiento exitoso.<\/p><p><strong>Compatibilidad con el acuario de arrecife:<\/strong> Comer\u00e1 camarones ornamentales y peces m\u00e1s peque\u00f1os. Requiere mucho espacio de fondo inferior abierto y sustrato de arena.<strong>\u00a0<\/strong><\/p><p><strong>Cuidado Cautivo:<\/strong> Habitantes de fondo cr\u00edpticos que pueden infligir un dolor atroz en buzos y pescadores que entran en contacto con sus espinas venenosas; los miembros de este g\u00e9nero se llaman a veces ghouls barbudos o demonios venenosos. Un pez diablo es un ejemplar cautivo inusual, exhibiendo sus aletas pectorales con dibujos coloridos como advertencia cuando est\u00e1 amenazado. Requiere un tanque con al menos 2,5 cm (1 pulgada) de sustrato de arena coralina fina. Un esp\u00e9cimen ocasional rechazar\u00e1 incluso el alimento vivo, mientras que otros pueden ser atra\u00eddos por tiras de carne fresca de pescados marinas en un palillo de alimentaci\u00f3n. Conserve s\u00f3lo uno por acuario. Advertencia: los peces diablo poseen espinas altamente venenosas.<\/p>\t\t\t\t\t\t\t\t<\/div>\n\t\t\t\t<\/div>\n\t\t\t\t<div class=\"elementor-element elementor-element-e82b5b4 elementor-widget elementor-widget-text-editor\" data-id=\"e82b5b4\" data-element_type=\"widget\" data-e-type=\"widget\" data-widget_type=\"text-editor.default\">\n\t\t\t\t<div class=\"elementor-widget-container\">\n\t\t\t\t\t\t\t\t\t<p><img decoding=\"async\" class=\"wp-image-1492 alignleft\" src=\"https:\/\/proyectos.pgiovas.com\/alfaquarium\/wp-content\/uploads\/2020\/08\/Scorpaena-brasiliensis.png\" alt=\"\" width=\"250\" height=\"164\" \/><\/p><p><strong>Nombre cient\u00edfico:<\/strong> Scorpaena brasiliensis<br \/><strong>Nombre com\u00fan en ingl\u00e9s:<\/strong> Barbfish (Orange Scorpionfish)<br \/><strong>Nombre com\u00fan es espa\u00f1ol:<\/strong> Rascacio Chasnete Rojo<br \/><strong>Tama\u00f1o m\u00e1ximo:<\/strong> 9.1 pulgadas (23 cm)<br \/><strong>Extensi\u00f3n:<\/strong> Atlantico Occidental Tropical<br \/><strong>Tama\u00f1o m\u00ednimo de acuario:<\/strong> 20 galones (76 lts)<\/p><p><strong>Alimento y Alimentaci\u00f3n:<\/strong> Alimentos carnosos, incluyendo peces marinos y carne de crust\u00e1ceos. Los camarones de hierba vivos o peces de alimentaci\u00f3n pueden ser necesarios para iniciar la alimentaci\u00f3n. Alimentar 2-4 veces a la semana.<\/p><p><strong>\u00cdndice de Adaptaci\u00f3n al Acuario:<\/strong> Estas especies son generalmente duraderas y resistentes; la mayor\u00eda de los individuos se aclimatan al acuario casero. Los peces en esta categor\u00eda deben prosperar, siempre que no est\u00e9n expuestos a cambios dram\u00e1ticos en el medio ambiente o condiciones de agua pobres. Aceptar\u00e1n una amplia gama de alimentos comercialmente disponibles. Los alimentos vivos pueden ser necesarios para inducir la alimentaci\u00f3n o pueden ser el \u00fanico tipo de alimento aceptado. Estos peces son recomendados para los acuaristas que han adquirido alguna experiencia de cr\u00eda (por lo menos 6 meses con un acuario marino).<\/p><p><strong>Compatibilidad con el acuario de arrecife:<\/strong> Comer\u00e1 camarones y peces ornamentales.<\/p><p><strong>Cuidado Cautivo:<\/strong> Este com\u00fanmente visto pez escorpi\u00f3n var\u00eda de Virginia a Brasil y se produce en una amplia variedad de variantes de color, algunos mon\u00f3tonos y otros muy coloridos. Es una especie duradera del acuario, pero no debe ser alojada con los peces que se alimentan de invertebrados incrustados o alga. Por ejemplo, los peces \u00e1ngel enanos pueden pellizcar persistentemente en la piel de individuos m\u00e1s peque\u00f1os, a pesar de las espinas venenosas. Proporcionar muchos espacios de escondite, incluyendo cuevas y grietas en la roca. Advertencia: todos los peces escorpi\u00f3n y peces le\u00f3n est\u00e1n equipados con espinas venenosas. Manipule con cuidado, tenga cuidado al limpiar o trabajar en el acuario y no lo coloque al alcance de los ni\u00f1os.<\/p>\t\t\t\t\t\t\t\t<\/div>\n\t\t\t\t<\/div>\n\t\t\t\t<div class=\"elementor-element elementor-element-06c1aa1 elementor-widget elementor-widget-text-editor\" data-id=\"06c1aa1\" data-element_type=\"widget\" data-e-type=\"widget\" data-widget_type=\"text-editor.default\">\n\t\t\t\t<div class=\"elementor-widget-container\">\n\t\t\t\t\t\t\t\t\t<p><img decoding=\"async\" class=\"wp-image-1493 alignleft\" src=\"https:\/\/proyectos.pgiovas.com\/alfaquarium\/wp-content\/uploads\/2020\/08\/Scorpaena-plumieri.png\" alt=\"\" width=\"250\" height=\"187\" \/><\/p><p><strong>Nombre cient\u00edfico:<\/strong> Scorpaena plumieri<br \/><strong>Nombre com\u00fan en ingl\u00e9s:<\/strong> Spotted Scorpionfish<br \/><strong>Nombre com\u00fan es espa\u00f1ol:<\/strong> Rascacio Negro<br \/><strong>Tama\u00f1o m\u00e1ximo:<\/strong> 14.2 pulgadas (36 cm)<br \/><strong>Extensi\u00f3n:<\/strong> Atlantico Occidental Tropical y Pac\u00edfico Oriental<br \/><strong>Tama\u00f1o m\u00ednimo de acuario:<\/strong> 30 galones (144 lts)<\/p><p><strong>Alimento y Alimentaci\u00f3n:<\/strong> Alimentos carnosos, incluyendo peces marinos y carne de crust\u00e1ceos. Los camarones de hierba vivos o peces de alimentaci\u00f3n pueden ser necesarios para iniciar la alimentaci\u00f3n. Alimentar 2-4 veces a la semana.<br \/><strong>\u00cdndice de Adaptaci\u00f3n al Acuario:<\/strong> Estas especies son generalmente duraderas y resistentes; la mayor\u00eda de los individuos se aclimatan al acuario casero. Los peces en esta categor\u00eda deben prosperar, siempre que no est\u00e9n expuestos a cambios dram\u00e1ticos en el medio ambiente o condiciones de agua pobres. Aceptar\u00e1n una amplia gama de alimentos comercialmente disponibles. Los alimentos vivos pueden ser necesarios para inducir la alimentaci\u00f3n o pueden ser el \u00fanico tipo de alimento aceptado. Estos peces son recomendados para los acuaristas que han adquirido alguna experiencia de cr\u00eda (por lo menos 6 meses con un acuario marino).<\/p><p><strong>Compatibilidad con el acuario de arrecife:<\/strong> Comer\u00e1 camarones y peces ornamentales.<strong>\u00a0<\/strong><\/p><p><strong>Cuidado Cautivo:<\/strong> Una especie a veces extravagantemente pigmentada, este pez escorpi\u00f3n grande se encuentra en ambas costas oriental y occidental de Am\u00e9rica del Norte y del Sur. Es una buena especie de acuario, pero no se debe mantener con peces que son menos de tres cuartas partes de la longitud total de su cuerpo. En la naturaleza, se ha informado de comer especies de cuerpo profundo como los peces cirujano, as\u00ed como formas largas y esbeltas, como anguilas congrio. Un buen pez escorpi\u00f3n para el acuario de arrecife debido a su naturaleza menos cr\u00edptica y su tendencia a pasar m\u00e1s tiempo en el fondo de arena que encaram\u00e1ndose en corales blandos o duros, por lo que es menos probable que cause estr\u00e9s o da\u00f1os mec\u00e1nicos. Advertencia: espinas venenosas.<\/p>\t\t\t\t\t\t\t\t<\/div>\n\t\t\t\t<\/div>\n\t\t\t\t<div class=\"elementor-element elementor-element-0d592ba elementor-widget elementor-widget-text-editor\" data-id=\"0d592ba\" data-element_type=\"widget\" data-e-type=\"widget\" data-widget_type=\"text-editor.default\">\n\t\t\t\t<div class=\"elementor-widget-container\">\n\t\t\t\t\t\t\t\t\t<p><img loading=\"lazy\" decoding=\"async\" class=\"wp-image-1494 alignleft\" src=\"https:\/\/proyectos.pgiovas.com\/alfaquarium\/wp-content\/uploads\/2020\/08\/Scorpaenopsis-macrochir.png\" alt=\"\" width=\"250\" height=\"167\" \/><\/p><p><strong>Nombre cient\u00edfico:<\/strong> Scorpaenopsis macrochir<br \/><strong>Nombre com\u00fan en ingl\u00e9s:<\/strong> Flasher Scorpionfish<br \/><strong>Nombre com\u00fan es espa\u00f1ol:<\/strong> Pez Escorpi\u00f3n Intermitente<br \/><strong>Tama\u00f1o m\u00e1ximo:<\/strong> 5.1 pulgadas (13 cm)<br \/><strong>Extensi\u00f3n:<\/strong> Pac\u00edfico Occidental<br \/><strong>Tama\u00f1o m\u00ednimo de acuario:<\/strong> 20 galones (76 lts)<\/p><p><strong>Alimento y Alimentaci\u00f3n:<\/strong> Alimentos carnosos, incluyendo peces marinos y carne de crust\u00e1ceos. Los camarones de hierba vivos o peces de alimentaci\u00f3n pueden ser necesarios para iniciar la alimentaci\u00f3n. Alimentar 2-4 veces a la semana.<\/p><p><strong>\u00cdndice de Adaptaci\u00f3n al Acuario:<\/strong> Estas especies son generalmente duraderas y resistentes; la mayor\u00eda de los individuos se aclimatan al acuario casero. Los peces en esta categor\u00eda deben prosperar, siempre que no est\u00e9n expuestos a cambios dram\u00e1ticos en el medio ambiente o condiciones de agua pobres. Aceptar\u00e1n una amplia gama de alimentos comercialmente disponibles. Los alimentos vivos pueden ser necesarios para inducir la alimentaci\u00f3n o pueden ser el \u00fanico tipo de alimento aceptado. Estos peces son recomendados para los acuaristas que han adquirido alguna experiencia de cr\u00eda (por lo menos 6 meses con un acuario marino).<\/p><p><strong>Compatibilidad con el acuario de arrecife:<\/strong> Comer\u00e1 camarones y peces ornamentales.<\/p><p><strong>Cuidado Cautivo:<\/strong> Este es un fant\u00e1stico artista de camuflaje y un depredador de emboscada cuyas bellas aletas pectorales a veces son desplegadas para advertir a otros depredadores. Es uno de los miembros m\u00e1s comunes de la familia de los peces escorpi\u00f3n en el comercio de acuario y f\u00e1cil de mantener, aunque puede ser reacio a aceptar comer cualquier cosa con excepci\u00f3n de alimentos vivos. Es un depredador de peces con una boca de grande, y se recomienda cuidado extremo al seleccionar compa\u00f1eros de tanque. Se puede alojar con otros peces escorpi\u00f3n, pero se comer\u00e1 espec\u00edmenes m\u00e1s peque\u00f1os. Pasa la mayor parte de su tiempo en espacio abierto; Rara vez se esconde en corales duros o suaves. Advertencia: Espinas venenosas.<\/p>\t\t\t\t\t\t\t\t<\/div>\n\t\t\t\t<\/div>\n\t\t\t\t<div class=\"elementor-element elementor-element-ffd9ff0 elementor-widget elementor-widget-text-editor\" data-id=\"ffd9ff0\" data-element_type=\"widget\" data-e-type=\"widget\" data-widget_type=\"text-editor.default\">\n\t\t\t\t<div class=\"elementor-widget-container\">\n\t\t\t\t\t\t\t\t\t<p><img loading=\"lazy\" decoding=\"async\" class=\"wp-image-1496 alignleft\" src=\"https:\/\/proyectos.pgiovas.com\/alfaquarium\/wp-content\/uploads\/2020\/08\/Taenianotus-triacanthus.png\" alt=\"\" width=\"250\" height=\"150\" \/><\/p><p><strong>Nombre cient\u00edfico:<\/strong> Taenianotus triacanthus<br \/><strong>Nombre com\u00fan en ingl\u00e9s:<\/strong> Leaf Scorpionfish<br \/><strong>Nombre com\u00fan es espa\u00f1ol:<\/strong> Pez Hoja de Escorpi\u00f3n<br \/><strong>Tama\u00f1o m\u00e1ximo:<\/strong> 3.9 pulgadas (10 cm)<br \/><strong>Extensi\u00f3n:<\/strong> Indo Pac\u00edfico<br \/><strong>Tama\u00f1o m\u00ednimo de acuario:<\/strong> 20 galones (76 lts)<\/p><p><strong>Alimento y Alimentaci\u00f3n:<\/strong> Alimentos carnosos, incluyendo peces marinos y carne de crust\u00e1ceos.<\/p><p>Puede llegar a ser necesario camarones de hierba y peces de alimentaci\u00f3n para fomentar el inicio de la alimentaci\u00f3n. \u00a0Alimentar 3-4 veces a la semana.<\/p><p><strong>\u00cdndice de Adaptaci\u00f3n al Acuario:<\/strong> Estas especies son generalmente duraderas y resistentes; la mayor\u00eda de los individuos se aclimatan al acuario casero. Los peces en esta categor\u00eda deben prosperar, siempre que no est\u00e9n expuestos a cambios dram\u00e1ticos en el medio ambiente o condiciones de agua pobres. Aceptar\u00e1n una amplia gama de alimentos comercialmente disponibles. Los alimentos vivos pueden ser necesarios para inducir la alimentaci\u00f3n o pueden ser el \u00fanico tipo de alimento aceptado. Estos peces son recomendados para los acuaristas que han adquirido alguna experiencia de cr\u00eda (por lo menos 6 meses con un acuario marino).<\/p><p><strong>Compatibilidad con el acuario de arrecife:<\/strong> No lastimar\u00e1 a los invertebrados fijos, pero comer\u00e1 camarones ornamentales o peces peque\u00f1os.<strong>\u00a0<\/strong><\/p><p><strong>Cuidado Cautivo:<\/strong> Un gran pez de acuario que puede mantenerse en grupos de dos o tres para una exhibici\u00f3n inusual en un peque\u00f1o tanque con varios pedazos de roca viva; Pasa gran parte de su tiempo en perchas expuestas. Rara vez aceptar\u00e1 cualquier cosa que no sean alimentos vivos, como peque\u00f1os peces de alimentaci\u00f3n o camarones de hierba. Tiene una boca peque\u00f1a para un pez escorpi\u00f3n, as\u00ed que elija las presas potenciales acorde a ello. No se debe colocar en un tanque con alimentadores m\u00e1s agresivos o cualquier pez que pueda pellizcar su cuerpo con forma de hoja. La mejor manera de alimentarlo en un tanque de arrecife es colocar su comida en una red y moverla lentamente hacia el pez. Se le puede ense\u00f1ar a saltar a la red para capturar comida viva. Advertencia: Espinas venenosas.<\/p>\t\t\t\t\t\t\t\t<\/div>\n\t\t\t\t<\/div>\n\t\t\t\t<div class=\"elementor-element elementor-element-197121a elementor-widget elementor-widget-text-editor\" data-id=\"197121a\" data-element_type=\"widget\" data-e-type=\"widget\" data-widget_type=\"text-editor.default\">\n\t\t\t\t<div class=\"elementor-widget-container\">\n\t\t\t\t\t\t\t\t\t<p><img loading=\"lazy\" decoding=\"async\" class=\"alignnone wp-image-1495\" src=\"https:\/\/proyectos.pgiovas.com\/alfaquarium\/wp-content\/uploads\/2020\/08\/Sebastapistes-strongia.png\" alt=\"\" width=\"250\" height=\"141\" \/><\/p><p><strong>Nombre cient\u00edfico:<\/strong> Sebastapistes strongia<br \/><strong>Nombre com\u00fan en ingl\u00e9s:<\/strong> Barchin Scorpionfish<br \/><strong>Nombre com\u00fan es espa\u00f1ol:<\/strong> Pez Le\u00f3n Com\u00fan<br \/><strong>Tama\u00f1o m\u00e1ximo:<\/strong> 4.0 pulgadas (10 cm)<br \/><strong>Extensi\u00f3n:<\/strong> Indo Pac\u00edfico<br \/><strong>Tama\u00f1o m\u00ednimo de acuario:<\/strong> 20 galones (76 lts)<\/p><p><strong>Alimento y Alimentaci\u00f3n:<\/strong> Alimentos carnosos, incluyendo camarones de hierba y peces de alimentaci\u00f3n. \u00a0Puede ocasionalmente ser persuadido a aceptar piezas de comida de un bast\u00f3n de alimentaci\u00f3n. Alimentar 3-4 veces a la semana.<\/p><p><strong>\u00cdndice de Adaptaci\u00f3n al Acuario:<\/strong> Estas especies son generalmente duraderas y resistentes; la mayor\u00eda de los individuos se aclimatan al acuario casero. Los peces en esta categor\u00eda deben prosperar, siempre que no est\u00e9n expuestos a cambios dram\u00e1ticos en el medio ambiente o condiciones de agua pobres. Aceptar\u00e1n una amplia gama de alimentos comercialmente disponibles. Los alimentos vivos pueden ser necesarios para inducir la alimentaci\u00f3n o pueden ser el \u00fanico tipo de alimento aceptado. Estos peces son recomendados para los acuaristas que han adquirido alguna experiencia de cr\u00eda (por lo menos 6 meses con un acuario marino).<\/p><p><strong>Compatibilidad con el acuario de arrecife:<\/strong> Comer\u00e1 camarones ornamentales y peces peque\u00f1os.<\/p><p><strong>Cuidado Cautivo:<\/strong> Este peque\u00f1o y atractivo pez escorpi\u00f3n tiene barras oscuras en su mand\u00edbula inferior y rayos rojos anaranjados que irradian de las pupilas de sus ojos. Es un habitante resistente del acuario, poniendo una exhibici\u00f3n de velocidad depredadora inesperada cuando los alimentos entran dentro de su alcance de ataque. Proporcionarle con muchos escondites, incluyendo piezas dispersas de escombros de coral. A menudo se encuentra contra los escombros a la vista. Los peces que se alimentan de invertebrados inm\u00f3viles pueden pellizcar sus aletas y piel. Advertencia: Espinas venenosas.<\/p>\t\t\t\t\t\t\t\t<\/div>\n\t\t\t\t<\/div>\n\t\t\t\t<div class=\"elementor-element elementor-element-512a8a6 elementor-widget elementor-widget-text-editor\" data-id=\"512a8a6\" data-element_type=\"widget\" data-e-type=\"widget\" data-widget_type=\"text-editor.default\">\n\t\t\t\t<div class=\"elementor-widget-container\">\n\t\t\t\t\t\t\t\t\t<p><img loading=\"lazy\" decoding=\"async\" class=\"wp-image-1497 alignleft\" src=\"https:\/\/proyectos.pgiovas.com\/alfaquarium\/wp-content\/uploads\/2020\/08\/Pterois-mombasae.png\" alt=\"\" width=\"250\" height=\"167\" \/><\/p><p><strong>Nombre cient\u00edfico:<\/strong> Pterois mombasae<br \/><strong>Nombre com\u00fan en ingl\u00e9s:<\/strong> Deepwater Lionfish<br \/><strong>Nombre com\u00fan es espa\u00f1ol:<\/strong> Pez Mombasa<br \/><strong>Tama\u00f1o m\u00e1ximo:<\/strong> 6.3 pulgadas (16 cm)<br \/><strong>Extensi\u00f3n:<\/strong> Indo Pac\u00edfico Occidental<br \/><strong>Tama\u00f1o m\u00ednimo de acuario:<\/strong> 30 galones (114 lts)<\/p><p><strong>Alimento y Alimentaci\u00f3n:<\/strong> Alimentos carnosos, incluyendo peces marinos y carne de crust\u00e1ceos.<br \/>Puede llegar a ser necesario camarones de hierba y peces de alimentaci\u00f3n para fomentar el inicio de la alimentaci\u00f3n. \u00a0Alimentar 3-4 veces a la semana.<\/p><p><strong>\u00cdndice de Adaptaci\u00f3n al Acuario:<\/strong> Estas especies son muy resistentes con casi todos los individuos aclimat\u00e1ndose f\u00e1cilmente a los confines del acuario. Son poco exigentes para el promedio de los peces marinos y son m\u00e1s propensos a soportar cierta negligencia y deterioro de las condiciones. Ellos aceptar\u00e1n una amplia gama de alimentos disponibles comercialmente y no requerir\u00e1n alimentos vivos para sobrevivir. Estas especies son excelentes para el aficionado principiante.<\/p><p><strong>Compatibilidad con el acuario de arrecife:<\/strong> Comer\u00e1 camarones ornamentales o peces peque\u00f1os.<\/p><p><strong>Cuidado Cautivo:<\/strong> Este resistente pez de acuario se adapta f\u00e1cilmente a la vida cautiva si se le proporcionan escondrijos adecuados. A menudo mal identificado como el &#8220;Antennata Lionfish&#8221; en el comercio de acuarios. Reconocido por la ausencia de una serie de manchas oscuras en las aletas pectorales, filamentos cortos de las aletas pectorales, complejo patr\u00f3n de restricci\u00f3n en el ped\u00fanculo caudal y ojos m\u00e1s grandes. Para mantener m\u00e1s de uno, proporcione a cada uno su propio sitio de refugio. Aunque se alimenta de crust\u00e1ceos en estado silvestre, se come cualquier pez en el acuario lo suficientemente peque\u00f1o para caber en su boca. Se puede mantener en un acuario de arrecife de aguas profundas o poco profundas. Es mejor mantenerlo en un tanque d\u00e9bilmente iluminado. Advertencia: Espinas venenosas.<\/p>\t\t\t\t\t\t\t\t<\/div>\n\t\t\t\t<\/div>\n\t\t\t\t\t<\/div>\n\t\t<\/div>\n\t\t\t\t\t<\/div>\n\t\t<\/section>\n\t\t\t\t<\/div>\n\t\t","protected":false},"excerpt":{"rendered":"<p>Peces Marinos &#8211; Escorpiones Nombre cient\u00edfico: Inimicus didactylusNombre com\u00fan en ingl\u00e9s: Spiny Devilfish (Sea Goblin)Nombre com\u00fan es espa\u00f1ol: Pez Diablo EspinosoTama\u00f1o m\u00e1ximo: 7.1 pulgadas (18 cm)Extensi\u00f3n: Indo Pac\u00edfico OccidentalTama\u00f1o m\u00ednimo de acuario: 30 galones (114&hellip;<\/p>\n","protected":false},"author":4,"featured_media":0,"parent":0,"menu_order":0,"comment_status":"closed","ping_status":"closed","template":"","meta":{"footnotes":""},"class_list":["post-1489","page","type-page","status-publish","hentry"],"_links":{"self":[{"href":"https:\/\/proyectos.pgiovas.com\/alfaquarium\/wp-json\/wp\/v2\/pages\/1489","targetHints":{"allow":["GET"]}}],"collection":[{"href":"https:\/\/proyectos.pgiovas.com\/alfaquarium\/wp-json\/wp\/v2\/pages"}],"about":[{"href":"https:\/\/proyectos.pgiovas.com\/alfaquarium\/wp-json\/wp\/v2\/types\/page"}],"author":[{"embeddable":true,"href":"https:\/\/proyectos.pgiovas.com\/alfaquarium\/wp-json\/wp\/v2\/users\/4"}],"replies":[{"embeddable":true,"href":"https:\/\/proyectos.pgiovas.com\/alfaquarium\/wp-json\/wp\/v2\/comments?post=1489"}],"version-history":[{"count":5,"href":"https:\/\/proyectos.pgiovas.com\/alfaquarium\/wp-json\/wp\/v2\/pages\/1489\/revisions"}],"predecessor-version":[{"id":2659,"href":"https:\/\/proyectos.pgiovas.com\/alfaquarium\/wp-json\/wp\/v2\/pages\/1489\/revisions\/2659"}],"wp:attachment":[{"href":"https:\/\/proyectos.pgiovas.com\/alfaquarium\/wp-json\/wp\/v2\/media?parent=1489"}],"curies":[{"name":"wp","href":"https:\/\/api.w.org\/{rel}","templated":true}]}}