{"id":1370,"date":"2020-08-02T22:40:17","date_gmt":"2020-08-02T22:40:17","guid":{"rendered":"http:\/\/alfaquarium.mx\/?page_id=1370"},"modified":"2020-08-07T04:28:28","modified_gmt":"2020-08-07T04:28:28","slug":"peces-marinos-angeles","status":"publish","type":"page","link":"https:\/\/proyectos.pgiovas.com\/alfaquarium\/peces-marinos-angeles","title":{"rendered":"Peces Marinos &#8211; Angeles"},"content":{"rendered":"\t\t<div data-elementor-type=\"wp-page\" data-elementor-id=\"1370\" class=\"elementor elementor-1370\">\n\t\t\t\t\t\t<section class=\"elementor-section elementor-top-section elementor-element elementor-element-ba4676c elementor-section-boxed elementor-section-height-default elementor-section-height-default\" data-id=\"ba4676c\" data-element_type=\"section\" data-e-type=\"section\">\n\t\t\t\t\t\t<div class=\"elementor-container elementor-column-gap-default\">\n\t\t\t\t\t<div class=\"elementor-column elementor-col-100 elementor-top-column elementor-element elementor-element-006be43\" data-id=\"006be43\" data-element_type=\"column\" data-e-type=\"column\">\n\t\t\t<div class=\"elementor-widget-wrap elementor-element-populated\">\n\t\t\t\t\t\t<div class=\"elementor-element elementor-element-9120b45 elementor-widget elementor-widget-heading\" data-id=\"9120b45\" data-element_type=\"widget\" data-e-type=\"widget\" data-widget_type=\"heading.default\">\n\t\t\t\t<div class=\"elementor-widget-container\">\n\t\t\t\t\t<h3 class=\"elementor-heading-title elementor-size-default\">Peces Marinos - Angeles<\/h3>\t\t\t\t<\/div>\n\t\t\t\t<\/div>\n\t\t\t\t<div class=\"elementor-element elementor-element-344066a elementor-widget elementor-widget-spacer\" data-id=\"344066a\" data-element_type=\"widget\" data-e-type=\"widget\" data-widget_type=\"spacer.default\">\n\t\t\t\t<div class=\"elementor-widget-container\">\n\t\t\t\t\t\t\t<div class=\"elementor-spacer\">\n\t\t\t<div class=\"elementor-spacer-inner\"><\/div>\n\t\t<\/div>\n\t\t\t\t\t\t<\/div>\n\t\t\t\t<\/div>\n\t\t\t\t<div class=\"elementor-element elementor-element-31b98be elementor-widget-divider--separator-type-pattern elementor-widget-divider--view-line elementor-widget elementor-widget-divider\" data-id=\"31b98be\" data-element_type=\"widget\" data-e-type=\"widget\" data-widget_type=\"divider.default\">\n\t\t\t\t<div class=\"elementor-widget-container\">\n\t\t\t\t\t\t\t<div class=\"elementor-divider\" style=\"--divider-pattern-url: url(&quot;data:image\/svg+xml,%3Csvg xmlns=&#039;http:\/\/www.w3.org\/2000\/svg&#039; preserveAspectRatio=&#039;none&#039; overflow=&#039;visible&#039; height=&#039;100%&#039; viewBox=&#039;0 0 24 24&#039; fill=&#039;none&#039; stroke=&#039;black&#039; stroke-width=&#039;7&#039; stroke-linecap=&#039;square&#039; stroke-miterlimit=&#039;10&#039;%3E%3Cpath d=&#039;M0,6c6,0,6,13,12,13S18,6,24,6&#039;\/%3E%3C\/svg%3E&quot;);\">\n\t\t\t<span class=\"elementor-divider-separator\">\n\t\t\t\t\t\t<\/span>\n\t\t<\/div>\n\t\t\t\t\t\t<\/div>\n\t\t\t\t<\/div>\n\t\t\t\t<div class=\"elementor-element elementor-element-1316e5e elementor-widget elementor-widget-text-editor\" data-id=\"1316e5e\" data-element_type=\"widget\" data-e-type=\"widget\" data-widget_type=\"text-editor.default\">\n\t\t\t\t<div class=\"elementor-widget-container\">\n\t\t\t\t\t\t\t\t\t<p><img fetchpriority=\"high\" decoding=\"async\" class=\"wp-image-1025 alignleft\" src=\"https:\/\/proyectos.pgiovas.com\/alfaquarium\/wp-content\/uploads\/2020\/07\/angeles-300x300.jpg\" alt=\"\" width=\"250\" height=\"250\" srcset=\"https:\/\/proyectos.pgiovas.com\/alfaquarium\/wp-content\/uploads\/2020\/07\/angeles-300x300.jpg 300w, https:\/\/proyectos.pgiovas.com\/alfaquarium\/wp-content\/uploads\/2020\/07\/angeles-150x150.jpg 150w, https:\/\/proyectos.pgiovas.com\/alfaquarium\/wp-content\/uploads\/2020\/07\/angeles-370x370.jpg 370w, https:\/\/proyectos.pgiovas.com\/alfaquarium\/wp-content\/uploads\/2020\/07\/angeles-90x90.jpg 90w, https:\/\/proyectos.pgiovas.com\/alfaquarium\/wp-content\/uploads\/2020\/07\/angeles-406x406.jpg 406w, https:\/\/proyectos.pgiovas.com\/alfaquarium\/wp-content\/uploads\/2020\/07\/angeles-143x143.jpg 143w, https:\/\/proyectos.pgiovas.com\/alfaquarium\/wp-content\/uploads\/2020\/07\/angeles-400x400.jpg 400w, https:\/\/proyectos.pgiovas.com\/alfaquarium\/wp-content\/uploads\/2020\/07\/angeles-100x100.jpg 100w, https:\/\/proyectos.pgiovas.com\/alfaquarium\/wp-content\/uploads\/2020\/07\/angeles.jpg 500w\" sizes=\"(max-width: 250px) 100vw, 250px\" \/><\/p><p><em><strong>Nombre cient\u00edfico: <\/strong><\/em>Sumireyakko venusta<em><br \/><strong>Nombre com\u00fan en ingl\u00e9s: <\/strong><\/em>Purplemask angelfish<em><br \/><strong>Nombre com\u00fan en espa\u00f1ol: <\/strong><\/em>Pez \u00e1ngel de m\u00e1scara p\u00farpura<br \/><em><strong>Familia:<\/strong><\/em> Pomacanthidae<br \/>Origen: Oc\u00e9ano Pac\u00edfico<br \/><em><strong>Par\u00e1metros ideales:<\/strong><\/em><br \/><em><strong>Salinidad:<\/strong><\/em> 1023 a 1025<br \/><em><strong>Temperatura:<\/strong><\/em> 23 a 26\u00ba C<br \/><em><strong>Calcio:<\/strong> <\/em>400 a 450 ppm<br \/><em><strong>Alcalinidad:<\/strong> <\/em>8 a 12 dKH<br \/><em><strong>Magnesio:<\/strong><\/em> 1200 a 1350<br \/><em><strong>Estroncio:<\/strong> <\/em>8 a 10<br \/><em><strong>PH:<\/strong> <\/em>8.10 a 8.40<\/p><p><strong>Informaci\u00f3n, cuidados y curiosidades: <\/strong>El pez \u00e1ngel de m\u00e1scara p\u00farpura Sumireyakko venusta fue descrito por Yasuda y Tominaga en 1969.<\/p><p>Es originario del Oc\u00e9ano Pac\u00edfico Occidental, de la zona que desde Jap\u00f3n al norte de las Filipinas.<\/p><p>Su cabeza y cuerpo son azules dorsalmente, su vientre es amarillo, tiene una extensi\u00f3n triangular de color amarillo que llega hasta detr\u00e1s de su cabeza y sus escamas est\u00e1n acomodadas en series longitudinales.<\/p><p>Vive en las inclinadas laderas exteriores de los arrecifes, en las cornisas, en cuevas y a una profundidad que va de10 a 40 m. Es una especie t\u00edmida,\u00a0 solitaria y casi siempre permanece nadando al rev\u00e9s dentro de su escondrijo, aunque tambi\u00e9n forma parejas o peque\u00f1os card\u00famenes e incluso a veces se hibrida con el pez Centropyge multifasciata. Se desconoce cu\u00e1l es su dieta natural.<\/p><p>Este pez puede llegar a medir alrededor de 12 cm y vivir aproximadamente 6 a\u00f1os.<\/p><p>Este pez puede ser dif\u00edcil de mantener en cautiverio. Es un pez muy t\u00edmido y necesita muchos huecos y recovecos entre las rocas vivas del acuario para esconderse, incluso cuando es adulto. Una vez que se haya aclimatado y adaptado exitosamente, puede volverse una mascota resistente.<\/p><p>Se desconoce cu\u00e1l es su dieta natural, por esto debemos asegurarnos de proporcionarle una dieta variada que incluya diferentes tipos de algas marinas y mezclas comerciales que contengan esponjas. Tambi\u00e9n podemos ofrecerle alimento en hojuelas, camarones y algas, vegetales y alga japonesa nori. Puede llegar a picotear los p\u00f3lipos de los corales duros y suaves. Cada pez es diferente y algunos pueden no molestar en lo absoluto a los corales y otros s\u00ed.<\/p><p>A los juveniles hay que alimentarlos de tres a cuatro veces al d\u00eda.<\/p><p>Una vez que se haya aclimatado y adaptado ser\u00e1 bastante resistente.<\/p><p>Necesita mucho espacio libre en el acuario para nadar y muchos huecos y recovecos para esconderse y descansar.<\/p><p>Como da\u00f1a los p\u00f3lipos de algunos corales duros y blandos, no se recomienda para acuarios de arrecife.<\/p><p>La mayor\u00eda de los peces de este g\u00e9nero son muy coloridos y atractivos, pero desafortunadamente algunos son muy dif\u00edciles de mantener en cautiverio y pueden sufrir de muchas enfermedades infecciosas, como el ich. Otros de estos peces no toleran los tratamientos con medicamentos o cambios s\u00fabitos en los par\u00e1metros o la calidad del agua, incluyendo el pH, temperatura, la salinidad, etc, y algunos son bastante sensibles a los cambios en la calidad o los par\u00e1metros del agua.<\/p><p>En la naturaleza un pez limpiador (Labroides sp) le ayuda removi\u00e9ndole los par\u00e1sitos del cuerpo. Sin embargo este pez limpiador es extremadamente dif\u00edcil de mantener en cautiverio, por lo que en el acuario podemos introducir peces como el Gobiosoma sp, que le proporcionar\u00e1 el servicio de limpieza.<\/p><p>Este pez puede estar en un acuario de arrecife, siempre y cuando este tenga algas que pueda comerse. Tambi\u00e9n puede estar en un acuario de s\u00f3lo peces.<\/p><p>Es tranquilo y pac\u00edfico, por lo que hay que tener cuidado con los peces m\u00e1s grandes o agresivos.<\/p><p>Este pez no presenta diferencias apreciables a simple vista que permitan sexarlo, y nunca ha sido reproducido en cautiverio, ni siquiera en laboratorios, pero se sabe que en la naturaleza forma harenes formados por de 3 a 7 hembras y un macho dominante.<\/p>\t\t\t\t\t\t\t\t<\/div>\n\t\t\t\t<\/div>\n\t\t\t\t\t<\/div>\n\t\t<\/div>\n\t\t\t\t\t<\/div>\n\t\t<\/section>\n\t\t\t\t<\/div>\n\t\t","protected":false},"excerpt":{"rendered":"<p>Peces Marinos &#8211; Angeles Nombre cient\u00edfico: Sumireyakko venustaNombre com\u00fan en ingl\u00e9s: Purplemask angelfishNombre com\u00fan en espa\u00f1ol: Pez \u00e1ngel de m\u00e1scara p\u00farpuraFamilia: PomacanthidaeOrigen: Oc\u00e9ano Pac\u00edficoPar\u00e1metros ideales:Salinidad: 1023 a 1025Temperatura: 23 a 26\u00ba CCalcio: 400 a 450&hellip;<\/p>\n","protected":false},"author":4,"featured_media":0,"parent":0,"menu_order":0,"comment_status":"closed","ping_status":"closed","template":"","meta":{"footnotes":""},"class_list":["post-1370","page","type-page","status-publish","hentry"],"_links":{"self":[{"href":"https:\/\/proyectos.pgiovas.com\/alfaquarium\/wp-json\/wp\/v2\/pages\/1370","targetHints":{"allow":["GET"]}}],"collection":[{"href":"https:\/\/proyectos.pgiovas.com\/alfaquarium\/wp-json\/wp\/v2\/pages"}],"about":[{"href":"https:\/\/proyectos.pgiovas.com\/alfaquarium\/wp-json\/wp\/v2\/types\/page"}],"author":[{"embeddable":true,"href":"https:\/\/proyectos.pgiovas.com\/alfaquarium\/wp-json\/wp\/v2\/users\/4"}],"replies":[{"embeddable":true,"href":"https:\/\/proyectos.pgiovas.com\/alfaquarium\/wp-json\/wp\/v2\/comments?post=1370"}],"version-history":[{"count":3,"href":"https:\/\/proyectos.pgiovas.com\/alfaquarium\/wp-json\/wp\/v2\/pages\/1370\/revisions"}],"predecessor-version":[{"id":2650,"href":"https:\/\/proyectos.pgiovas.com\/alfaquarium\/wp-json\/wp\/v2\/pages\/1370\/revisions\/2650"}],"wp:attachment":[{"href":"https:\/\/proyectos.pgiovas.com\/alfaquarium\/wp-json\/wp\/v2\/media?parent=1370"}],"curies":[{"name":"wp","href":"https:\/\/api.w.org\/{rel}","templated":true}]}}