{"id":1357,"date":"2020-08-02T21:58:03","date_gmt":"2020-08-02T21:58:03","guid":{"rendered":"http:\/\/alfaquarium.mx\/?page_id=1357"},"modified":"2020-08-07T04:23:36","modified_gmt":"2020-08-07T04:23:36","slug":"los-caballitos-de-mar","status":"publish","type":"page","link":"https:\/\/proyectos.pgiovas.com\/alfaquarium\/los-caballitos-de-mar","title":{"rendered":"Los Caballitos de Mar"},"content":{"rendered":"\t\t<div data-elementor-type=\"wp-page\" data-elementor-id=\"1357\" class=\"elementor elementor-1357\">\n\t\t\t\t\t\t<section class=\"elementor-section elementor-top-section elementor-element elementor-element-cd341e4 elementor-section-boxed elementor-section-height-default elementor-section-height-default\" data-id=\"cd341e4\" data-element_type=\"section\" data-e-type=\"section\">\n\t\t\t\t\t\t<div class=\"elementor-container elementor-column-gap-default\">\n\t\t\t\t\t<div class=\"elementor-column elementor-col-100 elementor-top-column elementor-element elementor-element-63ece48\" data-id=\"63ece48\" data-element_type=\"column\" data-e-type=\"column\">\n\t\t\t<div class=\"elementor-widget-wrap elementor-element-populated\">\n\t\t\t\t\t\t<div class=\"elementor-element elementor-element-8deba04 elementor-widget elementor-widget-heading\" data-id=\"8deba04\" data-element_type=\"widget\" data-e-type=\"widget\" data-widget_type=\"heading.default\">\n\t\t\t\t<div class=\"elementor-widget-container\">\n\t\t\t\t\t<h3 class=\"elementor-heading-title elementor-size-default\">Los Caballitos de Mar<\/h3>\t\t\t\t<\/div>\n\t\t\t\t<\/div>\n\t\t\t\t<div class=\"elementor-element elementor-element-3ce4317 elementor-widget elementor-widget-spacer\" data-id=\"3ce4317\" data-element_type=\"widget\" data-e-type=\"widget\" data-widget_type=\"spacer.default\">\n\t\t\t\t<div class=\"elementor-widget-container\">\n\t\t\t\t\t\t\t<div class=\"elementor-spacer\">\n\t\t\t<div class=\"elementor-spacer-inner\"><\/div>\n\t\t<\/div>\n\t\t\t\t\t\t<\/div>\n\t\t\t\t<\/div>\n\t\t\t\t<div class=\"elementor-element elementor-element-2c4e169 elementor-widget-divider--separator-type-pattern elementor-widget-divider--view-line elementor-widget elementor-widget-divider\" data-id=\"2c4e169\" data-element_type=\"widget\" data-e-type=\"widget\" data-widget_type=\"divider.default\">\n\t\t\t\t<div class=\"elementor-widget-container\">\n\t\t\t\t\t\t\t<div class=\"elementor-divider\" style=\"--divider-pattern-url: url(&quot;data:image\/svg+xml,%3Csvg xmlns=&#039;http:\/\/www.w3.org\/2000\/svg&#039; preserveAspectRatio=&#039;none&#039; overflow=&#039;visible&#039; height=&#039;100%&#039; viewBox=&#039;0 0 24 24&#039; fill=&#039;none&#039; stroke=&#039;black&#039; stroke-width=&#039;7&#039; stroke-linecap=&#039;square&#039; stroke-miterlimit=&#039;10&#039;%3E%3Cpath d=&#039;M0,6c6,0,6,13,12,13S18,6,24,6&#039;\/%3E%3C\/svg%3E&quot;);\">\n\t\t\t<span class=\"elementor-divider-separator\">\n\t\t\t\t\t\t<\/span>\n\t\t<\/div>\n\t\t\t\t\t\t<\/div>\n\t\t\t\t<\/div>\n\t\t\t\t<div class=\"elementor-element elementor-element-675f004 elementor-widget elementor-widget-text-editor\" data-id=\"675f004\" data-element_type=\"widget\" data-e-type=\"widget\" data-widget_type=\"text-editor.default\">\n\t\t\t\t<div class=\"elementor-widget-container\">\n\t\t\t\t\t\t\t\t\t<p><img fetchpriority=\"high\" decoding=\"async\" class=\"size-medium wp-image-2646 alignleft\" src=\"https:\/\/proyectos.pgiovas.com\/alfaquarium\/wp-content\/uploads\/2020\/08\/hippocampus_erectus-300x270.jpg\" alt=\"\" width=\"300\" height=\"270\" srcset=\"https:\/\/proyectos.pgiovas.com\/alfaquarium\/wp-content\/uploads\/2020\/08\/hippocampus_erectus-300x270.jpg 300w, https:\/\/proyectos.pgiovas.com\/alfaquarium\/wp-content\/uploads\/2020\/08\/hippocampus_erectus-370x333.jpg 370w, https:\/\/proyectos.pgiovas.com\/alfaquarium\/wp-content\/uploads\/2020\/08\/hippocampus_erectus-400x360.jpg 400w, https:\/\/proyectos.pgiovas.com\/alfaquarium\/wp-content\/uploads\/2020\/08\/hippocampus_erectus.jpg 500w\" sizes=\"(max-width: 300px) 100vw, 300px\" \/><\/p><p><em><strong>Nombre cient\u00edfico: <\/strong><\/em>Hippocampus erectus<br \/><em><strong>Nombre com\u00fan en ingl\u00e9s: <\/strong><\/em>Lined seahorse, northern seahorse<br \/><em><strong>Nombre com\u00fan en espa\u00f1ol:<\/strong><\/em>Caballito de mar erecto o listado del Atl\u00e1ntico<br \/><em><strong>Familia: <\/strong><\/em>Syngnathidae<br \/><em><strong>Origen: <\/strong><\/em>Oc\u00e9ano Atl\u00e1ntico<br \/><strong><em>Par\u00e1metros ideales:<\/em><\/strong><br \/><em><strong>Salinidad: <\/strong><\/em>1023 a 1025<br \/><em><strong>Temperatura: <\/strong><\/em>23 a 26\u00ba C<br \/><em><strong>Calcio: <\/strong><\/em>400 a 450 ppm<br \/><em><strong>Alcalinidad: <\/strong><\/em>8 a 12 dKH<br \/><em><strong>Magnesio: <\/strong><\/em>1200 a 1350<br \/><em><strong>Estroncio: <\/strong><\/em>8 a 10<br \/><em><strong>PH: <\/strong><\/em>8.10 a 8.40<br \/><strong><em>Informaci\u00f3n, cuidados y curiosidades:<\/em><\/strong><\/p><p>El Hippocampus erectus es una de las especies m\u00e1s grandes del g\u00e9nero Hippocampus, pues llega a medir m\u00e1s de 5\u201d de largo. Su posici\u00f3n erguida, cabeza parecida a la del caballo y una armadura articulada lo hacen parecer caballero de un juego de ajedrez. Posee una cola prensil que utiliza para sujetarse a las algas o a los corales. Las escamas fueron reemplazadas por cerca de 50 platos \u00f3seos rectangulares que recubren su cuerpo formando una coraza semi r\u00edgida. Sus colores t\u00edpicos son el caf\u00e9. Negro, gris, verde, amarillo, naranja y rojo. Estos colores pueden cambiar seg\u00fan el medio ambiente, la dieta, el estr\u00e9s, el humor y muchos otros factores. Algunos individuos poseen cirri, que son unos ap\u00e9ndices largos que posee en la cabeza, cuello y lomo, que lo ayudan a camuflarse en la naturaleza.<\/p><p>Puede mover los ojos independientemente o convergirlos para tener visi\u00f3n binocular. La caracter\u00edstica m\u00e1s distintiva de los caballitos de mar es la bolsa parecida a la de los canguros que el macho posee en su vientre, que utiliza para la reproducci\u00f3n.<\/p><p>En la naturaleza vive en las praderas de algas o en los arrecifes coralinos, en profundidades que var\u00edan de los 5 a los 30 metros. Se desplaza b\u00e1sicamente moviendo r\u00e1pidamente su aleta dorsal y sus aletas pectorales. Es tan lento nadando que se tarda m\u00e1s de 5 minutos en nadar de un lado al otro de una tina de ba\u00f1o. Tambi\u00e9n es un pez mon\u00f3gamo. Escoge una pareja y permanece con ella literalmente \u201chasta que la muerte los separe\u201d. Cada ma\u00f1ana la pareja se hace danzas de saludos para reafirmar su uni\u00f3n. Si uno de ellos muere, el otro le guarda luto y es muy dif\u00edcil que busque una nueva pareja.<\/p><p>Como en todos los caballitos de mar, los sonidos tienen especial importancia durante el ritual de cortejo. En la parte posterior de sus cabezas poseen una cresta \u00f3sea en forma de estrella llamada coroneta. Esta cresta posee una articulaci\u00f3n con el borde trasero del cr\u00e1neo. Cuando el caballito de mar levanta r\u00e1pidamente su cabeza, este borde se desliza debajo de la coroneta. Al bajar de nuevo la cabeza, el borde se destraba y emite el chasquido. Un rom\u00e1ntico cortejo de caballitos de mar incluye nado lento en parejas o individualmente acompa\u00f1ado de sonoros chasquidos producidos por sus coronetas. Emiten los chasquidos alternativamente y durante el apareamiento estos chasquidos son continuos. Este ritual puede durar dos horas o m\u00e1s. La hembra es la que inicia el cortejo y despu\u00e9s de un buen rato, entrelaza su cola con la del macho. La hembra introduce su ovopositor en el orificio de la bolsa y deposita los \u00f3vulos que son inmediatamente fecundados al pasar por el orificio de entrada de la bolsa del macho.<\/p><p>Enseguida, el macho realiza movimientos que sirven para acomodar los \u00f3vulos fecundados en su bolsa. Los huevos eclosionan algunos dias despu\u00e9s y los embriones quedan seguros y bien protegidos dentro de la bolsa del macho. La sangre que circula por los capilares de esta bolsa distribuyen el material nutritivo por \u00f3smosis a los embriones.\u00a0 Despu\u00e9s de cinco semanas nacen los alevines, que miden aproximadamente cuatro mil\u00edmetros en promedio, e inmediatamente nadan hacia la superficie pues necesitan llenar de aire su vejiga natatoria. Es pr\u00e1cticamente imposible reproducir a los H. Erectus en cautiverio pues, si en la naturaleza sobreviven aproximadamente el 5% de las cr\u00edas, ya podr\u00e1n imaginarse en cautiverio.<\/p><p>Como todas las especies de caballitos de mar, el H. Erectus requiere comida viva. Son incapaces de nadar lo suficientemente r\u00e1pido para perseguir a sus presas. En vez de eso, utiliza su alargado hocico como aspiradora para alimentarse de peque\u00f1os crust\u00e1ceos, y tienen una punter\u00eda extraordinaria en el rango de 1\u201d. Los juveniles pueden alimentarse hasta por 10 horas al d\u00eda y consumir m\u00e1s de 3600 artemias reci\u00e9n eclosionadas en ese tiempo.<\/p><p>Son sumamente dif\u00edciles de mantener en cautiverio. Requieren acuarios espec\u00edficos, mantener una temperatura exacta que var\u00eda de especie a especie, alimentaci\u00f3n espec\u00edfica, son muy delicados y se enferman f\u00e1cilmente.<\/p><p>De ninguna manera se recomienda adquirir esta especie pues es pr\u00e1cticamente imposible mantenerlos en cautiverio.<\/p>\t\t\t\t\t\t\t\t<\/div>\n\t\t\t\t<\/div>\n\t\t\t\t<div class=\"elementor-element elementor-element-f599a46 elementor-widget elementor-widget-text-editor\" data-id=\"f599a46\" data-element_type=\"widget\" data-e-type=\"widget\" data-widget_type=\"text-editor.default\">\n\t\t\t\t<div class=\"elementor-widget-container\">\n\t\t\t\t\t\t\t\t\t<p><img decoding=\"async\" class=\"wp-image-1363 alignleft\" src=\"https:\/\/proyectos.pgiovas.com\/alfaquarium\/wp-content\/uploads\/2020\/08\/Hippocampus-histrix.png\" alt=\"\" width=\"250\" height=\"224\" \/><\/p><p><strong>Nombre cient\u00edfico:<\/strong> Hippocampus histrix<br \/><strong>Nombre com\u00fan en ingl\u00e9s:<\/strong> Thorny Seahorse (Spiny Seahorse)<br \/><strong>Nombre com\u00fan es espa\u00f1ol:<\/strong> Caballito de Mar Blanco<br \/><strong>Tama\u00f1o m\u00e1ximo:<\/strong> 6.7 pulgadas (17 cm)<br \/><strong>Extensi\u00f3n:<\/strong> Indo Pac\u00edfico<br \/><strong>Tama\u00f1o m\u00ednimo de acuario:<\/strong> 20 galones (76 lts)<\/p><p><strong>Alimento y Alimentaci\u00f3n:<\/strong> Alimentar con\u00a0 camar\u00f3n mysid vivo o congelados enriquecidos con vitaminas. Los caballitos de mar deben tener sesiones frecuentes de alimentaci\u00f3n con elementos de presa disponibles durante al menos 20-30 minutos, 3 veces al d\u00eda.<\/p><p><strong>\u00cdndice de Adaptaci\u00f3n al Acuario:<\/strong> La mayor\u00eda de individuos de estas especies no se aclimatan al acuario casero, rehus\u00e1ndose a menudo a comer y consumi\u00e9ndose en cautiverio. El individuo ocasional puede adaptarse si se mantiene en condiciones \u00f3ptimas de agua y se aloja en su propio tanque o con compa\u00f1eros no competitivos. Es mejor dejar a estas especies en estado silvestre o ser ordenados s\u00f3lo por un acuarista experimentado con la aptitud y voluntad de dedicar el tiempo y la energ\u00eda para mantenerlos.<\/p><p><strong>Compatibilidad con el acuario de arrecife:<\/strong> No da\u00f1ar\u00e1 a los invertebrados, pero s\u00ed puede convertirse en la v\u00edctima de an\u00e9monas o de los tent\u00e1culos punzantes de varios corales. Muy dif\u00edcil de alimentar adecuadamente en un t\u00edpico acuario de arrecife.<\/p><p><strong>Cuidado Cautivo:<\/strong> Esta especie de tama\u00f1o mediano es reconocida por su hocico alargado. Los colores var\u00edan de marr\u00f3n a amarillo, rojo y blanco. No es especialmente com\u00fan en el comercio de acuarios, pero su cr\u00eda es similar a la de otras especies de caballitos de mar m\u00e1s grandes, <strong><em>Hippocampus erectus<\/em> y <em>Hippocampus kuda<\/em>.<\/strong> Los camarones mysid han demostrado ser el mejor alimento para los caballitos de mar cautivos, aunque aceptar\u00e1n el camar\u00f3n de salmuera, que debe estar enriquecido con vitaminas. Los caballitos de mar beb\u00e9 requieren una exposici\u00f3n casi constante a los n\u00e1uplios de camar\u00f3n de salmuera vivos.<\/p>\t\t\t\t\t\t\t\t<\/div>\n\t\t\t\t<\/div>\n\t\t\t\t<div class=\"elementor-element elementor-element-064a098 elementor-widget elementor-widget-text-editor\" data-id=\"064a098\" data-element_type=\"widget\" data-e-type=\"widget\" data-widget_type=\"text-editor.default\">\n\t\t\t\t<div class=\"elementor-widget-container\">\n\t\t\t\t\t\t\t\t\t<p><img decoding=\"async\" class=\"wp-image-1365 alignleft\" src=\"https:\/\/proyectos.pgiovas.com\/alfaquarium\/wp-content\/uploads\/2020\/08\/Hippocampus-kuda.png\" alt=\"\" width=\"250\" height=\"225\" \/><\/p><p><strong>Nombre cient\u00edfico:<\/strong> Hippocampus kuda<br \/><strong>Nombre com\u00fan en ingl\u00e9s:<\/strong> Common Seahorse (Spotted\/Yellow Seahorse)<br \/><strong>Nombre com\u00fan es espa\u00f1ol:<\/strong> Caballito de Mar Com\u00fan<br \/><strong>Tama\u00f1o m\u00e1ximo:<\/strong> 11.8 pulgadas (30 cm)<br \/><strong>Extensi\u00f3n:<\/strong> Indo Pac\u00edfico<br \/><strong>Tama\u00f1o m\u00ednimo de acuario:<\/strong> 20 galones (76 lts)<\/p><p><strong>Alimento y Alimentaci\u00f3n:<\/strong> Alimentar con\u00a0 camar\u00f3n mysid vivo o congelados enriquecidos con vitaminas. Los caballitos de mar deben tener sesiones frecuentes de alimentaci\u00f3n con elementos de presa disponibles durante al menos 20-30 minutos, 3 veces al d\u00eda.<\/p><p><strong>\u00cdndice de Adaptaci\u00f3n al Acuario:<\/strong> La mayor\u00eda de individuos de estas especies no se aclimatan al acuario casero, rehus\u00e1ndose a menudo a comer y consumi\u00e9ndose en cautiverio. El individuo ocasional puede adaptarse si se mantiene en condiciones \u00f3ptimas de agua y se aloja en su propio tanque o con compa\u00f1eros no competitivos. Es mejor dejar a estas especies en estado silvestre o ser ordenados s\u00f3lo por un acuarista experimentado con la aptitud y voluntad de dedicar el tiempo y la energ\u00eda para mantenerlos.<\/p><p><strong>Compatibilidad con el acuario de arrecife:<\/strong> No da\u00f1ar\u00e1 a los invertebrados. No alojar con an\u00e9monas o corales con tent\u00e1culos punzantes largos.<\/p><p><strong>Cuidado Cautivo:<\/strong> \u00c9ste es probablemente el caballito de mar encontrado m\u00e1s con frecuencia en el comercio del acuario, con la mayor\u00eda de los individuos originarios de Indonesia y de las Filipinas. A menudo menos resistente que sus contrapartes atl\u00e1nticas, porque \u00e9stos se tratan generalmente con mayor cuidado y experimentan menos estr\u00e9s en el env\u00edo. Si es posible, compre s\u00f3lo espec\u00edmenes que est\u00e9n activos y ya se est\u00e9n alimentando. A los buenos espec\u00edmenes puede irles bien en cautiverio, y hasta 5 generaciones de Hippocampus kuda han sido mantenidos y criados en un acuario p\u00fablico. Sus requisitos de cuidado son similares a los de otros caballitos de mar.<\/p>\t\t\t\t\t\t\t\t<\/div>\n\t\t\t\t<\/div>\n\t\t\t\t<div class=\"elementor-element elementor-element-773d26c elementor-widget elementor-widget-text-editor\" data-id=\"773d26c\" data-element_type=\"widget\" data-e-type=\"widget\" data-widget_type=\"text-editor.default\">\n\t\t\t\t<div class=\"elementor-widget-container\">\n\t\t\t\t\t\t\t\t\t<p><img loading=\"lazy\" decoding=\"async\" class=\"wp-image-1366 alignleft\" src=\"https:\/\/proyectos.pgiovas.com\/alfaquarium\/wp-content\/uploads\/2020\/08\/Corythoichthys-intestinalis.png\" alt=\"\" width=\"250\" height=\"225\" \/><\/p><p><strong>Nombre cient\u00edfico:<\/strong> Corythoichthys intestinalis<br \/><strong>Nombre com\u00fan en ingl\u00e9s:<\/strong> Messmate Pipefish (Dragon Pipefish)<br \/><strong>Nombre com\u00fan es espa\u00f1ol:<\/strong> Pez Pipa Garabateado<br \/><strong>Tama\u00f1o m\u00e1ximo:<\/strong> 6.7 pulgadas (17 cm)<br \/><strong>Extensi\u00f3n:<\/strong> Pac\u00edfico Sur y Occidental<br \/><strong>Tama\u00f1o m\u00ednimo de acuario:<\/strong> 20 galones (76 lts)<\/p><p><strong>Alimento y Alimentaci\u00f3n:<\/strong> Dif\u00edcil de alimentar correctamente. Normalmente requiere alimentos vivos inicialmente, con alimentaci\u00f3n frecuente. Ofrecer camarones de salmuera adultos vivos, daphnia, larvas de mosquitos, guppys y mollys beb\u00e9 y camarones de c\u00e9sped vivos. Los camarones mysid congelados y el camar\u00f3n de salmuera se pueden aceptar si las presas se est\u00e1n moviendo en la columna de agua.<\/p><p><strong>\u00cdndice de Adaptaci\u00f3n al Acuario:<\/strong> La mayor\u00eda de individuos de estas especies no se aclimatan al acuario casero, rehus\u00e1ndose a menudo a comer y consumi\u00e9ndose en cautiverio. El individuo ocasional puede adaptarse si se mantiene en condiciones \u00f3ptimas de agua y se aloja en su propio tanque o con compa\u00f1eros no competitivos. Es mejor dejar a estas especies en estado silvestre o ser ordenados s\u00f3lo por un acuarista experimentado con la aptitud y voluntad de dedicar el tiempo y la energ\u00eda para mantenerlos.<\/p><p><strong>Compatibilidad con el acuario de arrecife:<\/strong> Se puede mantener en un acuario de arrecife; pueden beneficiarse de los peque\u00f1os crust\u00e1ceos que viven en las rocas y la arena.<\/p><p><strong>Cuidado Cautivo:<\/strong> Escabull\u00e9ndose a lo largo o flotando cerca de la parte inferior a la manera de &#8220;caballitos de mar horizontales&#8221;, los peces pipa son espec\u00edmenes interesantes de acuario para los acuaristas experimentados. Son m\u00e1s f\u00e1ciles de alimentar en un tanque m\u00e1s peque\u00f1o, sin flotas de competidores de alimentos o especies agresivas susceptibles a molestarlos, incluyendo blenios, l\u00e1bridos, globos, peces ballesta y peces puercoesp\u00edn. A menudo se dice que los peces pipa y los caballitos de mar son compa\u00f1eros de tanque adecuados, pero los peces pipa tienden a ser depredadores m\u00e1s eficaces y pueden no dejar a los caballitos de mar lo suficiente para comer.<\/p>\t\t\t\t\t\t\t\t<\/div>\n\t\t\t\t<\/div>\n\t\t\t\t<div class=\"elementor-element elementor-element-d40a797 elementor-widget elementor-widget-text-editor\" data-id=\"d40a797\" data-element_type=\"widget\" data-e-type=\"widget\" data-widget_type=\"text-editor.default\">\n\t\t\t\t<div class=\"elementor-widget-container\">\n\t\t\t\t\t\t\t\t\t<p><img loading=\"lazy\" decoding=\"async\" class=\"wp-image-1368 alignleft\" src=\"https:\/\/proyectos.pgiovas.com\/alfaquarium\/wp-content\/uploads\/2020\/08\/Paracentropogon-longispinus.png\" alt=\"\" width=\"250\" height=\"225\" \/><\/p><p><strong>Nombre cient\u00edfico:<\/strong> Paracentropogon longispinus<br \/><strong>Nombre com\u00fan en ingl\u00e9s:<\/strong> Longspine Waspfish<br \/><strong>Nombre com\u00fan es espa\u00f1ol:<\/strong> Pez \u00a0Avispa Erizo<br \/><strong>Tama\u00f1o m\u00e1ximo:<\/strong> 4.7 pulgadas (12 cm)<br \/><strong>Extensi\u00f3n:<\/strong> Indo Pac\u00edfico Occidental<br \/><strong>Tama\u00f1o m\u00ednimo de acuario:<\/strong> 20 galones (76 lts)<\/p><p><strong>Alimento y Alimentaci\u00f3n:<\/strong>\u00a0 Alimentar con peces marinos y carne de crust\u00e1ceo. Puede requerir alimentos vivos para iniciar la respuesta alimenticia. Alimentar varias veces a la semana.<\/p><p><strong>\u00cdndice de Adaptaci\u00f3n al Acuario:<\/strong> Estas especies son moderadamente resistentes; la mayor\u00eda de los individuos se aclimatan al acuario casero, si se les proporciona cuidado especial. Esto puede incluir ofrecer alimentos vivos para inducir una respuesta alimentaria, mantenerlos con compa\u00f1eros de tanque menos competitivos (y menos agresivos) y proporcionar condiciones de acuario similares a las de sus h\u00e1bitats naturales. Para algunas de estas especies, un exuberante crecimiento de algas filamentosas puede proporcionar una fuente natural de alimento y aumentar las posibilidades de su mantenimiento exitoso.<\/p><p><strong>Compatibilidad con el acuario de arrecife:<\/strong> Inofensivos para los invertebrados inm\u00f3viles,pero una amenaza para los crust\u00e1ceos ornamentales y peces de fondo peque\u00f1os.<\/p><p><strong>Cuidado Cautivo:<\/strong> Con una potente picadura y el h\u00e1bito de imitar las hojas muertas u otros trozos de restos flotantes, los peces avispa hacen espec\u00edmenes curiosos para peque\u00f1os tanques especiales, fuera del alcance de los ni\u00f1os. Son relativamente f\u00e1ciles de mantener si est\u00e1n provistos de gusanos negros vivos, camarones c\u00e9sped, peque\u00f1os peces alimentadores y camarones de salmuera adultos vivos. Son alimentadores nocturnos y no deben mantenerse con especies agresivas que competir\u00e1n con ellos por comida, o con peces que raspan o muerden a los invertebrados inm\u00f3viles. Proporcionar lugares adecuados donde los peces puedan refugiarse durante el d\u00eda. Advertencia: los peces avispa tienen espinas altamente venenosas que pueden dar una picadura muy dolorosa o incluso letal.<\/p>\t\t\t\t\t\t\t\t<\/div>\n\t\t\t\t<\/div>\n\t\t\t\t\t<\/div>\n\t\t<\/div>\n\t\t\t\t\t<\/div>\n\t\t<\/section>\n\t\t\t\t<\/div>\n\t\t","protected":false},"excerpt":{"rendered":"<p>Los Caballitos de Mar Nombre cient\u00edfico: Hippocampus erectusNombre com\u00fan en ingl\u00e9s: Lined seahorse, northern seahorseNombre com\u00fan en espa\u00f1ol:Caballito de mar erecto o listado del Atl\u00e1nticoFamilia: SyngnathidaeOrigen: Oc\u00e9ano Atl\u00e1nticoPar\u00e1metros ideales:Salinidad: 1023 a 1025Temperatura: 23 a 26\u00ba&hellip;<\/p>\n","protected":false},"author":4,"featured_media":0,"parent":0,"menu_order":0,"comment_status":"closed","ping_status":"closed","template":"","meta":{"footnotes":""},"class_list":["post-1357","page","type-page","status-publish","hentry"],"_links":{"self":[{"href":"https:\/\/proyectos.pgiovas.com\/alfaquarium\/wp-json\/wp\/v2\/pages\/1357","targetHints":{"allow":["GET"]}}],"collection":[{"href":"https:\/\/proyectos.pgiovas.com\/alfaquarium\/wp-json\/wp\/v2\/pages"}],"about":[{"href":"https:\/\/proyectos.pgiovas.com\/alfaquarium\/wp-json\/wp\/v2\/types\/page"}],"author":[{"embeddable":true,"href":"https:\/\/proyectos.pgiovas.com\/alfaquarium\/wp-json\/wp\/v2\/users\/4"}],"replies":[{"embeddable":true,"href":"https:\/\/proyectos.pgiovas.com\/alfaquarium\/wp-json\/wp\/v2\/comments?post=1357"}],"version-history":[{"count":5,"href":"https:\/\/proyectos.pgiovas.com\/alfaquarium\/wp-json\/wp\/v2\/pages\/1357\/revisions"}],"predecessor-version":[{"id":2649,"href":"https:\/\/proyectos.pgiovas.com\/alfaquarium\/wp-json\/wp\/v2\/pages\/1357\/revisions\/2649"}],"wp:attachment":[{"href":"https:\/\/proyectos.pgiovas.com\/alfaquarium\/wp-json\/wp\/v2\/media?parent=1357"}],"curies":[{"name":"wp","href":"https:\/\/api.w.org\/{rel}","templated":true}]}}