{"id":1347,"date":"2020-08-02T21:01:37","date_gmt":"2020-08-02T21:01:37","guid":{"rendered":"http:\/\/alfaquarium.mx\/?page_id=1347"},"modified":"2020-08-07T04:10:24","modified_gmt":"2020-08-07T04:10:24","slug":"los-zoantidos","status":"publish","type":"page","link":"https:\/\/proyectos.pgiovas.com\/alfaquarium\/los-zoantidos","title":{"rendered":"Los Zoantidos"},"content":{"rendered":"\t\t<div data-elementor-type=\"wp-page\" data-elementor-id=\"1347\" class=\"elementor elementor-1347\">\n\t\t\t\t\t\t<section class=\"elementor-section elementor-top-section elementor-element elementor-element-6b414ba elementor-section-boxed elementor-section-height-default elementor-section-height-default\" data-id=\"6b414ba\" data-element_type=\"section\" data-e-type=\"section\">\n\t\t\t\t\t\t<div class=\"elementor-container elementor-column-gap-default\">\n\t\t\t\t\t<div class=\"elementor-column elementor-col-100 elementor-top-column elementor-element elementor-element-0a7fcce\" data-id=\"0a7fcce\" data-element_type=\"column\" data-e-type=\"column\">\n\t\t\t<div class=\"elementor-widget-wrap elementor-element-populated\">\n\t\t\t\t\t\t<div class=\"elementor-element elementor-element-22f7488 elementor-widget elementor-widget-heading\" data-id=\"22f7488\" data-element_type=\"widget\" data-e-type=\"widget\" data-widget_type=\"heading.default\">\n\t\t\t\t<div class=\"elementor-widget-container\">\n\t\t\t\t\t<h3 class=\"elementor-heading-title elementor-size-default\">Los Zoantidos<\/h3>\t\t\t\t<\/div>\n\t\t\t\t<\/div>\n\t\t\t\t<div class=\"elementor-element elementor-element-1bb15f9 elementor-widget elementor-widget-spacer\" data-id=\"1bb15f9\" data-element_type=\"widget\" data-e-type=\"widget\" data-widget_type=\"spacer.default\">\n\t\t\t\t<div class=\"elementor-widget-container\">\n\t\t\t\t\t\t\t<div class=\"elementor-spacer\">\n\t\t\t<div class=\"elementor-spacer-inner\"><\/div>\n\t\t<\/div>\n\t\t\t\t\t\t<\/div>\n\t\t\t\t<\/div>\n\t\t\t\t<div class=\"elementor-element elementor-element-d923037 elementor-widget-divider--separator-type-pattern elementor-widget-divider--view-line elementor-widget elementor-widget-divider\" data-id=\"d923037\" data-element_type=\"widget\" data-e-type=\"widget\" data-widget_type=\"divider.default\">\n\t\t\t\t<div class=\"elementor-widget-container\">\n\t\t\t\t\t\t\t<div class=\"elementor-divider\" style=\"--divider-pattern-url: url(&quot;data:image\/svg+xml,%3Csvg xmlns=&#039;http:\/\/www.w3.org\/2000\/svg&#039; preserveAspectRatio=&#039;none&#039; overflow=&#039;visible&#039; height=&#039;100%&#039; viewBox=&#039;0 0 24 24&#039; fill=&#039;none&#039; stroke=&#039;black&#039; stroke-width=&#039;7&#039; stroke-linecap=&#039;square&#039; stroke-miterlimit=&#039;10&#039;%3E%3Cpath d=&#039;M0,6c6,0,6,13,12,13S18,6,24,6&#039;\/%3E%3C\/svg%3E&quot;);\">\n\t\t\t<span class=\"elementor-divider-separator\">\n\t\t\t\t\t\t<\/span>\n\t\t<\/div>\n\t\t\t\t\t\t<\/div>\n\t\t\t\t<\/div>\n\t\t\t\t<div class=\"elementor-element elementor-element-dc3e1ee elementor-widget elementor-widget-text-editor\" data-id=\"dc3e1ee\" data-element_type=\"widget\" data-e-type=\"widget\" data-widget_type=\"text-editor.default\">\n\t\t\t\t<div class=\"elementor-widget-container\">\n\t\t\t\t\t\t\t\t\t<p><img fetchpriority=\"high\" decoding=\"async\" class=\"wp-image-1350 alignleft\" src=\"https:\/\/proyectos.pgiovas.com\/alfaquarium\/wp-content\/uploads\/2020\/08\/Protopalythoa-spp.png\" alt=\"\" width=\"250\" height=\"225\" \/><\/p><p><strong>Nombre cient\u00edfico:<\/strong> Protopalythoa spp.<br \/><strong>Nombre com\u00fan en ingl\u00e9s:<\/strong> Green Zoanthids<br \/><strong>Nombre com\u00fan es espa\u00f1ol:<\/strong> Zoantidos Verdes<br \/><strong>Tama\u00f1o m\u00e1ximo:<\/strong> Las colonias alcanzan hasta 12 pulgadas\u00a0 (30 cm) de largo y ancho. Los p\u00f3lpos individuales hasta una pulgada (2.5 cm) a lo largo y alto.<br \/><strong>Extensi\u00f3n:<\/strong> Indo Pac\u00edfico<br \/><strong>Tama\u00f1o m\u00ednimo de acuario:<\/strong> Nano tanques, 1 gal\u00f3n (3.8 lts) o m\u00e1s.<br \/><strong>Iluminaci\u00f3n:<\/strong> Zooxantela. Necesita iluminaci\u00f3n brillante.<\/p><p><strong>Alimento y Alimentaci\u00f3n:<\/strong> La alimentaci\u00f3n dirigida es innecesaria, pero es mejor si se le alimenta ocasionalmente con alimentos peque\u00f1os de crust\u00e1ceos como <em>Artemia<\/em>.<\/p><p><strong>Conveniencia y Compatibilidad con el acuario de arrecife:<\/strong> F\u00e1cil de cuidar, pero no particularmente resistente. Maneje todos los zoantidos con extremo cuidado para evitar el contacto con palytoxina, un poderoso veneno que se encuentra en su moco.<\/p><p><strong>Cuidado Cautivo:<\/strong> Estos zoantidos se encuentran en la naturaleza viviendo en \u00e1reas de aguas poco profundas, a menudo completamente cubiertos de arena. Solo les ir\u00e1 bien en tanques bien iluminados con corrientes moderadas. El disco relativamente grande est\u00e1 bordeado con una hilera de tent\u00e1culos que se alternan, proyectando hacia arriba y hacia abajo. El color es un verde esmeralda profundo, a menudo con reflejos marrones rojizos. Los p\u00f3lipos de <strong><em>Palythoa<\/em> y <em>Protopalythoa<\/em> <\/strong>producen una toxina que puede estar lo suficientemente concentrada en la mucosidad como para causar lesiones graves al acuarista. Siempre use guantes cuando maneje estos animales que portan toxinas.<\/p>\t\t\t\t\t\t\t\t<\/div>\n\t\t\t\t<\/div>\n\t\t\t\t<div class=\"elementor-element elementor-element-d32133c elementor-widget elementor-widget-text-editor\" data-id=\"d32133c\" data-element_type=\"widget\" data-e-type=\"widget\" data-widget_type=\"text-editor.default\">\n\t\t\t\t<div class=\"elementor-widget-container\">\n\t\t\t\t\t\t\t\t\t<p><img decoding=\"async\" class=\"wp-image-1351 alignleft\" src=\"https:\/\/proyectos.pgiovas.com\/alfaquarium\/wp-content\/uploads\/2020\/08\/Palythoa-caribaeorum.png\" alt=\"\" width=\"250\" height=\"225\" \/><\/p><p><strong>Nombre cient\u00edfico:<\/strong> Protopalythoa spp.<br \/><strong>Nombre com\u00fan en ingl\u00e9s:<\/strong> Green Zoanthids<br \/><strong>Nombre com\u00fan es espa\u00f1ol:<\/strong> Zoantidos Verdes<br \/><strong>Tama\u00f1o m\u00e1ximo:<\/strong> Las colonias alcanzan hasta 12 pulgadas\u00a0 (30 cm) de largo y ancho. Los p\u00f3lpos individuales hasta una pulgada (2.5 cm) a lo largo y alto.<br \/><strong>Extensi\u00f3n:<\/strong> Indo Pac\u00edfico<br \/><strong>Tama\u00f1o m\u00ednimo de acuario:<\/strong> Nano tanques, 1 gal\u00f3n (3.8 lts) o m\u00e1s.<br \/><strong>Iluminaci\u00f3n:<\/strong> Zooxantela. Necesita iluminaci\u00f3n brillante.<\/p><p><strong>Alimento y Alimentaci\u00f3n:<\/strong> La alimentaci\u00f3n dirigida es innecesaria, pero es mejor si se le alimenta ocasionalmente con alimentos peque\u00f1os de crust\u00e1ceos como <em>Artemia<\/em>.<\/p><p><strong>Conveniencia y Compatibilidad con el acuario de arrecife:<\/strong> F\u00e1cil de cuidar, pero no particularmente resistente. Maneje todos los zoantidos con extremo cuidado para evitar el contacto con palytoxina, un poderoso veneno que se encuentra en su moco.<\/p><p><strong>Cuidado Cautivo:<\/strong> Estos zoantidos se encuentran en la naturaleza viviendo en \u00e1reas de aguas poco profundas, a menudo completamente cubiertos de arena. Solo les ir\u00e1 bien en tanques bien iluminados con corrientes moderadas. El disco relativamente grande est\u00e1 bordeado con una hilera de tent\u00e1culos que se alternan, proyectando hacia arriba y hacia abajo. El color es un verde esmeralda profundo, a menudo con reflejos marrones rojizos. Los p\u00f3lipos de <strong><em>Palythoa<\/em> y <em>Protopalythoa<\/em><\/strong> producen una toxina que puede estar lo suficientemente concentrada en la mucosidad como para causar lesiones graves al acuarista. Siempre use guantes cuando maneje estos animales que portan toxinas.<\/p>\t\t\t\t\t\t\t\t<\/div>\n\t\t\t\t<\/div>\n\t\t\t\t<div class=\"elementor-element elementor-element-42b2482 elementor-widget elementor-widget-text-editor\" data-id=\"42b2482\" data-element_type=\"widget\" data-e-type=\"widget\" data-widget_type=\"text-editor.default\">\n\t\t\t\t<div class=\"elementor-widget-container\">\n\t\t\t\t\t\t\t\t\t<p><img decoding=\"async\" class=\"wp-image-1352 alignleft\" src=\"https:\/\/proyectos.pgiovas.com\/alfaquarium\/wp-content\/uploads\/2020\/08\/Palythoa-grandis.png\" alt=\"\" width=\"250\" height=\"224\" \/><\/p><p><strong>Nombre cient\u00edfico:<\/strong> Palythoa grandis<br \/><strong>Nombre com\u00fan en ingl\u00e9s:<\/strong> Giant Zoanthid<br \/><strong>Nombre com\u00fan es espa\u00f1ol:<\/strong> Zoantido Gigante<br \/><strong>Tama\u00f1o m\u00e1ximo:<\/strong> Las colonias pueden alacnzar hasta 12 pulgadas (30 cm) de largo y ancho. Los p\u00f3lpos individuales hasta 1.5 pulgadas (3.8 cm) a lo largo.<br \/><strong>Extensi\u00f3n:<\/strong> Caribe<br \/><strong>Tama\u00f1o m\u00ednimo de acuario:<\/strong> Nano tanques, 1 gal\u00f3n (3.8 lts) o m\u00e1s.<br \/><strong>Iluminaci\u00f3n:<\/strong> Zooxantela. Necesita iluminaci\u00f3n brillante.<\/p><p><strong>Alimento y Alimentaci\u00f3n:<\/strong> Le ir\u00e1 mejor si se le alimenta bien. Las formas blancas carecen de zooxantela y necesitan atenci\u00f3n espec\u00edfica para asegurar que se alimenten. Crust\u00e1ceos peque\u00f1os o pescado en cubos son relativamente buenos alimentos para esta especie.<\/p><p><strong>Conveniencia y Compatibilidad con el acuario de arrecife: <\/strong>Buen animal de tanque de arrecife. Maneje todos los zoantidos con extremo cuidado para evitar el contacto con palytoxina, un poderoso veneno que se encuentra en su moco.<\/p><p><strong>Cuidado Cautivo:<\/strong> Este es un animal resistente, no particularmente agresivo, que no forma grandes esteras y se extiende lentamente. Es inofensivo para la mayor\u00eda de los dem\u00e1s habitantes del acuario. El disco oral se erige sobre un tallo largo y se sostiene en una postura m\u00e1s aplanada que muchos de los otros zoantidos m\u00e1s grandes. Se encuentra en tonos de verde, marr\u00f3n y blanco. Los p\u00f3lipos de <em>Palythoa<\/em> producen una toxina que puede estar lo suficientemente concentrada en el moco como para causar lesiones graves al acuarista. Siempre use guantes cuando maneje estos animales.<\/p>\t\t\t\t\t\t\t\t<\/div>\n\t\t\t\t<\/div>\n\t\t\t\t<div class=\"elementor-element elementor-element-7797286 elementor-widget elementor-widget-text-editor\" data-id=\"7797286\" data-element_type=\"widget\" data-e-type=\"widget\" data-widget_type=\"text-editor.default\">\n\t\t\t\t<div class=\"elementor-widget-container\">\n\t\t\t\t\t\t\t\t\t<p><img loading=\"lazy\" decoding=\"async\" class=\"wp-image-1353 alignleft\" src=\"https:\/\/proyectos.pgiovas.com\/alfaquarium\/wp-content\/uploads\/2020\/08\/Parazoanthus-swiftii.png\" alt=\"\" width=\"250\" height=\"226\" \/><\/p><p><strong>Nombre cient\u00edfico:<\/strong> Parazoanthus swiftii<br \/><strong>Nombre com\u00fan en ingl\u00e9s:<\/strong> Caribbean Golden Zoanthid (Yellow Symbiotic Zoanthid)<br \/><strong>Nombre com\u00fan es espa\u00f1ol:<\/strong> Zoantido de Oro<br \/><strong>Tama\u00f1o m\u00e1ximo:<\/strong> Las colonias aproximadas de 0.75 pulgadas (1.9 cm) de alto y aproximadamente 0.5 pulgadas (13 mm) a lo largo de los tent\u00e1culos.<br \/><strong>Extensi\u00f3n:<\/strong> Caribe<br \/><strong>Tama\u00f1o m\u00ednimo de acuario:<\/strong> Tanques moderados, 50 galones (190 lts) o m\u00e1s.<br \/><strong>Iluminaci\u00f3n:<\/strong> Inmaterial.<\/p><p><strong>Alimento y Alimentaci\u00f3n:<\/strong> Carece de zooxantela y necesita alimentaci\u00f3n dirigida frecuentemente. Estar\u00e1 bien con cualquier peque\u00f1o zooplancton, como camar\u00f3n salado beb\u00e9 enriquecido.<\/p><p><strong>Conveniencia y Compatibilidad con el acuario de arrecife: <\/strong>Requiere alimentaci\u00f3n especial y no es particularmente resistente. Su bienestar depende de la salud de su esponja anfitriona.<\/p><p><strong>Cuidado Cautivo:<\/strong> Estos peque\u00f1os p\u00f3lipos de color amarillo brillante y muchas especies similares viven de esponjas. Su anfitri\u00f3n esponja debe colocarse en un \u00e1rea de alta corriente. La luz no es importante, pero pueden resistir mejor las incrustaciones de cianobacterias o micro-algas si se encuentran en un \u00e1rea m\u00e1s oscura del tanque. Como dependen del bienestar de la esponja, probablemente sea mejor no agregar el zoantido a un tanque a menos que ya tenga esponjas creciendo con \u00e9xito en el sistema.<\/p>\t\t\t\t\t\t\t\t<\/div>\n\t\t\t\t<\/div>\n\t\t\t\t<div class=\"elementor-element elementor-element-d2f4b6a elementor-widget elementor-widget-text-editor\" data-id=\"d2f4b6a\" data-element_type=\"widget\" data-e-type=\"widget\" data-widget_type=\"text-editor.default\">\n\t\t\t\t<div class=\"elementor-widget-container\">\n\t\t\t\t\t\t\t\t\t<p><img loading=\"lazy\" decoding=\"async\" class=\"wp-image-1354 alignleft\" src=\"https:\/\/proyectos.pgiovas.com\/alfaquarium\/wp-content\/uploads\/2020\/08\/Zoanthus-pulchellus.png\" alt=\"\" width=\"250\" height=\"225\" \/><\/p><p><strong>Nombre cient\u00edfico:<\/strong> Zoanthus pulchellus, Zoanthus sociatus<br \/><strong>Nombre com\u00fan en ingl\u00e9s:<\/strong> Green Sea Mats<br \/><strong>Nombre com\u00fan es espa\u00f1ol:<\/strong> Zoantido Bot\u00f3n Verde, Alfombra Verde<br \/><strong>Tama\u00f1o m\u00e1ximo:<\/strong> Las colonias aproximadas de 0.25 pulgadas (6 mm) de alto y menos de 0.5 pulgadas (13 mm) de ancho.<br \/><strong>Extensi\u00f3n:<\/strong> Caribe<br \/><strong>Tama\u00f1o m\u00ednimo de acuario:<\/strong> Nano tanques, 1 gal\u00f3n (3.8 lts) o m\u00e1s.<br \/><strong>Iluminaci\u00f3n:<\/strong> Necesita iluminaci\u00f3n brillante.<\/p><p><strong>Alimento y Alimentaci\u00f3n:<\/strong> Zooxantela; usualmente obtiene la mayor parte de su nutrici\u00f3n de subproductos de la zooxantela. Comer\u00e1 peque\u00f1os alimentos particulados.<\/p><p><strong>Conveniencia y Compatibilidad con el acuario de arrecife: <\/strong>Son buenos animales de acuario de arrecife y generalmente inofensivos.<\/p><p><strong>Cuidado Cautivo:<\/strong> F\u00e1cil de cuidar, estas especies forman esteras de bajo crecimiento con los p\u00f3lipos individuales apretados herm\u00e9ticamente. Los colores var\u00edan de verde brillante a marr\u00f3n oscuro. Las dos especies se pueden distinguir sobre la base de las formas de crecimiento general: <strong><em>Zoanthus pulchellus<\/em><\/strong> tiende a crecer en esteras m\u00e1s o menos circulares, mientras que<strong><em> Z. sociatus<\/em> <\/strong>forma colonias lineales de individuos en filas. Generalmente pierden en batallas competitivas con zoantidos<strong><em> Palythoa<\/em><\/strong>, y varias especies de algas que los cubren y ahogan. Estos zoantidos son atacados por los caracoles reloj de sol, el camar\u00f3n camello (<strong><em>Rhynchocinetes uritai<\/em><\/strong>) y otros camarones de los g\u00e9neros <strong><em>Saron<\/em> y <em>Lysmata<\/em>.<\/strong><\/p>\t\t\t\t\t\t\t\t<\/div>\n\t\t\t\t<\/div>\n\t\t\t\t\t<\/div>\n\t\t<\/div>\n\t\t\t\t\t<\/div>\n\t\t<\/section>\n\t\t\t\t<\/div>\n\t\t","protected":false},"excerpt":{"rendered":"<p>Los Zoantidos Nombre cient\u00edfico: Protopalythoa spp.Nombre com\u00fan en ingl\u00e9s: Green ZoanthidsNombre com\u00fan es espa\u00f1ol: Zoantidos VerdesTama\u00f1o m\u00e1ximo: Las colonias alcanzan hasta 12 pulgadas\u00a0 (30 cm) de largo y ancho. Los p\u00f3lpos individuales hasta una pulgada&hellip;<\/p>\n","protected":false},"author":4,"featured_media":0,"parent":0,"menu_order":0,"comment_status":"closed","ping_status":"closed","template":"","meta":{"footnotes":""},"class_list":["post-1347","page","type-page","status-publish","hentry"],"_links":{"self":[{"href":"https:\/\/proyectos.pgiovas.com\/alfaquarium\/wp-json\/wp\/v2\/pages\/1347","targetHints":{"allow":["GET"]}}],"collection":[{"href":"https:\/\/proyectos.pgiovas.com\/alfaquarium\/wp-json\/wp\/v2\/pages"}],"about":[{"href":"https:\/\/proyectos.pgiovas.com\/alfaquarium\/wp-json\/wp\/v2\/types\/page"}],"author":[{"embeddable":true,"href":"https:\/\/proyectos.pgiovas.com\/alfaquarium\/wp-json\/wp\/v2\/users\/4"}],"replies":[{"embeddable":true,"href":"https:\/\/proyectos.pgiovas.com\/alfaquarium\/wp-json\/wp\/v2\/comments?post=1347"}],"version-history":[{"count":4,"href":"https:\/\/proyectos.pgiovas.com\/alfaquarium\/wp-json\/wp\/v2\/pages\/1347\/revisions"}],"predecessor-version":[{"id":2645,"href":"https:\/\/proyectos.pgiovas.com\/alfaquarium\/wp-json\/wp\/v2\/pages\/1347\/revisions\/2645"}],"wp:attachment":[{"href":"https:\/\/proyectos.pgiovas.com\/alfaquarium\/wp-json\/wp\/v2\/media?parent=1347"}],"curies":[{"name":"wp","href":"https:\/\/api.w.org\/{rel}","templated":true}]}}