{"id":1299,"date":"2020-08-01T02:44:18","date_gmt":"2020-08-01T02:44:18","guid":{"rendered":"http:\/\/alfaquarium.mx\/?page_id=1299"},"modified":"2020-08-07T03:53:15","modified_gmt":"2020-08-07T03:53:15","slug":"erizos","status":"publish","type":"page","link":"https:\/\/proyectos.pgiovas.com\/alfaquarium\/erizos","title":{"rendered":"Erizos"},"content":{"rendered":"\t\t<div data-elementor-type=\"wp-page\" data-elementor-id=\"1299\" class=\"elementor elementor-1299\">\n\t\t\t\t\t\t<section class=\"elementor-section elementor-top-section elementor-element elementor-element-0c26dfe elementor-section-full_width elementor-section-height-default elementor-section-height-default\" data-id=\"0c26dfe\" data-element_type=\"section\" data-e-type=\"section\">\n\t\t\t\t\t\t<div class=\"elementor-container elementor-column-gap-default\">\n\t\t\t\t\t<div class=\"elementor-column elementor-col-100 elementor-top-column elementor-element elementor-element-6974f93\" data-id=\"6974f93\" data-element_type=\"column\" data-e-type=\"column\">\n\t\t\t<div class=\"elementor-widget-wrap elementor-element-populated\">\n\t\t\t\t\t\t<div class=\"elementor-element elementor-element-f62a292 elementor-widget elementor-widget-heading\" data-id=\"f62a292\" data-element_type=\"widget\" data-e-type=\"widget\" data-widget_type=\"heading.default\">\n\t\t\t\t<div class=\"elementor-widget-container\">\n\t\t\t\t\t<h3 class=\"elementor-heading-title elementor-size-default\">ERIZOS<\/h3>\t\t\t\t<\/div>\n\t\t\t\t<\/div>\n\t\t\t\t<div class=\"elementor-element elementor-element-039625a elementor-widget elementor-widget-spacer\" data-id=\"039625a\" data-element_type=\"widget\" data-e-type=\"widget\" data-widget_type=\"spacer.default\">\n\t\t\t\t<div class=\"elementor-widget-container\">\n\t\t\t\t\t\t\t<div class=\"elementor-spacer\">\n\t\t\t<div class=\"elementor-spacer-inner\"><\/div>\n\t\t<\/div>\n\t\t\t\t\t\t<\/div>\n\t\t\t\t<\/div>\n\t\t\t\t<div class=\"elementor-element elementor-element-546a384 elementor-widget-divider--separator-type-pattern elementor-widget-divider--view-line elementor-widget elementor-widget-divider\" data-id=\"546a384\" data-element_type=\"widget\" data-e-type=\"widget\" data-widget_type=\"divider.default\">\n\t\t\t\t<div class=\"elementor-widget-container\">\n\t\t\t\t\t\t\t<div class=\"elementor-divider\" style=\"--divider-pattern-url: url(&quot;data:image\/svg+xml,%3Csvg xmlns=&#039;http:\/\/www.w3.org\/2000\/svg&#039; preserveAspectRatio=&#039;none&#039; overflow=&#039;visible&#039; height=&#039;100%&#039; viewBox=&#039;0 0 24 24&#039; fill=&#039;none&#039; stroke=&#039;black&#039; stroke-width=&#039;7&#039; stroke-linecap=&#039;square&#039; stroke-miterlimit=&#039;10&#039;%3E%3Cpath d=&#039;M0,6c6,0,6,13,12,13S18,6,24,6&#039;\/%3E%3C\/svg%3E&quot;);\">\n\t\t\t<span class=\"elementor-divider-separator\">\n\t\t\t\t\t\t<\/span>\n\t\t<\/div>\n\t\t\t\t\t\t<\/div>\n\t\t\t\t<\/div>\n\t\t\t\t<div class=\"elementor-element elementor-element-313ec02 elementor-widget elementor-widget-text-editor\" data-id=\"313ec02\" data-element_type=\"widget\" data-e-type=\"widget\" data-widget_type=\"text-editor.default\">\n\t\t\t\t<div class=\"elementor-widget-container\">\n\t\t\t\t\t\t\t\t\t<p><img fetchpriority=\"high\" decoding=\"async\" class=\"wp-image-1301 alignleft\" src=\"https:\/\/proyectos.pgiovas.com\/alfaquarium\/wp-content\/uploads\/2020\/08\/erizos1.png\" alt=\"\" width=\"250\" height=\"225\" \/><\/p><p><strong><em>Diadema setosum (Erizo de mar De Espinas Largas): estos herb\u00edvoros beneficiosos pueden ayudar a controlar varios tipos de algas en acuarios espaciosos.<\/em><\/strong><\/p><p>La presencia de espinas caracteriza realmente a todos los miembros de la Clase Echinoidea, pero en los erizos de mar es la caracter\u00edstica anat\u00f3mica que no puede ignorarse. Los erizos de mar generalmente tienen espinas largas y delgadas, y son muchos los buzos, snorkelistas y acuaristas que han descubierto el dolor que pueden causar. En algunos casos, las espinas pueden ser huecas (y por lo tanto se rompen f\u00e1cilmente en un depredador potencial). Algunos tienen una gl\u00e1ndula de veneno (b\u00e1sicamente una bolsa de veneno) en la punta de las espinas excepcionalmente afiladas, mientras que otros tienen espinas llenas de veneno. La mayor\u00eda de las espinas de los erizos de mar, sin embargo, son s\u00f3lidas, resistentes y sin veneno. Las espinas son osc\u00edculos modificados, y como tales, generalmente est\u00e1n debajo de una capa de epidermis. Las \u00fanicas excepciones a esta regla son los erizos l\u00e1piz, que tienen espinas expuestas sin cobertura epid\u00e9rmica.<\/p><p>Debajo de las espinas, el erizo de mar de emisi\u00f3n est\u00e1ndar es esencialmente una esfera hueca hecha por una pared r\u00edgida del cuerpo que rodea una cavidad corporal que contiene el intestino, las g\u00f3nadas y otros \u00f3rganos internos. El esqueleto y las espinas de los erizos de mar (y todos los dem\u00e1s equinodermos) est\u00e1n compuestos de osc\u00edculos de carbonato de calcio y magnesio, y se producen dentro de la pared del cuerpo. Cada osc\u00edculo (y espina, ya que las espinas son osc\u00edculos modificados) es un cristal \u00fanico de sal de calcio. Primero, se establece una matriz org\u00e1nica y luego se deposita el material calc\u00eddico a su alrededor. Estos osc\u00edculos son incre\u00edbles. Su peso unitario de fuerza m\u00e1xima es cercano al m\u00e1ximo te\u00f3rico para los materiales de carbonato de calcio. En algunos erizos de mar, estos cristales pueden alcanzar un pie (30 cm) o m\u00e1s de longitud. Los cristales pueden estar incrustados en la dermis, libres de uni\u00f3n, o pueden estar fuertemente sujetos a otro cristal con secreciones de prote\u00ednas, como fibras de col\u00e1geno, formando el cuerpo r\u00edgido del erizo de mar.<\/p><p><img decoding=\"async\" class=\"wp-image-1302 alignleft\" src=\"https:\/\/proyectos.pgiovas.com\/alfaquarium\/wp-content\/uploads\/2020\/08\/erizos2.png\" alt=\"\" width=\"250\" height=\"224\" \/><\/p><p><strong><em>Asthenosoma ijimai (Erizo de fuego): Los colores memorablemente brillantes deber\u00edan servir como advertencia: los miembros de este g\u00e9nero del Indo Pac\u00edfico est\u00e1n cubiertos de espinas con puntas venenosas.<\/em><\/strong><\/p><p>La mayor\u00eda de los erizos de mar tienen un cuerpo m\u00e1s o menos esf\u00e9rico, grandes espinas evidentes y no se entierran a trav\u00e9s de los sedimentos. Estos se conocen como erizos de mar &#8220;regulares&#8221;. Los erizos de mar &#8220;irregulares&#8221; son aquellos modificados para vivir dentro de los sedimentos, e incluyen d\u00f3lares de arena y erizos de coraz\u00f3n.<\/p><p>La boca se encuentra en la superficie inferior oral de la mayor\u00eda de los erizos de mar y tiene cinco dientes filosos y afilados. Hay pies de tubo quimiosensoriales especiales alrededor de la boca. El ano est\u00e1 en el otro polo, y est\u00e1 rodeado por cinco placas, cada una de las cuales contiene una abertura a una g\u00f3nada. Placas sensibles a la luz se encuentran en estas placas, tambi\u00e9n.<\/p><p>Los erizos de mar tambi\u00e9n pueden tener espinas modificadas en estructuras pellizcantes, llamadas pedicelulares. Dos de las formas b\u00e1sicas son pedicelosis tridentadas, que tienen tres mand\u00edbulas alargadas utilizadas para la transferencia de alimentos y defensa de pellizcos, y pedicelosis glob\u00edferos, que contienen gl\u00e1ndulas de veneno en sus bases.<\/p><p><img decoding=\"async\" class=\"wp-image-1303 alignleft\" src=\"https:\/\/proyectos.pgiovas.com\/alfaquarium\/wp-content\/uploads\/2020\/08\/erizos3.png\" alt=\"\" width=\"250\" height=\"225\" \/><\/p><p><strong><em>Toxopneustes pileoleus (Erizo de Flores): aunque es bastante atractiva, esta especie de aspecto curioso ofrece una picadura con veneno que puede causar la muerte.<\/em><\/strong><\/p><p>Muchos erizos de mar se importan en acuarios marinos solo para morir all\u00ed por desnutrici\u00f3n o estr\u00e9s por salinidad. Cuando un erizo de mar comienza a morir, generalmente comenzar\u00e1 a &#8220;tirar&#8221; espinas. El acuarista debe considerar que estas espinas son una parte fundamental de la pared del cuerpo, y cuando se pierden, tambi\u00e9n se pierden grandes \u00e1reas de la epidermis, lo que abre al animal a la infecci\u00f3n y la muerte. Para cuando se empiezan a eliminar grandes cantidades de espinas, es demasiado tarde para ayudar al animal a recuperarse.<\/p><p>Si se observa ca\u00edda de espinas, el acuarista podr\u00eda hacer bien en aislar al erizo de mar en un tanque de hospital con mucha comida de algas, como nori o roca cubierta de algas coralinas. Si la causa fue la desnutrici\u00f3n, este tratamiento puede detener el problema.<\/p>\t\t\t\t\t\t\t\t<\/div>\n\t\t\t\t<\/div>\n\t\t\t\t<div class=\"elementor-element elementor-element-7967980 elementor-widget elementor-widget-text-editor\" data-id=\"7967980\" data-element_type=\"widget\" data-e-type=\"widget\" data-widget_type=\"text-editor.default\">\n\t\t\t\t<div class=\"elementor-widget-container\">\n\t\t\t\t\t\t\t\t\t<p><img loading=\"lazy\" decoding=\"async\" class=\"wp-image-1305 alignleft\" src=\"https:\/\/proyectos.pgiovas.com\/alfaquarium\/wp-content\/uploads\/2020\/08\/Echinometra-lacunter.png\" alt=\"\" width=\"250\" height=\"225\" \/><\/p><p><strong>Nombre cient\u00edfico:<\/strong> Echinometra lacunter, Echinometra mathei<br \/><strong>Nombre com\u00fan en ingl\u00e9s:<\/strong> Short-spined Urchin (Rock Urchin)<br \/><strong>Nombre com\u00fan es espa\u00f1ol:<\/strong> Erizo Excavador, Erizo Pasteador, Erizo de Roca<br \/><strong>Tama\u00f1o m\u00e1ximo:<\/strong> Hasta 3 pulgadas (7.6 cm) de di\u00e1metro. La mayor\u00eda m\u00e1s peque\u00f1os.<br \/><strong>Extensi\u00f3n: <em>Echinometra lacunter<\/em>,<\/strong> Caribe, <em><strong>Echinometra mathei<\/strong>,<\/em> Indo Pac\u00edfico.<br \/><strong>Tama\u00f1o m\u00ednimo de acuario:<\/strong> Tanques moderados, 50 galones (190 lts) o m\u00e1s.<br \/><strong>Iluminaci\u00f3n:<\/strong> Irrelevante.<\/p><p><strong>Alimento y Alimentaci\u00f3n:<\/strong> Primordialmente herb\u00edvoros: comer\u00e1 alimentos carnosos.<\/p><p><strong>Conveniencia y Compatibilidad con el acuario de arrecife:<\/strong> Buenos habitantes de arrecife, si tienen suficiente comida y condiciones de agua apropiadas.<strong>\u00a0<\/strong><\/p><p><strong>Cuidado Cautivo:<\/strong> En la naturaleza, estos animales pueden perforar rocas de arrecife y vivir en ellas, aliment\u00e1ndose cerca de los agujeros al anochecer por algas. Tres especies de <strong><em>Echinometra <\/em><\/strong>son comunes en el hobby, pero<em><strong> E. lacunter<\/strong> <\/em>es probablemente el m\u00e1s com\u00fan, llegando &#8220;de avent\u00f3n&#8221; en la roca viva caribe\u00f1a cultivada. Son buenos para controlar las algas de cabello en los acuarios. Los colores son negro o morado oscuro, a veces con un tono rojizo, y el color se distribuye uniformemente sobre el animal y las espinas. <strong><em>Echinometra mathei<\/em>,<\/strong> que se encuentra en la roca del Indo Pac\u00edfico, es efectivamente id\u00e9ntica. Las espinas son m\u00e1s cortas, aproximadamente de 1 pulgada (2.5 cm) de largo en adultos, m\u00e1s embotado y significativamente menos peligroso que en los erizos Diadema. Las espinas se proyectan completamente alrededor del animal. La salinidad debe mantenerse en o ligeramente por encima de 36 ppt, con temperaturas alrededor de 82 \u00b0 F (28 \u00b0 C).<\/p>\t\t\t\t\t\t\t\t<\/div>\n\t\t\t\t<\/div>\n\t\t\t\t<div class=\"elementor-element elementor-element-92c9b0c elementor-widget elementor-widget-text-editor\" data-id=\"92c9b0c\" data-element_type=\"widget\" data-e-type=\"widget\" data-widget_type=\"text-editor.default\">\n\t\t\t\t<div class=\"elementor-widget-container\">\n\t\t\t\t\t\t\t\t\t<p><img loading=\"lazy\" decoding=\"async\" class=\"wp-image-1306 alignleft\" src=\"https:\/\/proyectos.pgiovas.com\/alfaquarium\/wp-content\/uploads\/2020\/08\/Toxopneustes-spp.png\" alt=\"\" width=\"250\" height=\"225\" \/><\/p><p><strong>Nombre cient\u00edfico:<\/strong> Toxopneustes spp.<br \/><strong>Nombre com\u00fan en ingl\u00e9s:<\/strong> Flower Urchins<br \/><strong>Nombre com\u00fan es espa\u00f1ol:<\/strong> Erizo de Mar Flor<br \/><strong>Tama\u00f1o m\u00e1ximo:<\/strong> Hasta 6 pulgadas (15 cm) de di\u00e1metro.<br \/><strong>Extensi\u00f3n:<\/strong> Indo Pac\u00edfico.<br \/><strong>Tama\u00f1o m\u00ednimo de acuario:<\/strong> Tanques grandes, 100 galones (380 lts) o m\u00e1s.<br \/><strong>Iluminaci\u00f3n:<\/strong> Irrelevante.<\/p><p><strong>Alimento y Alimentaci\u00f3n:<\/strong> Herb\u00edvoros; ocasionalmente necesita una \u201ccomida carn\u00edvora\u201d.<\/p><p><strong>Conveniencia y Compatibilidad con el acuario de arrecife:<\/strong> Son venenosos, posiblemente mortales, y potencialmente son una gran amenaza para el acuarista.<\/p><p><strong>Cuidado Cautivo:<\/strong> La superficie de color vivo de estos erizos est\u00e1 cubierta por peque\u00f1as estructuras circulares de aproximadamente 0.25 pulgadas (6 mm) de ancho, parecidas a peque\u00f1as flores rosadas o rojas con un borde blanco. Estas son espinas modificadas, llamadas<em> pedicellariae<\/em>, que tienen el potencial de matar humanos; al menos una muerte ha sido documentada. La bonita <em>pedicellariae<\/em> funciona como pinzamiento de mand\u00edbulas. Estas espinas tienen un tallo que soporta tres mand\u00edbulas, cada una de las cuales tiene dientes afilados y recurvados y una gl\u00e1ndula basal de veneno. Cuando las mand\u00edbulas se cierran, inyectan veneno a trav\u00e9s de los orificios cortados en la capa externa de tejido por los dientes. Son inofensivos una vez que est\u00e1n en un acuario de arrecife, pero transferirlos a otro tanque o tocarlos inadvertidamente durante el mantenimiento podr\u00eda ser muy peligroso.<\/p>\t\t\t\t\t\t\t\t<\/div>\n\t\t\t\t<\/div>\n\t\t\t\t<div class=\"elementor-element elementor-element-d04b5aa elementor-widget elementor-widget-text-editor\" data-id=\"d04b5aa\" data-element_type=\"widget\" data-e-type=\"widget\" data-widget_type=\"text-editor.default\">\n\t\t\t\t<div class=\"elementor-widget-container\">\n\t\t\t\t\t\t\t\t\t<p><img loading=\"lazy\" decoding=\"async\" class=\"wp-image-1307 alignleft\" src=\"https:\/\/proyectos.pgiovas.com\/alfaquarium\/wp-content\/uploads\/2020\/08\/Asthenosoma-spp.png\" alt=\"\" width=\"250\" height=\"225\" \/><\/p><p><strong>Nombre cient\u00edfico:<\/strong> Asthenosoma spp.<br \/><strong>Nombre com\u00fan en ingl\u00e9s:<\/strong> Fire Urchins<br \/><strong>Nombre com\u00fan es espa\u00f1ol:<\/strong> Erizo de Fuego<br \/><strong>Tama\u00f1o m\u00e1ximo:<\/strong> Hasta 6 pulgadas (15 cm) de di\u00e1metro.<br \/><strong>Extensi\u00f3n:<\/strong> Indo Pac\u00edfico.<br \/><strong>Tama\u00f1o m\u00ednimo de acuario:<\/strong> Tanques grandes, 100 galones (380 lts) o m\u00e1s.<br \/><strong>Iluminaci\u00f3n:<\/strong> Irrelevante.<\/p><p><strong>Alimento y Alimentaci\u00f3n:<\/strong> Herb\u00edvoros; ocasionalmente necesita una \u201ccomida carn\u00edvora\u201d.<\/p><p><strong>Conveniencia y Compatibilidad con el acuario de arrecife:<\/strong>No adecuados para acuario de arrecife; capaces de infligir una picadura dolorosa y peligrosa.<\/p><p><strong>Cuidado Cautivo:<\/strong> De vivos colores, estos pilluelos tienen un cuerpo flexible en lugar de r\u00edgido. Las espinas largas y fr\u00e1giles son visibles, pero se encuentran peque\u00f1os grupos de espinas m\u00e1s cortas, parecidos a cuerdas. Estas espinas m\u00e1s peque\u00f1as tienen hinchazones repetitivas que parecen perlas, y tienen sacos venenosos con bulbo justo debajo de las puntas. Los sacos de veneno son de color brillante en algunas especies, de color blanco brillante en otras. Si las espinas perforan la piel, el dolor a menudo es agudo e inmediato, pero a menudo parece aumentar en intensidad en las pr\u00f3ximas horas. Una vez que est\u00e1n en un tanque de arrecife, los erizos ser\u00edan inofensivos, pero transferirlos o tocarlos inadvertidamente durante el mantenimiento podr\u00eda ser peligroso. Los acuaristas descuidados pueden sufrir lesiones graves y estos animales no deben ser recolectados del arrecife.<\/p>\t\t\t\t\t\t\t\t<\/div>\n\t\t\t\t<\/div>\n\t\t\t\t<div class=\"elementor-element elementor-element-49a7d58 elementor-widget elementor-widget-text-editor\" data-id=\"49a7d58\" data-element_type=\"widget\" data-e-type=\"widget\" data-widget_type=\"text-editor.default\">\n\t\t\t\t<div class=\"elementor-widget-container\">\n\t\t\t\t\t\t\t\t\t<p><img loading=\"lazy\" decoding=\"async\" class=\"size-full wp-image-1308 alignleft\" src=\"https:\/\/proyectos.pgiovas.com\/alfaquarium\/wp-content\/uploads\/2020\/08\/Eucidaris-tribuloides.png\" alt=\"\" width=\"209\" height=\"188\" \/><\/p><p><strong>Nombre cient\u00edfico:<\/strong> Eucidaris tribuloides, Heterocentrotus mammillatus<br \/><strong>Nombre com\u00fan en ingl\u00e9s:<\/strong> Slate Pencil Urchins<br \/><strong>Nombre com\u00fan es espa\u00f1ol:<\/strong> Erizo de Palo, Erizo L\u00e1piz<br \/><strong>Tama\u00f1o m\u00e1ximo:<\/strong> Eucidaris tribuloides, hasta 6 pulgadas (15 cm) de di\u00e1metro. Heterocentrotus mammillatus, hasta 12 pulgadas (30 cm); la mayor\u00eda m\u00e1s peque\u00f1os.<br \/><strong>Extensi\u00f3n: <\/strong>Eucidaris tribuloides, Caribe; Heterocentrotus mammillatus, Indo Pac\u00edfico.<br \/><strong>Tama\u00f1o m\u00ednimo de acuario:<\/strong> Tanques grandes, 100 galones (380 lts) o m\u00e1s.<br \/><strong>Iluminaci\u00f3n:<\/strong> Irrelevante.<\/p><p><strong>Alimento y Alimentaci\u00f3n:<\/strong> Omn\u00edvoros, con tendencia a lo carn\u00edvoro.<\/p><p><strong>Conveniencia y Compatibilidad con el acuario de arrecife:<\/strong> Comer\u00e1 animales inm\u00f3viles, y puede atrapar a los m\u00f3viles tambi\u00e9n.<\/p><p><strong>Cuidado Cautivo:<\/strong> Estos son animales fascinantes con espinas chatas, no apropiados para acuarios de arrecife t\u00edpicos, pero son buenos para el tanque de &#8220;especies&#8221; con espacios abiertos. Normalmente son rojos o rojos con reflejos blancos, pero ambas especies son de coloraci\u00f3n variable. Viven en madrigueras durante el d\u00eda y se alimentan por la noche. Algo territorial, vuelven al mismo hoyo cada noche usando sus grandes y pesadas espinas para encajarse en las rocas. Comer\u00e1 y se alimentar\u00e1 bien con alimentos frescos est\u00e1ndar o reci\u00e9n congelados, como pescado en cubitos o krill, que se ofrecen como alimento para peces. Proporcionarles un lugar para esconderse de la luz del d\u00eda. Tambi\u00e9n necesita salinidad adecuada y temperaturas normales en los arrecifes.<\/p>\t\t\t\t\t\t\t\t<\/div>\n\t\t\t\t<\/div>\n\t\t\t\t<div class=\"elementor-element elementor-element-22ba58a elementor-widget elementor-widget-text-editor\" data-id=\"22ba58a\" data-element_type=\"widget\" data-e-type=\"widget\" data-widget_type=\"text-editor.default\">\n\t\t\t\t<div class=\"elementor-widget-container\">\n\t\t\t\t\t\t\t\t\t<p><img loading=\"lazy\" decoding=\"async\" class=\"size-full wp-image-1310 alignleft\" src=\"https:\/\/proyectos.pgiovas.com\/alfaquarium\/wp-content\/uploads\/2020\/08\/Clypeaster-spp.png\" alt=\"\" width=\"201\" height=\"181\" \/><\/p><p><strong>Nombre cient\u00edfico:<\/strong> Clypeaster spp., Encope spp., Mellita spp., y otros.<br \/><strong>Nombre com\u00fan en ingl\u00e9s:<\/strong> Sand Dollars<br \/><strong>Nombre com\u00fan es espa\u00f1ol:<\/strong> D\u00f3lar de Arena (Ericilo de Mar)<br \/><strong>Tama\u00f1o m\u00e1ximo:<\/strong> Hasta 6 pulgadas (15 cm); la mayor\u00eda m\u00e1s peque\u00f1os.<br \/><strong>Extensi\u00f3n: <\/strong>Caribe, Indo Pac\u00edfico.<br \/><strong>Tama\u00f1o m\u00ednimo de acuario:<\/strong> Tanques moderados, 50 galones (190 lts) o m\u00e1s.<br \/><strong>Iluminaci\u00f3n:<\/strong> Irrelevante.<\/p><p><strong>Alimento y Alimentaci\u00f3n:<\/strong> Herb\u00edvoros. Ingieren sedimentos y comen diatomeas, otras micro algas, y bacteria. Pueden alimentarse de alga suspendida.<\/p><p><strong>Conveniencia y Compatibilidad con el acuario de arrecife:<\/strong> Buenos animales de arrecife comunitario. Necesitan camas de arena de por lo menos 4 pulgadas (10 cm) de profundidad.<strong>\u00a0<\/strong><\/p><p><strong>Cuidado Cautivo:<\/strong> Los D\u00f3lares de Arena son espec\u00edmenes de acuario muy interesantes, pero necesitan mucha arena para prosperar, por lo menos 10 pies cuadrados (1 m2) de superficie para un individuo de 4 pulgadas (10 cm) de di\u00e1metro. No pueden tolerar y pueden sofocarse en sedimentos finos, como lodos arenosos aragon\u00edticos. Las formas var\u00edan desde una punta de flecha casi circular a ancha; generalmente discoidal. Los colores van desde el violeta oscuro al verde, al marr\u00f3n o al gris. Viven expuestos o ligeramente por debajo de la superficie del sedimento; puede excavar considerablemente m\u00e1s profundo. La superficie superior tiene una serie de pies tubulares modificados dispuestos en una estructura que parece vagamente una flor, llamada petaloide. Requieren una salinidad adecuada. Verificar el origen antes de la compra: los animales subtropicales mueren en las temperaturas normales del arrecife.<\/p>\t\t\t\t\t\t\t\t<\/div>\n\t\t\t\t<\/div>\n\t\t\t\t\t<\/div>\n\t\t<\/div>\n\t\t\t\t\t<\/div>\n\t\t<\/section>\n\t\t\t\t<\/div>\n\t\t","protected":false},"excerpt":{"rendered":"<p>ERIZOS Diadema setosum (Erizo de mar De Espinas Largas): estos herb\u00edvoros beneficiosos pueden ayudar a controlar varios tipos de algas en acuarios espaciosos. La presencia de espinas caracteriza realmente a todos los miembros de la&hellip;<\/p>\n","protected":false},"author":4,"featured_media":0,"parent":0,"menu_order":0,"comment_status":"closed","ping_status":"closed","template":"","meta":{"footnotes":""},"class_list":["post-1299","page","type-page","status-publish","hentry"],"_links":{"self":[{"href":"https:\/\/proyectos.pgiovas.com\/alfaquarium\/wp-json\/wp\/v2\/pages\/1299","targetHints":{"allow":["GET"]}}],"collection":[{"href":"https:\/\/proyectos.pgiovas.com\/alfaquarium\/wp-json\/wp\/v2\/pages"}],"about":[{"href":"https:\/\/proyectos.pgiovas.com\/alfaquarium\/wp-json\/wp\/v2\/types\/page"}],"author":[{"embeddable":true,"href":"https:\/\/proyectos.pgiovas.com\/alfaquarium\/wp-json\/wp\/v2\/users\/4"}],"replies":[{"embeddable":true,"href":"https:\/\/proyectos.pgiovas.com\/alfaquarium\/wp-json\/wp\/v2\/comments?post=1299"}],"version-history":[{"count":4,"href":"https:\/\/proyectos.pgiovas.com\/alfaquarium\/wp-json\/wp\/v2\/pages\/1299\/revisions"}],"predecessor-version":[{"id":2642,"href":"https:\/\/proyectos.pgiovas.com\/alfaquarium\/wp-json\/wp\/v2\/pages\/1299\/revisions\/2642"}],"wp:attachment":[{"href":"https:\/\/proyectos.pgiovas.com\/alfaquarium\/wp-json\/wp\/v2\/media?parent=1299"}],"curies":[{"name":"wp","href":"https:\/\/api.w.org\/{rel}","templated":true}]}}