{"id":1277,"date":"2020-08-01T01:56:28","date_gmt":"2020-08-01T01:56:28","guid":{"rendered":"http:\/\/alfaquarium.mx\/?page_id=1277"},"modified":"2020-08-07T03:41:59","modified_gmt":"2020-08-07T03:41:59","slug":"los-crustaceos","status":"publish","type":"page","link":"https:\/\/proyectos.pgiovas.com\/alfaquarium\/los-crustaceos","title":{"rendered":"Los Crust\u00e1ceos"},"content":{"rendered":"\t\t<div data-elementor-type=\"wp-page\" data-elementor-id=\"1277\" class=\"elementor elementor-1277\">\n\t\t\t\t\t\t<section class=\"elementor-section elementor-top-section elementor-element elementor-element-3541b14 elementor-section-boxed elementor-section-height-default elementor-section-height-default\" data-id=\"3541b14\" data-element_type=\"section\" data-e-type=\"section\">\n\t\t\t\t\t\t<div class=\"elementor-container elementor-column-gap-default\">\n\t\t\t\t\t<div class=\"elementor-column elementor-col-100 elementor-top-column elementor-element elementor-element-ca013bd\" data-id=\"ca013bd\" data-element_type=\"column\" data-e-type=\"column\">\n\t\t\t<div class=\"elementor-widget-wrap elementor-element-populated\">\n\t\t\t\t\t\t<div class=\"elementor-element elementor-element-74fbc51 elementor-widget elementor-widget-heading\" data-id=\"74fbc51\" data-element_type=\"widget\" data-e-type=\"widget\" data-widget_type=\"heading.default\">\n\t\t\t\t<div class=\"elementor-widget-container\">\n\t\t\t\t\t<h3 class=\"elementor-heading-title elementor-size-default\">Los crust\u00e1ceos<\/h3>\t\t\t\t<\/div>\n\t\t\t\t<\/div>\n\t\t\t\t<div class=\"elementor-element elementor-element-13da3d7 elementor-widget elementor-widget-spacer\" data-id=\"13da3d7\" data-element_type=\"widget\" data-e-type=\"widget\" data-widget_type=\"spacer.default\">\n\t\t\t\t<div class=\"elementor-widget-container\">\n\t\t\t\t\t\t\t<div class=\"elementor-spacer\">\n\t\t\t<div class=\"elementor-spacer-inner\"><\/div>\n\t\t<\/div>\n\t\t\t\t\t\t<\/div>\n\t\t\t\t<\/div>\n\t\t\t\t<div class=\"elementor-element elementor-element-bef8bfc elementor-widget-divider--separator-type-pattern elementor-widget-divider--view-line elementor-widget elementor-widget-divider\" data-id=\"bef8bfc\" data-element_type=\"widget\" data-e-type=\"widget\" data-widget_type=\"divider.default\">\n\t\t\t\t<div class=\"elementor-widget-container\">\n\t\t\t\t\t\t\t<div class=\"elementor-divider\" style=\"--divider-pattern-url: url(&quot;data:image\/svg+xml,%3Csvg xmlns=&#039;http:\/\/www.w3.org\/2000\/svg&#039; preserveAspectRatio=&#039;none&#039; overflow=&#039;visible&#039; height=&#039;100%&#039; viewBox=&#039;0 0 24 24&#039; fill=&#039;none&#039; stroke=&#039;black&#039; stroke-width=&#039;7&#039; stroke-linecap=&#039;square&#039; stroke-miterlimit=&#039;10&#039;%3E%3Cpath d=&#039;M0,6c6,0,6,13,12,13S18,6,24,6&#039;\/%3E%3C\/svg%3E&quot;);\">\n\t\t\t<span class=\"elementor-divider-separator\">\n\t\t\t\t\t\t<\/span>\n\t\t<\/div>\n\t\t\t\t\t\t<\/div>\n\t\t\t\t<\/div>\n\t\t\t\t<div class=\"elementor-element elementor-element-5a95c2b elementor-widget elementor-widget-text-editor\" data-id=\"5a95c2b\" data-element_type=\"widget\" data-e-type=\"widget\" data-widget_type=\"text-editor.default\">\n\t\t\t\t<div class=\"elementor-widget-container\">\n\t\t\t\t\t\t\t\t\t<p><img fetchpriority=\"high\" decoding=\"async\" class=\"wp-image-1282 alignleft\" src=\"https:\/\/proyectos.pgiovas.com\/alfaquarium\/wp-content\/uploads\/2020\/08\/Harpacticoid-copecods.png\" alt=\"\" width=\"250\" height=\"224\" \/><\/p><p><strong>Nombre cient\u00edfico:<\/strong> Harpacticoid copecods (copecods, pods)<br \/><strong>Nombre com\u00fan en ingl\u00e9s:<\/strong> Copecods<br \/><strong>Nombre com\u00fan es espa\u00f1ol:<\/strong> Patas de Remo<br \/><strong>Tama\u00f1o m\u00e1ximo:<\/strong> Hasta aproximadamente 1 mm de largo.<br \/><strong>Extensi\u00f3n:<\/strong> Mares Tropicales<br \/><strong>Tama\u00f1o m\u00ednimo de acuario:<\/strong> Tanques peque\u00f1os, 10 galones (38 lts) o m\u00e1s.<br \/><strong>Iluminaci\u00f3n:<\/strong> Irrelevante<\/p><p><strong>Alimento y Alimentaci\u00f3n:<\/strong> Micro alga, peque\u00f1a materia particulada.<\/p><p><strong>Conveniencia y Compatibilidad con el acuario de arrecife:<\/strong> Com\u00fan, carro\u00f1ero, alimento o pescado, muy deseable.<\/p><p><strong>Cuidado Cautivo:<\/strong> Los peque\u00f1os crust\u00e1ceos que se escabullen alrededor de los fondos oce\u00e1nicos y en los acuarios son probablemente todos los cop\u00e9podos harpacticoides. La mayor\u00eda de los acuaristas los notan alrededor de una semana o 10 d\u00edas despu\u00e9s de instalar un tanque. Aparecen como peque\u00f1as manchas blancas que se mueven sobre el vidrio, o enjambres de peque\u00f1os puntos blancos en el agua. Peque\u00f1os animales en forma de l\u00e1grima, se mueven en chorros espasm\u00f3dicos. Entran en tanques en roca viva o en arena viva. Se alimentan al eliminar peque\u00f1as algas o bacterias de las rocas. Se reproducen r\u00e1pidamente y son excelentes alimentos para muchos animales de acuario. No es necesario cuidado especial. Ellos prosperan en tanques de arrecife y lo hacen especialmente bien en tanques con una buena cama de arena. Son particularmente buenos alimentos para los peces mandar\u00edn y una buena poblaci\u00f3n de ellos puede ser necesaria para la supervivencia de estos peces.<\/p>\t\t\t\t\t\t\t\t<\/div>\n\t\t\t\t<\/div>\n\t\t\t\t<div class=\"elementor-element elementor-element-bbb15c9 elementor-widget elementor-widget-text-editor\" data-id=\"bbb15c9\" data-element_type=\"widget\" data-e-type=\"widget\" data-widget_type=\"text-editor.default\">\n\t\t\t\t<div class=\"elementor-widget-container\">\n\t\t\t\t\t\t\t\t\t<p><img decoding=\"async\" class=\"wp-image-1285 alignleft\" src=\"https:\/\/proyectos.pgiovas.com\/alfaquarium\/wp-content\/uploads\/2020\/08\/Acorn-Barnacles.png\" alt=\"\" width=\"250\" height=\"225\" \/><\/p><p><strong>Nombre cient\u00edfico:<\/strong> Acorn Barnacles<br \/><strong>Nombre com\u00fan en ingl\u00e9s:<\/strong> Acorn Barnacles<br \/><strong>Nombre com\u00fan es espa\u00f1ol:<\/strong> Percebes Bellota<br \/><strong>Tama\u00f1o m\u00e1ximo:<\/strong> Hasta aproximadamente 4 pulgadas (10 cm) de ancho; la mayor\u00eda aproximadamente de 0.5 pulgadas (13 mm) o menos.<br \/><strong>Extensi\u00f3n:<\/strong> Todos los mares.<br \/><strong>Tama\u00f1o m\u00ednimo de acuario:<\/strong> Tanques peque\u00f1os, 10 galones (38 lts) o m\u00e1s.<br \/><strong>Iluminaci\u00f3n:<\/strong> Irrelevante<\/p><p><strong>Alimento y Alimentaci\u00f3n:<\/strong> Se le puede alimentar con <em>Artemia<\/em> enriquecida o alg\u00fan otro alimento, moderadamente grande, alto en contenido energ\u00e9tico. El fitoplancton es demasiado peque\u00f1o.<\/p><p><strong>Conveniencia y Compatibilidad con el acuario de arrecife:<\/strong> Inofensivo; dif\u00edcil de alimentar, por lo que generalmente muere de hambre en cautiverio.<\/p><p><strong>Cuidado Cautivo:<\/strong> Se dan llegadas accidentales en la mayor\u00eda de los acuarios de arrecife, estos percebes secretan una cubierta secundaria de placas calc\u00e1reas, creando su caracter\u00edstica estructura tipo volc\u00e1n, pero dentro de este es un animal estilo camar\u00f3n que tiene sus pies modificados como un ventilador de filtraci\u00f3n. Se adhieren a sustratos duros de por vida y, en consecuencia, a menudo se introducen incidentalmente en corales, rocas vivas u otro organismo con caparaz\u00f3n duro. La mayor\u00eda es capaz de vivir varios a\u00f1os si no es comido por un depredador. En los sistemas de arrecifes, si se les da suficiente comida, no hay ninguna raz\u00f3n para que algunos individuos no alcancen esta longevidad potencial.<\/p>\t\t\t\t\t\t\t\t<\/div>\n\t\t\t\t<\/div>\n\t\t\t\t<div class=\"elementor-element elementor-element-2baeb65 elementor-widget elementor-widget-text-editor\" data-id=\"2baeb65\" data-element_type=\"widget\" data-e-type=\"widget\" data-widget_type=\"text-editor.default\">\n\t\t\t\t<div class=\"elementor-widget-container\">\n\t\t\t\t\t\t\t\t\t<p><img decoding=\"async\" class=\"wp-image-1287 alignleft\" src=\"https:\/\/proyectos.pgiovas.com\/alfaquarium\/wp-content\/uploads\/2020\/08\/Pyrgomatid-or-Coral-Barnacles.png\" alt=\"\" width=\"250\" height=\"225\" \/><\/p><p><strong>Nombre cient\u00edfico:<\/strong> Pyrgomatid or Coral Barnacles<br \/><strong>Nombre com\u00fan en ingl\u00e9s:<\/strong> Coral Barnacles<br \/><strong>Nombre com\u00fan es espa\u00f1ol:<\/strong> Percebes de Coral<br \/><strong>Tama\u00f1o m\u00e1ximo:<\/strong> Hasta aproximadamente 1.2 pulgadas (3 cm) de ancho.<br \/><strong>Extensi\u00f3n:<\/strong> Mares tropicales.<br \/><strong>Tama\u00f1o m\u00ednimo de acuario:<\/strong> Tanques peque\u00f1os, 10 galones (38 lts) o m\u00e1s.<br \/><strong>Iluminaci\u00f3n:<\/strong> Irrelevante<\/p><p><strong>Alimento y Alimentaci\u00f3n:<\/strong> Se le puede alimentar con <em>Artemia<\/em> enriquecida o alg\u00fan otro alimento, moderadamente grande, alto en contenido energ\u00e9tico. El fitoplancton es demasiado peque\u00f1o.<\/p><p><strong>Conveniencia y Compatibilidad con el acuario de arrecife:<\/strong> Inofensivo; dif\u00edcil de proveer con alimento suficiente.<\/p><p><strong>Cuidado Cautivo:<\/strong> Estos percebes est\u00e1n especializados para vivir en corales o hidrocorales escleractinios. Se adhieren a, y luego perforan, el coral. Secretan un solo caparaz\u00f3n alrededor de ellos mismos que a menudo est\u00e1 cubierto por el crecimiento posterior del coral, por lo que todo lo que se ve es un bulto redondeado o c\u00f3nico en la superficie del coral con una abertura en forma de ranura u ovalada en la parte superior. Un ventilador de filtraci\u00f3n t\u00edpico de percebe se extiende desde esta abertura para alimentarse de plancton. En realidad, no hacen da\u00f1o al coral, aunque sus actividades pueden debilitar ligeramente el esqueleto del coral y \/ o pueden interceptar los alimentos antes de que llegue al coral. Cuando el percebe muere, el coral a menudo crece sobre su caparaz\u00f3n y toda la evidencia de que un percebe alguna vez vivi\u00f3 all\u00ed desaparece, a excepci\u00f3n de un bulto bastante extra\u00f1o en la superficie del coral.<\/p>\t\t\t\t\t\t\t\t<\/div>\n\t\t\t\t<\/div>\n\t\t\t\t<div class=\"elementor-element elementor-element-db7fdd4 elementor-widget elementor-widget-text-editor\" data-id=\"db7fdd4\" data-element_type=\"widget\" data-e-type=\"widget\" data-widget_type=\"text-editor.default\">\n\t\t\t\t<div class=\"elementor-widget-container\">\n\t\t\t\t\t\t\t\t\t<p><img decoding=\"async\" class=\"wp-image-1287 alignleft\" src=\"https:\/\/proyectos.pgiovas.com\/alfaquarium\/wp-content\/uploads\/2020\/08\/Pyrgomatid-or-Coral-Barnacles.png\" alt=\"\" width=\"250\" height=\"225\" \/><\/p><p><strong>Nombre cient\u00edfico:<\/strong> Pyrgomatid or Coral Barnacles<br \/><strong>Nombre com\u00fan en ingl\u00e9s:<\/strong> Coral Barnacles<br \/><strong>Nombre com\u00fan es espa\u00f1ol:<\/strong> Percebes de Coral<br \/><strong>Tama\u00f1o m\u00e1ximo:<\/strong> Hasta aproximadamente 1.2 pulgadas (3 cm) de ancho.<br \/><strong>Extensi\u00f3n:<\/strong> Mares tropicales.<br \/><strong>Tama\u00f1o m\u00ednimo de acuario:<\/strong> Tanques peque\u00f1os, 10 galones (38 lts) o m\u00e1s.<br \/><strong>Iluminaci\u00f3n:<\/strong> Irrelevante<\/p><p><strong>Alimento y Alimentaci\u00f3n:<\/strong> Se le puede alimentar con <em>Artemia<\/em> enriquecida o alg\u00fan otro alimento, moderadamente grande, alto en contenido energ\u00e9tico. El fitoplancton es demasiado peque\u00f1o.<\/p><p><strong>Conveniencia y Compatibilidad con el acuario de arrecife:<\/strong> Inofensivo; dif\u00edcil de proveer con alimento suficiente.<\/p><p><strong>Cuidado Cautivo:<\/strong> Estos percebes est\u00e1n especializados para vivir en corales o hidrocorales escleractinios. Se adhieren a, y luego perforan, el coral. Secretan un solo caparaz\u00f3n alrededor de ellos mismos que a menudo est\u00e1 cubierto por el crecimiento posterior del coral, por lo que todo lo que se ve es un bulto redondeado o c\u00f3nico en la superficie del coral con una abertura en forma de ranura u ovalada en la parte superior. Un ventilador de filtraci\u00f3n t\u00edpico de percebe se extiende desde esta abertura para alimentarse de plancton. En realidad, no hacen da\u00f1o al coral, aunque sus actividades pueden debilitar ligeramente el esqueleto del coral y \/ o pueden interceptar los alimentos antes de que llegue al coral. Cuando el percebe muere, el coral a menudo crece sobre su caparaz\u00f3n y toda la evidencia de que un percebe alguna vez vivi\u00f3 all\u00ed desaparece, a excepci\u00f3n de un bulto bastante extra\u00f1o en la superficie del coral.<\/p>\t\t\t\t\t\t\t\t<\/div>\n\t\t\t\t<\/div>\n\t\t\t\t<div class=\"elementor-element elementor-element-64e0c4f elementor-widget elementor-widget-text-editor\" data-id=\"64e0c4f\" data-element_type=\"widget\" data-e-type=\"widget\" data-widget_type=\"text-editor.default\">\n\t\t\t\t<div class=\"elementor-widget-container\">\n\t\t\t\t\t\t\t\t\t<p><img loading=\"lazy\" decoding=\"async\" class=\"wp-image-1290 alignleft\" src=\"https:\/\/proyectos.pgiovas.com\/alfaquarium\/wp-content\/uploads\/2020\/08\/Polyplacophora.png\" alt=\"\" width=\"250\" height=\"224\" \/><\/p><p><strong>Nombre cient\u00edfico:<\/strong> Polyplacophora<br \/><strong>Nombre com\u00fan en ingl\u00e9s:<\/strong> Chitons (Coat of Mail Shells)<br \/><strong>Nombre com\u00fan es espa\u00f1ol:<\/strong> Cochinilla de Mar<br \/><strong>Tama\u00f1o m\u00e1ximo:<\/strong> Aproximadamente 12 pulgadas (30 cm) de largo; la mayor\u00eda mucho m\u00e1s peque\u00f1as.<br \/><strong>Extensi\u00f3n:<\/strong> Todos los mares.<br \/><strong>Tama\u00f1o m\u00ednimo de acuario:<\/strong> Tanques peque\u00f1os, 10 galones (38 lts) o m\u00e1s.<br \/><strong>Iluminaci\u00f3n:<\/strong> Irrelevante<\/p><p><strong>Alimento y Alimentaci\u00f3n:<\/strong> Herb\u00edvoros pellizcadores.<\/p><p><strong>Conveniencia y Compatibilidad con el acuario de arrecife:<\/strong> Buenos animales de acuario de arrecife. Inofensivos.<strong>\u00a0<\/strong><\/p><p><strong>Cuidado Cautivo:<\/strong> Las cochinillas son comedores extremos de algas que incluso pueden cosechar las algas duras, verdes y calc\u00e1reas que a veces predominan en las paredes del acuario. Pueden raspar f\u00e1cilmente la piedra arenisca en trozos e incluso se ha informado que raspan surcos en tanques acr\u00edlicos. Son moluscos ovalados y aplastados con ocho conchas en la espalda. Alrededor del borde del animal hay un colgajo de tejido, llamado &#8220;faja&#8221;, que encierra las conchas. Se sujetan al sustrato con un pie grande ubicado en la superficie inferior. No hay ojos, y otras estructuras sensoriales son &#8220;oscuras&#8221;. Al alimentarse, una estructura de dientes fuertes, la &#8220;r\u00e1dula&#8221;, es empujada fuera de la boca y tirada a trav\u00e9s del sustrato, violando algas o esponjas y otros invertebrados s\u00e9siles. La fuerza de los dientes en la r\u00e1dula es legendaria: est\u00e1n endurecidos con sales de \u00f3xido de hierro (hematita).<\/p>\t\t\t\t\t\t\t\t<\/div>\n\t\t\t\t<\/div>\n\t\t\t\t<div class=\"elementor-element elementor-element-867a443 elementor-widget elementor-widget-text-editor\" data-id=\"867a443\" data-element_type=\"widget\" data-e-type=\"widget\" data-widget_type=\"text-editor.default\">\n\t\t\t\t<div class=\"elementor-widget-container\">\n\t\t\t\t\t\t\t\t\t<p><img loading=\"lazy\" decoding=\"async\" class=\"wp-image-1293 alignleft\" src=\"https:\/\/proyectos.pgiovas.com\/alfaquarium\/wp-content\/uploads\/2020\/08\/Lopha-cristagalli.png\" alt=\"\" width=\"250\" height=\"225\" \/><\/p><p><strong>Nombre cient\u00edfico:<\/strong> Lopha cristagalli<br \/><strong>Nombre com\u00fan en ingl\u00e9s:<\/strong> Zig-zag Oyster (Cockscomb Oyster, Sawtooth Oyster)<br \/><strong>Nombre com\u00fan es espa\u00f1ol:<\/strong> Ostra Cresta de Gallo (Ostra Zig-Zag)<br \/><strong>Tama\u00f1o m\u00e1ximo:<\/strong> Hasta 3.5 pulgadas (9 cm) de largo.<br \/><strong>Extensi\u00f3n:<\/strong> Indo Pac\u00edfico.<br \/><strong>Tama\u00f1o m\u00ednimo de acuario:<\/strong> Tanques moderados, 50 galones (190 lts) o m\u00e1s.<br \/><strong>Iluminaci\u00f3n:<\/strong> Irrelevante.<\/p><p><strong>Alimento y Alimentaci\u00f3n:<\/strong> Es necesaria una cantidad considerable de fitoplancton para la buena salud y buen crecimiento.<\/p><p><strong>Conveniencia y Compatibilidad con el acuario de arrecife:<\/strong> Buenos animales de acuario de arrecife. Imposible de mantener sin agregados de fitoplancton.<strong>\u00a0<\/strong><\/p><p><strong>Cuidado Cautivo:<\/strong> Llamativo en su patr\u00f3n de crecimiento en zig-zag. Importado de vez en cuando en el pasatiempo del acuario por s\u00ed mismo, aparece m\u00e1s frecuentemente unido a una gorgonia como un animal peque\u00f1o. Crece r\u00e1pidamente si se le dan buenas cantidades de fitoplancton y condiciones normales de arrecife en cuanto a temperatura y salinidad. Los peces depredadores, los cangrejos, los cangrejos ermita\u00f1os y algunos camarones afectar\u00e1n al animal y se alimentar\u00e1n de los tejidos expuestos. Algunos buccinos perforar\u00e1n estas ostras y se las comer\u00e1n. Sin depredadores, y si las ostras reciben la comida adecuada, deber\u00edan desenvolverse bien y hacer una atractiva adici\u00f3n a un tanque. La iluminaci\u00f3n brillante es innecesaria y probablemente una influencia negativa.<\/p>\t\t\t\t\t\t\t\t<\/div>\n\t\t\t\t<\/div>\n\t\t\t\t<div class=\"elementor-element elementor-element-99670c8 elementor-widget elementor-widget-text-editor\" data-id=\"99670c8\" data-element_type=\"widget\" data-e-type=\"widget\" data-widget_type=\"text-editor.default\">\n\t\t\t\t<div class=\"elementor-widget-container\">\n\t\t\t\t\t\t\t\t\t<p><img loading=\"lazy\" decoding=\"async\" class=\"wp-image-1291 alignleft\" src=\"https:\/\/proyectos.pgiovas.com\/alfaquarium\/wp-content\/uploads\/2020\/08\/Lima-lima-Lima-Scabra.png\" alt=\"\" width=\"250\" height=\"225\" \/><\/p><p><strong>Nombre cient\u00edfico:<\/strong> Lima lima, Lima Scabra<br \/><strong>Nombre com\u00fan en ingl\u00e9s:<\/strong> Flame Scallops<br \/><strong>Nombre com\u00fan es espa\u00f1ol:<\/strong> Almeja de Fuego (Almeja Llama)<br \/><strong>Tama\u00f1o m\u00e1ximo:<\/strong> Aproximadamente 3.5 pulgadas (9 cm) de di\u00e1metro.<br \/><strong>Extensi\u00f3n:<\/strong> Caribe, Indo Pac\u00edfico.<br \/><strong>Tama\u00f1o m\u00ednimo de acuario:<\/strong> Tanques peque\u00f1os, 10 galones (38 lts) o m\u00e1s.<br \/><strong>Iluminaci\u00f3n:<\/strong> Prefiere iluminaci\u00f3n tenue, y buscan \u00e1reas poco iluminadas como cuevas.<\/p><p><strong>Alimento y Alimentaci\u00f3n:<\/strong> Es necesaria una cantidad considerable de fitoplancton para la buena salud y buen crecimiento.<\/p><p><strong>Conveniencia y Compatibilidad con el acuario de arrecife:<\/strong> Buenos animales de acuario de arrecife. Imposible de mantener sin agregados de fitoplancton.<strong>\u00a0<\/strong><\/p><p><strong>Cuidado Cautivo:<\/strong> Conchas blancas en forma de tri\u00e1ngulos redondeados. Los rieles irradian desde la bisagra hasta la parte inferior del caparaz\u00f3n. Estos est\u00e1n cruzados por anillos conc\u00e9ntricos de espinas peque\u00f1as, dando a la superficie de la c\u00e1scara una apariencia y textura \u00e1spera. Los tejidos son de color naranja a rojo; muchos largos tent\u00e1culos sensoriales se extienden hacia afuera desde el manto. Se desenvuelve bien bajo la salinidad y temperatura normales del arrecife, pero necesita mucha comida para una buena salud. Son solitarios y se esconder\u00e1n. La brillante belleza de los tent\u00e1culos que se extienden desde una cueva puede hacer que valga la pena mantenerlos. No se debe mantener con depredadores m\u00f3viles como buccinos, estrellas de mar grandes, cangrejos ermita\u00f1os o cangrejos verdaderos. Muchos peces tambi\u00e9n los arrancar\u00e1n y los matar\u00e1n.<\/p>\t\t\t\t\t\t\t\t<\/div>\n\t\t\t\t<\/div>\n\t\t\t\t<div class=\"elementor-element elementor-element-8d2c30c elementor-widget elementor-widget-text-editor\" data-id=\"8d2c30c\" data-element_type=\"widget\" data-e-type=\"widget\" data-widget_type=\"text-editor.default\">\n\t\t\t\t<div class=\"elementor-widget-container\">\n\t\t\t\t\t\t\t\t\t<p><img loading=\"lazy\" decoding=\"async\" class=\"wp-image-1294 alignleft\" src=\"https:\/\/proyectos.pgiovas.com\/alfaquarium\/wp-content\/uploads\/2020\/08\/Spondylus-spp.png\" alt=\"\" width=\"250\" height=\"225\" \/><\/p><p><strong>Nombre cient\u00edfico:<\/strong> Spondylus spp.<br \/><strong>Nombre com\u00fan en ingl\u00e9s:<\/strong> Thorny Oysters<br \/><strong>Nombre com\u00fan es espa\u00f1ol:<\/strong> Ostra Espinosa<br \/><strong>Tama\u00f1o m\u00e1ximo:<\/strong> Hasta 8 pulgadas (20 cm) a lo largo de las espinas; la mayor\u00eda m\u00e1s peque\u00f1as.<br \/><strong>Extensi\u00f3n:<\/strong> Mares tropicales.<br \/><strong>Tama\u00f1o m\u00ednimo de acuario:<\/strong> Tanques moderados, 50 galones (190 lts) o m\u00e1s.<br \/><strong>Iluminaci\u00f3n:<\/strong> Irrelevante.<\/p><p><strong>Alimento y Alimentaci\u00f3n:<\/strong> Es necesaria una cantidad considerable de fitoplancton para la buena salud y buen crecimiento.<\/p><p><strong>Conveniencia y Compatibilidad con el acuario de arrecife:<\/strong> Buenos animales de acuario de arrecife. Imposible de mantener sin agregados de fitoplancton.<strong>\u00a0<\/strong><\/p><p><strong>Cuidado Cautivo:<\/strong> Los caparazones son redondos e &#8220;inflados&#8221;, cubiertos con largas espinas calc\u00e1reas formadas por esculturas radiales en ambos caparazones; las espinas son m\u00e1s largas en la capa superior m\u00e1s expuesta. Inm\u00f3vil como adulto. Deben estar orientados en la posici\u00f3n que ten\u00edan cuando se recolectan, ya que tienen un buen equilibrio en los \u00f3rganos sensoriales y se estresar\u00e1n si se colocan boca abajo o en \u00e1ngulos extra\u00f1os. Bajo tal estr\u00e9s no pueden alimentarse y morir\u00e1n. El tejido del manto expuesto a menudo es rojo brillante, amarillo, naranja. se desenvuelve bien en condiciones normales de arrecife. Animales perfectos para un tanque donde la baja intensidad de luz ayuda a prevenir el ensuciamiento por algas. Los animales depredadores, tales como camarones, cangrejos, cangrejos ermita\u00f1os, buccinos y peces &#8220;pellizcadores&#8221; deben ser excluidos del tanque.<\/p>\t\t\t\t\t\t\t\t<\/div>\n\t\t\t\t<\/div>\n\t\t\t\t<div class=\"elementor-element elementor-element-7c9cb0f elementor-widget elementor-widget-text-editor\" data-id=\"7c9cb0f\" data-element_type=\"widget\" data-e-type=\"widget\" data-widget_type=\"text-editor.default\">\n\t\t\t\t<div class=\"elementor-widget-container\">\n\t\t\t\t\t\t\t\t\t<p><img loading=\"lazy\" decoding=\"async\" class=\"wp-image-1296 alignleft\" src=\"https:\/\/proyectos.pgiovas.com\/alfaquarium\/wp-content\/uploads\/2020\/08\/Imagen-1.png\" alt=\"\" width=\"250\" height=\"225\" \/><\/p><p><strong>Nombre cient\u00edfico:<\/strong> Haliotis spp.<br \/><strong>Nombre com\u00fan en ingl\u00e9s:<\/strong> Abalones<br \/><strong>Nombre com\u00fan es espa\u00f1ol:<\/strong> Abul\u00f3n (Oreja de Mar)<br \/><strong>Tama\u00f1o m\u00e1ximo:<\/strong> Variable desde 0.8 pulgadas (2 cm) hasta 7.8 pulgadas (20 cm).<br \/><strong>Extensi\u00f3n:<\/strong> Indo Pac\u00edfico<br \/><strong>Tama\u00f1o m\u00ednimo de acuario:<\/strong> Tanques moderados, 50 galones (190 lts) a grandes 100 galones (380 lts) o m\u00e1s dependiendo de la especie.<br \/><strong>Iluminaci\u00f3n:<\/strong> Debe ser suficiente para mantener un crecimiento de alga saludable.<\/p><p><strong>Alimento y Alimentaci\u00f3n:<\/strong> Estos comedores totalmente herb\u00edvoros pellizcadores, necesitan un tanque con buen crecimiento de diversas algas, diatomeas.<\/p><p><strong>Conveniencia y Compatibilidad con el acuario de arrecife:<\/strong> Buenos animales de acuario de arrecife. Inofensivos.<strong>\u00a0<\/strong><\/p><p><strong>Cuidado Cautivo:<\/strong> Los abulones est\u00e1n relacionados con las lapas y son buenos herb\u00edvoros activos, con una r\u00e1dula (raspaduras en la parte bucal) que funciona como una escoba de batir, barriendo el sustrato para obtener alimento. Son muy efectivos para eliminar diatomeas, algas peque\u00f1as y desechos. No tolerar\u00e1 cambios en la salinidad; los abulones necesitan agua salada de fuerza completa. Se aclimatan muy lentamente a las nuevas condiciones del agua, tr\u00e1telos en consecuencia. Las conchas son desde ovales a alargadas, con forma de oreja, con peque\u00f1os orificios de respiraci\u00f3n para exhalar agua. El pie ancho y plano se adhiere tan fuertemente al sustrato que la cubierta se desprender\u00e1 del cuerpo antes de que se libere del sustrato. Algunas especies son criadas en cautiverio.<\/p>\t\t\t\t\t\t\t\t<\/div>\n\t\t\t\t<\/div>\n\t\t\t\t\t<\/div>\n\t\t<\/div>\n\t\t\t\t\t<\/div>\n\t\t<\/section>\n\t\t\t\t<\/div>\n\t\t","protected":false},"excerpt":{"rendered":"<p>Los crust\u00e1ceos Nombre cient\u00edfico: Harpacticoid copecods (copecods, pods)Nombre com\u00fan en ingl\u00e9s: CopecodsNombre com\u00fan es espa\u00f1ol: Patas de RemoTama\u00f1o m\u00e1ximo: Hasta aproximadamente 1 mm de largo.Extensi\u00f3n: Mares TropicalesTama\u00f1o m\u00ednimo de acuario: Tanques peque\u00f1os, 10 galones (38&hellip;<\/p>\n","protected":false},"author":4,"featured_media":0,"parent":0,"menu_order":0,"comment_status":"closed","ping_status":"closed","template":"","meta":{"footnotes":""},"class_list":["post-1277","page","type-page","status-publish","hentry"],"_links":{"self":[{"href":"https:\/\/proyectos.pgiovas.com\/alfaquarium\/wp-json\/wp\/v2\/pages\/1277","targetHints":{"allow":["GET"]}}],"collection":[{"href":"https:\/\/proyectos.pgiovas.com\/alfaquarium\/wp-json\/wp\/v2\/pages"}],"about":[{"href":"https:\/\/proyectos.pgiovas.com\/alfaquarium\/wp-json\/wp\/v2\/types\/page"}],"author":[{"embeddable":true,"href":"https:\/\/proyectos.pgiovas.com\/alfaquarium\/wp-json\/wp\/v2\/users\/4"}],"replies":[{"embeddable":true,"href":"https:\/\/proyectos.pgiovas.com\/alfaquarium\/wp-json\/wp\/v2\/comments?post=1277"}],"version-history":[{"count":9,"href":"https:\/\/proyectos.pgiovas.com\/alfaquarium\/wp-json\/wp\/v2\/pages\/1277\/revisions"}],"predecessor-version":[{"id":2641,"href":"https:\/\/proyectos.pgiovas.com\/alfaquarium\/wp-json\/wp\/v2\/pages\/1277\/revisions\/2641"}],"wp:attachment":[{"href":"https:\/\/proyectos.pgiovas.com\/alfaquarium\/wp-json\/wp\/v2\/media?parent=1277"}],"curies":[{"name":"wp","href":"https:\/\/api.w.org\/{rel}","templated":true}]}}